{"id":16,"date":"2022-08-18T11:59:37","date_gmt":"2022-08-18T11:59:37","guid":{"rendered":"http:\/\/dummy.xtemos.com\/woodmart2\/accessories\/?page_id=16"},"modified":"2024-01-31T20:32:08","modified_gmt":"2024-01-31T20:32:08","slug":"apie-mus","status":"publish","type":"page","link":"https:\/\/foxyscraft.com\/en\/about-us\/","title":{"rendered":"About Us"},"content":{"rendered":"<section class=\"wpb-content-wrapper\"><div data-vc-full-width=\"true\" data-vc-full-width-init=\"false\" class=\"vc_row wpb_row vc_row-fluid vc_custom_1663681253713 vc_row-has-fill wd-bg-center-top wd-rs-6329c2da347a7\"><div class=\"wpb_column vc_column_container vc_col-sm-12 wd-rs-6304c1a160c2d\"><div class=\"vc_column-inner vc_custom_1661256101087\"><div class=\"wpb_wrapper\"><div class=\"vc_row wpb_row vc_inner vc_row-fluid\"><div class=\"wpb_column vc_column_container vc_col-sm-12\"><div class=\"vc_column-inner\"><div class=\"wpb_wrapper\"><div class=\"vc_separator wpb_content_element vc_separator_align_center vc_sep_width_100 vc_sep_pos_align_center vc_separator_no_text vc_sep_color_grey\" ><span class=\"vc_sep_holder vc_sep_holder_l\"><span class=\"vc_sep_line\"><\/span><\/span><span class=\"vc_sep_holder vc_sep_holder_r\"><span class=\"vc_sep_line\"><\/span><\/span>\n<\/div><\/div><\/div><\/div><\/div><div class=\"vc_separator wpb_content_element vc_separator_align_center vc_sep_width_100 vc_sep_pos_align_center vc_separator_no_text vc_sep_color_grey\" ><span class=\"vc_sep_holder vc_sep_holder_l\"><span class=\"vc_sep_line\"><\/span><\/span><span class=\"vc_sep_holder vc_sep_holder_r\"><span class=\"vc_sep_line\"><\/span><\/span>\n<\/div><div class=\"vc_row wpb_row vc_inner vc_row-fluid vc_custom_1705585293567 wd-rs-65a92a5196d13\"><div class=\"wpb_column vc_column_container vc_col-sm-12\"><div class=\"vc_column-inner\"><div class=\"wpb_wrapper\"><\/div><\/div><\/div><\/div><div class=\"vc_row wpb_row vc_inner vc_row-fluid\"><div class=\"wpb_column vc_column_container vc_col-sm-12\"><div class=\"vc_column-inner\"><div class=\"wpb_wrapper\"><\/div><\/div><\/div><\/div><\/div><\/div><\/div><\/div><div class=\"vc_row-full-width vc_clearfix\"><\/div><div data-vc-full-width=\"true\" data-vc-full-width-init=\"false\" class=\"vc_row wpb_row vc_row-fluid vc_custom_1663681253713 vc_row-has-fill wd-bg-center-top wd-rs-6329c2da347a7\"><div class=\"wpb_column vc_column_container vc_col-sm-12 wd-rs-6304c1a160c2d\"><div class=\"vc_column-inner vc_custom_1661256101087\"><div class=\"wpb_wrapper\">\n\t\t<div id=\"wd-65ba9e2302674\" class=\"title-wrapper wd-wpb set-mb-s reset-last-child  wd-rs-65ba9e2302674 wd-title-color-primary wd-title-style-default text-center vc_custom_1706729000166 wd-width-custom wd-underline-colored\">\n\t\t\t\n\t\t\t<div class=\"liner-continer\">\n\t\t\t\t<h4 class=\"woodmart-title-container title  wd-font-weight- wd-fontsize-xxl\" >Foxy's Craft Accessories - A New Beginning of Stories<\/h4>\n\t\t\t\t\t\t\t<\/div>\n\t\t\t\n\t\t\t\n\t\t\t\n\t\t<\/div>\n\t\t\n\t\t\t\t<div id=\"wd-65baade3bb374\" class=\"wd-text-block wd-wpb reset-last-child wd-rs-65baade3bb374 text-center wd-width-custom wd-fontsize-s\">\n\t\t\t<p><span style=\"color: #2f2f2f;\">Our wooden iPhone cases, leather bracelets, wallets, and keychains each tell a unique story. They stand out for being genuine and lasting. All our leather accessories are carefully handmade from natural, certified, high-quality Italian vegetable-tanned leather. We use only natural materials, and it's eco-friendly.<\/span><\/p>\n\t\t<\/div>\n\t\t\t\t<div id=\"wd-65ba9e12e97b0\" class=\"wd-text-block wd-wpb reset-last-child wd-rs-65ba9e12e97b0 text-center wd-width-custom wd-fontsize-s vc_custom_1706728985178\">\n\t\t\t<p><span style=\"color: #2f2f2f;\">The goal of the Foxy's Craft team is to delight its customers with stylish, high-quality accessories at an affordable price, providing not only style but also uniqueness in everyday life.<\/span><\/p>\n\t\t<\/div>\n\t\t<\/div><\/div><\/div><\/div><div class=\"vc_row-full-width vc_clearfix\"><\/div>\n<\/section>","protected":false},"excerpt":{"rendered":"Foxy's Craft aksesuarai \u2013 naujos istorijos prad\u017eia Kiekvienas medinis iPhone d\u0117klas, odin\u0117 apyrank\u0117, pinigin\u0117, ar rakt\u0173 pakabukas yra nauja istorija,","protected":false},"author":1,"featured_media":0,"parent":0,"menu_order":0,"comment_status":"closed","ping_status":"closed","template":"","meta":{"_acf_changed":false,"footnotes":""},"class_list":["post-16","page","type-page","status-publish","hentry"],"acf":[],"yoast_head":"<!-- This site is optimized with the Yoast SEO plugin v27.2 - https:\/\/yoast.com\/product\/yoast-seo-wordpress\/ -->\n<title>Apie mus - FoxysCraft<\/title>\n<meta name=\"robots\" content=\"index, follow, max-snippet:-1, max-image-preview:large, max-video-preview:-1\" \/>\n<link rel=\"canonical\" href=\"https:\/\/foxyscraft.com\/en\/about-us\/\" \/>\n<meta property=\"og:locale\" content=\"en_US\" \/>\n<meta property=\"og:type\" content=\"article\" \/>\n<meta property=\"og:title\" content=\"Apie mus - FoxysCraft\" \/>\n<meta property=\"og:url\" content=\"https:\/\/foxyscraft.com\/en\/about-us\/\" \/>\n<meta property=\"og:site_name\" content=\"FoxysCraft\" \/>\n<meta property=\"article:publisher\" content=\"https:\/\/www.facebook.com\/FoxysCraftLT\" \/>\n<meta property=\"article:modified_time\" content=\"2024-01-31T20:32:08+00:00\" \/>\n<meta name=\"twitter:card\" content=\"summary_large_image\" \/>\n<meta name=\"twitter:label1\" content=\"Est. reading time\" \/>\n\t<meta name=\"twitter:data1\" content=\"5 minutes\" \/>\n<script type=\"application\/ld+json\" class=\"yoast-schema-graph\">{\"@context\":\"https:\/\/schema.org\",\"@graph\":[{\"@type\":\"WebPage\",\"@id\":\"https:\/\/foxyscraft.com\/apie-mus\/\",\"url\":\"https:\/\/foxyscraft.com\/apie-mus\/\",\"name\":\"Apie mus - FoxysCraft\",\"isPartOf\":{\"@id\":\"https:\/\/foxyscraft.com\/#website\"},\"datePublished\":\"2022-08-18T11:59:37+00:00\",\"dateModified\":\"2024-01-31T20:32:08+00:00\",\"breadcrumb\":{\"@id\":\"https:\/\/foxyscraft.com\/apie-mus\/#breadcrumb\"},\"inLanguage\":\"en-US\",\"potentialAction\":[{\"@type\":\"ReadAction\",\"target\":[\"https:\/\/foxyscraft.com\/apie-mus\/\"]}]},{\"@type\":\"BreadcrumbList\",\"@id\":\"https:\/\/foxyscraft.com\/apie-mus\/#breadcrumb\",\"itemListElement\":[{\"@type\":\"ListItem\",\"position\":1,\"name\":\"Home\",\"item\":\"https:\/\/foxyscraft.com\/\"},{\"@type\":\"ListItem\",\"position\":2,\"name\":\"Apie mus\"}]},{\"@type\":\"WebSite\",\"@id\":\"https:\/\/foxyscraft.com\/#website\",\"url\":\"https:\/\/foxyscraft.com\/\",\"name\":\"FoxysCraft\",\"description\":\"Personalizuoti rank\u0173 darbo aksesuarai sukurti Lietuvoje. iPhone d\u0117klai, odin\u0117s apyrank\u0117s, rakt\u0173 pakabukai ir pinigin\u0117s. Puikios dovan\u0173 id\u0117jos!\",\"publisher\":{\"@id\":\"https:\/\/foxyscraft.com\/#organization\"},\"potentialAction\":[{\"@type\":\"SearchAction\",\"target\":{\"@type\":\"EntryPoint\",\"urlTemplate\":\"https:\/\/foxyscraft.com\/?s={search_term_string}\"},\"query-input\":{\"@type\":\"PropertyValueSpecification\",\"valueRequired\":true,\"valueName\":\"search_term_string\"}}],\"inLanguage\":\"en-US\"},{\"@type\":\"Organization\",\"@id\":\"https:\/\/foxyscraft.com\/#organization\",\"name\":\"FoxysCraft\",\"url\":\"https:\/\/foxyscraft.com\/\",\"logo\":{\"@type\":\"ImageObject\",\"inLanguage\":\"en-US\",\"@id\":\"https:\/\/foxyscraft.com\/#\/schema\/logo\/image\/\",\"url\":\"http:\/\/foxyscraft.com\/wp-content\/uploads\/2023\/06\/FoxysCraft-Logo.svg\",\"contentUrl\":\"http:\/\/foxyscraft.com\/wp-content\/uploads\/2023\/06\/FoxysCraft-Logo.svg\",\"width\":5906,\"height\":3163,\"caption\":\"FoxysCraft\"},\"image\":{\"@id\":\"https:\/\/foxyscraft.com\/#\/schema\/logo\/image\/\"},\"sameAs\":[\"https:\/\/www.facebook.com\/FoxysCraftLT\",\"https:\/\/www.instagram.com\/foxyscraftcom\/\"]}]}<\/script>\n<!-- \/ Yoast SEO plugin. -->","yoast_head_json":{"title":"Apie mus - FoxysCraft","robots":{"index":"index","follow":"follow","max-snippet":"max-snippet:-1","max-image-preview":"max-image-preview:large","max-video-preview":"max-video-preview:-1"},"canonical":"https:\/\/foxyscraft.com\/en\/about-us\/","og_locale":"en_US","og_type":"article","og_title":"Apie mus - FoxysCraft","og_url":"https:\/\/foxyscraft.com\/en\/about-us\/","og_site_name":"FoxysCraft","article_publisher":"https:\/\/www.facebook.com\/FoxysCraftLT","article_modified_time":"2024-01-31T20:32:08+00:00","twitter_card":"summary_large_image","twitter_misc":{"Est. reading time":"5 minutes"},"schema":{"@context":"https:\/\/schema.org","@graph":[{"@type":"WebPage","@id":"https:\/\/foxyscraft.com\/apie-mus\/","url":"https:\/\/foxyscraft.com\/apie-mus\/","name":"Apie mus - FoxysCraft","isPartOf":{"@id":"https:\/\/foxyscraft.com\/#website"},"datePublished":"2022-08-18T11:59:37+00:00","dateModified":"2024-01-31T20:32:08+00:00","breadcrumb":{"@id":"https:\/\/foxyscraft.com\/apie-mus\/#breadcrumb"},"inLanguage":"en-US","potentialAction":[{"@type":"ReadAction","target":["https:\/\/foxyscraft.com\/apie-mus\/"]}]},{"@type":"BreadcrumbList","@id":"https:\/\/foxyscraft.com\/apie-mus\/#breadcrumb","itemListElement":[{"@type":"ListItem","position":1,"name":"Home","item":"https:\/\/foxyscraft.com\/"},{"@type":"ListItem","position":2,"name":"Apie mus"}]},{"@type":"WebSite","@id":"https:\/\/foxyscraft.com\/#website","url":"https:\/\/foxyscraft.com\/","name":"FoxysCraft","description":"Personalized handmade accessories created with love. iPhone cases, minimalist wallets, leather bracelets, and keychains. Perfect gift ideas!","publisher":{"@id":"https:\/\/foxyscraft.com\/#organization"},"potentialAction":[{"@type":"SearchAction","target":{"@type":"EntryPoint","urlTemplate":"https:\/\/foxyscraft.com\/?s={search_term_string}"},"query-input":{"@type":"PropertyValueSpecification","valueRequired":true,"valueName":"search_term_string"}}],"inLanguage":"en-US"},{"@type":"Organization","@id":"https:\/\/foxyscraft.com\/#organization","name":"FoxysCraft","url":"https:\/\/foxyscraft.com\/","logo":{"@type":"ImageObject","inLanguage":"en-US","@id":"https:\/\/foxyscraft.com\/#\/schema\/logo\/image\/","url":"http:\/\/foxyscraft.com\/wp-content\/uploads\/2023\/06\/FoxysCraft-Logo.svg","contentUrl":"http:\/\/foxyscraft.com\/wp-content\/uploads\/2023\/06\/FoxysCraft-Logo.svg","width":5906,"height":3163,"caption":"FoxysCraft"},"image":{"@id":"https:\/\/foxyscraft.com\/#\/schema\/logo\/image\/"},"sameAs":["https:\/\/www.facebook.com\/FoxysCraftLT","https:\/\/www.instagram.com\/foxyscraftcom\/"]}]}},"_links":{"self":[{"href":"https:\/\/foxyscraft.com\/en\/wp-json\/wp\/v2\/pages\/16","targetHints":{"allow":["GET"]}}],"collection":[{"href":"https:\/\/foxyscraft.com\/en\/wp-json\/wp\/v2\/pages"}],"about":[{"href":"https:\/\/foxyscraft.com\/en\/wp-json\/wp\/v2\/types\/page"}],"author":[{"embeddable":true,"href":"https:\/\/foxyscraft.com\/en\/wp-json\/wp\/v2\/users\/1"}],"replies":[{"embeddable":true,"href":"https:\/\/foxyscraft.com\/en\/wp-json\/wp\/v2\/comments?post=16"}],"version-history":[{"count":19,"href":"https:\/\/foxyscraft.com\/en\/wp-json\/wp\/v2\/pages\/16\/revisions"}],"predecessor-version":[{"id":8615,"href":"https:\/\/foxyscraft.com\/en\/wp-json\/wp\/v2\/pages\/16\/revisions\/8615"}],"wp:attachment":[{"href":"https:\/\/foxyscraft.com\/en\/wp-json\/wp\/v2\/media?parent=16"}],"curies":[{"name":"wp","href":"https:\/\/api.w.org\/{rel}","templated":true}]}}