{"id":3,"date":"2023-06-30T20:20:28","date_gmt":"2023-06-30T20:20:28","guid":{"rendered":"https:\/\/foxyscraft.com\/?page_id=3"},"modified":"2024-01-18T13:25:24","modified_gmt":"2024-01-18T13:25:24","slug":"privatumo-politika","status":"publish","type":"page","link":"https:\/\/foxyscraft.com\/en\/privacy-policy\/","title":{"rendered":"Privacy policy"},"content":{"rendered":"<p><span style=\"color: #242424;\">Thank you for visiting our website. We care about your privacy and the security of your personal data. To ensure smooth operation of the site, we have prepared usage rules for you. These rules establish and explain how your personal data are collected and processed when you use this website (foxyscraft.com).<\/span><\/p>\r\n<p><span style=\"color: #242424;\">This privacy policy was updated on January 18, 2024.<\/span><\/p>\r\n<p><span style=\"color: #242424;\">In implementing Regulation (EU) 2016\/679 of the European Parliament and of the Council of April 27, 2016, on the protection of natural persons with regard to the processing of personal data and on the free movement of such data, and repealing Directive 95\/46\/EC (General Data Protection Regulation), we commit to being transparent by providing clear information about how your personal data are processed, the purposes of the processing, the period for which the personal data will be stored, the legal basis for processing, and other information that we must provide according to applicable laws.<\/span><\/p>\r\n<p><span style=\"color: #242424;\"><strong>How do we collect your information?<\/strong><\/span><\/p>\r\n<p><span style=\"color: #242424;\">\u2022\u00a0 When you directly contact us via phone or email, which are listed on our website foxyscraft.com;<\/span><br \/><span style=\"color: #242424;\">\u2022\u00a0 When you place an order on our website foxyscraft.com;<\/span><br \/><span style=\"color: #242424;\">\u2022\u00a0 Using cookies on our website foxyscraft.com.<\/span><\/p>\r\n<p><span style=\"color: #242424;\"><strong>What information do we collect about you?<\/strong><\/span><\/p>\r\n<p><span style=\"color: #242424;\">When ordering and purchasing products on the e-store foxyscraft.com, you will need to provide data necessary for product delivery: your name, surname, email address, telephone number, and the address where the goods will be delivered. You are responsible for the accuracy of the data you provide. foxyscraft.com confirms that your provided data will only be used for order processing, delivery, and invoicing purposes.<\/span><\/p>\r\n<p><span style=\"color: #242424;\"><strong>Where is your information used?<\/strong><\/span><\/p>\r\n<p><span style=\"color: #242424;\">Information is used for the following purposes:<\/span><\/p>\r\n<p><span style=\"color: #242424;\">\u2022\u00a0 To register you on the site so you can use our online shopping service.<\/span><br \/><span style=\"color: #242424;\">\u2022\u00a0 To process payments for the shopping cart through a selected external banking service provider.<\/span><br \/><span style=\"color: #242424;\">\u2022\u00a0 To coordinate order information and deliver ordered goods to the specified address.<\/span><br \/><span style=\"color: #242424;\">\u2022\u00a0 To analyze your browsing behavior to continuously improve our site, enhancing and creating new content, products, and services.<\/span><\/p>\r\n<p><span style=\"color: #242424;\"><strong>Disclosure of Data to Third Parties<\/strong><\/span><\/p>\r\n<p><span style=\"color: #242424;\">\u2022\u00a0 We disclose your data to courier services that provide goods delivery services. We provide these service providers only as much of your personal information as is necessary to perform the specific service.<\/span><br \/><span style=\"color: #242424;\">\u2022\u00a0 We disclose your data to state or legal representatives if required by the laws of the Republic of Lithuania.<\/span><\/p>\r\n<p><span style=\"color: #242424;\"><strong>How long do we keep your data?<\/strong><\/span><\/p>\r\n<p><span style=\"color: #242424;\">\u2022\u00a0 Order data is stored until you request that we delete your data from our database system, but not shorter than the time required to fulfill the order.<\/span><br \/><span style=\"color: #242424;\">\u2022\u00a0 Data provided for newsletter notifications will be stored until you request to receive our direct marketing messages. You can unsubscribe from our sent emails by clicking the \"Unsubscribe\" link at the bottom of the email.<\/span><\/p>\r\n<p><span style=\"color: #242424;\"><strong>How do we protect your data?<\/strong><\/span><\/p>\r\n<p><span style=\"color: #242424;\">Personal data are stored and processed in accordance with the data protection requirements set out in the laws. We have implemented technical measures to protect all information collected for the purpose of providing our services. The SSL security certificate installed in the online store confirms that it is safe to register and purchase goods in this online store. While we strive to protect your personal information as much as possible, we cannot guarantee its 100% security, as data transmission over the Internet is not completely secure (e.g., in cases of hacker attacks), so by providing information via email, you assume part of the personal responsibility and risk.<\/span><\/p>\r\n<p><span style=\"color: #242424;\"><strong>Your Rights<\/strong><\/span><\/p>\r\n<p><span style=\"color: #242424;\">Every user has the right to:<\/span><\/p>\r\n<p><span style=\"color: #242424;\">\u2022\u00a0 Obtain information about their data and its processing.<\/span><br \/><span style=\"color: #242424;\">\u2022\u00a0 Request correction or supplementation of personal data.<\/span><br \/><span style=\"color: #242424;\">\u2022\u00a0 Request the deletion of all personal data.<\/span><\/p>\r\n<p><span style=\"color: #242424;\"><strong>Cookie Use on the Website<\/strong><\/span><\/p>\r\n<p><span style=\"color: #242424;\">For normal and smooth operation of the website, we use cookies.<\/span><br \/><span style=\"color: #242424;\">By familiarizing yourself with these Rules, you confirm that you are informed and agree that while browsing the foxyscraft.com store, cookies may be placed on your computer.<\/span><\/p>\r\n<p><span style=\"color: #242424;\"><strong>Information about the cookies we use:<\/strong><\/span><\/p>\r\n<p><span style=\"color: #242424;\"><strong>Technical Cookies.<\/strong>\u00a0We strive to offer our visitors an advanced and easy-to-use website that automatically adapts to their needs and desires. To achieve this, we use technical cookies that help display our website, ensure its functionality, create user accounts, log in, and manage your orders. These technical cookies are essential for the proper functioning of our website.<\/span><\/p>\r\n<p><span style=\"color: #242424;\"><strong>Analytical Cookies.<\/strong> We use these cookies to gain insights into how our visitors use the foxyscraft.com website. This way, we can optimize and improve our site, understand the effectiveness of our advertisements and communications. We may collect data about the web pages you viewed, from which pages you arrived, which emails you opened and responded to, and information about the date and time.<\/span><\/p>\r\n<p><span style=\"color: #242424;\"><strong>Advertising Cookies.<\/strong>\u00a0We use our own and third-party cookies to display personalized advertising on our and other websites. This is called \"remarketing,\" which is based on browsing actions such as the products you have searched for and viewed.<\/span><\/p>\r\n<p><span style=\"color: #242424;\"><strong>What cookies do we use?<\/strong><\/span><\/p>\r\n<p><span style=\"color: #242424;\"><em>Descriptions of cookies used on our site:<\/em><\/span><\/p>\r\n<p><span style=\"color: #242424;\"><strong>Name:<\/strong>\u00a0_fbp<\/span><br \/><span style=\"color: #242424;\"><strong>Type:<\/strong>\u00a0Advertising<\/span><br \/><span style=\"color: #242424;\"><strong>Duration:<\/strong>\u00a03 months<\/span><br \/><span style=\"color: #242424;\"><strong>Purpose:<\/strong>\u00a0This cookie is used for Facebook advertising purposes.<\/span><\/p>\r\n<p><span style=\"color: #242424;\"><strong>Name:<\/strong>\u00a0fr<\/span><br \/><span style=\"color: #242424;\"><strong>Type:<\/strong>\u00a0Advertising<\/span><br \/><span style=\"color: #242424;\"><strong>Duration:<\/strong>\u00a03 months<\/span><br \/><span style=\"color: #242424;\"><strong>Purpose:<\/strong>\u00a0A Facebook cookie used to deliver advertisements on Facebook, even to unregistered users.<\/span><\/p>\r\n<p><span style=\"color: #242424;\"><strong>Name:<\/strong>\u00a0NID, SID, IDE, ANID, FLC, exchange_uid, _gads, _gac<\/span><br \/><span style=\"color: #242424;\"><strong>Type:<\/strong>\u00a0Advertising<\/span><br \/><span style=\"color: #242424;\"><strong>Duration:<\/strong>\u00a030 days<\/span><br \/><span style=\"color: #242424;\"><strong>Purpose:<\/strong>\u00a0Cookies used by Google for advertising purposes.<\/span><\/p>\r\n<p><span style=\"color: #242424;\"><strong>Name:<\/strong>\u00a0_ga, _gid,_gat<\/span><br \/><span style=\"color: #242424;\"><strong>Type:<\/strong>\u00a0Analytical<\/span><br \/><span style=\"color: #242424;\"><strong>Duration:<\/strong>\u00a0Respectively: 2 years; 24 hours; 1 minute<\/span><br \/><span style=\"color: #242424;\"><strong>Purpose:<\/strong>\u00a0Google Analytics cookies used to distinguish users.<\/span><\/p>\r\n<p><span style=\"color: #242424;\"><strong>Name:<\/strong>\u00a0_utma, _utmb, _utmc<\/span><br \/><span style=\"color: #242424;\"><strong>Type:<\/strong>\u00a0Analytical<\/span><br \/><span style=\"color: #242424;\"><strong>Duration:<\/strong>\u00a0Respectively: 2 years, 30 min., until the browser is closed<\/span><br \/><span style=\"color: #242424;\"><strong>Purpose:<\/strong>\u00a0Google Analytics cookies identifying unique visitors and monitoring user sessions.<\/span><\/p>\r\n<p><span style=\"color: #242424;\"><strong>Name:<\/strong>\u00a0_utmv<\/span><br \/><span style=\"color: #242424;\"><strong>Type:<\/strong>\u00a0Analytical<\/span><br \/><span style=\"color: #242424;\"><strong>Duration:<\/strong>\u00a02 years<\/span><br \/><span style=\"color: #242424;\"><strong>Purpose:<\/strong>\u00a0A Google Analytics cookie that identifies the user by specific segments.<\/span><\/p>\r\n<p><span style=\"color: #242424;\"><strong>Name:<\/strong>\u00a0_utmz<\/span><br \/><span style=\"color: #242424;\"><strong>Type:<\/strong>\u00a0Analytical<\/span><br \/><span style=\"color: #242424;\"><strong>Duration:<\/strong>\u00a06 months<\/span><br \/><span style=\"color: #242424;\"><strong>Purpose:<\/strong>\u00a0A Google Analytics cookie used to recognize from which internet source the user came, which search engine was used, which link was clicked, what keyword was used, as well as the user's location at the time of the visit.<\/span><\/p>\r\n<p><span style=\"color: #242424;\"><strong>Name:<\/strong>\u00a0AMP_TOKEN<\/span><br \/><span style=\"color: #242424;\"><strong>Type:<\/strong>\u00a0Analytical<\/span><br \/><span style=\"color: #242424;\"><strong>Duration:<\/strong>\u00a0From 30 seconds to 1 year<\/span><br \/><span style=\"color: #242424;\"><strong>Purpose:<\/strong>\u00a0Contains a token that can be used to retrieve a Client ID from AMP Client ID service. Other possible values indicate opt-out, inflight request, or an error retrieving a Client ID from the AMP Client ID service.<\/span><\/p>\r\n<p><span style=\"color: #242424;\"><strong>Rejecting and blocking cookies<\/strong><\/span><\/p>\r\n<p><span style=\"color: #242424;\">Many web browsers are set to automatically accept cookies. Visitors may block or delete cookies if their browser or device settings allow it.<\/span><\/p>\r\n<p><span style=\"color: #242424;\">However, please note that necessary and analytical cookies are a condition of using the site. If you refuse or block cookies, some functions of the foxyscraft.com website may be unavailable or may not function as smoothly. This can also slow down your browsing speed<\/span><\/p>\r\n<p><span style=\"color: #242424;\">You can control the use of other cookies by changing your browser settings. More information on how to remove cookies, as well as other useful information related to the use of cookies, can be found at http:\/\/www.allaboutcookies.org\/.<\/span><\/p>","protected":false},"excerpt":{"rendered":"<p>A\u010di\u016b, kad apsilank\u0117te m\u016bs\u0173 svetain\u0117je. Mums r\u016bpi J\u016bs\u0173 privatumas ir asmens duomen\u0173 saugumas. Siekdami u\u017etikrinti skland\u0173 svetain\u0117s veikim\u0105, pareng\u0117me Jums<\/p>","protected":false},"author":1,"featured_media":0,"parent":0,"menu_order":0,"comment_status":"closed","ping_status":"closed","template":"","meta":{"_acf_changed":false,"footnotes":""},"class_list":["post-3","page","type-page","status-publish","hentry"],"acf":[],"yoast_head":"<!-- This site is optimized with the Yoast SEO plugin v27.4 - https:\/\/yoast.com\/product\/yoast-seo-wordpress\/ -->\n<title>Privatumo Politika - FoxysCraft<\/title>\n<meta name=\"robots\" content=\"index, follow, max-snippet:-1, max-image-preview:large, max-video-preview:-1\" \/>\n<link rel=\"canonical\" href=\"https:\/\/foxyscraft.com\/en\/privacy-policy\/\" \/>\n<meta property=\"og:locale\" content=\"en_US\" \/>\n<meta property=\"og:type\" content=\"article\" \/>\n<meta property=\"og:title\" content=\"Privatumo Politika - FoxysCraft\" \/>\n<meta property=\"og:description\" content=\"A\u010di\u016b, kad apsilank\u0117te m\u016bs\u0173 svetain\u0117je. Mums r\u016bpi J\u016bs\u0173 privatumas ir asmens duomen\u0173 saugumas. Siekdami u\u017etikrinti skland\u0173 svetain\u0117s veikim\u0105, pareng\u0117me Jums\" \/>\n<meta property=\"og:url\" content=\"https:\/\/foxyscraft.com\/en\/privacy-policy\/\" \/>\n<meta property=\"og:site_name\" content=\"FoxysCraft\" \/>\n<meta property=\"article:publisher\" content=\"https:\/\/www.facebook.com\/FoxysCraftLT\" \/>\n<meta property=\"article:modified_time\" content=\"2024-01-18T13:25:24+00:00\" \/>\n<meta name=\"twitter:card\" content=\"summary_large_image\" \/>\n<meta name=\"twitter:label1\" content=\"Est. reading time\" \/>\n\t<meta name=\"twitter:data1\" content=\"6 minutes\" \/>\n<script type=\"application\/ld+json\" class=\"yoast-schema-graph\">{\"@context\":\"https:\\\/\\\/schema.org\",\"@graph\":[{\"@type\":\"WebPage\",\"@id\":\"https:\\\/\\\/foxyscraft.com\\\/privatumo-politika\\\/\",\"url\":\"https:\\\/\\\/foxyscraft.com\\\/privatumo-politika\\\/\",\"name\":\"Privatumo Politika - FoxysCraft\",\"isPartOf\":{\"@id\":\"https:\\\/\\\/foxyscraft.com\\\/#website\"},\"datePublished\":\"2023-06-30T20:20:28+00:00\",\"dateModified\":\"2024-01-18T13:25:24+00:00\",\"breadcrumb\":{\"@id\":\"https:\\\/\\\/foxyscraft.com\\\/privatumo-politika\\\/#breadcrumb\"},\"inLanguage\":\"en-US\",\"potentialAction\":[{\"@type\":\"ReadAction\",\"target\":[\"https:\\\/\\\/foxyscraft.com\\\/privatumo-politika\\\/\"]}]},{\"@type\":\"BreadcrumbList\",\"@id\":\"https:\\\/\\\/foxyscraft.com\\\/privatumo-politika\\\/#breadcrumb\",\"itemListElement\":[{\"@type\":\"ListItem\",\"position\":1,\"name\":\"Home\",\"item\":\"https:\\\/\\\/foxyscraft.com\\\/\"},{\"@type\":\"ListItem\",\"position\":2,\"name\":\"Privatumo Politika\"}]},{\"@type\":\"WebSite\",\"@id\":\"https:\\\/\\\/foxyscraft.com\\\/#website\",\"url\":\"https:\\\/\\\/foxyscraft.com\\\/\",\"name\":\"FoxysCraft\",\"description\":\"Personalizuoti rank\u0173 darbo aksesuarai sukurti Lietuvoje. iPhone d\u0117klai, odin\u0117s apyrank\u0117s, rakt\u0173 pakabukai ir pinigin\u0117s. Puikios dovan\u0173 id\u0117jos!\",\"publisher\":{\"@id\":\"https:\\\/\\\/foxyscraft.com\\\/#organization\"},\"potentialAction\":[{\"@type\":\"SearchAction\",\"target\":{\"@type\":\"EntryPoint\",\"urlTemplate\":\"https:\\\/\\\/foxyscraft.com\\\/?s={search_term_string}\"},\"query-input\":{\"@type\":\"PropertyValueSpecification\",\"valueRequired\":true,\"valueName\":\"search_term_string\"}}],\"inLanguage\":\"en-US\"},{\"@type\":\"Organization\",\"@id\":\"https:\\\/\\\/foxyscraft.com\\\/#organization\",\"name\":\"FoxysCraft\",\"url\":\"https:\\\/\\\/foxyscraft.com\\\/\",\"logo\":{\"@type\":\"ImageObject\",\"inLanguage\":\"en-US\",\"@id\":\"https:\\\/\\\/foxyscraft.com\\\/#\\\/schema\\\/logo\\\/image\\\/\",\"url\":\"http:\\\/\\\/foxyscraft.com\\\/wp-content\\\/uploads\\\/2023\\\/06\\\/FoxysCraft-Logo.svg\",\"contentUrl\":\"http:\\\/\\\/foxyscraft.com\\\/wp-content\\\/uploads\\\/2023\\\/06\\\/FoxysCraft-Logo.svg\",\"width\":5906,\"height\":3163,\"caption\":\"FoxysCraft\"},\"image\":{\"@id\":\"https:\\\/\\\/foxyscraft.com\\\/#\\\/schema\\\/logo\\\/image\\\/\"},\"sameAs\":[\"https:\\\/\\\/www.facebook.com\\\/FoxysCraftLT\",\"https:\\\/\\\/www.instagram.com\\\/foxyscraftcom\\\/\"]}]}<\/script>\n<!-- \/ Yoast SEO plugin. -->","yoast_head_json":{"title":"Privatumo Politika - FoxysCraft","robots":{"index":"index","follow":"follow","max-snippet":"max-snippet:-1","max-image-preview":"max-image-preview:large","max-video-preview":"max-video-preview:-1"},"canonical":"https:\/\/foxyscraft.com\/en\/privacy-policy\/","og_locale":"en_US","og_type":"article","og_title":"Privatumo Politika - FoxysCraft","og_description":"A\u010di\u016b, kad apsilank\u0117te m\u016bs\u0173 svetain\u0117je. Mums r\u016bpi J\u016bs\u0173 privatumas ir asmens duomen\u0173 saugumas. Siekdami u\u017etikrinti skland\u0173 svetain\u0117s veikim\u0105, pareng\u0117me Jums","og_url":"https:\/\/foxyscraft.com\/en\/privacy-policy\/","og_site_name":"FoxysCraft","article_publisher":"https:\/\/www.facebook.com\/FoxysCraftLT","article_modified_time":"2024-01-18T13:25:24+00:00","twitter_card":"summary_large_image","twitter_misc":{"Est. reading time":"6 minutes"},"schema":{"@context":"https:\/\/schema.org","@graph":[{"@type":"WebPage","@id":"https:\/\/foxyscraft.com\/privatumo-politika\/","url":"https:\/\/foxyscraft.com\/privatumo-politika\/","name":"Privatumo Politika - FoxysCraft","isPartOf":{"@id":"https:\/\/foxyscraft.com\/#website"},"datePublished":"2023-06-30T20:20:28+00:00","dateModified":"2024-01-18T13:25:24+00:00","breadcrumb":{"@id":"https:\/\/foxyscraft.com\/privatumo-politika\/#breadcrumb"},"inLanguage":"en-US","potentialAction":[{"@type":"ReadAction","target":["https:\/\/foxyscraft.com\/privatumo-politika\/"]}]},{"@type":"BreadcrumbList","@id":"https:\/\/foxyscraft.com\/privatumo-politika\/#breadcrumb","itemListElement":[{"@type":"ListItem","position":1,"name":"Home","item":"https:\/\/foxyscraft.com\/"},{"@type":"ListItem","position":2,"name":"Privatumo Politika"}]},{"@type":"WebSite","@id":"https:\/\/foxyscraft.com\/#website","url":"https:\/\/foxyscraft.com\/","name":"FoxysCraft","description":"Personalized handmade accessories created with love. iPhone cases, minimalist wallets, leather bracelets, and keychains. Perfect gift ideas!","publisher":{"@id":"https:\/\/foxyscraft.com\/#organization"},"potentialAction":[{"@type":"SearchAction","target":{"@type":"EntryPoint","urlTemplate":"https:\/\/foxyscraft.com\/?s={search_term_string}"},"query-input":{"@type":"PropertyValueSpecification","valueRequired":true,"valueName":"search_term_string"}}],"inLanguage":"en-US"},{"@type":"Organization","@id":"https:\/\/foxyscraft.com\/#organization","name":"FoxysCraft","url":"https:\/\/foxyscraft.com\/","logo":{"@type":"ImageObject","inLanguage":"en-US","@id":"https:\/\/foxyscraft.com\/#\/schema\/logo\/image\/","url":"http:\/\/foxyscraft.com\/wp-content\/uploads\/2023\/06\/FoxysCraft-Logo.svg","contentUrl":"http:\/\/foxyscraft.com\/wp-content\/uploads\/2023\/06\/FoxysCraft-Logo.svg","width":5906,"height":3163,"caption":"FoxysCraft"},"image":{"@id":"https:\/\/foxyscraft.com\/#\/schema\/logo\/image\/"},"sameAs":["https:\/\/www.facebook.com\/FoxysCraftLT","https:\/\/www.instagram.com\/foxyscraftcom\/"]}]}},"_links":{"self":[{"href":"https:\/\/foxyscraft.com\/en\/wp-json\/wp\/v2\/pages\/3","targetHints":{"allow":["GET"]}}],"collection":[{"href":"https:\/\/foxyscraft.com\/en\/wp-json\/wp\/v2\/pages"}],"about":[{"href":"https:\/\/foxyscraft.com\/en\/wp-json\/wp\/v2\/types\/page"}],"author":[{"embeddable":true,"href":"https:\/\/foxyscraft.com\/en\/wp-json\/wp\/v2\/users\/1"}],"replies":[{"embeddable":true,"href":"https:\/\/foxyscraft.com\/en\/wp-json\/wp\/v2\/comments?post=3"}],"version-history":[{"count":4,"href":"https:\/\/foxyscraft.com\/en\/wp-json\/wp\/v2\/pages\/3\/revisions"}],"predecessor-version":[{"id":8374,"href":"https:\/\/foxyscraft.com\/en\/wp-json\/wp\/v2\/pages\/3\/revisions\/8374"}],"wp:attachment":[{"href":"https:\/\/foxyscraft.com\/en\/wp-json\/wp\/v2\/media?parent=3"}],"curies":[{"name":"wp","href":"https:\/\/api.w.org\/{rel}","templated":true}]}}