{"id":7536,"date":"2023-10-26T14:39:19","date_gmt":"2023-10-26T14:39:19","guid":{"rendered":"https:\/\/foxyscraft.com\/?page_id=7536"},"modified":"2024-01-18T13:21:57","modified_gmt":"2024-01-18T13:21:57","slug":"nuostatos-ir-salygos","status":"publish","type":"page","link":"https:\/\/foxyscraft.com\/en\/terms-conditions\/","title":{"rendered":"Terms &amp; Conditions"},"content":{"rendered":"<p><span style=\"color: #242424;\"><strong>1. General Provisions<\/strong><\/span><\/p>\n<p><span style=\"color: #242424;\">1.1. Trade in the online store foxyscraft.com (hereinafter referred to as the Seller) is conducted according to the rules of purchase and sale of goods of foxyscraft.com (hereinafter referred to as the Rules).<\/span><br \/>\n<span style=\"color: #242424;\">1.2. The customer must familiarize themselves with the Rules before registering.<\/span><br \/>\n<span style=\"color: #242424;\">1.3. By registering and placing an order, the user becomes a customer of the Store (hereinafter referred to as the Customer), who acquires the rights and obligations set out in the Rules.<\/span><br \/>\n<span style=\"color: #242424;\">1.4. The Seller has the right to restrict the Customer's rights or cancel the registration at any time if the Customer fails to comply with the conditions set out in the Rules.<\/span><br \/>\n<span style=\"color: #242424;\">1.5. Considering the legal acts of the Republic of Lithuania, the Seller has the right to change, amend, or supplement the Rules at any time without prior notice to the Customer. New Rules take effect from the day they are posted in the Store. Orders placed before the change of Rules are processed according to the Rules valid at the time of order placement.<\/span><br \/>\n<span style=\"color: #242424;\">1.6. The Seller is not responsible and does not compensate the Customer for any damage incurred due to non-compliance with the conditions specified in the Rules.<\/span><\/p>\n<p><span style=\"color: #242424;\"><strong>2. Customer Personal Data<\/strong><\/span><\/p>\n<p><span style=\"color: #242424;\">2.1. The customer can order goods in the e-store:<\/span><br \/>\n<span style=\"color: #242424;\">2.1.1. by registering at foxyscraft.com \u2013 entering the data requested at registration;<\/span><br \/>\n<span style=\"color: #242424;\">2.1.2. without registering at foxyscraft.com.<\/span><br \/>\n<span style=\"color: #242424;\">2.2. When ordering goods by the methods specified in section 2.1, the Customer must provide the necessary personal data for the proper fulfillment of the goods order in the respective fields provided by the Seller: name, surname, delivery address, telephone number, and email address.<\/span><br \/>\n<span style=\"color: #242424;\">2.3. The Customer agrees that the Seller has the right to process the Customer's personal data in the cases and for the purposes specified in these Rules.<\/span><br \/>\n<span style=\"color: #242424;\">2.4. The Customer undertakes to protect their login data to the Store and not disclose it to any third party.<\/span><br \/>\n<span style=\"color: #242424;\">2.5. The Seller undertakes not to disclose the Customer's personal data and information related to the order to any third parties, except for the Seller's partners providing goods delivery or other services related to the Customer's order. In other cases, the Customer's personal data may be disclosed when required by a competent state institution in cases provided by the laws of the Republic of Lithuania or by a separate written consent of the Customer.<\/span><br \/>\n<span style=\"color: #242424;\">2.6. The Seller undertakes to ensure the protection of the Customer's personal data in accordance with the laws of the Republic of Lithuania.<\/span><\/p>\n<p><span style=\"color: #242424;\"><strong>3. Ordering Goods, Prices, Payment<\/strong><\/span><\/p>\n<p><span style=\"color: #242424;\">3.1. At the e-store foxyscraft.com, the Customer can shop all day, seven days a week.<\/span><br \/>\n<span style=\"color: #242424;\">3.2. The contract takes effect from the moment the Customer clicks the \u201cPay\u201d button, and having received the order, the Seller confirms it \u2013 sends a confirmation email to the Customer\u2019s specified email.<\/span><br \/>\n<span style=\"color: #242424;\">3.3. The contract is considered fulfilled when the Customer pays for the goods and receives them.<\/span><br \/>\n<span style=\"color: #242424;\">3.4. Each order results in a new purchase-sale contract.<\/span><br \/>\n<span style=\"color: #242424;\">3.5. The prices of the goods in the e-store and the formed order indicated in euros are final.<\/span><br \/>\n<span style=\"color: #242424;\">3.6. You can pay for your order by choosing one of the listed payment methods:<\/span><br \/>\n<span style=\"color: #242424;\">3.6.1. Using an electronic payment service through payment partner systems:<\/span><br \/>\n<span style=\"color: #242424;\">Paysera (e-banking, credit cards);<\/span><br \/>\n<span style=\"color: #242424;\">PayPal (online payment system).<\/span><br \/>\n<span style=\"color: #242424;\">3.6.2. Payment by bank transfer \u2013 this is an advance payment, where the Customer, having received a payment instruction after order confirmation, transfers money to the bank account of foxyscraft.com owner.<\/span><br \/>\n<span style=\"color: #242424;\">3.6.3. Payment in cash at the time of goods collection \u2013 the Customer pays for the goods at the time of their collection.<\/span><\/p>\n<p><span style=\"color: #242424;\"><strong>4. Production Time<\/strong><\/span><\/p>\n<p><span style=\"color: #242424;\">4.1. All products seen in the Store are made to order. Their production takes 1-3 business days.<\/span><br \/>\n<span style=\"color: #242424;\">4.2. Goods are sent to the Customer only after they have been produced.<\/span><\/p>\n<p><span style=\"color: #242424;\"><strong>5. Goods Delivery Conditions<\/strong><\/span><\/p>\n<p><span style=\"color: #242424;\">5.1. Delivery price depends on the selected delivery method. Read more about delivery and prices here.\u00a0<a style=\"color: #242424;\" href=\"https:\/\/www.isodos.lt\/puslapis\/pristatymas\"><strong>\u010dia.<\/strong><\/a><\/span><br \/>\n<span style=\"color: #242424;\">5.2. Orders are accepted daily, but processed only on working days.<\/span><\/p>\n<p><span style=\"color: #242424;\"><strong>6. Goods Return and Warranties<\/strong><\/span><\/p>\n<p><span style=\"color: #242424;\">6.1. Wallets and keychains sold in the Store are individually created according to each Customer's requirements, therefore personalized items, i.e., engraved according to personal Customer wishes, cannot be returned. However, if you are not satisfied with the quality of the product or if you receive a product with a manufacturing error (incorrect engraving, different font or product color), please contact us as soon as possible using the provided contacts.<\/span><br \/>\n<span style=\"color: #242424;\">6.2. To return a product, the product return must have a justifiable and clear reason.\nIn such cases, the customer must write an email explaining the situation and attach several photos to help us understand the issue better.<\/span><br \/>\n<span style=\"color: #242424;\">In such cases, the customer must write an email explaining the situation and attach several photos to help us understand the issue better.<\/span><br \/>\n<span style=\"color: #242424;\">6.3. In the email, the Customer must specify their name and surname and the order number, which will allow the order to be identified. After assessing the situation, an appropriate decision will be made, and a response will be sent within 2 business days.<\/span><br \/>\n<span style=\"color: #242424;\">6.4. foxyscraft.com Store is not responsible for errors made by the Customer when placing an order. This rule does not apply if the product was poorly engraved due to the fault of foxyscraft.com.<\/span><br \/>\n<span style=\"color: #242424;\">6.5. The Seller is not liable if the products in the Store do not exactly match the actual properties of the products in terms of color, shape, or other parameters due to the characteristics of the communication tools used by the Customer.<\/span><br \/>\n<span style=\"color: #242424;\">6.6. The Seller is not responsible for the deterioration in the quality of the products if the Customer or persons to whom the Customer has transferred the products used them for purposes other than those for which such products are typically used.<\/span><\/p>\n<p><span style=\"color: #242424;\"><strong>7. Other Provisions<\/strong><\/span><\/p>\n<p><span style=\"color: #242424;\">7.1. All content on the foxyscraft.com page, including photos, moving images, graphic elements, and videos, belongs to foxyscraft.com. Any use of the page content is prohibited without permission from foxyscraft.com.<\/span><br \/>\n<span style=\"color: #242424;\">7.2. The Rules are made according to the legal acts of the Republic of Lithuania, and the relationships provided for in these rules are subject to Lithuanian law.<\/span><br \/>\n<span style=\"color: #242424;\">7.3. The parties undertake to resolve all disputes arising from the execution of the Rules by negotiation. If the dispute is not resolved by negotiation, the disputes will be settled in court.<\/span><\/p>","protected":false},"excerpt":{"rendered":"<p>1. Bendrosios nuostatos 1.1. \u201efoxyscraft.com\u201c (toliau \u2013 Pardav\u0117jas) internetin\u0117je parduotuv\u0117je (toliau \u2013 Parduotuv\u0117) prekyba vykdoma vadovaujantis \u201efoxyscraft.com\u201c preki\u0173 pirkimo-pardavimo taisykl\u0117mis<\/p>","protected":false},"author":1,"featured_media":0,"parent":0,"menu_order":0,"comment_status":"closed","ping_status":"closed","template":"","meta":{"_acf_changed":false,"footnotes":""},"class_list":["post-7536","page","type-page","status-publish","hentry"],"acf":[],"yoast_head":"<!-- This site is optimized with the Yoast SEO plugin v27.2 - https:\/\/yoast.com\/product\/yoast-seo-wordpress\/ -->\n<title>Nuostatos Ir S\u0105lygos - FoxysCraft<\/title>\n<meta name=\"robots\" content=\"index, follow, max-snippet:-1, max-image-preview:large, max-video-preview:-1\" \/>\n<link rel=\"canonical\" href=\"https:\/\/foxyscraft.com\/en\/terms-conditions\/\" \/>\n<meta property=\"og:locale\" content=\"en_US\" \/>\n<meta property=\"og:type\" content=\"article\" \/>\n<meta property=\"og:title\" content=\"Nuostatos Ir S\u0105lygos - FoxysCraft\" \/>\n<meta property=\"og:description\" content=\"1. Bendrosios nuostatos 1.1. \u201efoxyscraft.com\u201c (toliau \u2013 Pardav\u0117jas) internetin\u0117je parduotuv\u0117je (toliau \u2013 Parduotuv\u0117) prekyba vykdoma vadovaujantis \u201efoxyscraft.com\u201c preki\u0173 pirkimo-pardavimo taisykl\u0117mis\" \/>\n<meta property=\"og:url\" content=\"https:\/\/foxyscraft.com\/en\/terms-conditions\/\" \/>\n<meta property=\"og:site_name\" content=\"FoxysCraft\" \/>\n<meta property=\"article:publisher\" content=\"https:\/\/www.facebook.com\/FoxysCraftLT\" \/>\n<meta property=\"article:modified_time\" content=\"2024-01-18T13:21:57+00:00\" \/>\n<meta name=\"twitter:card\" content=\"summary_large_image\" \/>\n<meta name=\"twitter:label1\" content=\"Est. reading time\" \/>\n\t<meta name=\"twitter:data1\" content=\"4 minutes\" \/>\n<script type=\"application\/ld+json\" class=\"yoast-schema-graph\">{\"@context\":\"https:\/\/schema.org\",\"@graph\":[{\"@type\":\"WebPage\",\"@id\":\"https:\/\/foxyscraft.com\/nuostatos-ir-salygos\/\",\"url\":\"https:\/\/foxyscraft.com\/nuostatos-ir-salygos\/\",\"name\":\"Nuostatos Ir S\u0105lygos - FoxysCraft\",\"isPartOf\":{\"@id\":\"https:\/\/foxyscraft.com\/#website\"},\"datePublished\":\"2023-10-26T14:39:19+00:00\",\"dateModified\":\"2024-01-18T13:21:57+00:00\",\"breadcrumb\":{\"@id\":\"https:\/\/foxyscraft.com\/nuostatos-ir-salygos\/#breadcrumb\"},\"inLanguage\":\"en-US\",\"potentialAction\":[{\"@type\":\"ReadAction\",\"target\":[\"https:\/\/foxyscraft.com\/nuostatos-ir-salygos\/\"]}]},{\"@type\":\"BreadcrumbList\",\"@id\":\"https:\/\/foxyscraft.com\/nuostatos-ir-salygos\/#breadcrumb\",\"itemListElement\":[{\"@type\":\"ListItem\",\"position\":1,\"name\":\"Home\",\"item\":\"https:\/\/foxyscraft.com\/\"},{\"@type\":\"ListItem\",\"position\":2,\"name\":\"Nuostatos Ir S\u0105lygos\"}]},{\"@type\":\"WebSite\",\"@id\":\"https:\/\/foxyscraft.com\/#website\",\"url\":\"https:\/\/foxyscraft.com\/\",\"name\":\"FoxysCraft\",\"description\":\"Personalizuoti rank\u0173 darbo aksesuarai sukurti Lietuvoje. iPhone d\u0117klai, odin\u0117s apyrank\u0117s, rakt\u0173 pakabukai ir pinigin\u0117s. Puikios dovan\u0173 id\u0117jos!\",\"publisher\":{\"@id\":\"https:\/\/foxyscraft.com\/#organization\"},\"potentialAction\":[{\"@type\":\"SearchAction\",\"target\":{\"@type\":\"EntryPoint\",\"urlTemplate\":\"https:\/\/foxyscraft.com\/?s={search_term_string}\"},\"query-input\":{\"@type\":\"PropertyValueSpecification\",\"valueRequired\":true,\"valueName\":\"search_term_string\"}}],\"inLanguage\":\"en-US\"},{\"@type\":\"Organization\",\"@id\":\"https:\/\/foxyscraft.com\/#organization\",\"name\":\"FoxysCraft\",\"url\":\"https:\/\/foxyscraft.com\/\",\"logo\":{\"@type\":\"ImageObject\",\"inLanguage\":\"en-US\",\"@id\":\"https:\/\/foxyscraft.com\/#\/schema\/logo\/image\/\",\"url\":\"http:\/\/foxyscraft.com\/wp-content\/uploads\/2023\/06\/FoxysCraft-Logo.svg\",\"contentUrl\":\"http:\/\/foxyscraft.com\/wp-content\/uploads\/2023\/06\/FoxysCraft-Logo.svg\",\"width\":5906,\"height\":3163,\"caption\":\"FoxysCraft\"},\"image\":{\"@id\":\"https:\/\/foxyscraft.com\/#\/schema\/logo\/image\/\"},\"sameAs\":[\"https:\/\/www.facebook.com\/FoxysCraftLT\",\"https:\/\/www.instagram.com\/foxyscraftcom\/\"]}]}<\/script>\n<!-- \/ Yoast SEO plugin. -->","yoast_head_json":{"title":"Nuostatos Ir S\u0105lygos - FoxysCraft","robots":{"index":"index","follow":"follow","max-snippet":"max-snippet:-1","max-image-preview":"max-image-preview:large","max-video-preview":"max-video-preview:-1"},"canonical":"https:\/\/foxyscraft.com\/en\/terms-conditions\/","og_locale":"en_US","og_type":"article","og_title":"Nuostatos Ir S\u0105lygos - FoxysCraft","og_description":"1. Bendrosios nuostatos 1.1. \u201efoxyscraft.com\u201c (toliau \u2013 Pardav\u0117jas) internetin\u0117je parduotuv\u0117je (toliau \u2013 Parduotuv\u0117) prekyba vykdoma vadovaujantis \u201efoxyscraft.com\u201c preki\u0173 pirkimo-pardavimo taisykl\u0117mis","og_url":"https:\/\/foxyscraft.com\/en\/terms-conditions\/","og_site_name":"FoxysCraft","article_publisher":"https:\/\/www.facebook.com\/FoxysCraftLT","article_modified_time":"2024-01-18T13:21:57+00:00","twitter_card":"summary_large_image","twitter_misc":{"Est. reading time":"4 minutes"},"schema":{"@context":"https:\/\/schema.org","@graph":[{"@type":"WebPage","@id":"https:\/\/foxyscraft.com\/nuostatos-ir-salygos\/","url":"https:\/\/foxyscraft.com\/nuostatos-ir-salygos\/","name":"Nuostatos Ir S\u0105lygos - FoxysCraft","isPartOf":{"@id":"https:\/\/foxyscraft.com\/#website"},"datePublished":"2023-10-26T14:39:19+00:00","dateModified":"2024-01-18T13:21:57+00:00","breadcrumb":{"@id":"https:\/\/foxyscraft.com\/nuostatos-ir-salygos\/#breadcrumb"},"inLanguage":"en-US","potentialAction":[{"@type":"ReadAction","target":["https:\/\/foxyscraft.com\/nuostatos-ir-salygos\/"]}]},{"@type":"BreadcrumbList","@id":"https:\/\/foxyscraft.com\/nuostatos-ir-salygos\/#breadcrumb","itemListElement":[{"@type":"ListItem","position":1,"name":"Home","item":"https:\/\/foxyscraft.com\/"},{"@type":"ListItem","position":2,"name":"Nuostatos Ir S\u0105lygos"}]},{"@type":"WebSite","@id":"https:\/\/foxyscraft.com\/#website","url":"https:\/\/foxyscraft.com\/","name":"FoxysCraft","description":"Personalized handmade accessories created with love. iPhone cases, minimalist wallets, leather bracelets, and keychains. Perfect gift ideas!","publisher":{"@id":"https:\/\/foxyscraft.com\/#organization"},"potentialAction":[{"@type":"SearchAction","target":{"@type":"EntryPoint","urlTemplate":"https:\/\/foxyscraft.com\/?s={search_term_string}"},"query-input":{"@type":"PropertyValueSpecification","valueRequired":true,"valueName":"search_term_string"}}],"inLanguage":"en-US"},{"@type":"Organization","@id":"https:\/\/foxyscraft.com\/#organization","name":"FoxysCraft","url":"https:\/\/foxyscraft.com\/","logo":{"@type":"ImageObject","inLanguage":"en-US","@id":"https:\/\/foxyscraft.com\/#\/schema\/logo\/image\/","url":"http:\/\/foxyscraft.com\/wp-content\/uploads\/2023\/06\/FoxysCraft-Logo.svg","contentUrl":"http:\/\/foxyscraft.com\/wp-content\/uploads\/2023\/06\/FoxysCraft-Logo.svg","width":5906,"height":3163,"caption":"FoxysCraft"},"image":{"@id":"https:\/\/foxyscraft.com\/#\/schema\/logo\/image\/"},"sameAs":["https:\/\/www.facebook.com\/FoxysCraftLT","https:\/\/www.instagram.com\/foxyscraftcom\/"]}]}},"_links":{"self":[{"href":"https:\/\/foxyscraft.com\/en\/wp-json\/wp\/v2\/pages\/7536","targetHints":{"allow":["GET"]}}],"collection":[{"href":"https:\/\/foxyscraft.com\/en\/wp-json\/wp\/v2\/pages"}],"about":[{"href":"https:\/\/foxyscraft.com\/en\/wp-json\/wp\/v2\/types\/page"}],"author":[{"embeddable":true,"href":"https:\/\/foxyscraft.com\/en\/wp-json\/wp\/v2\/users\/1"}],"replies":[{"embeddable":true,"href":"https:\/\/foxyscraft.com\/en\/wp-json\/wp\/v2\/comments?post=7536"}],"version-history":[{"count":4,"href":"https:\/\/foxyscraft.com\/en\/wp-json\/wp\/v2\/pages\/7536\/revisions"}],"predecessor-version":[{"id":8372,"href":"https:\/\/foxyscraft.com\/en\/wp-json\/wp\/v2\/pages\/7536\/revisions\/8372"}],"wp:attachment":[{"href":"https:\/\/foxyscraft.com\/en\/wp-json\/wp\/v2\/media?parent=7536"}],"curies":[{"name":"wp","href":"https:\/\/api.w.org\/{rel}","templated":true}]}}