{"id":7547,"date":"2023-10-26T15:05:28","date_gmt":"2023-10-26T15:05:28","guid":{"rendered":"https:\/\/foxyscraft.com\/?page_id=7547"},"modified":"2024-01-18T13:19:51","modified_gmt":"2024-01-18T13:19:51","slug":"pristatymas","status":"publish","type":"page","link":"https:\/\/foxyscraft.com\/en\/shipping-delivery\/","title":{"rendered":"Shipping &amp; Delivery"},"content":{"rendered":"<p><span style=\"color: #242424;\">All products sold at Foxy\u2019s Craft are made to order, therefore they are not stocked. Small orders are processed and shipped within 1 \u2013 3 business days after receiving the order. All items on the foxyscraft.com website are handmade in workshops in Vilnius, Lithuania.<\/span><\/p>\n<p><span style=\"color: #242424;\">We strive to ensure that products are delivered to the customer within 2 \u2013 3 business days. If the product is purchased as a gift or you need the item urgently, please contact us by email at info@foxyscraft.com and we will make every effort to ensure the product reaches you on time. You will always be informed when the order has been made and dispatched.<\/span><\/p>\n<p><span style=\"color: #242424;\">Your purchased and paid-for items will be delivered in the method you choose.<\/span><\/p>\n<p><span style=\"color: #242424;\"><strong>Delivery method:<\/strong>\u00a0OMNIVA (the package will be delivered to the nearest parcel terminal, according to the address provided).<\/span><br \/>\n<span style=\"color: #242424;\"><strong>Timeframe:<\/strong>\u00a01-2 business days.<\/span><br \/>\n<span style=\"color: #242424;\"><strong>Price:<\/strong> 2,95 \u20ac<\/span><\/p>\n<p><span style=\"color: #242424;\"><strong>Delivery method:<\/strong>\u00a0COURIER (the package will be delivered by courier to your specified shipping address).<\/span><br \/>\n<span style=\"color: #242424;\"><strong>Timeframe:<\/strong>\u00a01-2 business days.<\/span><br \/>\n<span style=\"color: #242424;\"><strong>Price:<\/strong> 3,95 \u20ac<\/span><\/p>\n<p><span style=\"color: #242424;\"><strong>Delivery method:<\/strong> INTERNATIONAL SHIPPING (the package will be delivered by Lithuanian Post to the specified address in the chosen country).<\/span><br \/>\n<span style=\"color: #242424;\"><strong>Timeframe:<\/strong> 5-10 business days.<\/span><br \/>\n<span style=\"color: #242424;\"><strong>Price:<\/strong> 7,95 \u20ac<\/span><\/p>","protected":false},"excerpt":{"rendered":"<p>Visos Foxy&#8217;s Craft parduotuv\u0117je parduodamas prek\u0117s gaminamos pagal individual\u0173 u\u017esakym\u0105, tod\u0117l gaminiai nesand\u0117liuojami. Smulk\u016bs u\u017esakymai \u012fvykdomi ir i\u0161siun\u010diami per 1<\/p>","protected":false},"author":1,"featured_media":0,"parent":0,"menu_order":0,"comment_status":"closed","ping_status":"closed","template":"","meta":{"_acf_changed":false,"footnotes":""},"class_list":["post-7547","page","type-page","status-publish","hentry"],"acf":[],"yoast_head":"<!-- This site is optimized with the Yoast SEO plugin v27.4 - https:\/\/yoast.com\/product\/yoast-seo-wordpress\/ -->\n<title>Pristatymas - FoxysCraft<\/title>\n<meta name=\"robots\" content=\"index, follow, max-snippet:-1, max-image-preview:large, max-video-preview:-1\" \/>\n<link rel=\"canonical\" href=\"https:\/\/foxyscraft.com\/en\/shipping-delivery\/\" \/>\n<meta property=\"og:locale\" content=\"en_US\" \/>\n<meta property=\"og:type\" content=\"article\" \/>\n<meta property=\"og:title\" content=\"Pristatymas - FoxysCraft\" \/>\n<meta property=\"og:description\" content=\"Visos Foxy&#8217;s Craft parduotuv\u0117je parduodamas prek\u0117s gaminamos pagal individual\u0173 u\u017esakym\u0105, tod\u0117l gaminiai nesand\u0117liuojami. Smulk\u016bs u\u017esakymai \u012fvykdomi ir i\u0161siun\u010diami per 1\" \/>\n<meta property=\"og:url\" content=\"https:\/\/foxyscraft.com\/en\/shipping-delivery\/\" \/>\n<meta property=\"og:site_name\" content=\"FoxysCraft\" \/>\n<meta property=\"article:publisher\" content=\"https:\/\/www.facebook.com\/FoxysCraftLT\" \/>\n<meta property=\"article:modified_time\" content=\"2024-01-18T13:19:51+00:00\" \/>\n<meta name=\"twitter:card\" content=\"summary_large_image\" \/>\n<meta name=\"twitter:label1\" content=\"Est. reading time\" \/>\n\t<meta name=\"twitter:data1\" content=\"1 minute\" \/>\n<script type=\"application\/ld+json\" class=\"yoast-schema-graph\">{\"@context\":\"https:\\\/\\\/schema.org\",\"@graph\":[{\"@type\":\"WebPage\",\"@id\":\"https:\\\/\\\/foxyscraft.com\\\/pristatymas\\\/\",\"url\":\"https:\\\/\\\/foxyscraft.com\\\/pristatymas\\\/\",\"name\":\"Pristatymas - FoxysCraft\",\"isPartOf\":{\"@id\":\"https:\\\/\\\/foxyscraft.com\\\/#website\"},\"datePublished\":\"2023-10-26T15:05:28+00:00\",\"dateModified\":\"2024-01-18T13:19:51+00:00\",\"breadcrumb\":{\"@id\":\"https:\\\/\\\/foxyscraft.com\\\/pristatymas\\\/#breadcrumb\"},\"inLanguage\":\"en-US\",\"potentialAction\":[{\"@type\":\"ReadAction\",\"target\":[\"https:\\\/\\\/foxyscraft.com\\\/pristatymas\\\/\"]}]},{\"@type\":\"BreadcrumbList\",\"@id\":\"https:\\\/\\\/foxyscraft.com\\\/pristatymas\\\/#breadcrumb\",\"itemListElement\":[{\"@type\":\"ListItem\",\"position\":1,\"name\":\"Home\",\"item\":\"https:\\\/\\\/foxyscraft.com\\\/\"},{\"@type\":\"ListItem\",\"position\":2,\"name\":\"Pristatymas\"}]},{\"@type\":\"WebSite\",\"@id\":\"https:\\\/\\\/foxyscraft.com\\\/#website\",\"url\":\"https:\\\/\\\/foxyscraft.com\\\/\",\"name\":\"FoxysCraft\",\"description\":\"Personalizuoti rank\u0173 darbo aksesuarai sukurti Lietuvoje. iPhone d\u0117klai, odin\u0117s apyrank\u0117s, rakt\u0173 pakabukai ir pinigin\u0117s. Puikios dovan\u0173 id\u0117jos!\",\"publisher\":{\"@id\":\"https:\\\/\\\/foxyscraft.com\\\/#organization\"},\"potentialAction\":[{\"@type\":\"SearchAction\",\"target\":{\"@type\":\"EntryPoint\",\"urlTemplate\":\"https:\\\/\\\/foxyscraft.com\\\/?s={search_term_string}\"},\"query-input\":{\"@type\":\"PropertyValueSpecification\",\"valueRequired\":true,\"valueName\":\"search_term_string\"}}],\"inLanguage\":\"en-US\"},{\"@type\":\"Organization\",\"@id\":\"https:\\\/\\\/foxyscraft.com\\\/#organization\",\"name\":\"FoxysCraft\",\"url\":\"https:\\\/\\\/foxyscraft.com\\\/\",\"logo\":{\"@type\":\"ImageObject\",\"inLanguage\":\"en-US\",\"@id\":\"https:\\\/\\\/foxyscraft.com\\\/#\\\/schema\\\/logo\\\/image\\\/\",\"url\":\"http:\\\/\\\/foxyscraft.com\\\/wp-content\\\/uploads\\\/2023\\\/06\\\/FoxysCraft-Logo.svg\",\"contentUrl\":\"http:\\\/\\\/foxyscraft.com\\\/wp-content\\\/uploads\\\/2023\\\/06\\\/FoxysCraft-Logo.svg\",\"width\":5906,\"height\":3163,\"caption\":\"FoxysCraft\"},\"image\":{\"@id\":\"https:\\\/\\\/foxyscraft.com\\\/#\\\/schema\\\/logo\\\/image\\\/\"},\"sameAs\":[\"https:\\\/\\\/www.facebook.com\\\/FoxysCraftLT\",\"https:\\\/\\\/www.instagram.com\\\/foxyscraftcom\\\/\"]}]}<\/script>\n<!-- \/ Yoast SEO plugin. -->","yoast_head_json":{"title":"Pristatymas - FoxysCraft","robots":{"index":"index","follow":"follow","max-snippet":"max-snippet:-1","max-image-preview":"max-image-preview:large","max-video-preview":"max-video-preview:-1"},"canonical":"https:\/\/foxyscraft.com\/en\/shipping-delivery\/","og_locale":"en_US","og_type":"article","og_title":"Pristatymas - FoxysCraft","og_description":"Visos Foxy&#8217;s Craft parduotuv\u0117je parduodamas prek\u0117s gaminamos pagal individual\u0173 u\u017esakym\u0105, tod\u0117l gaminiai nesand\u0117liuojami. Smulk\u016bs u\u017esakymai \u012fvykdomi ir i\u0161siun\u010diami per 1","og_url":"https:\/\/foxyscraft.com\/en\/shipping-delivery\/","og_site_name":"FoxysCraft","article_publisher":"https:\/\/www.facebook.com\/FoxysCraftLT","article_modified_time":"2024-01-18T13:19:51+00:00","twitter_card":"summary_large_image","twitter_misc":{"Est. reading time":"1 minute"},"schema":{"@context":"https:\/\/schema.org","@graph":[{"@type":"WebPage","@id":"https:\/\/foxyscraft.com\/pristatymas\/","url":"https:\/\/foxyscraft.com\/pristatymas\/","name":"Pristatymas - FoxysCraft","isPartOf":{"@id":"https:\/\/foxyscraft.com\/#website"},"datePublished":"2023-10-26T15:05:28+00:00","dateModified":"2024-01-18T13:19:51+00:00","breadcrumb":{"@id":"https:\/\/foxyscraft.com\/pristatymas\/#breadcrumb"},"inLanguage":"en-US","potentialAction":[{"@type":"ReadAction","target":["https:\/\/foxyscraft.com\/pristatymas\/"]}]},{"@type":"BreadcrumbList","@id":"https:\/\/foxyscraft.com\/pristatymas\/#breadcrumb","itemListElement":[{"@type":"ListItem","position":1,"name":"Home","item":"https:\/\/foxyscraft.com\/"},{"@type":"ListItem","position":2,"name":"Pristatymas"}]},{"@type":"WebSite","@id":"https:\/\/foxyscraft.com\/#website","url":"https:\/\/foxyscraft.com\/","name":"FoxysCraft","description":"Personalized handmade accessories created with love. iPhone cases, minimalist wallets, leather bracelets, and keychains. Perfect gift ideas!","publisher":{"@id":"https:\/\/foxyscraft.com\/#organization"},"potentialAction":[{"@type":"SearchAction","target":{"@type":"EntryPoint","urlTemplate":"https:\/\/foxyscraft.com\/?s={search_term_string}"},"query-input":{"@type":"PropertyValueSpecification","valueRequired":true,"valueName":"search_term_string"}}],"inLanguage":"en-US"},{"@type":"Organization","@id":"https:\/\/foxyscraft.com\/#organization","name":"FoxysCraft","url":"https:\/\/foxyscraft.com\/","logo":{"@type":"ImageObject","inLanguage":"en-US","@id":"https:\/\/foxyscraft.com\/#\/schema\/logo\/image\/","url":"http:\/\/foxyscraft.com\/wp-content\/uploads\/2023\/06\/FoxysCraft-Logo.svg","contentUrl":"http:\/\/foxyscraft.com\/wp-content\/uploads\/2023\/06\/FoxysCraft-Logo.svg","width":5906,"height":3163,"caption":"FoxysCraft"},"image":{"@id":"https:\/\/foxyscraft.com\/#\/schema\/logo\/image\/"},"sameAs":["https:\/\/www.facebook.com\/FoxysCraftLT","https:\/\/www.instagram.com\/foxyscraftcom\/"]}]}},"_links":{"self":[{"href":"https:\/\/foxyscraft.com\/en\/wp-json\/wp\/v2\/pages\/7547","targetHints":{"allow":["GET"]}}],"collection":[{"href":"https:\/\/foxyscraft.com\/en\/wp-json\/wp\/v2\/pages"}],"about":[{"href":"https:\/\/foxyscraft.com\/en\/wp-json\/wp\/v2\/types\/page"}],"author":[{"embeddable":true,"href":"https:\/\/foxyscraft.com\/en\/wp-json\/wp\/v2\/users\/1"}],"replies":[{"embeddable":true,"href":"https:\/\/foxyscraft.com\/en\/wp-json\/wp\/v2\/comments?post=7547"}],"version-history":[{"count":6,"href":"https:\/\/foxyscraft.com\/en\/wp-json\/wp\/v2\/pages\/7547\/revisions"}],"predecessor-version":[{"id":8370,"href":"https:\/\/foxyscraft.com\/en\/wp-json\/wp\/v2\/pages\/7547\/revisions\/8370"}],"wp:attachment":[{"href":"https:\/\/foxyscraft.com\/en\/wp-json\/wp\/v2\/media?parent=7547"}],"curies":[{"name":"wp","href":"https:\/\/api.w.org\/{rel}","templated":true}]}}