{"id":7550,"date":"2023-10-26T15:06:09","date_gmt":"2023-10-26T15:06:09","guid":{"rendered":"https:\/\/foxyscraft.com\/?page_id=7550"},"modified":"2024-01-18T12:10:24","modified_gmt":"2024-01-18T12:10:24","slug":"grazinimas","status":"publish","type":"page","link":"https:\/\/foxyscraft.com\/en\/returns-complaints\/","title":{"rendered":"Returns &amp; Complaints"},"content":{"rendered":"<p><span style=\"color: #242424;\">At FoxysCraft.com, products are individually crafted according to each customer\u2019s specifications; therefore, personalized items, such as those engraved with personal preferences, are not eligible for returns. However, if you are not satisfied with the product quality or if you receive an item with a manufacturing fault (incorrect engraving, different font, or color), please contact us immediately using the provided contact details.<\/span><\/p>\n<p><span style=\"color: #242424;\">To return an item, there must be a valid and clear reason for the return.<\/span><br \/>\n<span style=\"color: #242424;\">In such cases, the customer must write an email explaining the situation and attach several photos to help us understand the issue better.<\/span><\/p>\n<p><span style=\"color: #242424;\">In the email, the customer should include their full name and order number, which will help us identify the order. Once the situation is assessed, a corresponding decision will be made, and a response will be sent within 2 business days.<\/span><\/p>\n<p><span style=\"color: #242424;\">FoxysCraft.com is not responsible for errors made by the customer when placing an order. This rule does not apply if the product was incorrectly engraved due to an error on the part of FoxysCraft.com.<\/span><br \/>\n<span style=\"color: #242424;\">The seller is not liable if the products displayed in the store do not exactly match the actual properties of the products in terms of color, shape, or other parameters due to the characteristics of the display technology used by the customer.<\/span><\/p>\n<p><span style=\"color: #242424;\">The seller is not responsible for the deterioration in the quality of the products if the customer or persons to whom the customer has transferred the products used them for purposes other than those for which such products are typically used.<\/span><\/p>","protected":false},"excerpt":{"rendered":"<p>foxyscraft.com parduotuv\u0117je parduodami gaminiai yra kuriami individualiai pagal kiekvieno kliento pageidavimus, tod\u0117l personalizuotos prek\u0117s, t.y. i\u0161graviruotos pagal asmeninius kliento norus,<\/p>","protected":false},"author":1,"featured_media":0,"parent":0,"menu_order":0,"comment_status":"closed","ping_status":"closed","template":"","meta":{"_acf_changed":false,"footnotes":""},"class_list":["post-7550","page","type-page","status-publish","hentry"],"acf":[],"yoast_head":"<!-- This site is optimized with the Yoast SEO plugin v27.2 - https:\/\/yoast.com\/product\/yoast-seo-wordpress\/ -->\n<title>Gr\u0105\u017einimas - FoxysCraft<\/title>\n<meta name=\"robots\" content=\"index, follow, max-snippet:-1, max-image-preview:large, max-video-preview:-1\" \/>\n<link rel=\"canonical\" href=\"https:\/\/foxyscraft.com\/en\/returns-complaints\/\" \/>\n<meta property=\"og:locale\" content=\"en_US\" \/>\n<meta property=\"og:type\" content=\"article\" \/>\n<meta property=\"og:title\" content=\"Gr\u0105\u017einimas - FoxysCraft\" \/>\n<meta property=\"og:description\" content=\"foxyscraft.com parduotuv\u0117je parduodami gaminiai yra kuriami individualiai pagal kiekvieno kliento pageidavimus, tod\u0117l personalizuotos prek\u0117s, t.y. i\u0161graviruotos pagal asmeninius kliento norus,\" \/>\n<meta property=\"og:url\" content=\"https:\/\/foxyscraft.com\/en\/returns-complaints\/\" \/>\n<meta property=\"og:site_name\" content=\"FoxysCraft\" \/>\n<meta property=\"article:publisher\" content=\"https:\/\/www.facebook.com\/FoxysCraftLT\" \/>\n<meta property=\"article:modified_time\" content=\"2024-01-18T12:10:24+00:00\" \/>\n<meta name=\"twitter:card\" content=\"summary_large_image\" \/>\n<meta name=\"twitter:label1\" content=\"Est. reading time\" \/>\n\t<meta name=\"twitter:data1\" content=\"1 minute\" \/>\n<script type=\"application\/ld+json\" class=\"yoast-schema-graph\">{\"@context\":\"https:\/\/schema.org\",\"@graph\":[{\"@type\":\"WebPage\",\"@id\":\"https:\/\/foxyscraft.com\/grazinimas\/\",\"url\":\"https:\/\/foxyscraft.com\/grazinimas\/\",\"name\":\"Gr\u0105\u017einimas - FoxysCraft\",\"isPartOf\":{\"@id\":\"https:\/\/foxyscraft.com\/#website\"},\"datePublished\":\"2023-10-26T15:06:09+00:00\",\"dateModified\":\"2024-01-18T12:10:24+00:00\",\"breadcrumb\":{\"@id\":\"https:\/\/foxyscraft.com\/grazinimas\/#breadcrumb\"},\"inLanguage\":\"en-US\",\"potentialAction\":[{\"@type\":\"ReadAction\",\"target\":[\"https:\/\/foxyscraft.com\/grazinimas\/\"]}]},{\"@type\":\"BreadcrumbList\",\"@id\":\"https:\/\/foxyscraft.com\/grazinimas\/#breadcrumb\",\"itemListElement\":[{\"@type\":\"ListItem\",\"position\":1,\"name\":\"Home\",\"item\":\"https:\/\/foxyscraft.com\/\"},{\"@type\":\"ListItem\",\"position\":2,\"name\":\"Gr\u0105\u017einimas\"}]},{\"@type\":\"WebSite\",\"@id\":\"https:\/\/foxyscraft.com\/#website\",\"url\":\"https:\/\/foxyscraft.com\/\",\"name\":\"FoxysCraft\",\"description\":\"Personalizuoti rank\u0173 darbo aksesuarai sukurti Lietuvoje. iPhone d\u0117klai, odin\u0117s apyrank\u0117s, rakt\u0173 pakabukai ir pinigin\u0117s. Puikios dovan\u0173 id\u0117jos!\",\"publisher\":{\"@id\":\"https:\/\/foxyscraft.com\/#organization\"},\"potentialAction\":[{\"@type\":\"SearchAction\",\"target\":{\"@type\":\"EntryPoint\",\"urlTemplate\":\"https:\/\/foxyscraft.com\/?s={search_term_string}\"},\"query-input\":{\"@type\":\"PropertyValueSpecification\",\"valueRequired\":true,\"valueName\":\"search_term_string\"}}],\"inLanguage\":\"en-US\"},{\"@type\":\"Organization\",\"@id\":\"https:\/\/foxyscraft.com\/#organization\",\"name\":\"FoxysCraft\",\"url\":\"https:\/\/foxyscraft.com\/\",\"logo\":{\"@type\":\"ImageObject\",\"inLanguage\":\"en-US\",\"@id\":\"https:\/\/foxyscraft.com\/#\/schema\/logo\/image\/\",\"url\":\"http:\/\/foxyscraft.com\/wp-content\/uploads\/2023\/06\/FoxysCraft-Logo.svg\",\"contentUrl\":\"http:\/\/foxyscraft.com\/wp-content\/uploads\/2023\/06\/FoxysCraft-Logo.svg\",\"width\":5906,\"height\":3163,\"caption\":\"FoxysCraft\"},\"image\":{\"@id\":\"https:\/\/foxyscraft.com\/#\/schema\/logo\/image\/\"},\"sameAs\":[\"https:\/\/www.facebook.com\/FoxysCraftLT\",\"https:\/\/www.instagram.com\/foxyscraftcom\/\"]}]}<\/script>\n<!-- \/ Yoast SEO plugin. -->","yoast_head_json":{"title":"Gr\u0105\u017einimas - FoxysCraft","robots":{"index":"index","follow":"follow","max-snippet":"max-snippet:-1","max-image-preview":"max-image-preview:large","max-video-preview":"max-video-preview:-1"},"canonical":"https:\/\/foxyscraft.com\/en\/returns-complaints\/","og_locale":"en_US","og_type":"article","og_title":"Gr\u0105\u017einimas - FoxysCraft","og_description":"foxyscraft.com parduotuv\u0117je parduodami gaminiai yra kuriami individualiai pagal kiekvieno kliento pageidavimus, tod\u0117l personalizuotos prek\u0117s, t.y. i\u0161graviruotos pagal asmeninius kliento norus,","og_url":"https:\/\/foxyscraft.com\/en\/returns-complaints\/","og_site_name":"FoxysCraft","article_publisher":"https:\/\/www.facebook.com\/FoxysCraftLT","article_modified_time":"2024-01-18T12:10:24+00:00","twitter_card":"summary_large_image","twitter_misc":{"Est. reading time":"1 minute"},"schema":{"@context":"https:\/\/schema.org","@graph":[{"@type":"WebPage","@id":"https:\/\/foxyscraft.com\/grazinimas\/","url":"https:\/\/foxyscraft.com\/grazinimas\/","name":"Gr\u0105\u017einimas - FoxysCraft","isPartOf":{"@id":"https:\/\/foxyscraft.com\/#website"},"datePublished":"2023-10-26T15:06:09+00:00","dateModified":"2024-01-18T12:10:24+00:00","breadcrumb":{"@id":"https:\/\/foxyscraft.com\/grazinimas\/#breadcrumb"},"inLanguage":"en-US","potentialAction":[{"@type":"ReadAction","target":["https:\/\/foxyscraft.com\/grazinimas\/"]}]},{"@type":"BreadcrumbList","@id":"https:\/\/foxyscraft.com\/grazinimas\/#breadcrumb","itemListElement":[{"@type":"ListItem","position":1,"name":"Home","item":"https:\/\/foxyscraft.com\/"},{"@type":"ListItem","position":2,"name":"Gr\u0105\u017einimas"}]},{"@type":"WebSite","@id":"https:\/\/foxyscraft.com\/#website","url":"https:\/\/foxyscraft.com\/","name":"FoxysCraft","description":"Personalized handmade accessories created with love. iPhone cases, minimalist wallets, leather bracelets, and keychains. Perfect gift ideas!","publisher":{"@id":"https:\/\/foxyscraft.com\/#organization"},"potentialAction":[{"@type":"SearchAction","target":{"@type":"EntryPoint","urlTemplate":"https:\/\/foxyscraft.com\/?s={search_term_string}"},"query-input":{"@type":"PropertyValueSpecification","valueRequired":true,"valueName":"search_term_string"}}],"inLanguage":"en-US"},{"@type":"Organization","@id":"https:\/\/foxyscraft.com\/#organization","name":"FoxysCraft","url":"https:\/\/foxyscraft.com\/","logo":{"@type":"ImageObject","inLanguage":"en-US","@id":"https:\/\/foxyscraft.com\/#\/schema\/logo\/image\/","url":"http:\/\/foxyscraft.com\/wp-content\/uploads\/2023\/06\/FoxysCraft-Logo.svg","contentUrl":"http:\/\/foxyscraft.com\/wp-content\/uploads\/2023\/06\/FoxysCraft-Logo.svg","width":5906,"height":3163,"caption":"FoxysCraft"},"image":{"@id":"https:\/\/foxyscraft.com\/#\/schema\/logo\/image\/"},"sameAs":["https:\/\/www.facebook.com\/FoxysCraftLT","https:\/\/www.instagram.com\/foxyscraftcom\/"]}]}},"_links":{"self":[{"href":"https:\/\/foxyscraft.com\/en\/wp-json\/wp\/v2\/pages\/7550","targetHints":{"allow":["GET"]}}],"collection":[{"href":"https:\/\/foxyscraft.com\/en\/wp-json\/wp\/v2\/pages"}],"about":[{"href":"https:\/\/foxyscraft.com\/en\/wp-json\/wp\/v2\/types\/page"}],"author":[{"embeddable":true,"href":"https:\/\/foxyscraft.com\/en\/wp-json\/wp\/v2\/users\/1"}],"replies":[{"embeddable":true,"href":"https:\/\/foxyscraft.com\/en\/wp-json\/wp\/v2\/comments?post=7550"}],"version-history":[{"count":2,"href":"https:\/\/foxyscraft.com\/en\/wp-json\/wp\/v2\/pages\/7550\/revisions"}],"predecessor-version":[{"id":8358,"href":"https:\/\/foxyscraft.com\/en\/wp-json\/wp\/v2\/pages\/7550\/revisions\/8358"}],"wp:attachment":[{"href":"https:\/\/foxyscraft.com\/en\/wp-json\/wp\/v2\/media?parent=7550"}],"curies":[{"name":"wp","href":"https:\/\/api.w.org\/{rel}","templated":true}]}}