{"id":10438,"date":"2024-04-16T15:59:48","date_gmt":"2024-04-16T15:59:48","guid":{"rendered":"https:\/\/foxyscraft.com\/?post_type=product&#038;p=10438"},"modified":"2024-04-16T16:06:32","modified_gmt":"2024-04-16T16:06:32","slug":"personalizuotas-odinis-iphone-13-mini-deklas","status":"publish","type":"product","link":"https:\/\/foxyscraft.com\/en\/product\/personalized-leather-iphone-13-mini-case\/","title":{"rendered":"Personalized Leather iPhone 13 mini Case"},"content":{"rendered":"<style type=\"text\/css\">\n\t\t\t#gallery-1 {\n\t\t\t\tmargin: auto;\n\t\t\t}\n\t\t\t#gallery-1 .gallery-item {\n\t\t\t\tfloat: left;\n\t\t\t\tmargin-top: 10px;\n\t\t\t\ttext-align: center;\n\t\t\t\twidth: 50%;\n\t\t\t}\n\t\t\t#gallery-1 img {\n\t\t\t\tborder: 2px solid #cfcfcf;\n\t\t\t}\n\t\t\t#gallery-1 .gallery-caption {\n\t\t\t\tmargin-left: 0;\n\t\t\t}\n\t\t\t\/* see gallery_shortcode() in wp-includes\/media.php *\/\n\t\t<\/style>\n\t\t<div id='gallery-1' class='gallery galleryid-10438 gallery-columns-2 gallery-size-full'><dl class='gallery-item'>\n\t\t\t<dt class='gallery-icon landscape'>\n\t\t\t\t<a href='https:\/\/foxyscraft.com\/wp-content\/uploads\/2024\/04\/Custom-Leather-iPhone-case_1.jpg'><img loading=\"lazy\" decoding=\"async\" width=\"2000\" height=\"2000\" src=\"https:\/\/foxyscraft.com\/wp-content\/uploads\/2024\/04\/Custom-Leather-iPhone-case_1.jpg\" class=\"attachment-full size-full\" alt=\"Personalized Leather iPhone Case\" aria-describedby=\"gallery-1-10311\" srcset=\"https:\/\/foxyscraft.com\/wp-content\/uploads\/2024\/04\/Custom-Leather-iPhone-case_1.jpg 2000w, https:\/\/foxyscraft.com\/wp-content\/uploads\/2024\/04\/Custom-Leather-iPhone-case_1-600x600.jpg 600w, https:\/\/foxyscraft.com\/wp-content\/uploads\/2024\/04\/Custom-Leather-iPhone-case_1-800x800.jpg 800w, https:\/\/foxyscraft.com\/wp-content\/uploads\/2024\/04\/Custom-Leather-iPhone-case_1-1200x1200.jpg 1200w, https:\/\/foxyscraft.com\/wp-content\/uploads\/2024\/04\/Custom-Leather-iPhone-case_1-300x300.jpg 300w, https:\/\/foxyscraft.com\/wp-content\/uploads\/2024\/04\/Custom-Leather-iPhone-case_1-1024x1024.jpg 1024w, https:\/\/foxyscraft.com\/wp-content\/uploads\/2024\/04\/Custom-Leather-iPhone-case_1-150x150.jpg 150w, https:\/\/foxyscraft.com\/wp-content\/uploads\/2024\/04\/Custom-Leather-iPhone-case_1-768x768.jpg 768w, https:\/\/foxyscraft.com\/wp-content\/uploads\/2024\/04\/Custom-Leather-iPhone-case_1-1536x1536.jpg 1536w, https:\/\/foxyscraft.com\/wp-content\/uploads\/2024\/04\/Custom-Leather-iPhone-case_1-12x12.jpg 12w\" sizes=\"auto, (max-width: 2000px) 100vw, 2000px\" title=\"Personalized Leather iPhone 13 mini Case\" \/><\/a>\n\t\t\t<\/dt>\n\t\t\t\t<dd class='wp-caption-text gallery-caption' id='gallery-1-10311'>\n\t\t\t\tLeather iPhone Case\n\t\t\t\t<\/dd><\/dl><dl class='gallery-item'>\n\t\t\t<dt class='gallery-icon landscape'>\n\t\t\t\t<a href='https:\/\/foxyscraft.com\/wp-content\/uploads\/2024\/04\/Custom-Leather-iPhone-case_1_0.jpg'><img loading=\"lazy\" decoding=\"async\" width=\"2000\" height=\"2000\" src=\"https:\/\/foxyscraft.com\/wp-content\/uploads\/2024\/04\/Custom-Leather-iPhone-case_1_0.jpg\" class=\"attachment-full size-full\" alt=\"Personalized Leather iPhone Case\" aria-describedby=\"gallery-1-10312\" srcset=\"https:\/\/foxyscraft.com\/wp-content\/uploads\/2024\/04\/Custom-Leather-iPhone-case_1_0.jpg 2000w, https:\/\/foxyscraft.com\/wp-content\/uploads\/2024\/04\/Custom-Leather-iPhone-case_1_0-600x600.jpg 600w, https:\/\/foxyscraft.com\/wp-content\/uploads\/2024\/04\/Custom-Leather-iPhone-case_1_0-800x800.jpg 800w, https:\/\/foxyscraft.com\/wp-content\/uploads\/2024\/04\/Custom-Leather-iPhone-case_1_0-1200x1200.jpg 1200w, https:\/\/foxyscraft.com\/wp-content\/uploads\/2024\/04\/Custom-Leather-iPhone-case_1_0-300x300.jpg 300w, https:\/\/foxyscraft.com\/wp-content\/uploads\/2024\/04\/Custom-Leather-iPhone-case_1_0-1024x1024.jpg 1024w, https:\/\/foxyscraft.com\/wp-content\/uploads\/2024\/04\/Custom-Leather-iPhone-case_1_0-150x150.jpg 150w, https:\/\/foxyscraft.com\/wp-content\/uploads\/2024\/04\/Custom-Leather-iPhone-case_1_0-768x768.jpg 768w, https:\/\/foxyscraft.com\/wp-content\/uploads\/2024\/04\/Custom-Leather-iPhone-case_1_0-1536x1536.jpg 1536w, https:\/\/foxyscraft.com\/wp-content\/uploads\/2024\/04\/Custom-Leather-iPhone-case_1_0-12x12.jpg 12w\" sizes=\"auto, (max-width: 2000px) 100vw, 2000px\" title=\"Personalized Leather iPhone 13 mini Case\" \/><\/a>\n\t\t\t<\/dt>\n\t\t\t\t<dd class='wp-caption-text gallery-caption' id='gallery-1-10312'>\n\t\t\t\tLeather iPhone Case\n\t\t\t\t<\/dd><\/dl><br style=\"clear: both\" \/><dl class='gallery-item'>\n\t\t\t<dt class='gallery-icon landscape'>\n\t\t\t\t<a href='https:\/\/foxyscraft.com\/wp-content\/uploads\/2024\/04\/Custom-Leather-iPhone-case_1_2.jpg'><img loading=\"lazy\" decoding=\"async\" width=\"2000\" height=\"2000\" src=\"https:\/\/foxyscraft.com\/wp-content\/uploads\/2024\/04\/Custom-Leather-iPhone-case_1_2.jpg\" class=\"attachment-full size-full\" alt=\"Personalized Leather iPhone Case\" aria-describedby=\"gallery-1-10313\" srcset=\"https:\/\/foxyscraft.com\/wp-content\/uploads\/2024\/04\/Custom-Leather-iPhone-case_1_2.jpg 2000w, https:\/\/foxyscraft.com\/wp-content\/uploads\/2024\/04\/Custom-Leather-iPhone-case_1_2-600x600.jpg 600w, https:\/\/foxyscraft.com\/wp-content\/uploads\/2024\/04\/Custom-Leather-iPhone-case_1_2-800x800.jpg 800w, https:\/\/foxyscraft.com\/wp-content\/uploads\/2024\/04\/Custom-Leather-iPhone-case_1_2-1200x1200.jpg 1200w, https:\/\/foxyscraft.com\/wp-content\/uploads\/2024\/04\/Custom-Leather-iPhone-case_1_2-300x300.jpg 300w, https:\/\/foxyscraft.com\/wp-content\/uploads\/2024\/04\/Custom-Leather-iPhone-case_1_2-1024x1024.jpg 1024w, https:\/\/foxyscraft.com\/wp-content\/uploads\/2024\/04\/Custom-Leather-iPhone-case_1_2-150x150.jpg 150w, https:\/\/foxyscraft.com\/wp-content\/uploads\/2024\/04\/Custom-Leather-iPhone-case_1_2-768x768.jpg 768w, https:\/\/foxyscraft.com\/wp-content\/uploads\/2024\/04\/Custom-Leather-iPhone-case_1_2-1536x1536.jpg 1536w, https:\/\/foxyscraft.com\/wp-content\/uploads\/2024\/04\/Custom-Leather-iPhone-case_1_2-12x12.jpg 12w\" sizes=\"auto, (max-width: 2000px) 100vw, 2000px\" title=\"Personalized Leather iPhone 13 mini Case\" \/><\/a>\n\t\t\t<\/dt>\n\t\t\t\t<dd class='wp-caption-text gallery-caption' id='gallery-1-10313'>\n\t\t\t\tLeather iPhone Case\n\t\t\t\t<\/dd><\/dl><dl class='gallery-item'>\n\t\t\t<dt class='gallery-icon landscape'>\n\t\t\t\t<a href='https:\/\/foxyscraft.com\/wp-content\/uploads\/2024\/04\/Custom-Leather-iPhone-case_1_4.jpg'><img loading=\"lazy\" decoding=\"async\" width=\"2000\" height=\"2000\" src=\"https:\/\/foxyscraft.com\/wp-content\/uploads\/2024\/04\/Custom-Leather-iPhone-case_1_4.jpg\" class=\"attachment-full size-full\" alt=\"Personalized Leather iPhone Case\" aria-describedby=\"gallery-1-10314\" srcset=\"https:\/\/foxyscraft.com\/wp-content\/uploads\/2024\/04\/Custom-Leather-iPhone-case_1_4.jpg 2000w, https:\/\/foxyscraft.com\/wp-content\/uploads\/2024\/04\/Custom-Leather-iPhone-case_1_4-600x600.jpg 600w, https:\/\/foxyscraft.com\/wp-content\/uploads\/2024\/04\/Custom-Leather-iPhone-case_1_4-800x800.jpg 800w, https:\/\/foxyscraft.com\/wp-content\/uploads\/2024\/04\/Custom-Leather-iPhone-case_1_4-1200x1200.jpg 1200w, https:\/\/foxyscraft.com\/wp-content\/uploads\/2024\/04\/Custom-Leather-iPhone-case_1_4-300x300.jpg 300w, https:\/\/foxyscraft.com\/wp-content\/uploads\/2024\/04\/Custom-Leather-iPhone-case_1_4-1024x1024.jpg 1024w, https:\/\/foxyscraft.com\/wp-content\/uploads\/2024\/04\/Custom-Leather-iPhone-case_1_4-150x150.jpg 150w, https:\/\/foxyscraft.com\/wp-content\/uploads\/2024\/04\/Custom-Leather-iPhone-case_1_4-768x768.jpg 768w, https:\/\/foxyscraft.com\/wp-content\/uploads\/2024\/04\/Custom-Leather-iPhone-case_1_4-1536x1536.jpg 1536w, https:\/\/foxyscraft.com\/wp-content\/uploads\/2024\/04\/Custom-Leather-iPhone-case_1_4-12x12.jpg 12w\" sizes=\"auto, (max-width: 2000px) 100vw, 2000px\" title=\"Personalized Leather iPhone 13 mini Case\" \/><\/a>\n\t\t\t<\/dt>\n\t\t\t\t<dd class='wp-caption-text gallery-caption' id='gallery-1-10314'>\n\t\t\t\tLeather iPhone Case\n\t\t\t\t<\/dd><\/dl><br style=\"clear: both\" \/>\n\t\t<\/div>\n\n<p>&nbsp;<\/p>\n<p><span style=\"color: #242424;\">Unveil the charm of uniqueness with this personalized iPhone 13 mini case, a blend of sophisticated style and natural aesthetics designed exclusively for the iPhone 13 mini. Crafted from Italian leather, each case boasts a unique texture, making your device not just an electronic gadget but a piece of art cradled in the palm of your hand.<\/span><\/p>\n<p><span style=\"color: #242424;\">Discover how our leather iPhone 13 mini case combines great looks, usefulness, and your own special style. It's perfect for anyone who likes to show off what makes them unique.<\/span><\/p>\n<p><span style=\"color: #242424;\">Looking for a thoughtful gift? The personalized iPhone 13 mini case is perfect. It\u2019s more than an accessory; it's a personal touch that conveys care and attention. Whether it\u2019s a significant date, a name, or a logo, the precision laser engraving captures the essence of the message you want to convey.<\/span><\/p>\n<p><span style=\"color: #242424;\">Foxy's Craft phone cases are made from Italian vegetable tanned leather, PC plastic, and TPU material, known for excellent resistance to wear, flexibility at low temperatures, and environmental friendliness.<br \/>\n<\/span><\/p>\n<p><span style=\"color: #242424;\"><strong>FEATURES<\/strong><\/span><\/p>\n<p><span style=\"color: #242424;\">\u2714 The top part of the case is made from Italian vegetable tanned leather;<\/span><br \/>\n<span style=\"color: #242424;\">\u2714 Precise laser cutting and engraving of the leather part;<\/span><br \/>\n<span style=\"color: #242424;\">\u2714 The sides of the case are made from well-cushioned TPU material, and the back is made from sturdy PC plastic;<\/span><br \/>\n<span style=\"color: #242424;\">\u2714 Covers the entire phone, both the back and the sides;<\/span><br \/>\n<span style=\"color: #242424;\">\u2714 Effectively absorbs impacts;<\/span><br \/>\n<span style=\"color: #242424;\">\u2714 Raised frame around the screen \u2013 guaranteed protection if the phone falls;<\/span><br \/>\n<span style=\"color: #242424;\">\u2714 Does not cover the phone's ports;<\/span><br \/>\n<span style=\"color: #242424;\">\u2714 Fits perfectly to the phone, minimizing the impact on the device's size;<\/span><br \/>\n<span style=\"color: #242424;\">\u2714 Compatible with standard wireless charging (QI);<\/span><br \/>\n<span style=\"color: #242424;\">\u2714 Slim and lightweight;<\/span><br \/>\n<span style=\"color: #242424;\">\u2714 Handcrafted in Europe.<\/span><\/p>\n<p><span style=\"color: #242424;\"><strong>*<\/strong>Due to the settings of your computer screen resolution or differences in lighting, the actual color of the leather may slightly vary from what is shown in the picture.<\/span><\/p>\n<p><span style=\"color: #242424;\"><strong>Note.<\/strong> After placing your order and payment finalization, the iPhone case is produced within 1-3 business days.<\/span><\/p>","protected":false},"excerpt":{"rendered":"<p><span style=\"color: #242424;\"><strong>NOTE!<\/strong> Possible leather colors: <strong>light brown, brown <\/strong>and<strong> black.<\/strong><\/span><\/p>","protected":false},"featured_media":10421,"template":"","meta":{"_acf_changed":false},"product_brand":[],"product_cat":[179],"product_tag":[],"class_list":{"0":"post-10438","1":"product","2":"type-product","3":"status-publish","4":"has-post-thumbnail","6":"product_cat-personalizuoti-iphone-deklai","8":"first","9":"instock","10":"purchasable","11":"product-type-simple"},"acf":[],"yoast_head":"<!-- This site is optimized with the Yoast SEO plugin v27.3 - https:\/\/yoast.com\/product\/yoast-seo-wordpress\/ -->\n<title>Personalizuotas odinis iPhone 13 mini d\u0117klas \u2013 FoxysCraft.com<\/title>\n<meta name=\"description\" content=\"Odinis iPhone 13 mini d\u0117klas su personalizacija. J\u016bs\u0173 asmenin\u0117 \u017einut\u0117 ar paveiksl\u0117lis ant d\u0117klo \u2013 ypatinga dovana brangiam \u017emogui. Nemokamas graviravimas!\" \/>\n<meta name=\"robots\" content=\"index, follow, max-snippet:-1, max-image-preview:large, max-video-preview:-1\" \/>\n<link rel=\"canonical\" href=\"https:\/\/foxyscraft.com\/en\/product\/personalized-leather-iphone-13-mini-case\/\" \/>\n<meta property=\"og:locale\" content=\"en_US\" \/>\n<meta property=\"og:type\" content=\"article\" \/>\n<meta property=\"og:title\" content=\"Personalizuotas odinis iPhone 13 mini d\u0117klas \u2013 FoxysCraft.com\" \/>\n<meta property=\"og:description\" content=\"Odinis iPhone 13 mini d\u0117klas su personalizacija. J\u016bs\u0173 asmenin\u0117 \u017einut\u0117 ar paveiksl\u0117lis ant d\u0117klo \u2013 ypatinga dovana brangiam \u017emogui. Nemokamas graviravimas!\" \/>\n<meta property=\"og:url\" content=\"https:\/\/foxyscraft.com\/en\/product\/personalized-leather-iphone-13-mini-case\/\" \/>\n<meta property=\"og:site_name\" content=\"FoxysCraft\" \/>\n<meta property=\"article:publisher\" content=\"https:\/\/www.facebook.com\/FoxysCraftLT\" \/>\n<meta property=\"article:modified_time\" content=\"2024-04-16T16:06:32+00:00\" \/>\n<meta property=\"og:image\" content=\"https:\/\/foxyscraft.com\/wp-content\/uploads\/2024\/04\/iPhone-13-mini-Odinis_Tavo-dizainas.png\" \/>\n\t<meta property=\"og:image:width\" content=\"1500\" \/>\n\t<meta property=\"og:image:height\" content=\"1500\" \/>\n\t<meta property=\"og:image:type\" content=\"image\/png\" \/>\n<meta name=\"twitter:card\" content=\"summary_large_image\" \/>\n<meta name=\"twitter:label1\" content=\"Est. reading time\" \/>\n\t<meta name=\"twitter:data1\" content=\"2 minutes\" \/>\n<script type=\"application\/ld+json\" class=\"yoast-schema-graph\">{\"@context\":\"https:\\\/\\\/schema.org\",\"@graph\":[{\"@type\":\"WebPage\",\"@id\":\"https:\\\/\\\/foxyscraft.com\\\/produktas\\\/personalizuotas-odinis-iphone-13-mini-deklas\\\/\",\"url\":\"https:\\\/\\\/foxyscraft.com\\\/produktas\\\/personalizuotas-odinis-iphone-13-mini-deklas\\\/\",\"name\":\"Personalizuotas odinis iPhone 13 mini d\u0117klas \u2013 FoxysCraft.com\",\"isPartOf\":{\"@id\":\"https:\\\/\\\/foxyscraft.com\\\/#website\"},\"primaryImageOfPage\":{\"@id\":\"https:\\\/\\\/foxyscraft.com\\\/produktas\\\/personalizuotas-odinis-iphone-13-mini-deklas\\\/#primaryimage\"},\"image\":{\"@id\":\"https:\\\/\\\/foxyscraft.com\\\/produktas\\\/personalizuotas-odinis-iphone-13-mini-deklas\\\/#primaryimage\"},\"thumbnailUrl\":\"https:\\\/\\\/foxyscraft.com\\\/wp-content\\\/uploads\\\/2024\\\/04\\\/iPhone-13-mini-Odinis_Tavo-dizainas.png\",\"datePublished\":\"2024-04-16T15:59:48+00:00\",\"dateModified\":\"2024-04-16T16:06:32+00:00\",\"description\":\"Odinis iPhone 13 mini d\u0117klas su personalizacija. J\u016bs\u0173 asmenin\u0117 \u017einut\u0117 ar paveiksl\u0117lis ant d\u0117klo \u2013 ypatinga dovana brangiam \u017emogui. Nemokamas graviravimas!\",\"breadcrumb\":{\"@id\":\"https:\\\/\\\/foxyscraft.com\\\/produktas\\\/personalizuotas-odinis-iphone-13-mini-deklas\\\/#breadcrumb\"},\"inLanguage\":\"en-US\",\"potentialAction\":[{\"@type\":\"ReadAction\",\"target\":[\"https:\\\/\\\/foxyscraft.com\\\/produktas\\\/personalizuotas-odinis-iphone-13-mini-deklas\\\/\"]}]},{\"@type\":\"ImageObject\",\"inLanguage\":\"en-US\",\"@id\":\"https:\\\/\\\/foxyscraft.com\\\/produktas\\\/personalizuotas-odinis-iphone-13-mini-deklas\\\/#primaryimage\",\"url\":\"https:\\\/\\\/foxyscraft.com\\\/wp-content\\\/uploads\\\/2024\\\/04\\\/iPhone-13-mini-Odinis_Tavo-dizainas.png\",\"contentUrl\":\"https:\\\/\\\/foxyscraft.com\\\/wp-content\\\/uploads\\\/2024\\\/04\\\/iPhone-13-mini-Odinis_Tavo-dizainas.png\",\"width\":1500,\"height\":1500,\"caption\":\"Personalizuotas odinis iPhone 13 mini d\u0117klas\"},{\"@type\":\"BreadcrumbList\",\"@id\":\"https:\\\/\\\/foxyscraft.com\\\/produktas\\\/personalizuotas-odinis-iphone-13-mini-deklas\\\/#breadcrumb\",\"itemListElement\":[{\"@type\":\"ListItem\",\"position\":1,\"name\":\"Home\",\"item\":\"https:\\\/\\\/foxyscraft.com\\\/\"},{\"@type\":\"ListItem\",\"position\":2,\"name\":\"Parduotuv\u0117\",\"item\":\"https:\\\/\\\/foxyscraft.com\\\/parduotuve\\\/\"},{\"@type\":\"ListItem\",\"position\":3,\"name\":\"Personalizuotas odinis iPhone 13 mini d\u0117klas\"}]},{\"@type\":\"WebSite\",\"@id\":\"https:\\\/\\\/foxyscraft.com\\\/#website\",\"url\":\"https:\\\/\\\/foxyscraft.com\\\/\",\"name\":\"FoxysCraft\",\"description\":\"Personalizuoti rank\u0173 darbo aksesuarai sukurti Lietuvoje. iPhone d\u0117klai, odin\u0117s apyrank\u0117s, rakt\u0173 pakabukai ir pinigin\u0117s. Puikios dovan\u0173 id\u0117jos!\",\"publisher\":{\"@id\":\"https:\\\/\\\/foxyscraft.com\\\/#organization\"},\"potentialAction\":[{\"@type\":\"SearchAction\",\"target\":{\"@type\":\"EntryPoint\",\"urlTemplate\":\"https:\\\/\\\/foxyscraft.com\\\/?s={search_term_string}\"},\"query-input\":{\"@type\":\"PropertyValueSpecification\",\"valueRequired\":true,\"valueName\":\"search_term_string\"}}],\"inLanguage\":\"en-US\"},{\"@type\":\"Organization\",\"@id\":\"https:\\\/\\\/foxyscraft.com\\\/#organization\",\"name\":\"FoxysCraft\",\"url\":\"https:\\\/\\\/foxyscraft.com\\\/\",\"logo\":{\"@type\":\"ImageObject\",\"inLanguage\":\"en-US\",\"@id\":\"https:\\\/\\\/foxyscraft.com\\\/#\\\/schema\\\/logo\\\/image\\\/\",\"url\":\"http:\\\/\\\/foxyscraft.com\\\/wp-content\\\/uploads\\\/2023\\\/06\\\/FoxysCraft-Logo.svg\",\"contentUrl\":\"http:\\\/\\\/foxyscraft.com\\\/wp-content\\\/uploads\\\/2023\\\/06\\\/FoxysCraft-Logo.svg\",\"width\":5906,\"height\":3163,\"caption\":\"FoxysCraft\"},\"image\":{\"@id\":\"https:\\\/\\\/foxyscraft.com\\\/#\\\/schema\\\/logo\\\/image\\\/\"},\"sameAs\":[\"https:\\\/\\\/www.facebook.com\\\/FoxysCraftLT\",\"https:\\\/\\\/www.instagram.com\\\/foxyscraftcom\\\/\"]}]}<\/script>\n<!-- \/ Yoast SEO plugin. -->","yoast_head_json":{"title":"Personalizuotas odinis iPhone 13 mini d\u0117klas \u2013 FoxysCraft.com","description":"Odinis iPhone 13 mini d\u0117klas su personalizacija. J\u016bs\u0173 asmenin\u0117 \u017einut\u0117 ar paveiksl\u0117lis ant d\u0117klo \u2013 ypatinga dovana brangiam \u017emogui. Nemokamas graviravimas!","robots":{"index":"index","follow":"follow","max-snippet":"max-snippet:-1","max-image-preview":"max-image-preview:large","max-video-preview":"max-video-preview:-1"},"canonical":"https:\/\/foxyscraft.com\/en\/product\/personalized-leather-iphone-13-mini-case\/","og_locale":"en_US","og_type":"article","og_title":"Personalizuotas odinis iPhone 13 mini d\u0117klas \u2013 FoxysCraft.com","og_description":"Odinis iPhone 13 mini d\u0117klas su personalizacija. J\u016bs\u0173 asmenin\u0117 \u017einut\u0117 ar paveiksl\u0117lis ant d\u0117klo \u2013 ypatinga dovana brangiam \u017emogui. Nemokamas graviravimas!","og_url":"https:\/\/foxyscraft.com\/en\/product\/personalized-leather-iphone-13-mini-case\/","og_site_name":"FoxysCraft","article_publisher":"https:\/\/www.facebook.com\/FoxysCraftLT","article_modified_time":"2024-04-16T16:06:32+00:00","og_image":[{"width":1500,"height":1500,"url":"https:\/\/foxyscraft.com\/wp-content\/uploads\/2024\/04\/iPhone-13-mini-Odinis_Tavo-dizainas.png","type":"image\/png"}],"twitter_card":"summary_large_image","twitter_misc":{"Est. reading time":"2 minutes"},"schema":{"@context":"https:\/\/schema.org","@graph":[{"@type":"WebPage","@id":"https:\/\/foxyscraft.com\/produktas\/personalizuotas-odinis-iphone-13-mini-deklas\/","url":"https:\/\/foxyscraft.com\/produktas\/personalizuotas-odinis-iphone-13-mini-deklas\/","name":"Personalizuotas odinis iPhone 13 mini d\u0117klas \u2013 FoxysCraft.com","isPartOf":{"@id":"https:\/\/foxyscraft.com\/#website"},"primaryImageOfPage":{"@id":"https:\/\/foxyscraft.com\/produktas\/personalizuotas-odinis-iphone-13-mini-deklas\/#primaryimage"},"image":{"@id":"https:\/\/foxyscraft.com\/produktas\/personalizuotas-odinis-iphone-13-mini-deklas\/#primaryimage"},"thumbnailUrl":"https:\/\/foxyscraft.com\/wp-content\/uploads\/2024\/04\/iPhone-13-mini-Odinis_Tavo-dizainas.png","datePublished":"2024-04-16T15:59:48+00:00","dateModified":"2024-04-16T16:06:32+00:00","description":"Odinis iPhone 13 mini d\u0117klas su personalizacija. J\u016bs\u0173 asmenin\u0117 \u017einut\u0117 ar paveiksl\u0117lis ant d\u0117klo \u2013 ypatinga dovana brangiam \u017emogui. Nemokamas graviravimas!","breadcrumb":{"@id":"https:\/\/foxyscraft.com\/produktas\/personalizuotas-odinis-iphone-13-mini-deklas\/#breadcrumb"},"inLanguage":"en-US","potentialAction":[{"@type":"ReadAction","target":["https:\/\/foxyscraft.com\/produktas\/personalizuotas-odinis-iphone-13-mini-deklas\/"]}]},{"@type":"ImageObject","inLanguage":"en-US","@id":"https:\/\/foxyscraft.com\/produktas\/personalizuotas-odinis-iphone-13-mini-deklas\/#primaryimage","url":"https:\/\/foxyscraft.com\/wp-content\/uploads\/2024\/04\/iPhone-13-mini-Odinis_Tavo-dizainas.png","contentUrl":"https:\/\/foxyscraft.com\/wp-content\/uploads\/2024\/04\/iPhone-13-mini-Odinis_Tavo-dizainas.png","width":1500,"height":1500,"caption":"Personalizuotas odinis iPhone 13 mini d\u0117klas"},{"@type":"BreadcrumbList","@id":"https:\/\/foxyscraft.com\/produktas\/personalizuotas-odinis-iphone-13-mini-deklas\/#breadcrumb","itemListElement":[{"@type":"ListItem","position":1,"name":"Home","item":"https:\/\/foxyscraft.com\/"},{"@type":"ListItem","position":2,"name":"Parduotuv\u0117","item":"https:\/\/foxyscraft.com\/parduotuve\/"},{"@type":"ListItem","position":3,"name":"Personalizuotas odinis iPhone 13 mini d\u0117klas"}]},{"@type":"WebSite","@id":"https:\/\/foxyscraft.com\/#website","url":"https:\/\/foxyscraft.com\/","name":"FoxysCraft","description":"Personalized handmade accessories created with love. iPhone cases, minimalist wallets, leather bracelets, and keychains. Perfect gift ideas!","publisher":{"@id":"https:\/\/foxyscraft.com\/#organization"},"potentialAction":[{"@type":"SearchAction","target":{"@type":"EntryPoint","urlTemplate":"https:\/\/foxyscraft.com\/?s={search_term_string}"},"query-input":{"@type":"PropertyValueSpecification","valueRequired":true,"valueName":"search_term_string"}}],"inLanguage":"en-US"},{"@type":"Organization","@id":"https:\/\/foxyscraft.com\/#organization","name":"FoxysCraft","url":"https:\/\/foxyscraft.com\/","logo":{"@type":"ImageObject","inLanguage":"en-US","@id":"https:\/\/foxyscraft.com\/#\/schema\/logo\/image\/","url":"http:\/\/foxyscraft.com\/wp-content\/uploads\/2023\/06\/FoxysCraft-Logo.svg","contentUrl":"http:\/\/foxyscraft.com\/wp-content\/uploads\/2023\/06\/FoxysCraft-Logo.svg","width":5906,"height":3163,"caption":"FoxysCraft"},"image":{"@id":"https:\/\/foxyscraft.com\/#\/schema\/logo\/image\/"},"sameAs":["https:\/\/www.facebook.com\/FoxysCraftLT","https:\/\/www.instagram.com\/foxyscraftcom\/"]}]}},"_links":{"self":[{"href":"https:\/\/foxyscraft.com\/en\/wp-json\/wp\/v2\/product\/10438","targetHints":{"allow":["GET"]}}],"collection":[{"href":"https:\/\/foxyscraft.com\/en\/wp-json\/wp\/v2\/product"}],"about":[{"href":"https:\/\/foxyscraft.com\/en\/wp-json\/wp\/v2\/types\/product"}],"wp:featuredmedia":[{"embeddable":true,"href":"https:\/\/foxyscraft.com\/en\/wp-json\/wp\/v2\/media\/10421"}],"wp:attachment":[{"href":"https:\/\/foxyscraft.com\/en\/wp-json\/wp\/v2\/media?parent=10438"}],"wp:term":[{"taxonomy":"product_brand","embeddable":true,"href":"https:\/\/foxyscraft.com\/en\/wp-json\/wp\/v2\/product_brand?post=10438"},{"taxonomy":"product_cat","embeddable":true,"href":"https:\/\/foxyscraft.com\/en\/wp-json\/wp\/v2\/product_cat?post=10438"},{"taxonomy":"product_tag","embeddable":true,"href":"https:\/\/foxyscraft.com\/en\/wp-json\/wp\/v2\/product_tag?post=10438"}],"curies":[{"name":"wp","href":"https:\/\/api.w.org\/{rel}","templated":true}]}}