{"id":10587,"date":"2024-05-01T16:12:21","date_gmt":"2024-05-01T16:12:21","guid":{"rendered":"https:\/\/foxyscraft.com\/?post_type=product&#038;p=10587"},"modified":"2024-05-01T16:15:57","modified_gmt":"2024-05-01T16:15:57","slug":"dramblys-odinis-iphone-deklas-tinka-iphone-16-15-14-13-12-11-se-8-7-mini-plus-pro-max","status":"publish","type":"product","link":"https:\/\/foxyscraft.com\/en\/product\/elephant-leather-iphone-case-phone-case-for-iphone-16-15-14-13-12-11-se-8-7-mini-plus-pro-max\/","title":{"rendered":"Elephant Leather iPhone Case. Phone Case For iPhone 15 14 13 12 11 Se 8 7 Mini Plus Pro Max"},"content":{"rendered":"<p><span style=\"color: #242424;\">Leather iPhone Case \u2013 Elephant.<\/span><br \/>\n<span style=\"color: #242424;\">Compatible with iPhone 15, 14, 13, 12, 11, 8, 7, SE series phones.<\/span><br \/>\n<span style=\"color: #242424;\">Foxy's Craft phone cases are made from Italian leather, PC plastic, and TPU material, known for excellent resistance to wear, flexibility at low temperatures, and environmental friendliness.<\/span><br \/>\n<span style=\"color: #242424;\">Foxy's iPhone case will securely protect your phone from scratches and soften  if it falls to the ground.  With this case, your phone will look original, modern, and simultaneously luxurious.<\/span><br \/>\n<span style=\"color: #242424;\">Available colors of leather part: <strong>light brown, brown <\/strong>and<strong> black<\/strong>.<\/span><\/p>\n<p><span style=\"color: #242424;\"><strong>About leather.<\/strong> \"Vera Pelle\" is a quality mark that guarantees the highest standards of vegetable tanning. Hand processed by Italian tanners in Tuscany region this leather stands out for its natural and authentic qualities.\nNo chemicals are used in the tanning process, only vegetable oils and natural remedies from nature. Over time, this leather ages beautifully, developing a rich patina and boasting a wonderful classic leather scent.<\/span><\/p>\n<p><span style=\"color: #242424;\"><strong>FEATURES<\/strong><\/span><\/p>\n<p><span style=\"color: #242424;\">\u2714 The top part of the case is made from Italian vegetable tanned leather;<\/span><br \/>\n<span style=\"color: #242424;\">\u2714 Precise laser cutting and engraving of the leather part;<\/span><br \/>\n<span style=\"color: #242424;\">\u2714 The sides of the case are made from well-cushioned TPU material, and the back is made from sturdy PC plastic;<\/span><br \/>\n<span style=\"color: #242424;\">\u2714 Covers the entire phone, both the back and the sides;<\/span><br \/>\n<span style=\"color: #242424;\">\u2714 Effectively absorbs impacts;<\/span><br \/>\n<span style=\"color: #242424;\">\u2714 Raised frame around the screen \u2013 guaranteed protection if the phone falls;<\/span><br \/>\n<span style=\"color: #242424;\">\u2714 Does not cover the phone's ports;<\/span><br \/>\n<span style=\"color: #242424;\">\u2714 Fits perfectly to the phone, minimizing the impact on the device's size;<\/span><br \/>\n<span style=\"color: #242424;\">\u2714 Compatible with standard wireless charging (QI);<\/span><br \/>\n<span style=\"color: #242424;\">\u2714 Slim and lightweight;<\/span><br \/>\n<span style=\"color: #242424;\">\u2714 Handcrafted in Europe.<\/span><\/p>\n<p><span style=\"color: #242424;\"><strong>*<\/strong>The leather color may slightly differ from what is shown in the picture.<\/span><\/p>\n<p><span style=\"color: #242424;\"><strong>Note.<\/strong> After placing your order and payment finalization, the iPhone case is produced within 1-3 business days.<\/span><\/p>","protected":false},"excerpt":{"rendered":"<p>Odinis iPhone telefono d\u0117klas \u2013 Dramblys. Tinka iPhone 15, 14, 13, 12, 11, 8, 7, SE serijos telefonams. Foxy&#8217;s Craft<\/p>","protected":false},"featured_media":10591,"template":"","meta":{"_acf_changed":false},"product_brand":[],"product_cat":[86,153],"product_tag":[],"class_list":{"0":"post-10587","1":"product","2":"type-product","3":"status-publish","4":"has-post-thumbnail","6":"product_cat-apple-iphone-telefonu-deklai","7":"product_cat-odiniai-iphone-deklai","9":"first","10":"instock","11":"purchasable","12":"product-type-variable"},"acf":[],"yoast_head":"<!-- This site is optimized with the Yoast SEO plugin v27.2 - https:\/\/yoast.com\/product\/yoast-seo-wordpress\/ -->\n<title>Dramblys odinis iPhone d\u0117klas \u2013 FoxysCraft<\/title>\n<meta name=\"description\" content=\"Dramblys odinis iPhone d\u0117klas. Tinka iPhone 15 14 13 12 11 SE 8 7 Mini Plus Pro Max telefonams. Itali\u0161ka augalinio rauginimo oda. Gerai sugeria sm\u016bgius!\" \/>\n<meta name=\"robots\" content=\"index, follow, max-snippet:-1, max-image-preview:large, max-video-preview:-1\" \/>\n<link rel=\"canonical\" href=\"https:\/\/foxyscraft.com\/en\/product\/elephant-leather-iphone-case-phone-case-for-iphone-16-15-14-13-12-11-se-8-7-mini-plus-pro-max\/\" \/>\n<meta property=\"og:locale\" content=\"en_US\" \/>\n<meta property=\"og:type\" content=\"article\" \/>\n<meta property=\"og:title\" content=\"Dramblys odinis iPhone d\u0117klas \u2013 FoxysCraft\" \/>\n<meta property=\"og:description\" content=\"Dramblys odinis iPhone d\u0117klas. Tinka iPhone 15 14 13 12 11 SE 8 7 Mini Plus Pro Max telefonams. Itali\u0161ka augalinio rauginimo oda. Gerai sugeria sm\u016bgius!\" \/>\n<meta property=\"og:url\" content=\"https:\/\/foxyscraft.com\/en\/product\/elephant-leather-iphone-case-phone-case-for-iphone-16-15-14-13-12-11-se-8-7-mini-plus-pro-max\/\" \/>\n<meta property=\"og:site_name\" content=\"FoxysCraft\" \/>\n<meta property=\"article:publisher\" content=\"https:\/\/www.facebook.com\/FoxysCraftLT\" \/>\n<meta property=\"article:modified_time\" content=\"2024-05-01T16:15:57+00:00\" \/>\n<meta property=\"og:image\" content=\"https:\/\/foxyscraft.com\/wp-content\/uploads\/2024\/05\/Leather-iPhone-case_14.jpg\" \/>\n\t<meta property=\"og:image:width\" content=\"2000\" \/>\n\t<meta property=\"og:image:height\" content=\"2000\" \/>\n\t<meta property=\"og:image:type\" content=\"image\/jpeg\" \/>\n<meta name=\"twitter:card\" content=\"summary_large_image\" \/>\n<meta name=\"twitter:label1\" content=\"Est. reading time\" \/>\n\t<meta name=\"twitter:data1\" content=\"2 minutes\" \/>\n<script type=\"application\/ld+json\" class=\"yoast-schema-graph\">{\"@context\":\"https:\/\/schema.org\",\"@graph\":[{\"@type\":\"WebPage\",\"@id\":\"https:\/\/foxyscraft.com\/produktas\/dramblys-odinis-iphone-deklas-tinka-iphone-16-15-14-13-12-11-se-8-7-mini-plus-pro-max\/\",\"url\":\"https:\/\/foxyscraft.com\/produktas\/dramblys-odinis-iphone-deklas-tinka-iphone-16-15-14-13-12-11-se-8-7-mini-plus-pro-max\/\",\"name\":\"Dramblys odinis iPhone d\u0117klas \u2013 FoxysCraft\",\"isPartOf\":{\"@id\":\"https:\/\/foxyscraft.com\/#website\"},\"primaryImageOfPage\":{\"@id\":\"https:\/\/foxyscraft.com\/produktas\/dramblys-odinis-iphone-deklas-tinka-iphone-16-15-14-13-12-11-se-8-7-mini-plus-pro-max\/#primaryimage\"},\"image\":{\"@id\":\"https:\/\/foxyscraft.com\/produktas\/dramblys-odinis-iphone-deklas-tinka-iphone-16-15-14-13-12-11-se-8-7-mini-plus-pro-max\/#primaryimage\"},\"thumbnailUrl\":\"https:\/\/foxyscraft.com\/wp-content\/uploads\/2024\/05\/Leather-iPhone-case_14.jpg\",\"datePublished\":\"2024-05-01T16:12:21+00:00\",\"dateModified\":\"2024-05-01T16:15:57+00:00\",\"description\":\"Dramblys odinis iPhone d\u0117klas. Tinka iPhone 15 14 13 12 11 SE 8 7 Mini Plus Pro Max telefonams. Itali\u0161ka augalinio rauginimo oda. Gerai sugeria sm\u016bgius!\",\"breadcrumb\":{\"@id\":\"https:\/\/foxyscraft.com\/produktas\/dramblys-odinis-iphone-deklas-tinka-iphone-16-15-14-13-12-11-se-8-7-mini-plus-pro-max\/#breadcrumb\"},\"inLanguage\":\"en-US\",\"potentialAction\":[{\"@type\":\"ReadAction\",\"target\":[\"https:\/\/foxyscraft.com\/produktas\/dramblys-odinis-iphone-deklas-tinka-iphone-16-15-14-13-12-11-se-8-7-mini-plus-pro-max\/\"]}]},{\"@type\":\"ImageObject\",\"inLanguage\":\"en-US\",\"@id\":\"https:\/\/foxyscraft.com\/produktas\/dramblys-odinis-iphone-deklas-tinka-iphone-16-15-14-13-12-11-se-8-7-mini-plus-pro-max\/#primaryimage\",\"url\":\"https:\/\/foxyscraft.com\/wp-content\/uploads\/2024\/05\/Leather-iPhone-case_14.jpg\",\"contentUrl\":\"https:\/\/foxyscraft.com\/wp-content\/uploads\/2024\/05\/Leather-iPhone-case_14.jpg\",\"width\":2000,\"height\":2000,\"caption\":\"Elephant Leather iPhone Case\"},{\"@type\":\"BreadcrumbList\",\"@id\":\"https:\/\/foxyscraft.com\/produktas\/dramblys-odinis-iphone-deklas-tinka-iphone-16-15-14-13-12-11-se-8-7-mini-plus-pro-max\/#breadcrumb\",\"itemListElement\":[{\"@type\":\"ListItem\",\"position\":1,\"name\":\"Home\",\"item\":\"https:\/\/foxyscraft.com\/\"},{\"@type\":\"ListItem\",\"position\":2,\"name\":\"Parduotuv\u0117\",\"item\":\"https:\/\/foxyscraft.com\/parduotuve\/\"},{\"@type\":\"ListItem\",\"position\":3,\"name\":\"Dramblys odinis iPhone d\u0117klas. Tinka iPhone 15 14 13 12 11 SE 8 7 Mini Plus Pro Max\"}]},{\"@type\":\"WebSite\",\"@id\":\"https:\/\/foxyscraft.com\/#website\",\"url\":\"https:\/\/foxyscraft.com\/\",\"name\":\"FoxysCraft\",\"description\":\"Personalizuoti rank\u0173 darbo aksesuarai sukurti Lietuvoje. iPhone d\u0117klai, odin\u0117s apyrank\u0117s, rakt\u0173 pakabukai ir pinigin\u0117s. Puikios dovan\u0173 id\u0117jos!\",\"publisher\":{\"@id\":\"https:\/\/foxyscraft.com\/#organization\"},\"potentialAction\":[{\"@type\":\"SearchAction\",\"target\":{\"@type\":\"EntryPoint\",\"urlTemplate\":\"https:\/\/foxyscraft.com\/?s={search_term_string}\"},\"query-input\":{\"@type\":\"PropertyValueSpecification\",\"valueRequired\":true,\"valueName\":\"search_term_string\"}}],\"inLanguage\":\"en-US\"},{\"@type\":\"Organization\",\"@id\":\"https:\/\/foxyscraft.com\/#organization\",\"name\":\"FoxysCraft\",\"url\":\"https:\/\/foxyscraft.com\/\",\"logo\":{\"@type\":\"ImageObject\",\"inLanguage\":\"en-US\",\"@id\":\"https:\/\/foxyscraft.com\/#\/schema\/logo\/image\/\",\"url\":\"http:\/\/foxyscraft.com\/wp-content\/uploads\/2023\/06\/FoxysCraft-Logo.svg\",\"contentUrl\":\"http:\/\/foxyscraft.com\/wp-content\/uploads\/2023\/06\/FoxysCraft-Logo.svg\",\"width\":5906,\"height\":3163,\"caption\":\"FoxysCraft\"},\"image\":{\"@id\":\"https:\/\/foxyscraft.com\/#\/schema\/logo\/image\/\"},\"sameAs\":[\"https:\/\/www.facebook.com\/FoxysCraftLT\",\"https:\/\/www.instagram.com\/foxyscraftcom\/\"]}]}<\/script>\n<!-- \/ Yoast SEO plugin. -->","yoast_head_json":{"title":"Elephant Leather iPhone Case \u2013 FoxysCraft","description":"Elephant leather iPhone case made from Italian leather, PC plastic, and TPU material. Fits iPhone 15 14 13 12 11 SE Mini Plus Pro Max. Worldwide shipping!","robots":{"index":"index","follow":"follow","max-snippet":"max-snippet:-1","max-image-preview":"max-image-preview:large","max-video-preview":"max-video-preview:-1"},"canonical":"https:\/\/foxyscraft.com\/en\/product\/elephant-leather-iphone-case-phone-case-for-iphone-16-15-14-13-12-11-se-8-7-mini-plus-pro-max\/","og_locale":"en_US","og_type":"article","og_title":"Dramblys odinis iPhone d\u0117klas \u2013 FoxysCraft","og_description":"Dramblys odinis iPhone d\u0117klas. Tinka iPhone 15 14 13 12 11 SE 8 7 Mini Plus Pro Max telefonams. Itali\u0161ka augalinio rauginimo oda. Gerai sugeria sm\u016bgius!","og_url":"https:\/\/foxyscraft.com\/en\/product\/elephant-leather-iphone-case-phone-case-for-iphone-16-15-14-13-12-11-se-8-7-mini-plus-pro-max\/","og_site_name":"FoxysCraft","article_publisher":"https:\/\/www.facebook.com\/FoxysCraftLT","article_modified_time":"2024-05-01T16:15:57+00:00","og_image":[{"width":2000,"height":2000,"url":"https:\/\/foxyscraft.com\/wp-content\/uploads\/2024\/05\/Leather-iPhone-case_14.jpg","type":"image\/jpeg"}],"twitter_card":"summary_large_image","twitter_misc":{"Est. reading time":"2 minutes"},"schema":{"@context":"https:\/\/schema.org","@graph":[{"@type":"WebPage","@id":"https:\/\/foxyscraft.com\/produktas\/dramblys-odinis-iphone-deklas-tinka-iphone-16-15-14-13-12-11-se-8-7-mini-plus-pro-max\/","url":"https:\/\/foxyscraft.com\/produktas\/dramblys-odinis-iphone-deklas-tinka-iphone-16-15-14-13-12-11-se-8-7-mini-plus-pro-max\/","name":"Elephant Leather iPhone Case \u2013 FoxysCraft","isPartOf":{"@id":"https:\/\/foxyscraft.com\/#website"},"primaryImageOfPage":{"@id":"https:\/\/foxyscraft.com\/produktas\/dramblys-odinis-iphone-deklas-tinka-iphone-16-15-14-13-12-11-se-8-7-mini-plus-pro-max\/#primaryimage"},"image":{"@id":"https:\/\/foxyscraft.com\/produktas\/dramblys-odinis-iphone-deklas-tinka-iphone-16-15-14-13-12-11-se-8-7-mini-plus-pro-max\/#primaryimage"},"thumbnailUrl":"https:\/\/foxyscraft.com\/wp-content\/uploads\/2024\/05\/Leather-iPhone-case_14.jpg","datePublished":"2024-05-01T16:12:21+00:00","dateModified":"2024-05-01T16:15:57+00:00","description":"Elephant leather iPhone case made from Italian leather, PC plastic, and TPU material. Fits iPhone 15 14 13 12 11 SE Mini Plus Pro Max. Worldwide shipping!","breadcrumb":{"@id":"https:\/\/foxyscraft.com\/produktas\/dramblys-odinis-iphone-deklas-tinka-iphone-16-15-14-13-12-11-se-8-7-mini-plus-pro-max\/#breadcrumb"},"inLanguage":"en-US","potentialAction":[{"@type":"ReadAction","target":["https:\/\/foxyscraft.com\/produktas\/dramblys-odinis-iphone-deklas-tinka-iphone-16-15-14-13-12-11-se-8-7-mini-plus-pro-max\/"]}]},{"@type":"ImageObject","inLanguage":"en-US","@id":"https:\/\/foxyscraft.com\/produktas\/dramblys-odinis-iphone-deklas-tinka-iphone-16-15-14-13-12-11-se-8-7-mini-plus-pro-max\/#primaryimage","url":"https:\/\/foxyscraft.com\/wp-content\/uploads\/2024\/05\/Leather-iPhone-case_14.jpg","contentUrl":"https:\/\/foxyscraft.com\/wp-content\/uploads\/2024\/05\/Leather-iPhone-case_14.jpg","width":2000,"height":2000,"caption":"Elephant Leather iPhone Case"},{"@type":"BreadcrumbList","@id":"https:\/\/foxyscraft.com\/produktas\/dramblys-odinis-iphone-deklas-tinka-iphone-16-15-14-13-12-11-se-8-7-mini-plus-pro-max\/#breadcrumb","itemListElement":[{"@type":"ListItem","position":1,"name":"Home","item":"https:\/\/foxyscraft.com\/"},{"@type":"ListItem","position":2,"name":"Parduotuv\u0117","item":"https:\/\/foxyscraft.com\/parduotuve\/"},{"@type":"ListItem","position":3,"name":"Dramblys odinis iPhone d\u0117klas. Tinka iPhone 15 14 13 12 11 SE 8 7 Mini Plus Pro Max"}]},{"@type":"WebSite","@id":"https:\/\/foxyscraft.com\/#website","url":"https:\/\/foxyscraft.com\/","name":"FoxysCraft","description":"Personalized handmade accessories created with love. iPhone cases, minimalist wallets, leather bracelets, and keychains. Perfect gift ideas!","publisher":{"@id":"https:\/\/foxyscraft.com\/#organization"},"potentialAction":[{"@type":"SearchAction","target":{"@type":"EntryPoint","urlTemplate":"https:\/\/foxyscraft.com\/?s={search_term_string}"},"query-input":{"@type":"PropertyValueSpecification","valueRequired":true,"valueName":"search_term_string"}}],"inLanguage":"en-US"},{"@type":"Organization","@id":"https:\/\/foxyscraft.com\/#organization","name":"FoxysCraft","url":"https:\/\/foxyscraft.com\/","logo":{"@type":"ImageObject","inLanguage":"en-US","@id":"https:\/\/foxyscraft.com\/#\/schema\/logo\/image\/","url":"http:\/\/foxyscraft.com\/wp-content\/uploads\/2023\/06\/FoxysCraft-Logo.svg","contentUrl":"http:\/\/foxyscraft.com\/wp-content\/uploads\/2023\/06\/FoxysCraft-Logo.svg","width":5906,"height":3163,"caption":"FoxysCraft"},"image":{"@id":"https:\/\/foxyscraft.com\/#\/schema\/logo\/image\/"},"sameAs":["https:\/\/www.facebook.com\/FoxysCraftLT","https:\/\/www.instagram.com\/foxyscraftcom\/"]}]}},"_links":{"self":[{"href":"https:\/\/foxyscraft.com\/en\/wp-json\/wp\/v2\/product\/10587","targetHints":{"allow":["GET"]}}],"collection":[{"href":"https:\/\/foxyscraft.com\/en\/wp-json\/wp\/v2\/product"}],"about":[{"href":"https:\/\/foxyscraft.com\/en\/wp-json\/wp\/v2\/types\/product"}],"wp:featuredmedia":[{"embeddable":true,"href":"https:\/\/foxyscraft.com\/en\/wp-json\/wp\/v2\/media\/10591"}],"wp:attachment":[{"href":"https:\/\/foxyscraft.com\/en\/wp-json\/wp\/v2\/media?parent=10587"}],"wp:term":[{"taxonomy":"product_brand","embeddable":true,"href":"https:\/\/foxyscraft.com\/en\/wp-json\/wp\/v2\/product_brand?post=10587"},{"taxonomy":"product_cat","embeddable":true,"href":"https:\/\/foxyscraft.com\/en\/wp-json\/wp\/v2\/product_cat?post=10587"},{"taxonomy":"product_tag","embeddable":true,"href":"https:\/\/foxyscraft.com\/en\/wp-json\/wp\/v2\/product_tag?post=10587"}],"curies":[{"name":"wp","href":"https:\/\/api.w.org\/{rel}","templated":true}]}}