{"id":11005,"date":"2024-08-21T13:06:09","date_gmt":"2024-08-21T13:06:09","guid":{"rendered":"https:\/\/foxyscraft.com\/?post_type=product&#038;p=11005"},"modified":"2024-11-10T17:44:21","modified_gmt":"2024-11-10T17:44:21","slug":"minimalistine-odine-pinigine-origami","status":"publish","type":"product","link":"https:\/\/foxyscraft.com\/en\/product\/minimalist-leather-wallet-origami\/","title":{"rendered":"Minimalist leather wallet Origami"},"content":{"rendered":"<p><span style=\"color: #2f2f2f;\">Handcrafted minimalist leather wallet Origami for cards, coins and cash.<\/span><\/p>\n<p><span style=\"color: #2f2f2f;\">Small, practical and stylish \u2013 a perfect gift for both men and women!<\/span><\/p>\n<p><span style=\"color: #2f2f2f;\">\u2713 The front compartment holds 2 to 3 main plastic cards.<\/span><br \/>\n<span style=\"color: #2f2f2f;\">\u2713 Two inner compartments hold 8 to 10 plastic cards, folded banknotes and coins.<\/span><br \/>\n<span style=\"color: #2f2f2f;\">\u2713 Closes with three snap buttons. No seams and no glue is used to make this wallet.<\/span><br \/>\n<span style=\"color: #2f2f2f;\">\u2713 Small enough in size to easily fit into your pocket.<\/span><\/p>\n<p><span style=\"color: #2f2f2f;\">The wallet is made of durable Italian vegetable tanned leather, which reveals even more beauty over time and stays unique. The skin is firm, so the product retains its shape.<\/span><\/p>\n<p><span style=\"color: #2f2f2f;\"><strong>Personalization.<\/strong> This is a perfect gift for someone who appreciates quality handicraft. You can choose to engrave special text, initials, date or image which will make your wallet unique.<\/span><\/p>\n<p><span style=\"color: #2f2f2f;\"><strong>About leather.<\/strong> \"Vera Pelle\" is a quality mark that guarantees the highest standards of vegetable tanning. Hand processed by Italian tanners in Tuscany region this leather stands out for its natural and authentic qualities.\nNo chemicals are used in the tanning process, only vegetable oils and natural remedies from nature. Over time, this leather ages beautifully, developing a rich patina and boasting a wonderful classic leather scent.<\/span><\/p>\n<p><span style=\"color: #2f2f2f;\"><strong>Note.<\/strong> After placing an order and payment, the wallet is made within 1-3 business days.<\/span><\/p>\n<p><span style=\"color: #2f2f2f;\">\u2726 Made in Lithuania<\/span><br \/>\n<span style=\"color: #2f2f2f;\">\u2726 Handcrafted<\/span><br \/>\n<span style=\"color: #2f2f2f;\">\u2726 Unique design<\/span><br \/>\n<span style=\"color: #2f2f2f;\">\u2726 Made of Italian vegetable tanned leather<\/span><br \/>\n<span style=\"color: #2f2f2f;\">\u2726 Packaged in a beautiful cardboard box<\/span><br \/>\n<span style=\"color: #2f2f2f;\">\u2726 Dimensions: 7,3 x 11 cm<\/span><br \/>\n<span style=\"color: #2f2f2f;\">\u2726 Color: Light brown \/ Brown \/ Black<\/span><\/p>\n<p><span style=\"color: #2f2f2f;\">Due to differences in your computer screen resolution or lighting, the actual color of the items may vary slightly from what is shown in the photo.<\/span><\/p>","protected":false},"excerpt":{"rendered":"<p><span style=\"color: #2f2f2f;\">If you'd like your text or image engraved on the wallet, provide your text example in the \"Enter engraving text\" field.<\/span><\/p>\n<p><span style=\"color: #2f2f2f;\"><strong>Text example:<\/strong><\/span><br \/>\n<span style=\"color: #2f2f2f;\">Love you to the moon and back (Image 19)<\/span><\/p>\n<p><span style=\"color: #2f2f2f;\"><strong>NOTE!\u00a0<\/strong>Our designer will choose the optimal layout of your chosen text \/ image on the wallet.<\/span><\/p>","protected":false},"featured_media":11012,"template":"","meta":{"_acf_changed":false},"product_brand":[],"product_cat":[31],"product_tag":[],"class_list":{"0":"post-11005","1":"product","2":"type-product","3":"status-publish","4":"has-post-thumbnail","6":"product_cat-odines-pinigines","8":"first","9":"instock","10":"sale","11":"shipping-taxable","12":"purchasable","13":"product-type-variable"},"acf":[],"yoast_head":"<!-- This site is optimized with the Yoast SEO plugin v27.4 - https:\/\/yoast.com\/product\/yoast-seo-wordpress\/ -->\n<title>Minimalistin\u0117 odin\u0117 pinigin\u0117 Origami \u2013 FoxysCraft.com<\/title>\n<meta name=\"description\" content=\"Minimalistin\u0117 pinigin\u0117 Origami yra kompakti\u0161ko dyd\u017eio, tod\u0117l lengvai tilps j\u016bs\u0173 ki\u0161en\u0117je. Joje tilps ne tik 10 korteli\u0173, bet monetos ir banknotai!\" \/>\n<meta name=\"robots\" content=\"index, follow, max-snippet:-1, max-image-preview:large, max-video-preview:-1\" \/>\n<link rel=\"canonical\" href=\"https:\/\/foxyscraft.com\/en\/product\/minimalist-leather-wallet-origami\/\" \/>\n<meta property=\"og:locale\" content=\"en_US\" \/>\n<meta property=\"og:type\" content=\"article\" \/>\n<meta property=\"og:title\" content=\"Minimalistin\u0117 odin\u0117 pinigin\u0117 Origami \u2013 FoxysCraft.com\" \/>\n<meta property=\"og:description\" content=\"Minimalistin\u0117 pinigin\u0117 Origami yra kompakti\u0161ko dyd\u017eio, tod\u0117l lengvai tilps j\u016bs\u0173 ki\u0161en\u0117je. Joje tilps ne tik 10 korteli\u0173, bet monetos ir banknotai!\" \/>\n<meta property=\"og:url\" content=\"https:\/\/foxyscraft.com\/en\/product\/minimalist-leather-wallet-origami\/\" \/>\n<meta property=\"og:site_name\" content=\"FoxysCraft\" \/>\n<meta property=\"article:publisher\" content=\"https:\/\/www.facebook.com\/FoxysCraftLT\" \/>\n<meta property=\"article:modified_time\" content=\"2024-11-10T17:44:21+00:00\" \/>\n<meta property=\"og:image\" content=\"https:\/\/foxyscraft.com\/wp-content\/uploads\/2024\/08\/Charisma_2.jpg\" \/>\n\t<meta property=\"og:image:width\" content=\"2000\" \/>\n\t<meta property=\"og:image:height\" content=\"2000\" \/>\n\t<meta property=\"og:image:type\" content=\"image\/jpeg\" \/>\n<meta name=\"twitter:card\" content=\"summary_large_image\" \/>\n<meta name=\"twitter:label1\" content=\"Est. reading time\" \/>\n\t<meta name=\"twitter:data1\" content=\"2 minutes\" \/>\n<script type=\"application\/ld+json\" class=\"yoast-schema-graph\">{\"@context\":\"https:\\\/\\\/schema.org\",\"@graph\":[{\"@type\":\"WebPage\",\"@id\":\"https:\\\/\\\/foxyscraft.com\\\/en\\\/product\\\/minimalist-leather-wallet-origami\\\/\",\"url\":\"https:\\\/\\\/foxyscraft.com\\\/en\\\/product\\\/minimalist-leather-wallet-origami\\\/\",\"name\":\"Minimalistin\u0117 odin\u0117 pinigin\u0117 Origami \u2013 FoxysCraft.com\",\"isPartOf\":{\"@id\":\"https:\\\/\\\/foxyscraft.com\\\/#website\"},\"primaryImageOfPage\":{\"@id\":\"https:\\\/\\\/foxyscraft.com\\\/en\\\/product\\\/minimalist-leather-wallet-origami\\\/#primaryimage\"},\"image\":{\"@id\":\"https:\\\/\\\/foxyscraft.com\\\/en\\\/product\\\/minimalist-leather-wallet-origami\\\/#primaryimage\"},\"thumbnailUrl\":\"https:\\\/\\\/foxyscraft.com\\\/wp-content\\\/uploads\\\/2024\\\/08\\\/Charisma_2.jpg\",\"datePublished\":\"2024-08-21T13:06:09+00:00\",\"dateModified\":\"2024-11-10T17:44:21+00:00\",\"description\":\"Minimalistin\u0117 pinigin\u0117 Origami yra kompakti\u0161ko dyd\u017eio, tod\u0117l lengvai tilps j\u016bs\u0173 ki\u0161en\u0117je. Joje tilps ne tik 10 korteli\u0173, bet monetos ir banknotai!\",\"breadcrumb\":{\"@id\":\"https:\\\/\\\/foxyscraft.com\\\/en\\\/product\\\/minimalist-leather-wallet-origami\\\/#breadcrumb\"},\"inLanguage\":\"en-US\",\"potentialAction\":[{\"@type\":\"ReadAction\",\"target\":[\"https:\\\/\\\/foxyscraft.com\\\/en\\\/product\\\/minimalist-leather-wallet-origami\\\/\"]}]},{\"@type\":\"ImageObject\",\"inLanguage\":\"en-US\",\"@id\":\"https:\\\/\\\/foxyscraft.com\\\/en\\\/product\\\/minimalist-leather-wallet-origami\\\/#primaryimage\",\"url\":\"https:\\\/\\\/foxyscraft.com\\\/wp-content\\\/uploads\\\/2024\\\/08\\\/Charisma_2.jpg\",\"contentUrl\":\"https:\\\/\\\/foxyscraft.com\\\/wp-content\\\/uploads\\\/2024\\\/08\\\/Charisma_2.jpg\",\"width\":2000,\"height\":2000,\"caption\":\"Odin\u0117 pinigin\u0117 vyrams ir moterims Origami\"},{\"@type\":\"BreadcrumbList\",\"@id\":\"https:\\\/\\\/foxyscraft.com\\\/en\\\/product\\\/minimalist-leather-wallet-origami\\\/#breadcrumb\",\"itemListElement\":[{\"@type\":\"ListItem\",\"position\":1,\"name\":\"Home\",\"item\":\"https:\\\/\\\/foxyscraft.com\\\/\"},{\"@type\":\"ListItem\",\"position\":2,\"name\":\"Parduotuv\u0117\",\"item\":\"https:\\\/\\\/foxyscraft.com\\\/parduotuve\\\/\"},{\"@type\":\"ListItem\",\"position\":3,\"name\":\"Minimalistin\u0117 odin\u0117 pinigin\u0117 Origami\"}]},{\"@type\":\"WebSite\",\"@id\":\"https:\\\/\\\/foxyscraft.com\\\/#website\",\"url\":\"https:\\\/\\\/foxyscraft.com\\\/\",\"name\":\"FoxysCraft\",\"description\":\"Personalizuoti rank\u0173 darbo aksesuarai sukurti Lietuvoje. iPhone d\u0117klai, odin\u0117s apyrank\u0117s, rakt\u0173 pakabukai ir pinigin\u0117s. Puikios dovan\u0173 id\u0117jos!\",\"publisher\":{\"@id\":\"https:\\\/\\\/foxyscraft.com\\\/#organization\"},\"potentialAction\":[{\"@type\":\"SearchAction\",\"target\":{\"@type\":\"EntryPoint\",\"urlTemplate\":\"https:\\\/\\\/foxyscraft.com\\\/?s={search_term_string}\"},\"query-input\":{\"@type\":\"PropertyValueSpecification\",\"valueRequired\":true,\"valueName\":\"search_term_string\"}}],\"inLanguage\":\"en-US\"},{\"@type\":\"Organization\",\"@id\":\"https:\\\/\\\/foxyscraft.com\\\/#organization\",\"name\":\"FoxysCraft\",\"url\":\"https:\\\/\\\/foxyscraft.com\\\/\",\"logo\":{\"@type\":\"ImageObject\",\"inLanguage\":\"en-US\",\"@id\":\"https:\\\/\\\/foxyscraft.com\\\/#\\\/schema\\\/logo\\\/image\\\/\",\"url\":\"http:\\\/\\\/foxyscraft.com\\\/wp-content\\\/uploads\\\/2023\\\/06\\\/FoxysCraft-Logo.svg\",\"contentUrl\":\"http:\\\/\\\/foxyscraft.com\\\/wp-content\\\/uploads\\\/2023\\\/06\\\/FoxysCraft-Logo.svg\",\"width\":5906,\"height\":3163,\"caption\":\"FoxysCraft\"},\"image\":{\"@id\":\"https:\\\/\\\/foxyscraft.com\\\/#\\\/schema\\\/logo\\\/image\\\/\"},\"sameAs\":[\"https:\\\/\\\/www.facebook.com\\\/FoxysCraftLT\",\"https:\\\/\\\/www.instagram.com\\\/foxyscraftcom\\\/\"]}]}<\/script>\n<!-- \/ Yoast SEO plugin. -->","yoast_head_json":{"title":"Minimalist leather wallet Origami \u2013 FoxysCraft.com","description":"The Origami minimalist wallet is compact in size, making it easy to fit in your pocket. It can hold not only 10 cards but also coins and banknotes!","robots":{"index":"index","follow":"follow","max-snippet":"max-snippet:-1","max-image-preview":"max-image-preview:large","max-video-preview":"max-video-preview:-1"},"canonical":"https:\/\/foxyscraft.com\/en\/product\/minimalist-leather-wallet-origami\/","og_locale":"en_US","og_type":"article","og_title":"Minimalistin\u0117 odin\u0117 pinigin\u0117 Origami \u2013 FoxysCraft.com","og_description":"Minimalistin\u0117 pinigin\u0117 Origami yra kompakti\u0161ko dyd\u017eio, tod\u0117l lengvai tilps j\u016bs\u0173 ki\u0161en\u0117je. Joje tilps ne tik 10 korteli\u0173, bet monetos ir banknotai!","og_url":"https:\/\/foxyscraft.com\/en\/product\/minimalist-leather-wallet-origami\/","og_site_name":"FoxysCraft","article_publisher":"https:\/\/www.facebook.com\/FoxysCraftLT","article_modified_time":"2024-11-10T17:44:21+00:00","og_image":[{"width":2000,"height":2000,"url":"https:\/\/foxyscraft.com\/wp-content\/uploads\/2024\/08\/Charisma_2.jpg","type":"image\/jpeg"}],"twitter_card":"summary_large_image","twitter_misc":{"Est. reading time":"2 minutes"},"schema":{"@context":"https:\/\/schema.org","@graph":[{"@type":"WebPage","@id":"https:\/\/foxyscraft.com\/en\/product\/minimalist-leather-wallet-origami\/","url":"https:\/\/foxyscraft.com\/en\/product\/minimalist-leather-wallet-origami\/","name":"Minimalist leather wallet Origami \u2013 FoxysCraft.com","isPartOf":{"@id":"https:\/\/foxyscraft.com\/#website"},"primaryImageOfPage":{"@id":"https:\/\/foxyscraft.com\/en\/product\/minimalist-leather-wallet-origami\/#primaryimage"},"image":{"@id":"https:\/\/foxyscraft.com\/en\/product\/minimalist-leather-wallet-origami\/#primaryimage"},"thumbnailUrl":"https:\/\/foxyscraft.com\/wp-content\/uploads\/2024\/08\/Charisma_2.jpg","datePublished":"2024-08-21T13:06:09+00:00","dateModified":"2024-11-10T17:44:21+00:00","description":"The Origami minimalist wallet is compact in size, making it easy to fit in your pocket. It can hold not only 10 cards but also coins and banknotes!","breadcrumb":{"@id":"https:\/\/foxyscraft.com\/en\/product\/minimalist-leather-wallet-origami\/#breadcrumb"},"inLanguage":"en-US","potentialAction":[{"@type":"ReadAction","target":["https:\/\/foxyscraft.com\/en\/product\/minimalist-leather-wallet-origami\/"]}]},{"@type":"ImageObject","inLanguage":"en-US","@id":"https:\/\/foxyscraft.com\/en\/product\/minimalist-leather-wallet-origami\/#primaryimage","url":"https:\/\/foxyscraft.com\/wp-content\/uploads\/2024\/08\/Charisma_2.jpg","contentUrl":"https:\/\/foxyscraft.com\/wp-content\/uploads\/2024\/08\/Charisma_2.jpg","width":2000,"height":2000,"caption":"Odin\u0117 pinigin\u0117 vyrams ir moterims Origami"},{"@type":"BreadcrumbList","@id":"https:\/\/foxyscraft.com\/en\/product\/minimalist-leather-wallet-origami\/#breadcrumb","itemListElement":[{"@type":"ListItem","position":1,"name":"Home","item":"https:\/\/foxyscraft.com\/"},{"@type":"ListItem","position":2,"name":"Parduotuv\u0117","item":"https:\/\/foxyscraft.com\/parduotuve\/"},{"@type":"ListItem","position":3,"name":"Minimalistin\u0117 odin\u0117 pinigin\u0117 Origami"}]},{"@type":"WebSite","@id":"https:\/\/foxyscraft.com\/#website","url":"https:\/\/foxyscraft.com\/","name":"FoxysCraft","description":"Personalized handmade accessories created with love. iPhone cases, minimalist wallets, leather bracelets, and keychains. Perfect gift ideas!","publisher":{"@id":"https:\/\/foxyscraft.com\/#organization"},"potentialAction":[{"@type":"SearchAction","target":{"@type":"EntryPoint","urlTemplate":"https:\/\/foxyscraft.com\/?s={search_term_string}"},"query-input":{"@type":"PropertyValueSpecification","valueRequired":true,"valueName":"search_term_string"}}],"inLanguage":"en-US"},{"@type":"Organization","@id":"https:\/\/foxyscraft.com\/#organization","name":"FoxysCraft","url":"https:\/\/foxyscraft.com\/","logo":{"@type":"ImageObject","inLanguage":"en-US","@id":"https:\/\/foxyscraft.com\/#\/schema\/logo\/image\/","url":"http:\/\/foxyscraft.com\/wp-content\/uploads\/2023\/06\/FoxysCraft-Logo.svg","contentUrl":"http:\/\/foxyscraft.com\/wp-content\/uploads\/2023\/06\/FoxysCraft-Logo.svg","width":5906,"height":3163,"caption":"FoxysCraft"},"image":{"@id":"https:\/\/foxyscraft.com\/#\/schema\/logo\/image\/"},"sameAs":["https:\/\/www.facebook.com\/FoxysCraftLT","https:\/\/www.instagram.com\/foxyscraftcom\/"]}]}},"_links":{"self":[{"href":"https:\/\/foxyscraft.com\/en\/wp-json\/wp\/v2\/product\/11005","targetHints":{"allow":["GET"]}}],"collection":[{"href":"https:\/\/foxyscraft.com\/en\/wp-json\/wp\/v2\/product"}],"about":[{"href":"https:\/\/foxyscraft.com\/en\/wp-json\/wp\/v2\/types\/product"}],"wp:featuredmedia":[{"embeddable":true,"href":"https:\/\/foxyscraft.com\/en\/wp-json\/wp\/v2\/media\/11012"}],"wp:attachment":[{"href":"https:\/\/foxyscraft.com\/en\/wp-json\/wp\/v2\/media?parent=11005"}],"wp:term":[{"taxonomy":"product_brand","embeddable":true,"href":"https:\/\/foxyscraft.com\/en\/wp-json\/wp\/v2\/product_brand?post=11005"},{"taxonomy":"product_cat","embeddable":true,"href":"https:\/\/foxyscraft.com\/en\/wp-json\/wp\/v2\/product_cat?post=11005"},{"taxonomy":"product_tag","embeddable":true,"href":"https:\/\/foxyscraft.com\/en\/wp-json\/wp\/v2\/product_tag?post=11005"}],"curies":[{"name":"wp","href":"https:\/\/api.w.org\/{rel}","templated":true}]}}