{"id":11119,"date":"2024-09-15T08:59:56","date_gmt":"2024-09-15T08:59:56","guid":{"rendered":"https:\/\/foxyscraft.com\/?post_type=product&#038;p=11119"},"modified":"2024-11-10T18:42:05","modified_gmt":"2024-11-10T18:42:05","slug":"personalizuok-odine-pinigine-origami","status":"publish","type":"product","link":"https:\/\/foxyscraft.com\/en\/product\/personalized-minimalist-leather-wallet-origami\/","title":{"rendered":"Personalized minimalist leather wallet Origami"},"content":{"rendered":"<p>&nbsp;<\/p>\n\n\t\t<style type=\"text\/css\">\n\t\t\t#gallery-1 {\n\t\t\t\tmargin: auto;\n\t\t\t}\n\t\t\t#gallery-1 .gallery-item {\n\t\t\t\tfloat: left;\n\t\t\t\tmargin-top: 10px;\n\t\t\t\ttext-align: center;\n\t\t\t\twidth: 50%;\n\t\t\t}\n\t\t\t#gallery-1 img {\n\t\t\t\tborder: 2px solid #cfcfcf;\n\t\t\t}\n\t\t\t#gallery-1 .gallery-caption {\n\t\t\t\tmargin-left: 0;\n\t\t\t}\n\t\t\t\/* see gallery_shortcode() in wp-includes\/media.php *\/\n\t\t<\/style>\n\t\t<div id='gallery-1' class='gallery galleryid-11119 gallery-columns-2 gallery-size-full'><dl class='gallery-item'>\n\t\t\t<dt class='gallery-icon landscape'>\n\t\t\t\t<a href='https:\/\/foxyscraft.com\/wp-content\/uploads\/2024\/09\/Minimalist-leather-wallet-Origami_5.jpg'><img loading=\"lazy\" decoding=\"async\" width=\"2000\" height=\"2000\" src=\"https:\/\/foxyscraft.com\/wp-content\/uploads\/2024\/09\/Minimalist-leather-wallet-Origami_5.jpg\" class=\"attachment-full size-full\" alt=\"Origami leather wallet for men and women\" aria-describedby=\"gallery-1-11109\" srcset=\"https:\/\/foxyscraft.com\/wp-content\/uploads\/2024\/09\/Minimalist-leather-wallet-Origami_5.jpg 2000w, https:\/\/foxyscraft.com\/wp-content\/uploads\/2024\/09\/Minimalist-leather-wallet-Origami_5-300x300.jpg 300w, https:\/\/foxyscraft.com\/wp-content\/uploads\/2024\/09\/Minimalist-leather-wallet-Origami_5-1024x1024.jpg 1024w, https:\/\/foxyscraft.com\/wp-content\/uploads\/2024\/09\/Minimalist-leather-wallet-Origami_5-150x150.jpg 150w, https:\/\/foxyscraft.com\/wp-content\/uploads\/2024\/09\/Minimalist-leather-wallet-Origami_5-768x768.jpg 768w, https:\/\/foxyscraft.com\/wp-content\/uploads\/2024\/09\/Minimalist-leather-wallet-Origami_5-1536x1536.jpg 1536w, https:\/\/foxyscraft.com\/wp-content\/uploads\/2024\/09\/Minimalist-leather-wallet-Origami_5-12x12.jpg 12w, https:\/\/foxyscraft.com\/wp-content\/uploads\/2024\/09\/Minimalist-leather-wallet-Origami_5-1200x1200.jpg 1200w, https:\/\/foxyscraft.com\/wp-content\/uploads\/2024\/09\/Minimalist-leather-wallet-Origami_5-600x600.jpg 600w, https:\/\/foxyscraft.com\/wp-content\/uploads\/2024\/09\/Minimalist-leather-wallet-Origami_5-800x800.jpg 800w\" sizes=\"auto, (max-width: 2000px) 100vw, 2000px\" title=\"Personalized minimalist leather wallet Origami\" \/><\/a>\n\t\t\t<\/dt>\n\t\t\t\t<dd class='wp-caption-text gallery-caption' id='gallery-1-11109'>\n\t\t\t\tOrigami leather wallet for men and women\n\t\t\t\t<\/dd><\/dl><dl class='gallery-item'>\n\t\t\t<dt class='gallery-icon landscape'>\n\t\t\t\t<a href='https:\/\/foxyscraft.com\/wp-content\/uploads\/2024\/09\/Minimalist-leather-wallet-Origami_1.jpg'><img loading=\"lazy\" decoding=\"async\" width=\"2000\" height=\"2000\" src=\"https:\/\/foxyscraft.com\/wp-content\/uploads\/2024\/09\/Minimalist-leather-wallet-Origami_1.jpg\" class=\"attachment-full size-full\" alt=\"Origami leather wallet for men and women\" aria-describedby=\"gallery-1-11110\" srcset=\"https:\/\/foxyscraft.com\/wp-content\/uploads\/2024\/09\/Minimalist-leather-wallet-Origami_1.jpg 2000w, https:\/\/foxyscraft.com\/wp-content\/uploads\/2024\/09\/Minimalist-leather-wallet-Origami_1-300x300.jpg 300w, https:\/\/foxyscraft.com\/wp-content\/uploads\/2024\/09\/Minimalist-leather-wallet-Origami_1-1024x1024.jpg 1024w, https:\/\/foxyscraft.com\/wp-content\/uploads\/2024\/09\/Minimalist-leather-wallet-Origami_1-150x150.jpg 150w, https:\/\/foxyscraft.com\/wp-content\/uploads\/2024\/09\/Minimalist-leather-wallet-Origami_1-768x768.jpg 768w, https:\/\/foxyscraft.com\/wp-content\/uploads\/2024\/09\/Minimalist-leather-wallet-Origami_1-1536x1536.jpg 1536w, https:\/\/foxyscraft.com\/wp-content\/uploads\/2024\/09\/Minimalist-leather-wallet-Origami_1-12x12.jpg 12w, https:\/\/foxyscraft.com\/wp-content\/uploads\/2024\/09\/Minimalist-leather-wallet-Origami_1-1200x1200.jpg 1200w, https:\/\/foxyscraft.com\/wp-content\/uploads\/2024\/09\/Minimalist-leather-wallet-Origami_1-600x600.jpg 600w, https:\/\/foxyscraft.com\/wp-content\/uploads\/2024\/09\/Minimalist-leather-wallet-Origami_1-800x800.jpg 800w\" sizes=\"auto, (max-width: 2000px) 100vw, 2000px\" title=\"Personalized minimalist leather wallet Origami\" \/><\/a>\n\t\t\t<\/dt>\n\t\t\t\t<dd class='wp-caption-text gallery-caption' id='gallery-1-11110'>\n\t\t\t\tOrigami leather wallet for men and women\n\t\t\t\t<\/dd><\/dl><br style=\"clear: both\" \/><dl class='gallery-item'>\n\t\t\t<dt class='gallery-icon landscape'>\n\t\t\t\t<a href='https:\/\/foxyscraft.com\/wp-content\/uploads\/2024\/08\/Charisma_2.jpg'><img loading=\"lazy\" decoding=\"async\" width=\"2000\" height=\"2000\" src=\"https:\/\/foxyscraft.com\/wp-content\/uploads\/2024\/08\/Charisma_2.jpg\" class=\"attachment-full size-full\" alt=\"Origami leather wallet for men and women\" aria-describedby=\"gallery-1-11012\" srcset=\"https:\/\/foxyscraft.com\/wp-content\/uploads\/2024\/08\/Charisma_2.jpg 2000w, https:\/\/foxyscraft.com\/wp-content\/uploads\/2024\/08\/Charisma_2-300x300.jpg 300w, https:\/\/foxyscraft.com\/wp-content\/uploads\/2024\/08\/Charisma_2-1024x1024.jpg 1024w, https:\/\/foxyscraft.com\/wp-content\/uploads\/2024\/08\/Charisma_2-150x150.jpg 150w, https:\/\/foxyscraft.com\/wp-content\/uploads\/2024\/08\/Charisma_2-768x768.jpg 768w, https:\/\/foxyscraft.com\/wp-content\/uploads\/2024\/08\/Charisma_2-1536x1536.jpg 1536w, https:\/\/foxyscraft.com\/wp-content\/uploads\/2024\/08\/Charisma_2-12x12.jpg 12w, https:\/\/foxyscraft.com\/wp-content\/uploads\/2024\/08\/Charisma_2-1200x1200.jpg 1200w, https:\/\/foxyscraft.com\/wp-content\/uploads\/2024\/08\/Charisma_2-600x600.jpg 600w, https:\/\/foxyscraft.com\/wp-content\/uploads\/2024\/08\/Charisma_2-800x800.jpg 800w\" sizes=\"auto, (max-width: 2000px) 100vw, 2000px\" title=\"Personalized minimalist leather wallet Origami\" \/><\/a>\n\t\t\t<\/dt>\n\t\t\t\t<dd class='wp-caption-text gallery-caption' id='gallery-1-11012'>\n\t\t\t\tOrigami leather wallet for men and women\n\t\t\t\t<\/dd><\/dl><dl class='gallery-item'>\n\t\t\t<dt class='gallery-icon landscape'>\n\t\t\t\t<a href='https:\/\/foxyscraft.com\/wp-content\/uploads\/2024\/08\/Charisma_3.jpg'><img loading=\"lazy\" decoding=\"async\" width=\"2000\" height=\"2000\" src=\"https:\/\/foxyscraft.com\/wp-content\/uploads\/2024\/08\/Charisma_3.jpg\" class=\"attachment-full size-full\" alt=\"Origami leather wallet for men and women\" aria-describedby=\"gallery-1-11013\" srcset=\"https:\/\/foxyscraft.com\/wp-content\/uploads\/2024\/08\/Charisma_3.jpg 2000w, https:\/\/foxyscraft.com\/wp-content\/uploads\/2024\/08\/Charisma_3-300x300.jpg 300w, https:\/\/foxyscraft.com\/wp-content\/uploads\/2024\/08\/Charisma_3-1024x1024.jpg 1024w, https:\/\/foxyscraft.com\/wp-content\/uploads\/2024\/08\/Charisma_3-150x150.jpg 150w, https:\/\/foxyscraft.com\/wp-content\/uploads\/2024\/08\/Charisma_3-768x768.jpg 768w, https:\/\/foxyscraft.com\/wp-content\/uploads\/2024\/08\/Charisma_3-1536x1536.jpg 1536w, https:\/\/foxyscraft.com\/wp-content\/uploads\/2024\/08\/Charisma_3-12x12.jpg 12w, https:\/\/foxyscraft.com\/wp-content\/uploads\/2024\/08\/Charisma_3-1200x1200.jpg 1200w, https:\/\/foxyscraft.com\/wp-content\/uploads\/2024\/08\/Charisma_3-600x600.jpg 600w, https:\/\/foxyscraft.com\/wp-content\/uploads\/2024\/08\/Charisma_3-800x800.jpg 800w\" sizes=\"auto, (max-width: 2000px) 100vw, 2000px\" title=\"Personalized minimalist leather wallet Origami\" \/><\/a>\n\t\t\t<\/dt>\n\t\t\t\t<dd class='wp-caption-text gallery-caption' id='gallery-1-11013'>\n\t\t\t\tOrigami leather wallet for men and women\n\t\t\t\t<\/dd><\/dl><br style=\"clear: both\" \/><dl class='gallery-item'>\n\t\t\t<dt class='gallery-icon landscape'>\n\t\t\t\t<a href='https:\/\/foxyscraft.com\/wp-content\/uploads\/2024\/08\/Charisma_4.jpg'><img loading=\"lazy\" decoding=\"async\" width=\"2000\" height=\"2000\" src=\"https:\/\/foxyscraft.com\/wp-content\/uploads\/2024\/08\/Charisma_4.jpg\" class=\"attachment-full size-full\" alt=\"Origami leather wallet for men and women\" aria-describedby=\"gallery-1-11014\" srcset=\"https:\/\/foxyscraft.com\/wp-content\/uploads\/2024\/08\/Charisma_4.jpg 2000w, https:\/\/foxyscraft.com\/wp-content\/uploads\/2024\/08\/Charisma_4-300x300.jpg 300w, https:\/\/foxyscraft.com\/wp-content\/uploads\/2024\/08\/Charisma_4-1024x1024.jpg 1024w, https:\/\/foxyscraft.com\/wp-content\/uploads\/2024\/08\/Charisma_4-150x150.jpg 150w, https:\/\/foxyscraft.com\/wp-content\/uploads\/2024\/08\/Charisma_4-768x768.jpg 768w, https:\/\/foxyscraft.com\/wp-content\/uploads\/2024\/08\/Charisma_4-1536x1536.jpg 1536w, https:\/\/foxyscraft.com\/wp-content\/uploads\/2024\/08\/Charisma_4-12x12.jpg 12w, https:\/\/foxyscraft.com\/wp-content\/uploads\/2024\/08\/Charisma_4-1200x1200.jpg 1200w, https:\/\/foxyscraft.com\/wp-content\/uploads\/2024\/08\/Charisma_4-600x600.jpg 600w, https:\/\/foxyscraft.com\/wp-content\/uploads\/2024\/08\/Charisma_4-800x800.jpg 800w\" sizes=\"auto, (max-width: 2000px) 100vw, 2000px\" title=\"Personalized minimalist leather wallet Origami\" \/><\/a>\n\t\t\t<\/dt>\n\t\t\t\t<dd class='wp-caption-text gallery-caption' id='gallery-1-11014'>\n\t\t\t\tOrigami leather wallet for men and women\n\t\t\t\t<\/dd><\/dl><dl class='gallery-item'>\n\t\t\t<dt class='gallery-icon landscape'>\n\t\t\t\t<a href='https:\/\/foxyscraft.com\/wp-content\/uploads\/2024\/08\/Charisma_10.jpg'><img loading=\"lazy\" decoding=\"async\" width=\"2000\" height=\"2000\" src=\"https:\/\/foxyscraft.com\/wp-content\/uploads\/2024\/08\/Charisma_10.jpg\" class=\"attachment-full size-full\" alt=\"Origami leather wallet for men and women\" aria-describedby=\"gallery-1-11018\" srcset=\"https:\/\/foxyscraft.com\/wp-content\/uploads\/2024\/08\/Charisma_10.jpg 2000w, https:\/\/foxyscraft.com\/wp-content\/uploads\/2024\/08\/Charisma_10-300x300.jpg 300w, https:\/\/foxyscraft.com\/wp-content\/uploads\/2024\/08\/Charisma_10-1024x1024.jpg 1024w, https:\/\/foxyscraft.com\/wp-content\/uploads\/2024\/08\/Charisma_10-150x150.jpg 150w, https:\/\/foxyscraft.com\/wp-content\/uploads\/2024\/08\/Charisma_10-768x768.jpg 768w, https:\/\/foxyscraft.com\/wp-content\/uploads\/2024\/08\/Charisma_10-1536x1536.jpg 1536w, https:\/\/foxyscraft.com\/wp-content\/uploads\/2024\/08\/Charisma_10-12x12.jpg 12w, https:\/\/foxyscraft.com\/wp-content\/uploads\/2024\/08\/Charisma_10-1200x1200.jpg 1200w, https:\/\/foxyscraft.com\/wp-content\/uploads\/2024\/08\/Charisma_10-600x600.jpg 600w, https:\/\/foxyscraft.com\/wp-content\/uploads\/2024\/08\/Charisma_10-800x800.jpg 800w\" sizes=\"auto, (max-width: 2000px) 100vw, 2000px\" title=\"Personalized minimalist leather wallet Origami\" \/><\/a>\n\t\t\t<\/dt>\n\t\t\t\t<dd class='wp-caption-text gallery-caption' id='gallery-1-11018'>\n\t\t\t\tOrigami leather wallet for men and women\n\t\t\t\t<\/dd><\/dl><br style=\"clear: both\" \/>\n\t\t<\/div>\n\n<p><iframe loading=\"lazy\" title=\"Minimalist leather wallet Origami\" src=\"https:\/\/player.vimeo.com\/video\/1001233362?dnt=1&amp;app_id=122963\" width=\"500\" height=\"281\" frameborder=\"0\" allow=\"autoplay; fullscreen; picture-in-picture; clipboard-write\"><\/iframe><\/p>\n<p><span style=\"color: #2f2f2f;\">Handcrafted minimalist leather wallet Origami for cards, coins and cash.<\/span><\/p>\n<p><span style=\"color: #2f2f2f;\">Small, practical and stylish \u2013 a perfect gift for both men and women!<\/span><\/p>\n<p><span style=\"color: #2f2f2f;\">\u2713 The front compartment holds 2 to 3 main plastic cards.<\/span><br \/>\n<span style=\"color: #2f2f2f;\">\u2713 Two inner compartments hold 8 to 10 plastic cards, folded banknotes and coins.<\/span><br \/>\n<span style=\"color: #2f2f2f;\">\u2713 Closes with three snap buttons. No seams and no glue is used to make this wallet.<\/span><br \/>\n<span style=\"color: #2f2f2f;\">\u2713 Small enough in size to easily fit into your pocket.<\/span><\/p>\n<p><span style=\"color: #2f2f2f;\">The wallet is made of durable Italian vegetable tanned leather, which reveals even more beauty over time and stays unique. The skin is firm, so the product retains its shape.<\/span><\/p>\n<p><span style=\"color: #2f2f2f;\"><strong>Personalization.<\/strong> This is a perfect gift for someone who appreciates quality handicraft. You can choose to engrave special text, initials, date or image which will make your wallet unique.<\/span><\/p>\n<p><span style=\"color: #2f2f2f;\"><strong>About leather.<\/strong> \"Vera Pelle\" is a quality mark that guarantees the highest standards of vegetable tanning. Hand processed by Italian tanners in Tuscany region this leather stands out for its natural and authentic qualities.\nNo chemicals are used in the tanning process, only vegetable oils and natural remedies from nature. Over time, this leather ages beautifully, developing a rich patina and boasting a wonderful classic leather scent.<\/span><\/p>\n<p><span style=\"color: #2f2f2f;\"><strong>Note.<\/strong> After placing an order and payment, the wallet is made within 1-3 business days.<\/span><\/p>\n<p><span style=\"color: #2f2f2f;\">\u2726 Made in Lithuania<\/span><br \/>\n<span style=\"color: #2f2f2f;\">\u2726 Handcrafted<\/span><br \/>\n<span style=\"color: #2f2f2f;\">\u2726 Unique design<\/span><br \/>\n<span style=\"color: #2f2f2f;\">\u2726 Made of Italian vegetable tanned leather<\/span><br \/>\n<span style=\"color: #2f2f2f;\">\u2726 Packaged in a beautiful cardboard box<\/span><br \/>\n<span style=\"color: #2f2f2f;\">\u2726 Dimensions: 7,3 x 11 cm<\/span><br \/>\n<span style=\"color: #2f2f2f;\">\u2726 Color: Light brown \/ Brown \/ Black<\/span><\/p>\n<p><span style=\"color: #2f2f2f;\">Due to differences in your computer screen resolution or lighting, the actual color of the items may vary slightly from what is shown in the photo.<\/span><\/p>","protected":false},"excerpt":{"rendered":"<p><span style=\"color: #242424;\"><strong>NOTE!<\/strong> You can personalize the wallet within the area marked in green.<\/span><\/p>","protected":false},"featured_media":11012,"template":"","meta":{"_acf_changed":false},"product_brand":[],"product_cat":[184],"product_tag":[],"class_list":{"0":"post-11119","1":"product","2":"type-product","3":"status-publish","4":"has-post-thumbnail","6":"product_cat-personalizuotos-pinigines","8":"first","9":"instock","10":"sale","11":"purchasable","12":"product-type-simple"},"acf":[],"yoast_head":"<!-- This site is optimized with the Yoast SEO plugin v27.2 - https:\/\/yoast.com\/product\/yoast-seo-wordpress\/ -->\n<title>Odin\u0117 pinigin\u0117 vyrams ir moterims \u2013 Graviravimas ant pinigin\u0117s<\/title>\n<meta name=\"description\" content=\"Odin\u0117 pinigin\u0117 &quot;Origami&quot; su personalizacija. J\u016bs\u0173 asmenin\u0117 \u017einut\u0117 ar paveiksl\u0117lis ant pinigin\u0117s \u2013 ypatinga dovana brangiam \u017emogui. Nemokamas graviravimas!\" \/>\n<meta name=\"robots\" content=\"index, follow, max-snippet:-1, max-image-preview:large, max-video-preview:-1\" \/>\n<link rel=\"canonical\" href=\"https:\/\/foxyscraft.com\/en\/product\/personalized-minimalist-leather-wallet-origami\/\" \/>\n<meta property=\"og:locale\" content=\"en_US\" \/>\n<meta property=\"og:type\" content=\"article\" \/>\n<meta property=\"og:title\" content=\"Odin\u0117 pinigin\u0117 vyrams ir moterims \u2013 Graviravimas ant pinigin\u0117s\" \/>\n<meta property=\"og:description\" content=\"Odin\u0117 pinigin\u0117 &quot;Origami&quot; su personalizacija. J\u016bs\u0173 asmenin\u0117 \u017einut\u0117 ar paveiksl\u0117lis ant pinigin\u0117s \u2013 ypatinga dovana brangiam \u017emogui. Nemokamas graviravimas!\" \/>\n<meta property=\"og:url\" content=\"https:\/\/foxyscraft.com\/en\/product\/personalized-minimalist-leather-wallet-origami\/\" \/>\n<meta property=\"og:site_name\" content=\"FoxysCraft\" \/>\n<meta property=\"article:publisher\" content=\"https:\/\/www.facebook.com\/FoxysCraftLT\" \/>\n<meta property=\"article:modified_time\" content=\"2024-11-10T18:42:05+00:00\" \/>\n<meta property=\"og:image\" content=\"https:\/\/foxyscraft.com\/wp-content\/uploads\/2024\/08\/Charisma_2.jpg\" \/>\n\t<meta property=\"og:image:width\" content=\"2000\" \/>\n\t<meta property=\"og:image:height\" content=\"2000\" \/>\n\t<meta property=\"og:image:type\" content=\"image\/jpeg\" \/>\n<meta name=\"twitter:card\" content=\"summary_large_image\" \/>\n<meta name=\"twitter:label1\" content=\"Est. reading time\" \/>\n\t<meta name=\"twitter:data1\" content=\"2 minutes\" \/>\n<script type=\"application\/ld+json\" class=\"yoast-schema-graph\">{\"@context\":\"https:\/\/schema.org\",\"@graph\":[{\"@type\":\"WebPage\",\"@id\":\"https:\/\/foxyscraft.com\/produktas\/personalizuok-odine-pinigine-origami\/\",\"url\":\"https:\/\/foxyscraft.com\/produktas\/personalizuok-odine-pinigine-origami\/\",\"name\":\"Odin\u0117 pinigin\u0117 vyrams ir moterims \u2013 Graviravimas ant pinigin\u0117s\",\"isPartOf\":{\"@id\":\"https:\/\/foxyscraft.com\/#website\"},\"primaryImageOfPage\":{\"@id\":\"https:\/\/foxyscraft.com\/produktas\/personalizuok-odine-pinigine-origami\/#primaryimage\"},\"image\":{\"@id\":\"https:\/\/foxyscraft.com\/produktas\/personalizuok-odine-pinigine-origami\/#primaryimage\"},\"thumbnailUrl\":\"https:\/\/foxyscraft.com\/wp-content\/uploads\/2024\/08\/Charisma_2.jpg\",\"datePublished\":\"2024-09-15T08:59:56+00:00\",\"dateModified\":\"2024-11-10T18:42:05+00:00\",\"description\":\"Odin\u0117 pinigin\u0117 \\\"Origami\\\" su personalizacija. J\u016bs\u0173 asmenin\u0117 \u017einut\u0117 ar paveiksl\u0117lis ant pinigin\u0117s \u2013 ypatinga dovana brangiam \u017emogui. Nemokamas graviravimas!\",\"breadcrumb\":{\"@id\":\"https:\/\/foxyscraft.com\/produktas\/personalizuok-odine-pinigine-origami\/#breadcrumb\"},\"inLanguage\":\"en-US\",\"potentialAction\":[{\"@type\":\"ReadAction\",\"target\":[\"https:\/\/foxyscraft.com\/produktas\/personalizuok-odine-pinigine-origami\/\"]}]},{\"@type\":\"ImageObject\",\"inLanguage\":\"en-US\",\"@id\":\"https:\/\/foxyscraft.com\/produktas\/personalizuok-odine-pinigine-origami\/#primaryimage\",\"url\":\"https:\/\/foxyscraft.com\/wp-content\/uploads\/2024\/08\/Charisma_2.jpg\",\"contentUrl\":\"https:\/\/foxyscraft.com\/wp-content\/uploads\/2024\/08\/Charisma_2.jpg\",\"width\":2000,\"height\":2000,\"caption\":\"Odin\u0117 pinigin\u0117 vyrams ir moterims Origami\"},{\"@type\":\"BreadcrumbList\",\"@id\":\"https:\/\/foxyscraft.com\/produktas\/personalizuok-odine-pinigine-origami\/#breadcrumb\",\"itemListElement\":[{\"@type\":\"ListItem\",\"position\":1,\"name\":\"Home\",\"item\":\"https:\/\/foxyscraft.com\/\"},{\"@type\":\"ListItem\",\"position\":2,\"name\":\"Parduotuv\u0117\",\"item\":\"https:\/\/foxyscraft.com\/parduotuve\/\"},{\"@type\":\"ListItem\",\"position\":3,\"name\":\"Personalizuok odin\u0119 pinigin\u0119 Origami\"}]},{\"@type\":\"WebSite\",\"@id\":\"https:\/\/foxyscraft.com\/#website\",\"url\":\"https:\/\/foxyscraft.com\/\",\"name\":\"FoxysCraft\",\"description\":\"Personalizuoti rank\u0173 darbo aksesuarai sukurti Lietuvoje. iPhone d\u0117klai, odin\u0117s apyrank\u0117s, rakt\u0173 pakabukai ir pinigin\u0117s. Puikios dovan\u0173 id\u0117jos!\",\"publisher\":{\"@id\":\"https:\/\/foxyscraft.com\/#organization\"},\"potentialAction\":[{\"@type\":\"SearchAction\",\"target\":{\"@type\":\"EntryPoint\",\"urlTemplate\":\"https:\/\/foxyscraft.com\/?s={search_term_string}\"},\"query-input\":{\"@type\":\"PropertyValueSpecification\",\"valueRequired\":true,\"valueName\":\"search_term_string\"}}],\"inLanguage\":\"en-US\"},{\"@type\":\"Organization\",\"@id\":\"https:\/\/foxyscraft.com\/#organization\",\"name\":\"FoxysCraft\",\"url\":\"https:\/\/foxyscraft.com\/\",\"logo\":{\"@type\":\"ImageObject\",\"inLanguage\":\"en-US\",\"@id\":\"https:\/\/foxyscraft.com\/#\/schema\/logo\/image\/\",\"url\":\"http:\/\/foxyscraft.com\/wp-content\/uploads\/2023\/06\/FoxysCraft-Logo.svg\",\"contentUrl\":\"http:\/\/foxyscraft.com\/wp-content\/uploads\/2023\/06\/FoxysCraft-Logo.svg\",\"width\":5906,\"height\":3163,\"caption\":\"FoxysCraft\"},\"image\":{\"@id\":\"https:\/\/foxyscraft.com\/#\/schema\/logo\/image\/\"},\"sameAs\":[\"https:\/\/www.facebook.com\/FoxysCraftLT\",\"https:\/\/www.instagram.com\/foxyscraftcom\/\"]}]}<\/script>\n<!-- \/ Yoast SEO plugin. -->","yoast_head_json":{"title":"Leather wallet for men and women \u2013 Engraving on the wallet","description":"Leather 'Origami' wallet with personalization. Your personal message or image on the wallet \u2013 a special gift for a loved one. Free engraving!","robots":{"index":"index","follow":"follow","max-snippet":"max-snippet:-1","max-image-preview":"max-image-preview:large","max-video-preview":"max-video-preview:-1"},"canonical":"https:\/\/foxyscraft.com\/en\/product\/personalized-minimalist-leather-wallet-origami\/","og_locale":"en_US","og_type":"article","og_title":"Odin\u0117 pinigin\u0117 vyrams ir moterims \u2013 Graviravimas ant pinigin\u0117s","og_description":"Odin\u0117 pinigin\u0117 \"Origami\" su personalizacija. J\u016bs\u0173 asmenin\u0117 \u017einut\u0117 ar paveiksl\u0117lis ant pinigin\u0117s \u2013 ypatinga dovana brangiam \u017emogui. Nemokamas graviravimas!","og_url":"https:\/\/foxyscraft.com\/en\/product\/personalized-minimalist-leather-wallet-origami\/","og_site_name":"FoxysCraft","article_publisher":"https:\/\/www.facebook.com\/FoxysCraftLT","article_modified_time":"2024-11-10T18:42:05+00:00","og_image":[{"width":2000,"height":2000,"url":"https:\/\/foxyscraft.com\/wp-content\/uploads\/2024\/08\/Charisma_2.jpg","type":"image\/jpeg"}],"twitter_card":"summary_large_image","twitter_misc":{"Est. reading time":"2 minutes"},"schema":{"@context":"https:\/\/schema.org","@graph":[{"@type":"WebPage","@id":"https:\/\/foxyscraft.com\/produktas\/personalizuok-odine-pinigine-origami\/","url":"https:\/\/foxyscraft.com\/produktas\/personalizuok-odine-pinigine-origami\/","name":"Leather wallet for men and women \u2013 Engraving on the wallet","isPartOf":{"@id":"https:\/\/foxyscraft.com\/#website"},"primaryImageOfPage":{"@id":"https:\/\/foxyscraft.com\/produktas\/personalizuok-odine-pinigine-origami\/#primaryimage"},"image":{"@id":"https:\/\/foxyscraft.com\/produktas\/personalizuok-odine-pinigine-origami\/#primaryimage"},"thumbnailUrl":"https:\/\/foxyscraft.com\/wp-content\/uploads\/2024\/08\/Charisma_2.jpg","datePublished":"2024-09-15T08:59:56+00:00","dateModified":"2024-11-10T18:42:05+00:00","description":"Leather 'Origami' wallet with personalization. Your personal message or image on the wallet \u2013 a special gift for a loved one. Free engraving!","breadcrumb":{"@id":"https:\/\/foxyscraft.com\/produktas\/personalizuok-odine-pinigine-origami\/#breadcrumb"},"inLanguage":"en-US","potentialAction":[{"@type":"ReadAction","target":["https:\/\/foxyscraft.com\/produktas\/personalizuok-odine-pinigine-origami\/"]}]},{"@type":"ImageObject","inLanguage":"en-US","@id":"https:\/\/foxyscraft.com\/produktas\/personalizuok-odine-pinigine-origami\/#primaryimage","url":"https:\/\/foxyscraft.com\/wp-content\/uploads\/2024\/08\/Charisma_2.jpg","contentUrl":"https:\/\/foxyscraft.com\/wp-content\/uploads\/2024\/08\/Charisma_2.jpg","width":2000,"height":2000,"caption":"Odin\u0117 pinigin\u0117 vyrams ir moterims Origami"},{"@type":"BreadcrumbList","@id":"https:\/\/foxyscraft.com\/produktas\/personalizuok-odine-pinigine-origami\/#breadcrumb","itemListElement":[{"@type":"ListItem","position":1,"name":"Home","item":"https:\/\/foxyscraft.com\/"},{"@type":"ListItem","position":2,"name":"Parduotuv\u0117","item":"https:\/\/foxyscraft.com\/parduotuve\/"},{"@type":"ListItem","position":3,"name":"Personalizuok odin\u0119 pinigin\u0119 Origami"}]},{"@type":"WebSite","@id":"https:\/\/foxyscraft.com\/#website","url":"https:\/\/foxyscraft.com\/","name":"FoxysCraft","description":"Personalized handmade accessories created with love. iPhone cases, minimalist wallets, leather bracelets, and keychains. Perfect gift ideas!","publisher":{"@id":"https:\/\/foxyscraft.com\/#organization"},"potentialAction":[{"@type":"SearchAction","target":{"@type":"EntryPoint","urlTemplate":"https:\/\/foxyscraft.com\/?s={search_term_string}"},"query-input":{"@type":"PropertyValueSpecification","valueRequired":true,"valueName":"search_term_string"}}],"inLanguage":"en-US"},{"@type":"Organization","@id":"https:\/\/foxyscraft.com\/#organization","name":"FoxysCraft","url":"https:\/\/foxyscraft.com\/","logo":{"@type":"ImageObject","inLanguage":"en-US","@id":"https:\/\/foxyscraft.com\/#\/schema\/logo\/image\/","url":"http:\/\/foxyscraft.com\/wp-content\/uploads\/2023\/06\/FoxysCraft-Logo.svg","contentUrl":"http:\/\/foxyscraft.com\/wp-content\/uploads\/2023\/06\/FoxysCraft-Logo.svg","width":5906,"height":3163,"caption":"FoxysCraft"},"image":{"@id":"https:\/\/foxyscraft.com\/#\/schema\/logo\/image\/"},"sameAs":["https:\/\/www.facebook.com\/FoxysCraftLT","https:\/\/www.instagram.com\/foxyscraftcom\/"]}]}},"_links":{"self":[{"href":"https:\/\/foxyscraft.com\/en\/wp-json\/wp\/v2\/product\/11119","targetHints":{"allow":["GET"]}}],"collection":[{"href":"https:\/\/foxyscraft.com\/en\/wp-json\/wp\/v2\/product"}],"about":[{"href":"https:\/\/foxyscraft.com\/en\/wp-json\/wp\/v2\/types\/product"}],"wp:featuredmedia":[{"embeddable":true,"href":"https:\/\/foxyscraft.com\/en\/wp-json\/wp\/v2\/media\/11012"}],"wp:attachment":[{"href":"https:\/\/foxyscraft.com\/en\/wp-json\/wp\/v2\/media?parent=11119"}],"wp:term":[{"taxonomy":"product_brand","embeddable":true,"href":"https:\/\/foxyscraft.com\/en\/wp-json\/wp\/v2\/product_brand?post=11119"},{"taxonomy":"product_cat","embeddable":true,"href":"https:\/\/foxyscraft.com\/en\/wp-json\/wp\/v2\/product_cat?post=11119"},{"taxonomy":"product_tag","embeddable":true,"href":"https:\/\/foxyscraft.com\/en\/wp-json\/wp\/v2\/product_tag?post=11119"}],"curies":[{"name":"wp","href":"https:\/\/api.w.org\/{rel}","templated":true}]}}