{"id":11163,"date":"2024-09-22T16:43:45","date_gmt":"2024-09-22T16:43:45","guid":{"rendered":"https:\/\/foxyscraft.com\/?post_type=product&#038;p=11163"},"modified":"2024-11-10T19:09:50","modified_gmt":"2024-11-10T19:09:50","slug":"raktu-pakabukas-su-jusu-automobilio-valstybiniais-numeriais","status":"publish","type":"product","link":"https:\/\/foxyscraft.com\/en\/product\/car-number-plate-keychain\/","title":{"rendered":"Car number plate keychain"},"content":{"rendered":"<p><span style=\"color: #242424;\">A handmade leather keychain is a perfect gift for someone who appreciates high-quality craftsmanship. We will engrave your car's license plate number on the keychain, adding a touch of uniqueness and exclusivity to the product.<\/span><\/p>\n<p><span style=\"color: #242424;\"><strong>About leather.<\/strong> \"Vera Pelle\" is a quality mark that guarantees the highest standards of vegetable tanning. Hand processed by Italian tanners in Tuscany region this leather stands out for its natural and authentic qualities.\nNo chemicals are used in the tanning process, only vegetable oils and natural remedies from nature. Over time, this leather ages beautifully, developing a rich patina and boasting a wonderful classic leather scent.<\/span><\/p>\n<p><span style=\"color: #242424;\"><strong>FEATURES<\/strong><\/span><\/p>\n<p><span style=\"color: #242424;\">\u2726 Made in Lithuania<\/span><br \/>\n<span style=\"color: #242424;\">\u2726 Handcrafted<\/span><br \/>\n<span style=\"color: #242424;\">\u2726 Made of Italian vegetable tanned leather<\/span><br \/>\n<span style=\"color: #242424;\">\u2726 Stainless steel key ring<\/span><br \/>\n<span style=\"color: #242424;\">\u2726 Leather part dimensions: 20 x 90 mm<\/span><br \/>\n<span style=\"color: #242424;\">\u2726 Packaged in a beautiful cardboard box<\/span><br \/>\n<span style=\"color: #242424;\">\u2726 Color: Light brown \/ Brown \/ Black<\/span><\/p>\n<p><span style=\"color: #242424;\">Due to differences in your computer screen resolution or lighting, the actual color of the items may vary slightly from what is shown in the photo.<\/span><\/p>\n<p><span style=\"color: #242424;\"><strong>Note.<\/strong> After placing an order and payment, the keychain is made within 1-3 business days.<\/span><\/p>","protected":false},"excerpt":{"rendered":"<p><strong><span style=\"color: #242424;\">CUSTOMIZE THE KEYCHAIN<\/span><\/strong><br \/>\n<span style=\"color: #242424;\">If you would like your car's license plate number engraved on the keychain, please enter the license plate number in the 'Engraving text' field.<\/span><\/p>\n<p><span style=\"color: #242424;\"><strong>Text example:<\/strong><\/span><br \/>\n<span style=\"color: #242424;\">(LT) MFC 065<\/span><\/p>\n<p><span style=\"color: #242424;\"><strong>NOTE!\u00a0<\/strong>Our designer will choose the optimal layout of your chosen text \/ image on the keychain.<\/span><\/p>","protected":false},"featured_media":11167,"template":"","meta":{"_acf_changed":false},"product_brand":[],"product_cat":[167,30],"product_tag":[],"class_list":{"0":"post-11163","1":"product","2":"type-product","3":"status-publish","4":"has-post-thumbnail","6":"product_cat-hugo-raktu-pakabukai","7":"product_cat-graviruojami-raktu-pakabukai","9":"first","10":"instock","11":"purchasable","12":"product-type-variable"},"acf":[],"yoast_head":"<!-- This site is optimized with the Yoast SEO plugin v27.4 - https:\/\/yoast.com\/product\/yoast-seo-wordpress\/ -->\n<title>Rakt\u0173 pakabukas su j\u016bs\u0173 automobilio valstybiniais numeriais<\/title>\n<meta name=\"description\" content=\"Odiniai rakt\u0173 pakabukai su j\u016bs\u0173 automobilio valstybiniais numeriais. Nat\u016brali oda. Nemokamas graviravimas! Greitas pristatymas. Unikali dovana.\" \/>\n<meta name=\"robots\" content=\"index, follow, max-snippet:-1, max-image-preview:large, max-video-preview:-1\" \/>\n<link rel=\"canonical\" href=\"https:\/\/foxyscraft.com\/en\/product\/car-number-plate-keychain\/\" \/>\n<meta property=\"og:locale\" content=\"en_US\" \/>\n<meta property=\"og:type\" content=\"article\" \/>\n<meta property=\"og:title\" content=\"Rakt\u0173 pakabukas su j\u016bs\u0173 automobilio valstybiniais numeriais\" \/>\n<meta property=\"og:description\" content=\"Odiniai rakt\u0173 pakabukai su j\u016bs\u0173 automobilio valstybiniais numeriais. Nat\u016brali oda. Nemokamas graviravimas! Greitas pristatymas. Unikali dovana.\" \/>\n<meta property=\"og:url\" content=\"https:\/\/foxyscraft.com\/en\/product\/car-number-plate-keychain\/\" \/>\n<meta property=\"og:site_name\" content=\"FoxysCraft\" \/>\n<meta property=\"article:publisher\" content=\"https:\/\/www.facebook.com\/FoxysCraftLT\" \/>\n<meta property=\"article:modified_time\" content=\"2024-11-10T19:09:50+00:00\" \/>\n<meta property=\"og:image\" content=\"https:\/\/foxyscraft.com\/wp-content\/uploads\/2024\/09\/Leather-Keychaun-Light-Brown_23-1024x1024.jpg\" \/>\n\t<meta property=\"og:image:width\" content=\"1024\" \/>\n\t<meta property=\"og:image:height\" content=\"1024\" \/>\n\t<meta property=\"og:image:type\" content=\"image\/jpeg\" \/>\n<meta name=\"twitter:card\" content=\"summary_large_image\" \/>\n<meta name=\"twitter:label1\" content=\"Est. reading time\" \/>\n\t<meta name=\"twitter:data1\" content=\"2 minutes\" \/>\n<script type=\"application\/ld+json\" class=\"yoast-schema-graph\">{\"@context\":\"https:\\\/\\\/schema.org\",\"@graph\":[{\"@type\":\"WebPage\",\"@id\":\"https:\\\/\\\/foxyscraft.com\\\/produktas\\\/raktu-pakabukas-su-jusu-automobilio-valstybiniais-numeriais\\\/\",\"url\":\"https:\\\/\\\/foxyscraft.com\\\/produktas\\\/raktu-pakabukas-su-jusu-automobilio-valstybiniais-numeriais\\\/\",\"name\":\"Rakt\u0173 pakabukas su j\u016bs\u0173 automobilio valstybiniais numeriais\",\"isPartOf\":{\"@id\":\"https:\\\/\\\/foxyscraft.com\\\/#website\"},\"primaryImageOfPage\":{\"@id\":\"https:\\\/\\\/foxyscraft.com\\\/produktas\\\/raktu-pakabukas-su-jusu-automobilio-valstybiniais-numeriais\\\/#primaryimage\"},\"image\":{\"@id\":\"https:\\\/\\\/foxyscraft.com\\\/produktas\\\/raktu-pakabukas-su-jusu-automobilio-valstybiniais-numeriais\\\/#primaryimage\"},\"thumbnailUrl\":\"https:\\\/\\\/foxyscraft.com\\\/wp-content\\\/uploads\\\/2024\\\/09\\\/Leather-Keychaun-Light-Brown_23.jpg\",\"datePublished\":\"2024-09-22T16:43:45+00:00\",\"dateModified\":\"2024-11-10T19:09:50+00:00\",\"description\":\"Odiniai rakt\u0173 pakabukai su j\u016bs\u0173 automobilio valstybiniais numeriais. Nat\u016brali oda. Nemokamas graviravimas! Greitas pristatymas. Unikali dovana.\",\"breadcrumb\":{\"@id\":\"https:\\\/\\\/foxyscraft.com\\\/produktas\\\/raktu-pakabukas-su-jusu-automobilio-valstybiniais-numeriais\\\/#breadcrumb\"},\"inLanguage\":\"en-US\",\"potentialAction\":[{\"@type\":\"ReadAction\",\"target\":[\"https:\\\/\\\/foxyscraft.com\\\/produktas\\\/raktu-pakabukas-su-jusu-automobilio-valstybiniais-numeriais\\\/\"]}]},{\"@type\":\"ImageObject\",\"inLanguage\":\"en-US\",\"@id\":\"https:\\\/\\\/foxyscraft.com\\\/produktas\\\/raktu-pakabukas-su-jusu-automobilio-valstybiniais-numeriais\\\/#primaryimage\",\"url\":\"https:\\\/\\\/foxyscraft.com\\\/wp-content\\\/uploads\\\/2024\\\/09\\\/Leather-Keychaun-Light-Brown_23.jpg\",\"contentUrl\":\"https:\\\/\\\/foxyscraft.com\\\/wp-content\\\/uploads\\\/2024\\\/09\\\/Leather-Keychaun-Light-Brown_23.jpg\",\"width\":2000,\"height\":2000},{\"@type\":\"BreadcrumbList\",\"@id\":\"https:\\\/\\\/foxyscraft.com\\\/produktas\\\/raktu-pakabukas-su-jusu-automobilio-valstybiniais-numeriais\\\/#breadcrumb\",\"itemListElement\":[{\"@type\":\"ListItem\",\"position\":1,\"name\":\"Home\",\"item\":\"https:\\\/\\\/foxyscraft.com\\\/\"},{\"@type\":\"ListItem\",\"position\":2,\"name\":\"Parduotuv\u0117\",\"item\":\"https:\\\/\\\/foxyscraft.com\\\/parduotuve\\\/\"},{\"@type\":\"ListItem\",\"position\":3,\"name\":\"Rakt\u0173 pakabukas su j\u016bs\u0173 automobilio valstybiniais numeriais\"}]},{\"@type\":\"WebSite\",\"@id\":\"https:\\\/\\\/foxyscraft.com\\\/#website\",\"url\":\"https:\\\/\\\/foxyscraft.com\\\/\",\"name\":\"FoxysCraft\",\"description\":\"Personalizuoti rank\u0173 darbo aksesuarai sukurti Lietuvoje. iPhone d\u0117klai, odin\u0117s apyrank\u0117s, rakt\u0173 pakabukai ir pinigin\u0117s. Puikios dovan\u0173 id\u0117jos!\",\"publisher\":{\"@id\":\"https:\\\/\\\/foxyscraft.com\\\/#organization\"},\"potentialAction\":[{\"@type\":\"SearchAction\",\"target\":{\"@type\":\"EntryPoint\",\"urlTemplate\":\"https:\\\/\\\/foxyscraft.com\\\/?s={search_term_string}\"},\"query-input\":{\"@type\":\"PropertyValueSpecification\",\"valueRequired\":true,\"valueName\":\"search_term_string\"}}],\"inLanguage\":\"en-US\"},{\"@type\":\"Organization\",\"@id\":\"https:\\\/\\\/foxyscraft.com\\\/#organization\",\"name\":\"FoxysCraft\",\"url\":\"https:\\\/\\\/foxyscraft.com\\\/\",\"logo\":{\"@type\":\"ImageObject\",\"inLanguage\":\"en-US\",\"@id\":\"https:\\\/\\\/foxyscraft.com\\\/#\\\/schema\\\/logo\\\/image\\\/\",\"url\":\"http:\\\/\\\/foxyscraft.com\\\/wp-content\\\/uploads\\\/2023\\\/06\\\/FoxysCraft-Logo.svg\",\"contentUrl\":\"http:\\\/\\\/foxyscraft.com\\\/wp-content\\\/uploads\\\/2023\\\/06\\\/FoxysCraft-Logo.svg\",\"width\":5906,\"height\":3163,\"caption\":\"FoxysCraft\"},\"image\":{\"@id\":\"https:\\\/\\\/foxyscraft.com\\\/#\\\/schema\\\/logo\\\/image\\\/\"},\"sameAs\":[\"https:\\\/\\\/www.facebook.com\\\/FoxysCraftLT\",\"https:\\\/\\\/www.instagram.com\\\/foxyscraftcom\\\/\"]}]}<\/script>\n<!-- \/ Yoast SEO plugin. -->","yoast_head_json":{"title":"Car number plate keychain","description":"Leather keychains with your car's license plate number. Italian leather. Free engraving! Fast shipping. A unique gift.","robots":{"index":"index","follow":"follow","max-snippet":"max-snippet:-1","max-image-preview":"max-image-preview:large","max-video-preview":"max-video-preview:-1"},"canonical":"https:\/\/foxyscraft.com\/en\/product\/car-number-plate-keychain\/","og_locale":"en_US","og_type":"article","og_title":"Rakt\u0173 pakabukas su j\u016bs\u0173 automobilio valstybiniais numeriais","og_description":"Odiniai rakt\u0173 pakabukai su j\u016bs\u0173 automobilio valstybiniais numeriais. Nat\u016brali oda. Nemokamas graviravimas! Greitas pristatymas. Unikali dovana.","og_url":"https:\/\/foxyscraft.com\/en\/product\/car-number-plate-keychain\/","og_site_name":"FoxysCraft","article_publisher":"https:\/\/www.facebook.com\/FoxysCraftLT","article_modified_time":"2024-11-10T19:09:50+00:00","og_image":[{"width":1024,"height":1024,"url":"https:\/\/foxyscraft.com\/wp-content\/uploads\/2024\/09\/Leather-Keychaun-Light-Brown_23-1024x1024.jpg","type":"image\/jpeg"}],"twitter_card":"summary_large_image","twitter_misc":{"Est. reading time":"2 minutes"},"schema":{"@context":"https:\/\/schema.org","@graph":[{"@type":"WebPage","@id":"https:\/\/foxyscraft.com\/produktas\/raktu-pakabukas-su-jusu-automobilio-valstybiniais-numeriais\/","url":"https:\/\/foxyscraft.com\/produktas\/raktu-pakabukas-su-jusu-automobilio-valstybiniais-numeriais\/","name":"Car number plate keychain","isPartOf":{"@id":"https:\/\/foxyscraft.com\/#website"},"primaryImageOfPage":{"@id":"https:\/\/foxyscraft.com\/produktas\/raktu-pakabukas-su-jusu-automobilio-valstybiniais-numeriais\/#primaryimage"},"image":{"@id":"https:\/\/foxyscraft.com\/produktas\/raktu-pakabukas-su-jusu-automobilio-valstybiniais-numeriais\/#primaryimage"},"thumbnailUrl":"https:\/\/foxyscraft.com\/wp-content\/uploads\/2024\/09\/Leather-Keychaun-Light-Brown_23.jpg","datePublished":"2024-09-22T16:43:45+00:00","dateModified":"2024-11-10T19:09:50+00:00","description":"Leather keychains with your car's license plate number. Italian leather. Free engraving! Fast shipping. A unique gift.","breadcrumb":{"@id":"https:\/\/foxyscraft.com\/produktas\/raktu-pakabukas-su-jusu-automobilio-valstybiniais-numeriais\/#breadcrumb"},"inLanguage":"en-US","potentialAction":[{"@type":"ReadAction","target":["https:\/\/foxyscraft.com\/produktas\/raktu-pakabukas-su-jusu-automobilio-valstybiniais-numeriais\/"]}]},{"@type":"ImageObject","inLanguage":"en-US","@id":"https:\/\/foxyscraft.com\/produktas\/raktu-pakabukas-su-jusu-automobilio-valstybiniais-numeriais\/#primaryimage","url":"https:\/\/foxyscraft.com\/wp-content\/uploads\/2024\/09\/Leather-Keychaun-Light-Brown_23.jpg","contentUrl":"https:\/\/foxyscraft.com\/wp-content\/uploads\/2024\/09\/Leather-Keychaun-Light-Brown_23.jpg","width":2000,"height":2000},{"@type":"BreadcrumbList","@id":"https:\/\/foxyscraft.com\/produktas\/raktu-pakabukas-su-jusu-automobilio-valstybiniais-numeriais\/#breadcrumb","itemListElement":[{"@type":"ListItem","position":1,"name":"Home","item":"https:\/\/foxyscraft.com\/"},{"@type":"ListItem","position":2,"name":"Parduotuv\u0117","item":"https:\/\/foxyscraft.com\/parduotuve\/"},{"@type":"ListItem","position":3,"name":"Rakt\u0173 pakabukas su j\u016bs\u0173 automobilio valstybiniais numeriais"}]},{"@type":"WebSite","@id":"https:\/\/foxyscraft.com\/#website","url":"https:\/\/foxyscraft.com\/","name":"FoxysCraft","description":"Personalized handmade accessories created with love. iPhone cases, minimalist wallets, leather bracelets, and keychains. Perfect gift ideas!","publisher":{"@id":"https:\/\/foxyscraft.com\/#organization"},"potentialAction":[{"@type":"SearchAction","target":{"@type":"EntryPoint","urlTemplate":"https:\/\/foxyscraft.com\/?s={search_term_string}"},"query-input":{"@type":"PropertyValueSpecification","valueRequired":true,"valueName":"search_term_string"}}],"inLanguage":"en-US"},{"@type":"Organization","@id":"https:\/\/foxyscraft.com\/#organization","name":"FoxysCraft","url":"https:\/\/foxyscraft.com\/","logo":{"@type":"ImageObject","inLanguage":"en-US","@id":"https:\/\/foxyscraft.com\/#\/schema\/logo\/image\/","url":"http:\/\/foxyscraft.com\/wp-content\/uploads\/2023\/06\/FoxysCraft-Logo.svg","contentUrl":"http:\/\/foxyscraft.com\/wp-content\/uploads\/2023\/06\/FoxysCraft-Logo.svg","width":5906,"height":3163,"caption":"FoxysCraft"},"image":{"@id":"https:\/\/foxyscraft.com\/#\/schema\/logo\/image\/"},"sameAs":["https:\/\/www.facebook.com\/FoxysCraftLT","https:\/\/www.instagram.com\/foxyscraftcom\/"]}]}},"_links":{"self":[{"href":"https:\/\/foxyscraft.com\/en\/wp-json\/wp\/v2\/product\/11163","targetHints":{"allow":["GET"]}}],"collection":[{"href":"https:\/\/foxyscraft.com\/en\/wp-json\/wp\/v2\/product"}],"about":[{"href":"https:\/\/foxyscraft.com\/en\/wp-json\/wp\/v2\/types\/product"}],"wp:featuredmedia":[{"embeddable":true,"href":"https:\/\/foxyscraft.com\/en\/wp-json\/wp\/v2\/media\/11167"}],"wp:attachment":[{"href":"https:\/\/foxyscraft.com\/en\/wp-json\/wp\/v2\/media?parent=11163"}],"wp:term":[{"taxonomy":"product_brand","embeddable":true,"href":"https:\/\/foxyscraft.com\/en\/wp-json\/wp\/v2\/product_brand?post=11163"},{"taxonomy":"product_cat","embeddable":true,"href":"https:\/\/foxyscraft.com\/en\/wp-json\/wp\/v2\/product_cat?post=11163"},{"taxonomy":"product_tag","embeddable":true,"href":"https:\/\/foxyscraft.com\/en\/wp-json\/wp\/v2\/product_tag?post=11163"}],"curies":[{"name":"wp","href":"https:\/\/api.w.org\/{rel}","templated":true}]}}