{"id":8482,"date":"2024-01-31T18:15:44","date_gmt":"2024-01-31T18:15:44","guid":{"rendered":"https:\/\/foxyscraft.com\/?post_type=product&#038;p=8482"},"modified":"2024-11-10T18:29:06","modified_gmt":"2024-11-10T18:29:06","slug":"odine-pinigine-elegant-sviesiai-ruda","status":"publish","type":"product","link":"https:\/\/foxyscraft.com\/en\/product\/leather-wallet-elegant-light-brown\/","title":{"rendered":"Odin\u0117 pinigin\u0117 Elegant [\u0160viesiai ruda]"},"content":{"rendered":"<p><span style=\"color: #2f2f2f;\">Small, practical and stylish \u2013 a perfect gift for both men and women!<\/span><\/p>\n<p><span style=\"color: #2f2f2f;\"><strong>\u2713<\/strong> One inner compartment hold up to 7 plastic cards.<\/span><br \/>\n<span style=\"color: #2f2f2f;\"><strong>\u2713<\/strong> Compartment for unfolded banknotes.<\/span><br \/>\n<span style=\"color: #2f2f2f;\"><strong>\u2713<\/strong> Small enough in size to easily fit into your pocket.<\/span><\/p>\n<p><span style=\"color: #2f2f2f;\">The wallet is made of durable Italian vegetable tanned leather, which reveals even more beauty over time and stays unique. The skin is firm, so the product retains its shape.<\/span><\/p>\n<p><span style=\"color: #2f2f2f;\"><strong>Personalization.<\/strong> This is a perfect gift for someone who appreciates quality handicraft. You can choose to engrave special text, initials, date or image which will make your wallet unique.<\/span><\/p>\n<p><span style=\"color: #2f2f2f;\"><strong>About leather.<\/strong> \"Vera Pelle\" is a quality mark that guarantees the highest standards of vegetable tanning. Hand processed by Italian tanners in Tuscany region this leather stands out for its natural and authentic qualities.\nNo chemicals are used in the tanning process, only vegetable oils and natural remedies from nature. Over time, this leather ages beautifully, developing a rich patina and boasting a wonderful classic leather scent.<\/span><\/p>\n<p><span style=\"color: #2f2f2f;\"><strong>Note<\/strong>. After placing an order and payment, the wallet is made within 1-3 business days.<\/span><\/p>\n<p><span style=\"color: #2f2f2f;\">\u2726 Made in Lithuania<\/span><br \/>\n<span style=\"color: #2f2f2f;\">\u2726 Handcrafted<\/span><br \/>\n<span style=\"color: #2f2f2f;\">\u2726 Unique design<\/span><br \/>\n<span style=\"color: #2f2f2f;\">\u2726 Made of Italian vegetable tanned leather<\/span><br \/>\n<span style=\"color: #2f2f2f;\">\u2726 Sewn by hand using a waxed polyester thread<\/span><br \/>\n<span style=\"color: #2f2f2f;\">\u2726 Packaged in a beautiful cardboard box<\/span><br \/>\n<span style=\"color: #2f2f2f;\">\u2726 Dimensions: 7,4 x 9,3 cm<\/span><br \/>\n<span style=\"color: #2f2f2f;\">\u2726 Color: Light brown<\/span><\/p>\n<p><span style=\"color: #2f2f2f;\">Due to differences in your computer screen resolution or lighting, the actual color of the items may vary slightly from what is shown in the photo.<\/span><\/p>","protected":false},"excerpt":{"rendered":"<p><span style=\"color: #2f2f2f;\">If you'd like your text or image engraved on the wallet, provide your text example in the \"Enter engraving text\" field.<\/span><\/p>\n<p><span style=\"color: #2f2f2f;\"><strong>Text example:<\/strong><\/span><br \/>\n<span style=\"color: #2f2f2f;\">Love you to the moon and back (Image 19)<\/span><\/p>\n<p><span style=\"color: #2f2f2f;\"><strong>NOTE!\u00a0<\/strong>Our designer will choose the optimal layout of your chosen text \/ image on the wallet.<\/span><\/p>","protected":false},"featured_media":10142,"template":"","meta":{"_acf_changed":false},"product_brand":[],"product_cat":[31],"product_tag":[],"class_list":{"0":"post-8482","1":"product","2":"type-product","3":"status-publish","4":"has-post-thumbnail","6":"product_cat-odines-pinigines","8":"first","9":"instock","10":"sale","11":"shipping-taxable","12":"purchasable","13":"product-type-variable"},"acf":[],"yoast_head":"<!-- This site is optimized with the Yoast SEO plugin v27.4 - https:\/\/yoast.com\/product\/yoast-seo-wordpress\/ -->\n<title>\u0160viesiai ruda odin\u0117 minimalistin\u0117 pinigin\u0117 \u2013 FoxysCraft.com<\/title>\n<meta name=\"description\" content=\"Rank\u0173 darbo odin\u0117 pinigin\u0117 tinkanti vyrams ir moterims. Su graviravimu! I\u0161 itali\u0161kos odos. Auk\u0161\u010diausia kokyb\u0117. Eleganti\u0161kas dizainas. Puiki dovana!\" \/>\n<meta name=\"robots\" content=\"index, follow, max-snippet:-1, max-image-preview:large, max-video-preview:-1\" \/>\n<link rel=\"canonical\" href=\"https:\/\/foxyscraft.com\/en\/product\/leather-wallet-elegant-light-brown\/\" \/>\n<meta property=\"og:locale\" content=\"en_US\" \/>\n<meta property=\"og:type\" content=\"article\" \/>\n<meta property=\"og:title\" content=\"\u0160viesiai ruda odin\u0117 minimalistin\u0117 pinigin\u0117 \u2013 FoxysCraft.com\" \/>\n<meta property=\"og:description\" content=\"Rank\u0173 darbo odin\u0117 pinigin\u0117 tinkanti vyrams ir moterims. Su graviravimu! I\u0161 itali\u0161kos odos. Auk\u0161\u010diausia kokyb\u0117. Eleganti\u0161kas dizainas. Puiki dovana!\" \/>\n<meta property=\"og:url\" content=\"https:\/\/foxyscraft.com\/en\/product\/leather-wallet-elegant-light-brown\/\" \/>\n<meta property=\"og:site_name\" content=\"FoxysCraft\" \/>\n<meta property=\"article:publisher\" content=\"https:\/\/www.facebook.com\/FoxysCraftLT\" \/>\n<meta property=\"article:modified_time\" content=\"2024-11-10T18:29:06+00:00\" \/>\n<meta property=\"og:image\" content=\"https:\/\/foxyscraft.com\/wp-content\/uploads\/2024\/01\/Leather-Wallet_15.jpg\" \/>\n\t<meta property=\"og:image:width\" content=\"2000\" \/>\n\t<meta property=\"og:image:height\" content=\"2000\" \/>\n\t<meta property=\"og:image:type\" content=\"image\/jpeg\" \/>\n<meta name=\"twitter:card\" content=\"summary_large_image\" \/>\n<meta name=\"twitter:label1\" content=\"Est. reading time\" \/>\n\t<meta name=\"twitter:data1\" content=\"2 minutes\" \/>\n<script type=\"application\/ld+json\" class=\"yoast-schema-graph\">{\"@context\":\"https:\\\/\\\/schema.org\",\"@graph\":[{\"@type\":\"WebPage\",\"@id\":\"https:\\\/\\\/foxyscraft.com\\\/produktas\\\/odine-pinigine-elegant-sviesiai-ruda\\\/\",\"url\":\"https:\\\/\\\/foxyscraft.com\\\/produktas\\\/odine-pinigine-elegant-sviesiai-ruda\\\/\",\"name\":\"\u0160viesiai ruda odin\u0117 minimalistin\u0117 pinigin\u0117 \u2013 FoxysCraft.com\",\"isPartOf\":{\"@id\":\"https:\\\/\\\/foxyscraft.com\\\/#website\"},\"primaryImageOfPage\":{\"@id\":\"https:\\\/\\\/foxyscraft.com\\\/produktas\\\/odine-pinigine-elegant-sviesiai-ruda\\\/#primaryimage\"},\"image\":{\"@id\":\"https:\\\/\\\/foxyscraft.com\\\/produktas\\\/odine-pinigine-elegant-sviesiai-ruda\\\/#primaryimage\"},\"thumbnailUrl\":\"https:\\\/\\\/foxyscraft.com\\\/wp-content\\\/uploads\\\/2024\\\/01\\\/Leather-Wallet_15.jpg\",\"datePublished\":\"2024-01-31T18:15:44+00:00\",\"dateModified\":\"2024-11-10T18:29:06+00:00\",\"description\":\"Rank\u0173 darbo odin\u0117 pinigin\u0117 tinkanti vyrams ir moterims. Su graviravimu! I\u0161 itali\u0161kos odos. Auk\u0161\u010diausia kokyb\u0117. Eleganti\u0161kas dizainas. Puiki dovana!\",\"breadcrumb\":{\"@id\":\"https:\\\/\\\/foxyscraft.com\\\/produktas\\\/odine-pinigine-elegant-sviesiai-ruda\\\/#breadcrumb\"},\"inLanguage\":\"en-US\",\"potentialAction\":[{\"@type\":\"ReadAction\",\"target\":[\"https:\\\/\\\/foxyscraft.com\\\/produktas\\\/odine-pinigine-elegant-sviesiai-ruda\\\/\"]}]},{\"@type\":\"ImageObject\",\"inLanguage\":\"en-US\",\"@id\":\"https:\\\/\\\/foxyscraft.com\\\/produktas\\\/odine-pinigine-elegant-sviesiai-ruda\\\/#primaryimage\",\"url\":\"https:\\\/\\\/foxyscraft.com\\\/wp-content\\\/uploads\\\/2024\\\/01\\\/Leather-Wallet_15.jpg\",\"contentUrl\":\"https:\\\/\\\/foxyscraft.com\\\/wp-content\\\/uploads\\\/2024\\\/01\\\/Leather-Wallet_15.jpg\",\"width\":2000,\"height\":2000,\"caption\":\"Minimalistin\u0117 odin\u0117 pinigin\u0117 Elegant\"},{\"@type\":\"BreadcrumbList\",\"@id\":\"https:\\\/\\\/foxyscraft.com\\\/produktas\\\/odine-pinigine-elegant-sviesiai-ruda\\\/#breadcrumb\",\"itemListElement\":[{\"@type\":\"ListItem\",\"position\":1,\"name\":\"Home\",\"item\":\"https:\\\/\\\/foxyscraft.com\\\/\"},{\"@type\":\"ListItem\",\"position\":2,\"name\":\"Parduotuv\u0117\",\"item\":\"https:\\\/\\\/foxyscraft.com\\\/parduotuve\\\/\"},{\"@type\":\"ListItem\",\"position\":3,\"name\":\"Odin\u0117 pinigin\u0117 Elegant [\u0160viesiai ruda]\"}]},{\"@type\":\"WebSite\",\"@id\":\"https:\\\/\\\/foxyscraft.com\\\/#website\",\"url\":\"https:\\\/\\\/foxyscraft.com\\\/\",\"name\":\"FoxysCraft\",\"description\":\"Personalizuoti rank\u0173 darbo aksesuarai sukurti Lietuvoje. iPhone d\u0117klai, odin\u0117s apyrank\u0117s, rakt\u0173 pakabukai ir pinigin\u0117s. Puikios dovan\u0173 id\u0117jos!\",\"publisher\":{\"@id\":\"https:\\\/\\\/foxyscraft.com\\\/#organization\"},\"potentialAction\":[{\"@type\":\"SearchAction\",\"target\":{\"@type\":\"EntryPoint\",\"urlTemplate\":\"https:\\\/\\\/foxyscraft.com\\\/?s={search_term_string}\"},\"query-input\":{\"@type\":\"PropertyValueSpecification\",\"valueRequired\":true,\"valueName\":\"search_term_string\"}}],\"inLanguage\":\"en-US\"},{\"@type\":\"Organization\",\"@id\":\"https:\\\/\\\/foxyscraft.com\\\/#organization\",\"name\":\"FoxysCraft\",\"url\":\"https:\\\/\\\/foxyscraft.com\\\/\",\"logo\":{\"@type\":\"ImageObject\",\"inLanguage\":\"en-US\",\"@id\":\"https:\\\/\\\/foxyscraft.com\\\/#\\\/schema\\\/logo\\\/image\\\/\",\"url\":\"http:\\\/\\\/foxyscraft.com\\\/wp-content\\\/uploads\\\/2023\\\/06\\\/FoxysCraft-Logo.svg\",\"contentUrl\":\"http:\\\/\\\/foxyscraft.com\\\/wp-content\\\/uploads\\\/2023\\\/06\\\/FoxysCraft-Logo.svg\",\"width\":5906,\"height\":3163,\"caption\":\"FoxysCraft\"},\"image\":{\"@id\":\"https:\\\/\\\/foxyscraft.com\\\/#\\\/schema\\\/logo\\\/image\\\/\"},\"sameAs\":[\"https:\\\/\\\/www.facebook.com\\\/FoxysCraftLT\",\"https:\\\/\\\/www.instagram.com\\\/foxyscraftcom\\\/\"]}]}<\/script>\n<!-- \/ Yoast SEO plugin. -->","yoast_head_json":{"title":"Light Brown Leather Minimalist Wallet \u2013 FoxysCraft.com","description":"Handmade leather wallet suitable for men and women. With engraving! Made of Italian leather. Highest quality. Elegant design. Perfect gift for everyone!","robots":{"index":"index","follow":"follow","max-snippet":"max-snippet:-1","max-image-preview":"max-image-preview:large","max-video-preview":"max-video-preview:-1"},"canonical":"https:\/\/foxyscraft.com\/en\/product\/leather-wallet-elegant-light-brown\/","og_locale":"en_US","og_type":"article","og_title":"\u0160viesiai ruda odin\u0117 minimalistin\u0117 pinigin\u0117 \u2013 FoxysCraft.com","og_description":"Rank\u0173 darbo odin\u0117 pinigin\u0117 tinkanti vyrams ir moterims. Su graviravimu! I\u0161 itali\u0161kos odos. Auk\u0161\u010diausia kokyb\u0117. Eleganti\u0161kas dizainas. Puiki dovana!","og_url":"https:\/\/foxyscraft.com\/en\/product\/leather-wallet-elegant-light-brown\/","og_site_name":"FoxysCraft","article_publisher":"https:\/\/www.facebook.com\/FoxysCraftLT","article_modified_time":"2024-11-10T18:29:06+00:00","og_image":[{"width":2000,"height":2000,"url":"https:\/\/foxyscraft.com\/wp-content\/uploads\/2024\/01\/Leather-Wallet_15.jpg","type":"image\/jpeg"}],"twitter_card":"summary_large_image","twitter_misc":{"Est. reading time":"2 minutes"},"schema":{"@context":"https:\/\/schema.org","@graph":[{"@type":"WebPage","@id":"https:\/\/foxyscraft.com\/produktas\/odine-pinigine-elegant-sviesiai-ruda\/","url":"https:\/\/foxyscraft.com\/produktas\/odine-pinigine-elegant-sviesiai-ruda\/","name":"Light Brown Leather Minimalist Wallet \u2013 FoxysCraft.com","isPartOf":{"@id":"https:\/\/foxyscraft.com\/#website"},"primaryImageOfPage":{"@id":"https:\/\/foxyscraft.com\/produktas\/odine-pinigine-elegant-sviesiai-ruda\/#primaryimage"},"image":{"@id":"https:\/\/foxyscraft.com\/produktas\/odine-pinigine-elegant-sviesiai-ruda\/#primaryimage"},"thumbnailUrl":"https:\/\/foxyscraft.com\/wp-content\/uploads\/2024\/01\/Leather-Wallet_15.jpg","datePublished":"2024-01-31T18:15:44+00:00","dateModified":"2024-11-10T18:29:06+00:00","description":"Handmade leather wallet suitable for men and women. With engraving! Made of Italian leather. Highest quality. Elegant design. Perfect gift for everyone!","breadcrumb":{"@id":"https:\/\/foxyscraft.com\/produktas\/odine-pinigine-elegant-sviesiai-ruda\/#breadcrumb"},"inLanguage":"en-US","potentialAction":[{"@type":"ReadAction","target":["https:\/\/foxyscraft.com\/produktas\/odine-pinigine-elegant-sviesiai-ruda\/"]}]},{"@type":"ImageObject","inLanguage":"en-US","@id":"https:\/\/foxyscraft.com\/produktas\/odine-pinigine-elegant-sviesiai-ruda\/#primaryimage","url":"https:\/\/foxyscraft.com\/wp-content\/uploads\/2024\/01\/Leather-Wallet_15.jpg","contentUrl":"https:\/\/foxyscraft.com\/wp-content\/uploads\/2024\/01\/Leather-Wallet_15.jpg","width":2000,"height":2000,"caption":"Minimalistin\u0117 odin\u0117 pinigin\u0117 Elegant"},{"@type":"BreadcrumbList","@id":"https:\/\/foxyscraft.com\/produktas\/odine-pinigine-elegant-sviesiai-ruda\/#breadcrumb","itemListElement":[{"@type":"ListItem","position":1,"name":"Home","item":"https:\/\/foxyscraft.com\/"},{"@type":"ListItem","position":2,"name":"Parduotuv\u0117","item":"https:\/\/foxyscraft.com\/parduotuve\/"},{"@type":"ListItem","position":3,"name":"Odin\u0117 pinigin\u0117 Elegant [\u0160viesiai ruda]"}]},{"@type":"WebSite","@id":"https:\/\/foxyscraft.com\/#website","url":"https:\/\/foxyscraft.com\/","name":"FoxysCraft","description":"Personalized handmade accessories created with love. iPhone cases, minimalist wallets, leather bracelets, and keychains. Perfect gift ideas!","publisher":{"@id":"https:\/\/foxyscraft.com\/#organization"},"potentialAction":[{"@type":"SearchAction","target":{"@type":"EntryPoint","urlTemplate":"https:\/\/foxyscraft.com\/?s={search_term_string}"},"query-input":{"@type":"PropertyValueSpecification","valueRequired":true,"valueName":"search_term_string"}}],"inLanguage":"en-US"},{"@type":"Organization","@id":"https:\/\/foxyscraft.com\/#organization","name":"FoxysCraft","url":"https:\/\/foxyscraft.com\/","logo":{"@type":"ImageObject","inLanguage":"en-US","@id":"https:\/\/foxyscraft.com\/#\/schema\/logo\/image\/","url":"http:\/\/foxyscraft.com\/wp-content\/uploads\/2023\/06\/FoxysCraft-Logo.svg","contentUrl":"http:\/\/foxyscraft.com\/wp-content\/uploads\/2023\/06\/FoxysCraft-Logo.svg","width":5906,"height":3163,"caption":"FoxysCraft"},"image":{"@id":"https:\/\/foxyscraft.com\/#\/schema\/logo\/image\/"},"sameAs":["https:\/\/www.facebook.com\/FoxysCraftLT","https:\/\/www.instagram.com\/foxyscraftcom\/"]}]}},"_links":{"self":[{"href":"https:\/\/foxyscraft.com\/en\/wp-json\/wp\/v2\/product\/8482","targetHints":{"allow":["GET"]}}],"collection":[{"href":"https:\/\/foxyscraft.com\/en\/wp-json\/wp\/v2\/product"}],"about":[{"href":"https:\/\/foxyscraft.com\/en\/wp-json\/wp\/v2\/types\/product"}],"wp:featuredmedia":[{"embeddable":true,"href":"https:\/\/foxyscraft.com\/en\/wp-json\/wp\/v2\/media\/10142"}],"wp:attachment":[{"href":"https:\/\/foxyscraft.com\/en\/wp-json\/wp\/v2\/media?parent=8482"}],"wp:term":[{"taxonomy":"product_brand","embeddable":true,"href":"https:\/\/foxyscraft.com\/en\/wp-json\/wp\/v2\/product_brand?post=8482"},{"taxonomy":"product_cat","embeddable":true,"href":"https:\/\/foxyscraft.com\/en\/wp-json\/wp\/v2\/product_cat?post=8482"},{"taxonomy":"product_tag","embeddable":true,"href":"https:\/\/foxyscraft.com\/en\/wp-json\/wp\/v2\/product_tag?post=8482"}],"curies":[{"name":"wp","href":"https:\/\/api.w.org\/{rel}","templated":true}]}}