{"id":8486,"date":"2024-01-31T18:23:45","date_gmt":"2024-01-31T18:23:45","guid":{"rendered":"https:\/\/foxyscraft.com\/?post_type=product&#038;p=8486"},"modified":"2024-11-10T18:33:58","modified_gmt":"2024-11-10T18:33:58","slug":"odine-pinigine-charizma-ruda","status":"publish","type":"product","link":"https:\/\/foxyscraft.com\/en\/product\/leather-wallet-charisma-brown\/","title":{"rendered":"Odin\u0117 pinigin\u0117 Charizma [Ruda]"},"content":{"rendered":"<p><span style=\"color: #2f2f2f;\">Handcrafted minimalist leather wallet Charisma for cards and cash.<\/span><\/p>\n<p><span style=\"color: #2f2f2f;\">Small, practical and stylish \u2013 a perfect gift for both men and women!<\/span><\/p>\n<p><span style=\"color: #2f2f2f;\"><strong>\u2713<\/strong> The wallet is made of a single leather lining, folded in a special technique and sewn with only one seam.<\/span><br \/>\n<span style=\"color: #2f2f2f;\"><strong>\u2713<\/strong> One inner compartment hold 6 to 8 plastic cards.<\/span><br \/>\n<span style=\"color: #2f2f2f;\"><strong>\u2713<\/strong> On the backside of the wallet fits folded banknotes.<\/span><br \/>\n<span style=\"color: #2f2f2f;\"><strong>\u2713<\/strong> Small enough in size to easily fit into your pocket.<\/span><\/p>\n<p><span style=\"color: #2f2f2f;\">The wallet is made of durable Italian vegetable tanned leather, which reveals even more beauty over time and stays unique. The skin is firm, so the product retains its shape.<\/span><\/p>\n<p><span style=\"color: #2f2f2f;\"><strong>Personalization.<\/strong> This is a perfect gift for someone who appreciates quality handicraft. You can choose to engrave special text, initials, date or image which will make your wallet unique.<\/span><\/p>\n<p><span style=\"color: #2f2f2f;\"><strong>About leather.<\/strong> \"Vera Pelle\" is a quality mark that guarantees the highest standards of vegetable tanning. Hand processed by Italian tanners in Tuscany region this leather stands out for its natural and authentic qualities.\nNo chemicals are used in the tanning process, only vegetable oils and natural remedies from nature. Over time, this leather ages beautifully, developing a rich patina and boasting a wonderful classic leather scent.<\/span><\/p>\n<p><span style=\"color: #2f2f2f;\"><strong>Note.<\/strong> After placing an order and payment, the wallet is made within 1-3 business days.<\/span><\/p>\n<p><span style=\"color: #2f2f2f;\">\u2726 Made in Lithuania<\/span><br \/>\n<span style=\"color: #2f2f2f;\">\u2726 Handcrafted<\/span><br \/>\n<span style=\"color: #2f2f2f;\">\u2726 Unique design<\/span><br \/>\n<span style=\"color: #2f2f2f;\">\u2726 Made of Italian vegetable tanned leather<\/span><br \/>\n<span style=\"color: #2f2f2f;\">\u2726 Packaged in a beautiful cardboard box<\/span><br \/>\n<span style=\"color: #2f2f2f;\">\u2726 Dimensions: 7,5 x 11 cm<\/span><br \/>\n<span style=\"color: #2f2f2f;\">\u2726 Color: Brown<\/span><\/p>\n<p><span style=\"color: #2f2f2f;\">Due to differences in your computer screen resolution or lighting, the actual color of the items may vary slightly from what is shown in the photo.<\/span><\/p>","protected":false},"excerpt":{"rendered":"<p><span style=\"color: #2f2f2f;\">If you'd like your text or image engraved on the wallet, provide your text example in the \"Enter engraving text\" field.<\/span><\/p>\n<p><span style=\"color: #2f2f2f;\"><strong>Text example:<\/strong><\/span><br \/>\n<span style=\"color: #2f2f2f;\">Love you to the moon and back (Image 19)<\/span><\/p>\n<p><span style=\"color: #2f2f2f;\"><strong>NOTE!\u00a0<\/strong>Our designer will choose the optimal layout of your chosen text \/ image on the wallet.<\/span><\/p>","protected":false},"featured_media":10230,"template":"","meta":{"_acf_changed":false},"product_brand":[],"product_cat":[31],"product_tag":[],"class_list":{"0":"post-8486","1":"product","2":"type-product","3":"status-publish","4":"has-post-thumbnail","6":"product_cat-odines-pinigines","8":"first","9":"instock","10":"sale","11":"shipping-taxable","12":"purchasable","13":"product-type-variable"},"acf":[],"yoast_head":"<!-- This site is optimized with the Yoast SEO plugin v27.4 - https:\/\/yoast.com\/product\/yoast-seo-wordpress\/ -->\n<title>Ruda odin\u0117 minimalistin\u0117 pinigin\u0117 Charizma \u2013 FoxysCraft.com<\/title>\n<meta name=\"description\" content=\"Moderni pinigin\u0117 Charizma yra kompakti\u0161ko dyd\u017eio, tod\u0117l lengvai tilps j\u016bs\u0173 ki\u0161en\u0117je. Pinigin\u0117je telpa 6-8 kortel\u0117s ir banknotai! Nemokamas graviravimas!\" \/>\n<meta name=\"robots\" content=\"index, follow, max-snippet:-1, max-image-preview:large, max-video-preview:-1\" \/>\n<link rel=\"canonical\" href=\"https:\/\/foxyscraft.com\/en\/product\/leather-wallet-charisma-brown\/\" \/>\n<meta property=\"og:locale\" content=\"en_US\" \/>\n<meta property=\"og:type\" content=\"article\" \/>\n<meta property=\"og:title\" content=\"Ruda odin\u0117 minimalistin\u0117 pinigin\u0117 Charizma \u2013 FoxysCraft.com\" \/>\n<meta property=\"og:description\" content=\"Moderni pinigin\u0117 Charizma yra kompakti\u0161ko dyd\u017eio, tod\u0117l lengvai tilps j\u016bs\u0173 ki\u0161en\u0117je. Pinigin\u0117je telpa 6-8 kortel\u0117s ir banknotai! Nemokamas graviravimas!\" \/>\n<meta property=\"og:url\" content=\"https:\/\/foxyscraft.com\/en\/product\/leather-wallet-charisma-brown\/\" \/>\n<meta property=\"og:site_name\" content=\"FoxysCraft\" \/>\n<meta property=\"article:publisher\" content=\"https:\/\/www.facebook.com\/FoxysCraftLT\" \/>\n<meta property=\"article:modified_time\" content=\"2024-11-10T18:33:58+00:00\" \/>\n<meta property=\"og:image\" content=\"https:\/\/foxyscraft.com\/wp-content\/uploads\/2024\/04\/Leather-Wallet-0.jpg\" \/>\n\t<meta property=\"og:image:width\" content=\"1500\" \/>\n\t<meta property=\"og:image:height\" content=\"1500\" \/>\n\t<meta property=\"og:image:type\" content=\"image\/jpeg\" \/>\n<meta name=\"twitter:card\" content=\"summary_large_image\" \/>\n<meta name=\"twitter:label1\" content=\"Est. reading time\" \/>\n\t<meta name=\"twitter:data1\" content=\"2 minutes\" \/>\n<script type=\"application\/ld+json\" class=\"yoast-schema-graph\">{\"@context\":\"https:\\\/\\\/schema.org\",\"@graph\":[{\"@type\":\"WebPage\",\"@id\":\"https:\\\/\\\/foxyscraft.com\\\/produktas\\\/odine-pinigine-charizma-ruda\\\/\",\"url\":\"https:\\\/\\\/foxyscraft.com\\\/produktas\\\/odine-pinigine-charizma-ruda\\\/\",\"name\":\"Ruda odin\u0117 minimalistin\u0117 pinigin\u0117 Charizma \u2013 FoxysCraft.com\",\"isPartOf\":{\"@id\":\"https:\\\/\\\/foxyscraft.com\\\/#website\"},\"primaryImageOfPage\":{\"@id\":\"https:\\\/\\\/foxyscraft.com\\\/produktas\\\/odine-pinigine-charizma-ruda\\\/#primaryimage\"},\"image\":{\"@id\":\"https:\\\/\\\/foxyscraft.com\\\/produktas\\\/odine-pinigine-charizma-ruda\\\/#primaryimage\"},\"thumbnailUrl\":\"https:\\\/\\\/foxyscraft.com\\\/wp-content\\\/uploads\\\/2024\\\/04\\\/Leather-Wallet-0.jpg\",\"datePublished\":\"2024-01-31T18:23:45+00:00\",\"dateModified\":\"2024-11-10T18:33:58+00:00\",\"description\":\"Moderni pinigin\u0117 Charizma yra kompakti\u0161ko dyd\u017eio, tod\u0117l lengvai tilps j\u016bs\u0173 ki\u0161en\u0117je. Pinigin\u0117je telpa 6-8 kortel\u0117s ir banknotai! Nemokamas graviravimas!\",\"breadcrumb\":{\"@id\":\"https:\\\/\\\/foxyscraft.com\\\/produktas\\\/odine-pinigine-charizma-ruda\\\/#breadcrumb\"},\"inLanguage\":\"en-US\",\"potentialAction\":[{\"@type\":\"ReadAction\",\"target\":[\"https:\\\/\\\/foxyscraft.com\\\/produktas\\\/odine-pinigine-charizma-ruda\\\/\"]}]},{\"@type\":\"ImageObject\",\"inLanguage\":\"en-US\",\"@id\":\"https:\\\/\\\/foxyscraft.com\\\/produktas\\\/odine-pinigine-charizma-ruda\\\/#primaryimage\",\"url\":\"https:\\\/\\\/foxyscraft.com\\\/wp-content\\\/uploads\\\/2024\\\/04\\\/Leather-Wallet-0.jpg\",\"contentUrl\":\"https:\\\/\\\/foxyscraft.com\\\/wp-content\\\/uploads\\\/2024\\\/04\\\/Leather-Wallet-0.jpg\",\"width\":1500,\"height\":1500,\"caption\":\"Minimalistin\u0117 pinigin\u0117 Charizma\"},{\"@type\":\"BreadcrumbList\",\"@id\":\"https:\\\/\\\/foxyscraft.com\\\/produktas\\\/odine-pinigine-charizma-ruda\\\/#breadcrumb\",\"itemListElement\":[{\"@type\":\"ListItem\",\"position\":1,\"name\":\"Home\",\"item\":\"https:\\\/\\\/foxyscraft.com\\\/\"},{\"@type\":\"ListItem\",\"position\":2,\"name\":\"Parduotuv\u0117\",\"item\":\"https:\\\/\\\/foxyscraft.com\\\/parduotuve\\\/\"},{\"@type\":\"ListItem\",\"position\":3,\"name\":\"Odin\u0117 pinigin\u0117 Charizma [Ruda]\"}]},{\"@type\":\"WebSite\",\"@id\":\"https:\\\/\\\/foxyscraft.com\\\/#website\",\"url\":\"https:\\\/\\\/foxyscraft.com\\\/\",\"name\":\"FoxysCraft\",\"description\":\"Personalizuoti rank\u0173 darbo aksesuarai sukurti Lietuvoje. iPhone d\u0117klai, odin\u0117s apyrank\u0117s, rakt\u0173 pakabukai ir pinigin\u0117s. Puikios dovan\u0173 id\u0117jos!\",\"publisher\":{\"@id\":\"https:\\\/\\\/foxyscraft.com\\\/#organization\"},\"potentialAction\":[{\"@type\":\"SearchAction\",\"target\":{\"@type\":\"EntryPoint\",\"urlTemplate\":\"https:\\\/\\\/foxyscraft.com\\\/?s={search_term_string}\"},\"query-input\":{\"@type\":\"PropertyValueSpecification\",\"valueRequired\":true,\"valueName\":\"search_term_string\"}}],\"inLanguage\":\"en-US\"},{\"@type\":\"Organization\",\"@id\":\"https:\\\/\\\/foxyscraft.com\\\/#organization\",\"name\":\"FoxysCraft\",\"url\":\"https:\\\/\\\/foxyscraft.com\\\/\",\"logo\":{\"@type\":\"ImageObject\",\"inLanguage\":\"en-US\",\"@id\":\"https:\\\/\\\/foxyscraft.com\\\/#\\\/schema\\\/logo\\\/image\\\/\",\"url\":\"http:\\\/\\\/foxyscraft.com\\\/wp-content\\\/uploads\\\/2023\\\/06\\\/FoxysCraft-Logo.svg\",\"contentUrl\":\"http:\\\/\\\/foxyscraft.com\\\/wp-content\\\/uploads\\\/2023\\\/06\\\/FoxysCraft-Logo.svg\",\"width\":5906,\"height\":3163,\"caption\":\"FoxysCraft\"},\"image\":{\"@id\":\"https:\\\/\\\/foxyscraft.com\\\/#\\\/schema\\\/logo\\\/image\\\/\"},\"sameAs\":[\"https:\\\/\\\/www.facebook.com\\\/FoxysCraftLT\",\"https:\\\/\\\/www.instagram.com\\\/foxyscraftcom\\\/\"]}]}<\/script>\n<!-- \/ Yoast SEO plugin. -->","yoast_head_json":{"title":"Brown Leather Minimalist Wallet Charisma \u2013 FoxysCraft.com","description":"The minimalist Charisma wallet is compact in size, so it easily fits in your pocket. The wallet can hold up to 6-8 cards and banknotes! FREE engraving!","robots":{"index":"index","follow":"follow","max-snippet":"max-snippet:-1","max-image-preview":"max-image-preview:large","max-video-preview":"max-video-preview:-1"},"canonical":"https:\/\/foxyscraft.com\/en\/product\/leather-wallet-charisma-brown\/","og_locale":"en_US","og_type":"article","og_title":"Ruda odin\u0117 minimalistin\u0117 pinigin\u0117 Charizma \u2013 FoxysCraft.com","og_description":"Moderni pinigin\u0117 Charizma yra kompakti\u0161ko dyd\u017eio, tod\u0117l lengvai tilps j\u016bs\u0173 ki\u0161en\u0117je. Pinigin\u0117je telpa 6-8 kortel\u0117s ir banknotai! Nemokamas graviravimas!","og_url":"https:\/\/foxyscraft.com\/en\/product\/leather-wallet-charisma-brown\/","og_site_name":"FoxysCraft","article_publisher":"https:\/\/www.facebook.com\/FoxysCraftLT","article_modified_time":"2024-11-10T18:33:58+00:00","og_image":[{"width":1500,"height":1500,"url":"https:\/\/foxyscraft.com\/wp-content\/uploads\/2024\/04\/Leather-Wallet-0.jpg","type":"image\/jpeg"}],"twitter_card":"summary_large_image","twitter_misc":{"Est. reading time":"2 minutes"},"schema":{"@context":"https:\/\/schema.org","@graph":[{"@type":"WebPage","@id":"https:\/\/foxyscraft.com\/produktas\/odine-pinigine-charizma-ruda\/","url":"https:\/\/foxyscraft.com\/produktas\/odine-pinigine-charizma-ruda\/","name":"Brown Leather Minimalist Wallet Charisma \u2013 FoxysCraft.com","isPartOf":{"@id":"https:\/\/foxyscraft.com\/#website"},"primaryImageOfPage":{"@id":"https:\/\/foxyscraft.com\/produktas\/odine-pinigine-charizma-ruda\/#primaryimage"},"image":{"@id":"https:\/\/foxyscraft.com\/produktas\/odine-pinigine-charizma-ruda\/#primaryimage"},"thumbnailUrl":"https:\/\/foxyscraft.com\/wp-content\/uploads\/2024\/04\/Leather-Wallet-0.jpg","datePublished":"2024-01-31T18:23:45+00:00","dateModified":"2024-11-10T18:33:58+00:00","description":"The minimalist Charisma wallet is compact in size, so it easily fits in your pocket. The wallet can hold up to 6-8 cards and banknotes! FREE engraving!","breadcrumb":{"@id":"https:\/\/foxyscraft.com\/produktas\/odine-pinigine-charizma-ruda\/#breadcrumb"},"inLanguage":"en-US","potentialAction":[{"@type":"ReadAction","target":["https:\/\/foxyscraft.com\/produktas\/odine-pinigine-charizma-ruda\/"]}]},{"@type":"ImageObject","inLanguage":"en-US","@id":"https:\/\/foxyscraft.com\/produktas\/odine-pinigine-charizma-ruda\/#primaryimage","url":"https:\/\/foxyscraft.com\/wp-content\/uploads\/2024\/04\/Leather-Wallet-0.jpg","contentUrl":"https:\/\/foxyscraft.com\/wp-content\/uploads\/2024\/04\/Leather-Wallet-0.jpg","width":1500,"height":1500,"caption":"Minimalistin\u0117 pinigin\u0117 Charizma"},{"@type":"BreadcrumbList","@id":"https:\/\/foxyscraft.com\/produktas\/odine-pinigine-charizma-ruda\/#breadcrumb","itemListElement":[{"@type":"ListItem","position":1,"name":"Home","item":"https:\/\/foxyscraft.com\/"},{"@type":"ListItem","position":2,"name":"Parduotuv\u0117","item":"https:\/\/foxyscraft.com\/parduotuve\/"},{"@type":"ListItem","position":3,"name":"Odin\u0117 pinigin\u0117 Charizma [Ruda]"}]},{"@type":"WebSite","@id":"https:\/\/foxyscraft.com\/#website","url":"https:\/\/foxyscraft.com\/","name":"FoxysCraft","description":"Personalized handmade accessories created with love. iPhone cases, minimalist wallets, leather bracelets, and keychains. Perfect gift ideas!","publisher":{"@id":"https:\/\/foxyscraft.com\/#organization"},"potentialAction":[{"@type":"SearchAction","target":{"@type":"EntryPoint","urlTemplate":"https:\/\/foxyscraft.com\/?s={search_term_string}"},"query-input":{"@type":"PropertyValueSpecification","valueRequired":true,"valueName":"search_term_string"}}],"inLanguage":"en-US"},{"@type":"Organization","@id":"https:\/\/foxyscraft.com\/#organization","name":"FoxysCraft","url":"https:\/\/foxyscraft.com\/","logo":{"@type":"ImageObject","inLanguage":"en-US","@id":"https:\/\/foxyscraft.com\/#\/schema\/logo\/image\/","url":"http:\/\/foxyscraft.com\/wp-content\/uploads\/2023\/06\/FoxysCraft-Logo.svg","contentUrl":"http:\/\/foxyscraft.com\/wp-content\/uploads\/2023\/06\/FoxysCraft-Logo.svg","width":5906,"height":3163,"caption":"FoxysCraft"},"image":{"@id":"https:\/\/foxyscraft.com\/#\/schema\/logo\/image\/"},"sameAs":["https:\/\/www.facebook.com\/FoxysCraftLT","https:\/\/www.instagram.com\/foxyscraftcom\/"]}]}},"_links":{"self":[{"href":"https:\/\/foxyscraft.com\/en\/wp-json\/wp\/v2\/product\/8486","targetHints":{"allow":["GET"]}}],"collection":[{"href":"https:\/\/foxyscraft.com\/en\/wp-json\/wp\/v2\/product"}],"about":[{"href":"https:\/\/foxyscraft.com\/en\/wp-json\/wp\/v2\/types\/product"}],"wp:featuredmedia":[{"embeddable":true,"href":"https:\/\/foxyscraft.com\/en\/wp-json\/wp\/v2\/media\/10230"}],"wp:attachment":[{"href":"https:\/\/foxyscraft.com\/en\/wp-json\/wp\/v2\/media?parent=8486"}],"wp:term":[{"taxonomy":"product_brand","embeddable":true,"href":"https:\/\/foxyscraft.com\/en\/wp-json\/wp\/v2\/product_brand?post=8486"},{"taxonomy":"product_cat","embeddable":true,"href":"https:\/\/foxyscraft.com\/en\/wp-json\/wp\/v2\/product_cat?post=8486"},{"taxonomy":"product_tag","embeddable":true,"href":"https:\/\/foxyscraft.com\/en\/wp-json\/wp\/v2\/product_tag?post=8486"}],"curies":[{"name":"wp","href":"https:\/\/api.w.org\/{rel}","templated":true}]}}