{"id":9240,"date":"2024-02-07T18:30:18","date_gmt":"2024-02-07T18:30:18","guid":{"rendered":"https:\/\/foxyscraft.com\/?post_type=product&#038;p=9240"},"modified":"2024-11-10T19:55:49","modified_gmt":"2024-11-10T19:55:49","slug":"vega-raktu-pakabukas-vardai-ir-reiksminga-data","status":"publish","type":"product","link":"https:\/\/foxyscraft.com\/en\/product\/vega-keychain-names-and-meaningful-date\/","title":{"rendered":"Vega keychain \"Names and meaningful date\""},"content":{"rendered":"<p><span style=\"color: #242424;\">Handcrafted leather keychain with a stainless steel plate, on which names and an important date can be engraved.<\/span><br \/>\n<span style=\"color: #242424;\">This is a great gift for someone who appreciates quality handiwork. Your chosen text, initials, logo, date, or image can be engraved on the keychain, giving the product uniqueness and exclusivity.<\/span><\/p>\n<p><span style=\"color: #242424;\"><strong>About leather.<\/strong> \"Vera Pelle\" is a quality mark that guarantees the highest standards of vegetable tanning. Hand processed by Italian tanners in Tuscany region this leather stands out for its natural and authentic qualities.\nNo chemicals are used in the tanning process, only vegetable oils and natural remedies from nature. Over time, this leather ages beautifully, developing a rich patina and boasting a wonderful classic leather scent.<\/span><\/p>\n<p><span style=\"color: #242424;\"><strong>FEATURES<\/strong><\/span><\/p>\n<p><span style=\"color: #242424;\">\u2726 Made in Lithuania<\/span><br \/>\n<span style=\"color: #242424;\">\u2726 Handcrafted<\/span><br \/>\n<span style=\"color: #242424;\">\u2726 Made from Italian vegetable-tanned leather and stainless steel<\/span><br \/>\n<span style=\"color: #242424;\">\u2726 Stainless steel key ring<\/span><br \/>\n<span style=\"color: #242424;\">\u2726 Leather part dimensions: 42 x 66 mm<\/span><br \/>\n<span style=\"color: #242424;\">\u2726 Packaged in a beautiful cardboard box<\/span><br \/>\n<span style=\"color: #242424;\">\u2726 Color: Light brown \/ Brown \/ Black<\/span><\/p>\n<p><span style=\"color: #242424;\">Due to differences in your computer screen resolution or lighting, the actual color of the items may vary slightly from what is shown in the photo.<\/span><\/p>\n<p><span style=\"color: #242424;\"><strong>Note.<\/strong> After placing an order and payment, the keychain is made within 1-3 business days.<\/span><\/p>","protected":false},"excerpt":{"rendered":"<p><span style=\"color: #242424;\"><strong>CUSTOMIZE THE KEYCHAIN<\/strong><\/span><br \/>\n<span style=\"color: #242424;\">In the \"Enter engraving text\" field, input the names and the date important to you.<\/span><\/p>\n<p><span style=\"color: #242424;\"><strong>Text example:<\/strong><\/span><br \/>\n<span style=\"color: #242424;\">Rasa &amp; Lukas, 2022.11.01<\/span><\/p>\n<p><span style=\"color: #242424;\"><strong>NOTE!\u00a0<\/strong>Our designer will choose the optimal layout of your chosen text \/ image on the keychain.<\/span><\/p>","protected":false},"featured_media":9215,"template":"","meta":{"_acf_changed":false},"product_brand":[],"product_cat":[30,168],"product_tag":[],"class_list":{"0":"post-9240","1":"product","2":"type-product","3":"status-publish","4":"has-post-thumbnail","6":"product_cat-graviruojami-raktu-pakabukai","7":"product_cat-vega-raktu-pakabukai","9":"first","10":"instock","11":"sale","12":"purchasable","13":"product-type-variable"},"acf":[],"yoast_head":"<!-- This site is optimized with the Yoast SEO plugin v27.2 - https:\/\/yoast.com\/product\/yoast-seo-wordpress\/ -->\n<title>Vega rakt\u0173 pakabukas &quot;Vardai ir reik\u0161minga data&quot; - FoxysCraft<\/title>\n<meta name=\"description\" content=\"Personalizuoti rakt\u0173 pakabukai su norimu tekstu ar paveiksliuku. Nat\u016brali oda. Nemokamas graviravimas! Greitas pristatymas. Unikali dovana bet kokia proga.\" \/>\n<meta name=\"robots\" content=\"index, follow, max-snippet:-1, max-image-preview:large, max-video-preview:-1\" \/>\n<link rel=\"canonical\" href=\"https:\/\/foxyscraft.com\/en\/product\/vega-keychain-names-and-meaningful-date\/\" \/>\n<meta property=\"og:locale\" content=\"en_US\" \/>\n<meta property=\"og:type\" content=\"article\" \/>\n<meta property=\"og:title\" content=\"Vega rakt\u0173 pakabukas &quot;Vardai ir reik\u0161minga data&quot; - FoxysCraft\" \/>\n<meta property=\"og:description\" content=\"Personalizuoti rakt\u0173 pakabukai su norimu tekstu ar paveiksliuku. Nat\u016brali oda. Nemokamas graviravimas! Greitas pristatymas. Unikali dovana bet kokia proga.\" \/>\n<meta property=\"og:url\" content=\"https:\/\/foxyscraft.com\/en\/product\/vega-keychain-names-and-meaningful-date\/\" \/>\n<meta property=\"og:site_name\" content=\"FoxysCraft\" \/>\n<meta property=\"article:publisher\" content=\"https:\/\/www.facebook.com\/FoxysCraftLT\" \/>\n<meta property=\"article:modified_time\" content=\"2024-11-10T19:55:49+00:00\" \/>\n<meta property=\"og:image\" content=\"https:\/\/foxyscraft.com\/wp-content\/uploads\/2024\/02\/Raktu-pakabukas-2_Rasa-Lukas_3.jpg\" \/>\n\t<meta property=\"og:image:width\" content=\"1500\" \/>\n\t<meta property=\"og:image:height\" content=\"1500\" \/>\n\t<meta property=\"og:image:type\" content=\"image\/jpeg\" \/>\n<meta name=\"twitter:card\" content=\"summary_large_image\" \/>\n<meta name=\"twitter:label1\" content=\"Est. reading time\" \/>\n\t<meta name=\"twitter:data1\" content=\"2 minutes\" \/>\n<script type=\"application\/ld+json\" class=\"yoast-schema-graph\">{\"@context\":\"https:\/\/schema.org\",\"@graph\":[{\"@type\":\"WebPage\",\"@id\":\"https:\/\/foxyscraft.com\/produktas\/vega-raktu-pakabukas-vardai-ir-reiksminga-data\/\",\"url\":\"https:\/\/foxyscraft.com\/produktas\/vega-raktu-pakabukas-vardai-ir-reiksminga-data\/\",\"name\":\"Vega rakt\u0173 pakabukas \\\"Vardai ir reik\u0161minga data\\\" - FoxysCraft\",\"isPartOf\":{\"@id\":\"https:\/\/foxyscraft.com\/#website\"},\"primaryImageOfPage\":{\"@id\":\"https:\/\/foxyscraft.com\/produktas\/vega-raktu-pakabukas-vardai-ir-reiksminga-data\/#primaryimage\"},\"image\":{\"@id\":\"https:\/\/foxyscraft.com\/produktas\/vega-raktu-pakabukas-vardai-ir-reiksminga-data\/#primaryimage\"},\"thumbnailUrl\":\"https:\/\/foxyscraft.com\/wp-content\/uploads\/2024\/02\/Raktu-pakabukas-2_Rasa-Lukas_3.jpg\",\"datePublished\":\"2024-02-07T18:30:18+00:00\",\"dateModified\":\"2024-11-10T19:55:49+00:00\",\"description\":\"Personalizuoti rakt\u0173 pakabukai su norimu tekstu ar paveiksliuku. Nat\u016brali oda. Nemokamas graviravimas! Greitas pristatymas. Unikali dovana bet kokia proga.\",\"breadcrumb\":{\"@id\":\"https:\/\/foxyscraft.com\/produktas\/vega-raktu-pakabukas-vardai-ir-reiksminga-data\/#breadcrumb\"},\"inLanguage\":\"en-US\",\"potentialAction\":[{\"@type\":\"ReadAction\",\"target\":[\"https:\/\/foxyscraft.com\/produktas\/vega-raktu-pakabukas-vardai-ir-reiksminga-data\/\"]}]},{\"@type\":\"ImageObject\",\"inLanguage\":\"en-US\",\"@id\":\"https:\/\/foxyscraft.com\/produktas\/vega-raktu-pakabukas-vardai-ir-reiksminga-data\/#primaryimage\",\"url\":\"https:\/\/foxyscraft.com\/wp-content\/uploads\/2024\/02\/Raktu-pakabukas-2_Rasa-Lukas_3.jpg\",\"contentUrl\":\"https:\/\/foxyscraft.com\/wp-content\/uploads\/2024\/02\/Raktu-pakabukas-2_Rasa-Lukas_3.jpg\",\"width\":1500,\"height\":1500,\"caption\":\"Personalizuotas Vega rakt\u0173 pakabukas\"},{\"@type\":\"BreadcrumbList\",\"@id\":\"https:\/\/foxyscraft.com\/produktas\/vega-raktu-pakabukas-vardai-ir-reiksminga-data\/#breadcrumb\",\"itemListElement\":[{\"@type\":\"ListItem\",\"position\":1,\"name\":\"Home\",\"item\":\"https:\/\/foxyscraft.com\/\"},{\"@type\":\"ListItem\",\"position\":2,\"name\":\"Parduotuv\u0117\",\"item\":\"https:\/\/foxyscraft.com\/parduotuve\/\"},{\"@type\":\"ListItem\",\"position\":3,\"name\":\"Vega rakt\u0173 pakabukas &#8222;Vardai ir reik\u0161minga data&#8221;\"}]},{\"@type\":\"WebSite\",\"@id\":\"https:\/\/foxyscraft.com\/#website\",\"url\":\"https:\/\/foxyscraft.com\/\",\"name\":\"FoxysCraft\",\"description\":\"Personalizuoti rank\u0173 darbo aksesuarai sukurti Lietuvoje. iPhone d\u0117klai, odin\u0117s apyrank\u0117s, rakt\u0173 pakabukai ir pinigin\u0117s. Puikios dovan\u0173 id\u0117jos!\",\"publisher\":{\"@id\":\"https:\/\/foxyscraft.com\/#organization\"},\"potentialAction\":[{\"@type\":\"SearchAction\",\"target\":{\"@type\":\"EntryPoint\",\"urlTemplate\":\"https:\/\/foxyscraft.com\/?s={search_term_string}\"},\"query-input\":{\"@type\":\"PropertyValueSpecification\",\"valueRequired\":true,\"valueName\":\"search_term_string\"}}],\"inLanguage\":\"en-US\"},{\"@type\":\"Organization\",\"@id\":\"https:\/\/foxyscraft.com\/#organization\",\"name\":\"FoxysCraft\",\"url\":\"https:\/\/foxyscraft.com\/\",\"logo\":{\"@type\":\"ImageObject\",\"inLanguage\":\"en-US\",\"@id\":\"https:\/\/foxyscraft.com\/#\/schema\/logo\/image\/\",\"url\":\"http:\/\/foxyscraft.com\/wp-content\/uploads\/2023\/06\/FoxysCraft-Logo.svg\",\"contentUrl\":\"http:\/\/foxyscraft.com\/wp-content\/uploads\/2023\/06\/FoxysCraft-Logo.svg\",\"width\":5906,\"height\":3163,\"caption\":\"FoxysCraft\"},\"image\":{\"@id\":\"https:\/\/foxyscraft.com\/#\/schema\/logo\/image\/\"},\"sameAs\":[\"https:\/\/www.facebook.com\/FoxysCraftLT\",\"https:\/\/www.instagram.com\/foxyscraftcom\/\"]}]}<\/script>\n<!-- \/ Yoast SEO plugin. -->","yoast_head_json":{"title":"Vega rakt\u0173 pakabukas \"Vardai ir reik\u0161minga data\" - FoxysCraft","description":"Customized keychains with your desired text or image. Italian leather. Free engraving! Fast shipping. A unique gift for any occasion.","robots":{"index":"index","follow":"follow","max-snippet":"max-snippet:-1","max-image-preview":"max-image-preview:large","max-video-preview":"max-video-preview:-1"},"canonical":"https:\/\/foxyscraft.com\/en\/product\/vega-keychain-names-and-meaningful-date\/","og_locale":"en_US","og_type":"article","og_title":"Vega rakt\u0173 pakabukas \"Vardai ir reik\u0161minga data\" - FoxysCraft","og_description":"Personalizuoti rakt\u0173 pakabukai su norimu tekstu ar paveiksliuku. Nat\u016brali oda. Nemokamas graviravimas! Greitas pristatymas. Unikali dovana bet kokia proga.","og_url":"https:\/\/foxyscraft.com\/en\/product\/vega-keychain-names-and-meaningful-date\/","og_site_name":"FoxysCraft","article_publisher":"https:\/\/www.facebook.com\/FoxysCraftLT","article_modified_time":"2024-11-10T19:55:49+00:00","og_image":[{"width":1500,"height":1500,"url":"https:\/\/foxyscraft.com\/wp-content\/uploads\/2024\/02\/Raktu-pakabukas-2_Rasa-Lukas_3.jpg","type":"image\/jpeg"}],"twitter_card":"summary_large_image","twitter_misc":{"Est. reading time":"2 minutes"},"schema":{"@context":"https:\/\/schema.org","@graph":[{"@type":"WebPage","@id":"https:\/\/foxyscraft.com\/produktas\/vega-raktu-pakabukas-vardai-ir-reiksminga-data\/","url":"https:\/\/foxyscraft.com\/produktas\/vega-raktu-pakabukas-vardai-ir-reiksminga-data\/","name":"Vega rakt\u0173 pakabukas \"Vardai ir reik\u0161minga data\" - FoxysCraft","isPartOf":{"@id":"https:\/\/foxyscraft.com\/#website"},"primaryImageOfPage":{"@id":"https:\/\/foxyscraft.com\/produktas\/vega-raktu-pakabukas-vardai-ir-reiksminga-data\/#primaryimage"},"image":{"@id":"https:\/\/foxyscraft.com\/produktas\/vega-raktu-pakabukas-vardai-ir-reiksminga-data\/#primaryimage"},"thumbnailUrl":"https:\/\/foxyscraft.com\/wp-content\/uploads\/2024\/02\/Raktu-pakabukas-2_Rasa-Lukas_3.jpg","datePublished":"2024-02-07T18:30:18+00:00","dateModified":"2024-11-10T19:55:49+00:00","description":"Customized keychains with your desired text or image. Italian leather. Free engraving! Fast shipping. A unique gift for any occasion.","breadcrumb":{"@id":"https:\/\/foxyscraft.com\/produktas\/vega-raktu-pakabukas-vardai-ir-reiksminga-data\/#breadcrumb"},"inLanguage":"en-US","potentialAction":[{"@type":"ReadAction","target":["https:\/\/foxyscraft.com\/produktas\/vega-raktu-pakabukas-vardai-ir-reiksminga-data\/"]}]},{"@type":"ImageObject","inLanguage":"en-US","@id":"https:\/\/foxyscraft.com\/produktas\/vega-raktu-pakabukas-vardai-ir-reiksminga-data\/#primaryimage","url":"https:\/\/foxyscraft.com\/wp-content\/uploads\/2024\/02\/Raktu-pakabukas-2_Rasa-Lukas_3.jpg","contentUrl":"https:\/\/foxyscraft.com\/wp-content\/uploads\/2024\/02\/Raktu-pakabukas-2_Rasa-Lukas_3.jpg","width":1500,"height":1500,"caption":"Personalizuotas Vega rakt\u0173 pakabukas"},{"@type":"BreadcrumbList","@id":"https:\/\/foxyscraft.com\/produktas\/vega-raktu-pakabukas-vardai-ir-reiksminga-data\/#breadcrumb","itemListElement":[{"@type":"ListItem","position":1,"name":"Home","item":"https:\/\/foxyscraft.com\/"},{"@type":"ListItem","position":2,"name":"Parduotuv\u0117","item":"https:\/\/foxyscraft.com\/parduotuve\/"},{"@type":"ListItem","position":3,"name":"Vega rakt\u0173 pakabukas &#8222;Vardai ir reik\u0161minga data&#8221;"}]},{"@type":"WebSite","@id":"https:\/\/foxyscraft.com\/#website","url":"https:\/\/foxyscraft.com\/","name":"FoxysCraft","description":"Personalized handmade accessories created with love. iPhone cases, minimalist wallets, leather bracelets, and keychains. Perfect gift ideas!","publisher":{"@id":"https:\/\/foxyscraft.com\/#organization"},"potentialAction":[{"@type":"SearchAction","target":{"@type":"EntryPoint","urlTemplate":"https:\/\/foxyscraft.com\/?s={search_term_string}"},"query-input":{"@type":"PropertyValueSpecification","valueRequired":true,"valueName":"search_term_string"}}],"inLanguage":"en-US"},{"@type":"Organization","@id":"https:\/\/foxyscraft.com\/#organization","name":"FoxysCraft","url":"https:\/\/foxyscraft.com\/","logo":{"@type":"ImageObject","inLanguage":"en-US","@id":"https:\/\/foxyscraft.com\/#\/schema\/logo\/image\/","url":"http:\/\/foxyscraft.com\/wp-content\/uploads\/2023\/06\/FoxysCraft-Logo.svg","contentUrl":"http:\/\/foxyscraft.com\/wp-content\/uploads\/2023\/06\/FoxysCraft-Logo.svg","width":5906,"height":3163,"caption":"FoxysCraft"},"image":{"@id":"https:\/\/foxyscraft.com\/#\/schema\/logo\/image\/"},"sameAs":["https:\/\/www.facebook.com\/FoxysCraftLT","https:\/\/www.instagram.com\/foxyscraftcom\/"]}]}},"_links":{"self":[{"href":"https:\/\/foxyscraft.com\/en\/wp-json\/wp\/v2\/product\/9240","targetHints":{"allow":["GET"]}}],"collection":[{"href":"https:\/\/foxyscraft.com\/en\/wp-json\/wp\/v2\/product"}],"about":[{"href":"https:\/\/foxyscraft.com\/en\/wp-json\/wp\/v2\/types\/product"}],"wp:featuredmedia":[{"embeddable":true,"href":"https:\/\/foxyscraft.com\/en\/wp-json\/wp\/v2\/media\/9215"}],"wp:attachment":[{"href":"https:\/\/foxyscraft.com\/en\/wp-json\/wp\/v2\/media?parent=9240"}],"wp:term":[{"taxonomy":"product_brand","embeddable":true,"href":"https:\/\/foxyscraft.com\/en\/wp-json\/wp\/v2\/product_brand?post=9240"},{"taxonomy":"product_cat","embeddable":true,"href":"https:\/\/foxyscraft.com\/en\/wp-json\/wp\/v2\/product_cat?post=9240"},{"taxonomy":"product_tag","embeddable":true,"href":"https:\/\/foxyscraft.com\/en\/wp-json\/wp\/v2\/product_tag?post=9240"}],"curies":[{"name":"wp","href":"https:\/\/api.w.org\/{rel}","templated":true}]}}