{"id":9382,"date":"2024-02-11T20:13:46","date_gmt":"2024-02-11T20:13:46","guid":{"rendered":"https:\/\/foxyscraft.com\/?post_type=product&#038;p=9382"},"modified":"2024-05-17T13:14:19","modified_gmt":"2024-05-17T13:14:19","slug":"odinis-apple-airtag-deklas-pakabukas-sviesiai-rudas","status":"publish","type":"product","link":"https:\/\/foxyscraft.com\/en\/product\/leather-apple-airtag-holder-light-brown\/","title":{"rendered":"Odinis Apple AirTag d\u0117klas \u2013 pakabukas [\u0160viesiai rudas]"},"content":{"rendered":"<p><span style=\"color: #242424;\">Handcrafted leather Apple AirTag holder - a light brown leather keychain. The case effectively protects the device from mechanical damage and scratches on the body.<\/span><br \/>\n<span style=\"color: #242424;\">This is a great gift for someone who appreciates quality craftsmanship.<\/span><\/p>\n<p><span style=\"color: #242424;\"><strong>About leather.<\/strong> \"Vera Pelle\" is a quality mark that guarantees the highest standards of vegetable tanning. Hand processed by Italian tanners in Tuscany region this leather stands out for its natural and authentic qualities.\nNo chemicals are used in the tanning process, only vegetable oils and natural remedies from nature. Over time, this leather ages beautifully, developing a rich patina and boasting a wonderful classic leather scent.<\/span><\/p>\n<p><span style=\"color: #242424;\"><strong>FEATURES<\/strong><\/span><\/p>\n<p><span style=\"color: #242424;\">\u2726 Made in Lithuania<\/span><br \/>\n<span style=\"color: #242424;\">\u2726 Handcrafted<\/span><br \/>\n<span style=\"color: #242424;\">\u2726 Made of Italian vegetable tanned leather<\/span><br \/>\n<span style=\"color: #242424;\">\u2726 Sewn by hand using a waxed polyester thread<\/span><br \/>\n<span style=\"color: #242424;\">\u2726 Stainless steel key ring<\/span><br \/>\n<span style=\"color: #242424;\">\u2726 Leather part dimensions: 45 x 72 mm<\/span><br \/>\n<span style=\"color: #242424;\">\u2726 Packaged in a beautiful cardboard box<\/span><br \/>\n<span style=\"color: #242424;\">\u2726 Color: Light brown<\/span><\/p>\n<p><span style=\"color: #242424;\">Due to differences in your computer screen resolution or lighting, the actual color of the items may vary slightly from what is shown in the photo.<\/span><\/p>\n<p><span style=\"color: #242424;\"><strong>Note.<\/strong> After placing an order and payment, the AirTag holder is made within 1-3 business days.<\/span><\/p>","protected":false},"excerpt":{"rendered":"<p>Rank\u0173 darbo odinis Apple AirTag d\u0117klas \u2013 pakabukas i\u0161 \u0161viesiai rudos spalvos odos. D\u0117klas efektyviai apsaugo prietais\u0105 nuo mechanini\u0173 pa\u017eeidim\u0173<\/p>","protected":false},"featured_media":9380,"template":"","meta":{"_acf_changed":false},"product_brand":[],"product_cat":[21],"product_tag":[],"class_list":{"0":"post-9382","1":"product","2":"type-product","3":"status-publish","4":"has-post-thumbnail","6":"product_cat-airtag-deklai","8":"first","9":"instock","10":"purchasable","11":"product-type-simple"},"acf":[],"yoast_head":"<!-- This site is optimized with the Yoast SEO plugin v27.4 - https:\/\/yoast.com\/product\/yoast-seo-wordpress\/ -->\n<title>Odinis Apple AirTag d\u0117klas \u2013 pakabukas [\u0160viesiai rudas]<\/title>\n<meta name=\"description\" content=\"Rank\u0173 darbo, \u0161viesiai rudos spalvos odinis Apple AirTag d\u0117klas \u2013 pakabukas. D\u0117klas efektyviai apsaugo prietais\u0105 nuo mechanini\u0173 pa\u017eeidim\u0173 ir \u012fbr\u0117\u017eim\u0173.\" \/>\n<meta name=\"robots\" content=\"index, follow, max-snippet:-1, max-image-preview:large, max-video-preview:-1\" \/>\n<link rel=\"canonical\" href=\"https:\/\/foxyscraft.com\/en\/product\/leather-apple-airtag-holder-light-brown\/\" \/>\n<meta property=\"og:locale\" content=\"en_US\" \/>\n<meta property=\"og:type\" content=\"article\" \/>\n<meta property=\"og:title\" content=\"Odinis Apple AirTag d\u0117klas \u2013 pakabukas [\u0160viesiai rudas]\" \/>\n<meta property=\"og:description\" content=\"Rank\u0173 darbo, \u0161viesiai rudos spalvos odinis Apple AirTag d\u0117klas \u2013 pakabukas. D\u0117klas efektyviai apsaugo prietais\u0105 nuo mechanini\u0173 pa\u017eeidim\u0173 ir \u012fbr\u0117\u017eim\u0173.\" \/>\n<meta property=\"og:url\" content=\"https:\/\/foxyscraft.com\/en\/product\/leather-apple-airtag-holder-light-brown\/\" \/>\n<meta property=\"og:site_name\" content=\"FoxysCraft\" \/>\n<meta property=\"article:publisher\" content=\"https:\/\/www.facebook.com\/FoxysCraftLT\" \/>\n<meta property=\"article:modified_time\" content=\"2024-05-17T13:14:19+00:00\" \/>\n<meta property=\"og:image\" content=\"https:\/\/foxyscraft.com\/wp-content\/uploads\/2024\/02\/Apple-AirTad-deklas-sviesiai-rudas_3.jpg\" \/>\n\t<meta property=\"og:image:width\" content=\"1500\" \/>\n\t<meta property=\"og:image:height\" content=\"1500\" \/>\n\t<meta property=\"og:image:type\" content=\"image\/jpeg\" \/>\n<meta name=\"twitter:card\" content=\"summary_large_image\" \/>\n<meta name=\"twitter:label1\" content=\"Est. reading time\" \/>\n\t<meta name=\"twitter:data1\" content=\"2 minutes\" \/>\n<script type=\"application\/ld+json\" class=\"yoast-schema-graph\">{\"@context\":\"https:\\\/\\\/schema.org\",\"@graph\":[{\"@type\":\"WebPage\",\"@id\":\"https:\\\/\\\/foxyscraft.com\\\/produktas\\\/odinis-apple-airtag-deklas-pakabukas-sviesiai-rudas\\\/\",\"url\":\"https:\\\/\\\/foxyscraft.com\\\/produktas\\\/odinis-apple-airtag-deklas-pakabukas-sviesiai-rudas\\\/\",\"name\":\"Odinis Apple AirTag d\u0117klas \u2013 pakabukas [\u0160viesiai rudas]\",\"isPartOf\":{\"@id\":\"https:\\\/\\\/foxyscraft.com\\\/#website\"},\"primaryImageOfPage\":{\"@id\":\"https:\\\/\\\/foxyscraft.com\\\/produktas\\\/odinis-apple-airtag-deklas-pakabukas-sviesiai-rudas\\\/#primaryimage\"},\"image\":{\"@id\":\"https:\\\/\\\/foxyscraft.com\\\/produktas\\\/odinis-apple-airtag-deklas-pakabukas-sviesiai-rudas\\\/#primaryimage\"},\"thumbnailUrl\":\"https:\\\/\\\/foxyscraft.com\\\/wp-content\\\/uploads\\\/2024\\\/02\\\/Apple-AirTad-deklas-sviesiai-rudas_3.jpg\",\"datePublished\":\"2024-02-11T20:13:46+00:00\",\"dateModified\":\"2024-05-17T13:14:19+00:00\",\"description\":\"Rank\u0173 darbo, \u0161viesiai rudos spalvos odinis Apple AirTag d\u0117klas \u2013 pakabukas. D\u0117klas efektyviai apsaugo prietais\u0105 nuo mechanini\u0173 pa\u017eeidim\u0173 ir \u012fbr\u0117\u017eim\u0173.\",\"breadcrumb\":{\"@id\":\"https:\\\/\\\/foxyscraft.com\\\/produktas\\\/odinis-apple-airtag-deklas-pakabukas-sviesiai-rudas\\\/#breadcrumb\"},\"inLanguage\":\"en-US\",\"potentialAction\":[{\"@type\":\"ReadAction\",\"target\":[\"https:\\\/\\\/foxyscraft.com\\\/produktas\\\/odinis-apple-airtag-deklas-pakabukas-sviesiai-rudas\\\/\"]}]},{\"@type\":\"ImageObject\",\"inLanguage\":\"en-US\",\"@id\":\"https:\\\/\\\/foxyscraft.com\\\/produktas\\\/odinis-apple-airtag-deklas-pakabukas-sviesiai-rudas\\\/#primaryimage\",\"url\":\"https:\\\/\\\/foxyscraft.com\\\/wp-content\\\/uploads\\\/2024\\\/02\\\/Apple-AirTad-deklas-sviesiai-rudas_3.jpg\",\"contentUrl\":\"https:\\\/\\\/foxyscraft.com\\\/wp-content\\\/uploads\\\/2024\\\/02\\\/Apple-AirTad-deklas-sviesiai-rudas_3.jpg\",\"width\":1500,\"height\":1500,\"caption\":\"\u0160viesiai rudas Apple AirTad d\u0117klas \u2013 pakabukas\"},{\"@type\":\"BreadcrumbList\",\"@id\":\"https:\\\/\\\/foxyscraft.com\\\/produktas\\\/odinis-apple-airtag-deklas-pakabukas-sviesiai-rudas\\\/#breadcrumb\",\"itemListElement\":[{\"@type\":\"ListItem\",\"position\":1,\"name\":\"Home\",\"item\":\"https:\\\/\\\/foxyscraft.com\\\/\"},{\"@type\":\"ListItem\",\"position\":2,\"name\":\"Parduotuv\u0117\",\"item\":\"https:\\\/\\\/foxyscraft.com\\\/parduotuve\\\/\"},{\"@type\":\"ListItem\",\"position\":3,\"name\":\"Odinis Apple AirTag d\u0117klas \u2013 pakabukas [\u0160viesiai rudas]\"}]},{\"@type\":\"WebSite\",\"@id\":\"https:\\\/\\\/foxyscraft.com\\\/#website\",\"url\":\"https:\\\/\\\/foxyscraft.com\\\/\",\"name\":\"FoxysCraft\",\"description\":\"Personalizuoti rank\u0173 darbo aksesuarai sukurti Lietuvoje. iPhone d\u0117klai, odin\u0117s apyrank\u0117s, rakt\u0173 pakabukai ir pinigin\u0117s. Puikios dovan\u0173 id\u0117jos!\",\"publisher\":{\"@id\":\"https:\\\/\\\/foxyscraft.com\\\/#organization\"},\"potentialAction\":[{\"@type\":\"SearchAction\",\"target\":{\"@type\":\"EntryPoint\",\"urlTemplate\":\"https:\\\/\\\/foxyscraft.com\\\/?s={search_term_string}\"},\"query-input\":{\"@type\":\"PropertyValueSpecification\",\"valueRequired\":true,\"valueName\":\"search_term_string\"}}],\"inLanguage\":\"en-US\"},{\"@type\":\"Organization\",\"@id\":\"https:\\\/\\\/foxyscraft.com\\\/#organization\",\"name\":\"FoxysCraft\",\"url\":\"https:\\\/\\\/foxyscraft.com\\\/\",\"logo\":{\"@type\":\"ImageObject\",\"inLanguage\":\"en-US\",\"@id\":\"https:\\\/\\\/foxyscraft.com\\\/#\\\/schema\\\/logo\\\/image\\\/\",\"url\":\"http:\\\/\\\/foxyscraft.com\\\/wp-content\\\/uploads\\\/2023\\\/06\\\/FoxysCraft-Logo.svg\",\"contentUrl\":\"http:\\\/\\\/foxyscraft.com\\\/wp-content\\\/uploads\\\/2023\\\/06\\\/FoxysCraft-Logo.svg\",\"width\":5906,\"height\":3163,\"caption\":\"FoxysCraft\"},\"image\":{\"@id\":\"https:\\\/\\\/foxyscraft.com\\\/#\\\/schema\\\/logo\\\/image\\\/\"},\"sameAs\":[\"https:\\\/\\\/www.facebook.com\\\/FoxysCraftLT\",\"https:\\\/\\\/www.instagram.com\\\/foxyscraftcom\\\/\"]}]}<\/script>\n<!-- \/ Yoast SEO plugin. -->","yoast_head_json":{"title":"Odinis Apple AirTag d\u0117klas \u2013 pakabukas [\u0160viesiai rudas]","description":"Rank\u0173 darbo, \u0161viesiai rudos spalvos odinis Apple AirTag d\u0117klas \u2013 pakabukas. D\u0117klas efektyviai apsaugo prietais\u0105 nuo mechanini\u0173 pa\u017eeidim\u0173 ir \u012fbr\u0117\u017eim\u0173.","robots":{"index":"index","follow":"follow","max-snippet":"max-snippet:-1","max-image-preview":"max-image-preview:large","max-video-preview":"max-video-preview:-1"},"canonical":"https:\/\/foxyscraft.com\/en\/product\/leather-apple-airtag-holder-light-brown\/","og_locale":"en_US","og_type":"article","og_title":"Odinis Apple AirTag d\u0117klas \u2013 pakabukas [\u0160viesiai rudas]","og_description":"Rank\u0173 darbo, \u0161viesiai rudos spalvos odinis Apple AirTag d\u0117klas \u2013 pakabukas. D\u0117klas efektyviai apsaugo prietais\u0105 nuo mechanini\u0173 pa\u017eeidim\u0173 ir \u012fbr\u0117\u017eim\u0173.","og_url":"https:\/\/foxyscraft.com\/en\/product\/leather-apple-airtag-holder-light-brown\/","og_site_name":"FoxysCraft","article_publisher":"https:\/\/www.facebook.com\/FoxysCraftLT","article_modified_time":"2024-05-17T13:14:19+00:00","og_image":[{"width":1500,"height":1500,"url":"https:\/\/foxyscraft.com\/wp-content\/uploads\/2024\/02\/Apple-AirTad-deklas-sviesiai-rudas_3.jpg","type":"image\/jpeg"}],"twitter_card":"summary_large_image","twitter_misc":{"Est. reading time":"2 minutes"},"schema":{"@context":"https:\/\/schema.org","@graph":[{"@type":"WebPage","@id":"https:\/\/foxyscraft.com\/produktas\/odinis-apple-airtag-deklas-pakabukas-sviesiai-rudas\/","url":"https:\/\/foxyscraft.com\/produktas\/odinis-apple-airtag-deklas-pakabukas-sviesiai-rudas\/","name":"Odinis Apple AirTag d\u0117klas \u2013 pakabukas [\u0160viesiai rudas]","isPartOf":{"@id":"https:\/\/foxyscraft.com\/#website"},"primaryImageOfPage":{"@id":"https:\/\/foxyscraft.com\/produktas\/odinis-apple-airtag-deklas-pakabukas-sviesiai-rudas\/#primaryimage"},"image":{"@id":"https:\/\/foxyscraft.com\/produktas\/odinis-apple-airtag-deklas-pakabukas-sviesiai-rudas\/#primaryimage"},"thumbnailUrl":"https:\/\/foxyscraft.com\/wp-content\/uploads\/2024\/02\/Apple-AirTad-deklas-sviesiai-rudas_3.jpg","datePublished":"2024-02-11T20:13:46+00:00","dateModified":"2024-05-17T13:14:19+00:00","description":"Rank\u0173 darbo, \u0161viesiai rudos spalvos odinis Apple AirTag d\u0117klas \u2013 pakabukas. D\u0117klas efektyviai apsaugo prietais\u0105 nuo mechanini\u0173 pa\u017eeidim\u0173 ir \u012fbr\u0117\u017eim\u0173.","breadcrumb":{"@id":"https:\/\/foxyscraft.com\/produktas\/odinis-apple-airtag-deklas-pakabukas-sviesiai-rudas\/#breadcrumb"},"inLanguage":"en-US","potentialAction":[{"@type":"ReadAction","target":["https:\/\/foxyscraft.com\/produktas\/odinis-apple-airtag-deklas-pakabukas-sviesiai-rudas\/"]}]},{"@type":"ImageObject","inLanguage":"en-US","@id":"https:\/\/foxyscraft.com\/produktas\/odinis-apple-airtag-deklas-pakabukas-sviesiai-rudas\/#primaryimage","url":"https:\/\/foxyscraft.com\/wp-content\/uploads\/2024\/02\/Apple-AirTad-deklas-sviesiai-rudas_3.jpg","contentUrl":"https:\/\/foxyscraft.com\/wp-content\/uploads\/2024\/02\/Apple-AirTad-deklas-sviesiai-rudas_3.jpg","width":1500,"height":1500,"caption":"\u0160viesiai rudas Apple AirTad d\u0117klas \u2013 pakabukas"},{"@type":"BreadcrumbList","@id":"https:\/\/foxyscraft.com\/produktas\/odinis-apple-airtag-deklas-pakabukas-sviesiai-rudas\/#breadcrumb","itemListElement":[{"@type":"ListItem","position":1,"name":"Home","item":"https:\/\/foxyscraft.com\/"},{"@type":"ListItem","position":2,"name":"Parduotuv\u0117","item":"https:\/\/foxyscraft.com\/parduotuve\/"},{"@type":"ListItem","position":3,"name":"Odinis Apple AirTag d\u0117klas \u2013 pakabukas [\u0160viesiai rudas]"}]},{"@type":"WebSite","@id":"https:\/\/foxyscraft.com\/#website","url":"https:\/\/foxyscraft.com\/","name":"FoxysCraft","description":"Personalized handmade accessories created with love. iPhone cases, minimalist wallets, leather bracelets, and keychains. Perfect gift ideas!","publisher":{"@id":"https:\/\/foxyscraft.com\/#organization"},"potentialAction":[{"@type":"SearchAction","target":{"@type":"EntryPoint","urlTemplate":"https:\/\/foxyscraft.com\/?s={search_term_string}"},"query-input":{"@type":"PropertyValueSpecification","valueRequired":true,"valueName":"search_term_string"}}],"inLanguage":"en-US"},{"@type":"Organization","@id":"https:\/\/foxyscraft.com\/#organization","name":"FoxysCraft","url":"https:\/\/foxyscraft.com\/","logo":{"@type":"ImageObject","inLanguage":"en-US","@id":"https:\/\/foxyscraft.com\/#\/schema\/logo\/image\/","url":"http:\/\/foxyscraft.com\/wp-content\/uploads\/2023\/06\/FoxysCraft-Logo.svg","contentUrl":"http:\/\/foxyscraft.com\/wp-content\/uploads\/2023\/06\/FoxysCraft-Logo.svg","width":5906,"height":3163,"caption":"FoxysCraft"},"image":{"@id":"https:\/\/foxyscraft.com\/#\/schema\/logo\/image\/"},"sameAs":["https:\/\/www.facebook.com\/FoxysCraftLT","https:\/\/www.instagram.com\/foxyscraftcom\/"]}]}},"_links":{"self":[{"href":"https:\/\/foxyscraft.com\/en\/wp-json\/wp\/v2\/product\/9382","targetHints":{"allow":["GET"]}}],"collection":[{"href":"https:\/\/foxyscraft.com\/en\/wp-json\/wp\/v2\/product"}],"about":[{"href":"https:\/\/foxyscraft.com\/en\/wp-json\/wp\/v2\/types\/product"}],"wp:featuredmedia":[{"embeddable":true,"href":"https:\/\/foxyscraft.com\/en\/wp-json\/wp\/v2\/media\/9380"}],"wp:attachment":[{"href":"https:\/\/foxyscraft.com\/en\/wp-json\/wp\/v2\/media?parent=9382"}],"wp:term":[{"taxonomy":"product_brand","embeddable":true,"href":"https:\/\/foxyscraft.com\/en\/wp-json\/wp\/v2\/product_brand?post=9382"},{"taxonomy":"product_cat","embeddable":true,"href":"https:\/\/foxyscraft.com\/en\/wp-json\/wp\/v2\/product_cat?post=9382"},{"taxonomy":"product_tag","embeddable":true,"href":"https:\/\/foxyscraft.com\/en\/wp-json\/wp\/v2\/product_tag?post=9382"}],"curies":[{"name":"wp","href":"https:\/\/api.w.org\/{rel}","templated":true}]}}