{"id":9544,"date":"2024-02-17T09:43:49","date_gmt":"2024-02-17T09:43:49","guid":{"rendered":"https:\/\/foxyscraft.com\/?post_type=product&#038;p=9544"},"modified":"2024-11-10T17:35:13","modified_gmt":"2024-11-10T17:35:13","slug":"rudos-odines-apyrankes-porai-individualus-graviravimas-jusu-data-inicialai-fraze-arba-simbolis-apr009","status":"publish","type":"product","link":"https:\/\/foxyscraft.com\/en\/product\/brown-leather-bracelets-for-a-couple-custom-engraving-your-date-initials-phrase-or-symbol-apr009\/","title":{"rendered":"Rudos odin\u0117s apyrank\u0117s porai. Individualus graviravimas \u2013 J\u016bs\u0173 data, inicialai, fraz\u0117 arba simbolis [APR009]"},"content":{"rendered":"<p><span style=\"color: #242424;\">Handcrafted leather bracelets for a couple, suitable for both men and women.<\/span><br \/>\n<span style=\"color: #242424;\">This is a great gift for yourself or a loved one, reminding them of you always.<\/span><br \/>\n<span style=\"color: #242424;\">The bracelets is made of durable Italian vegetable tanned leather, which reveals even more beauty over time and stays unique. The skin is firm, so the product retains its shape.<\/span><\/p>\n<p><span style=\"color: #242424;\">To choose the desired bracelet size, measure your wrist. As standard,<\/span><\/p>\n<p><span style=\"color: #242424;\">S size typically fits women,<\/span><br \/>\n<span style=\"color: #242424;\">M \u2013 male,<\/span><br \/>\n<span style=\"color: #242424;\">L \u2013 extra wide wrists.<\/span><\/p>\n<p><span style=\"color: #242424;\"><strong>Personalization.<\/strong> This is a perfect gift for someone who appreciates quality handicraft. You can choose to engrave special text, initials, date or image which will make your bracelet unique.<\/span><\/p>\n<p><span style=\"color: #242424;\"><strong>About leather.<\/strong> \"Vera Pelle\" is a quality mark that guarantees the highest standards of vegetable tanning. Hand processed by Italian tanners in Tuscany region this leather stands out for its natural and authentic qualities.\nNo chemicals are used in the tanning process, only vegetable oils and natural remedies from nature. Over time, this leather ages beautifully, developing a rich patina and boasting a wonderful classic leather scent.<\/span><\/p>\n<p><span style=\"color: #242424;\"><strong>Note.<\/strong> After placing an order and payment, the bracelet is made within 1-3 business days.<\/span><\/p>\n<p><span style=\"color: #242424;\">\u2726 Made in Lithuania<\/span><br \/>\n<span style=\"color: #242424;\">\u2726 Handcrafted<\/span><br \/>\n<span style=\"color: #242424;\">\u2726 Made of Italian vegetable tanned leather<\/span><br \/>\n<span style=\"color: #242424;\">\u2726 Clasp is made of stainless steel<\/span><br \/>\n<span style=\"color: #242424;\">\u2726 Packaged in a beautiful cardboard box<\/span><br \/>\n<span style=\"color: #242424;\">\u2726 Bracelet width \u2013 15 mm, thickness \u2013 \nabout 2,5 mm.<\/span><br \/>\n<span style=\"color: #242424;\">\u2726 Color: brown<\/span><\/p>\n<p><span style=\"color: #242424;\">Due to differences in your computer screen resolution or lighting, the actual color of the items may vary slightly from what is shown in the photo.<\/span><\/p>","protected":false},"excerpt":{"rendered":"<p><span style=\"color: #242424;\"><strong>CUSTOMIZE THE BRACELET<\/strong><\/span><br \/>\n<span style=\"color: #242424;\">If you'd like your text or image engraved on the bracelets, provide your text example in the \"Enter engraving text\" field.<\/span><\/p>\n<p><span style=\"color: #242424;\"><strong>Text example:<\/strong><\/span><br \/>\n<span style=\"color: #242424;\">1st bracelet: Agn\u0117 (Image 1) Lukas<\/span><br \/>\n<span style=\"color: #242424;\">2nd bracelet: Agn\u0117 (Image 1) Lukas<\/span><\/p>\n<p><span style=\"color: #242424;\"><strong>NOTE!\u00a0<\/strong>Our designer will choose the optimal layout of your chosen text \/ image on the bracelets.<\/span><\/p>","protected":false},"featured_media":9542,"template":"","meta":{"_acf_changed":false},"product_brand":[],"product_cat":[29],"product_tag":[],"class_list":{"0":"post-9544","1":"product","2":"type-product","3":"status-publish","4":"has-post-thumbnail","6":"product_cat-odines-apyrankes","8":"first","9":"instock","10":"sale","11":"shipping-taxable","12":"purchasable","13":"product-type-variable"},"acf":[],"yoast_head":"<!-- This site is optimized with the Yoast SEO plugin v27.2 - https:\/\/yoast.com\/product\/yoast-seo-wordpress\/ -->\n<title>Odin\u0117s apyrank\u0117s porai su individualiu graviravimu 1.5 cm [Ruda]<\/title>\n<meta name=\"description\" content=\"Rank\u0173 darbo odin\u0117 apyrank\u0117, tinkanti vyrui ir moteriai. Ant apyrank\u0117s galime i\u0161graviruoti dat\u0105, inicialus, fraz\u0119 arba simbol\u012f. Nemokamas graviravimas!\" \/>\n<meta name=\"robots\" content=\"index, follow, max-snippet:-1, max-image-preview:large, max-video-preview:-1\" \/>\n<link rel=\"canonical\" href=\"https:\/\/foxyscraft.com\/en\/product\/brown-leather-bracelets-for-a-couple-custom-engraving-your-date-initials-phrase-or-symbol-apr009\/\" \/>\n<meta property=\"og:locale\" content=\"en_US\" \/>\n<meta property=\"og:type\" content=\"article\" \/>\n<meta property=\"og:title\" content=\"Odin\u0117s apyrank\u0117s porai su individualiu graviravimu 1.5 cm [Ruda]\" \/>\n<meta property=\"og:description\" content=\"Rank\u0173 darbo odin\u0117 apyrank\u0117, tinkanti vyrui ir moteriai. Ant apyrank\u0117s galime i\u0161graviruoti dat\u0105, inicialus, fraz\u0119 arba simbol\u012f. Nemokamas graviravimas!\" \/>\n<meta property=\"og:url\" content=\"https:\/\/foxyscraft.com\/en\/product\/brown-leather-bracelets-for-a-couple-custom-engraving-your-date-initials-phrase-or-symbol-apr009\/\" \/>\n<meta property=\"og:site_name\" content=\"FoxysCraft\" \/>\n<meta property=\"article:publisher\" content=\"https:\/\/www.facebook.com\/FoxysCraftLT\" \/>\n<meta property=\"article:modified_time\" content=\"2024-11-10T17:35:13+00:00\" \/>\n<meta property=\"og:image\" content=\"https:\/\/foxyscraft.com\/wp-content\/uploads\/2024\/02\/Rudos-odines-apyrankes-porai-su-individualiu-graviravimu_4.jpg\" \/>\n\t<meta property=\"og:image:width\" content=\"1500\" \/>\n\t<meta property=\"og:image:height\" content=\"1500\" \/>\n\t<meta property=\"og:image:type\" content=\"image\/jpeg\" \/>\n<meta name=\"twitter:card\" content=\"summary_large_image\" \/>\n<meta name=\"twitter:label1\" content=\"Est. reading time\" \/>\n\t<meta name=\"twitter:data1\" content=\"2 minutes\" \/>\n<script type=\"application\/ld+json\" class=\"yoast-schema-graph\">{\"@context\":\"https:\/\/schema.org\",\"@graph\":[{\"@type\":\"WebPage\",\"@id\":\"https:\/\/foxyscraft.com\/produktas\/rudos-odines-apyrankes-porai-individualus-graviravimas-jusu-data-inicialai-fraze-arba-simbolis-apr009\/\",\"url\":\"https:\/\/foxyscraft.com\/produktas\/rudos-odines-apyrankes-porai-individualus-graviravimas-jusu-data-inicialai-fraze-arba-simbolis-apr009\/\",\"name\":\"Odin\u0117s apyrank\u0117s porai su individualiu graviravimu 1.5 cm [Ruda]\",\"isPartOf\":{\"@id\":\"https:\/\/foxyscraft.com\/#website\"},\"primaryImageOfPage\":{\"@id\":\"https:\/\/foxyscraft.com\/produktas\/rudos-odines-apyrankes-porai-individualus-graviravimas-jusu-data-inicialai-fraze-arba-simbolis-apr009\/#primaryimage\"},\"image\":{\"@id\":\"https:\/\/foxyscraft.com\/produktas\/rudos-odines-apyrankes-porai-individualus-graviravimas-jusu-data-inicialai-fraze-arba-simbolis-apr009\/#primaryimage\"},\"thumbnailUrl\":\"https:\/\/foxyscraft.com\/wp-content\/uploads\/2024\/02\/Rudos-odines-apyrankes-porai-su-individualiu-graviravimu_4.jpg\",\"datePublished\":\"2024-02-17T09:43:49+00:00\",\"dateModified\":\"2024-11-10T17:35:13+00:00\",\"description\":\"Rank\u0173 darbo odin\u0117 apyrank\u0117, tinkanti vyrui ir moteriai. Ant apyrank\u0117s galime i\u0161graviruoti dat\u0105, inicialus, fraz\u0119 arba simbol\u012f. Nemokamas graviravimas!\",\"breadcrumb\":{\"@id\":\"https:\/\/foxyscraft.com\/produktas\/rudos-odines-apyrankes-porai-individualus-graviravimas-jusu-data-inicialai-fraze-arba-simbolis-apr009\/#breadcrumb\"},\"inLanguage\":\"en-US\",\"potentialAction\":[{\"@type\":\"ReadAction\",\"target\":[\"https:\/\/foxyscraft.com\/produktas\/rudos-odines-apyrankes-porai-individualus-graviravimas-jusu-data-inicialai-fraze-arba-simbolis-apr009\/\"]}]},{\"@type\":\"ImageObject\",\"inLanguage\":\"en-US\",\"@id\":\"https:\/\/foxyscraft.com\/produktas\/rudos-odines-apyrankes-porai-individualus-graviravimas-jusu-data-inicialai-fraze-arba-simbolis-apr009\/#primaryimage\",\"url\":\"https:\/\/foxyscraft.com\/wp-content\/uploads\/2024\/02\/Rudos-odines-apyrankes-porai-su-individualiu-graviravimu_4.jpg\",\"contentUrl\":\"https:\/\/foxyscraft.com\/wp-content\/uploads\/2024\/02\/Rudos-odines-apyrankes-porai-su-individualiu-graviravimu_4.jpg\",\"width\":1500,\"height\":1500,\"caption\":\"Rudos odin\u0117s apyrank\u0117s porai su individualiu graviravimu\"},{\"@type\":\"BreadcrumbList\",\"@id\":\"https:\/\/foxyscraft.com\/produktas\/rudos-odines-apyrankes-porai-individualus-graviravimas-jusu-data-inicialai-fraze-arba-simbolis-apr009\/#breadcrumb\",\"itemListElement\":[{\"@type\":\"ListItem\",\"position\":1,\"name\":\"Home\",\"item\":\"https:\/\/foxyscraft.com\/\"},{\"@type\":\"ListItem\",\"position\":2,\"name\":\"Parduotuv\u0117\",\"item\":\"https:\/\/foxyscraft.com\/parduotuve\/\"},{\"@type\":\"ListItem\",\"position\":3,\"name\":\"Rudos odin\u0117s apyrank\u0117s porai. Individualus graviravimas \u2013 J\u016bs\u0173 data, inicialai, fraz\u0117 arba simbolis [APR009]\"}]},{\"@type\":\"WebSite\",\"@id\":\"https:\/\/foxyscraft.com\/#website\",\"url\":\"https:\/\/foxyscraft.com\/\",\"name\":\"FoxysCraft\",\"description\":\"Personalizuoti rank\u0173 darbo aksesuarai sukurti Lietuvoje. iPhone d\u0117klai, odin\u0117s apyrank\u0117s, rakt\u0173 pakabukai ir pinigin\u0117s. Puikios dovan\u0173 id\u0117jos!\",\"publisher\":{\"@id\":\"https:\/\/foxyscraft.com\/#organization\"},\"potentialAction\":[{\"@type\":\"SearchAction\",\"target\":{\"@type\":\"EntryPoint\",\"urlTemplate\":\"https:\/\/foxyscraft.com\/?s={search_term_string}\"},\"query-input\":{\"@type\":\"PropertyValueSpecification\",\"valueRequired\":true,\"valueName\":\"search_term_string\"}}],\"inLanguage\":\"en-US\"},{\"@type\":\"Organization\",\"@id\":\"https:\/\/foxyscraft.com\/#organization\",\"name\":\"FoxysCraft\",\"url\":\"https:\/\/foxyscraft.com\/\",\"logo\":{\"@type\":\"ImageObject\",\"inLanguage\":\"en-US\",\"@id\":\"https:\/\/foxyscraft.com\/#\/schema\/logo\/image\/\",\"url\":\"http:\/\/foxyscraft.com\/wp-content\/uploads\/2023\/06\/FoxysCraft-Logo.svg\",\"contentUrl\":\"http:\/\/foxyscraft.com\/wp-content\/uploads\/2023\/06\/FoxysCraft-Logo.svg\",\"width\":5906,\"height\":3163,\"caption\":\"FoxysCraft\"},\"image\":{\"@id\":\"https:\/\/foxyscraft.com\/#\/schema\/logo\/image\/\"},\"sameAs\":[\"https:\/\/www.facebook.com\/FoxysCraftLT\",\"https:\/\/www.instagram.com\/foxyscraftcom\/\"]}]}<\/script>\n<!-- \/ Yoast SEO plugin. -->","yoast_head_json":{"title":"Odin\u0117s apyrank\u0117s porai su individualiu graviravimu 1.5 cm [Ruda]","description":"Rank\u0173 darbo odin\u0117 apyrank\u0117, tinkanti vyrui ir moteriai. Ant apyrank\u0117s galime i\u0161graviruoti dat\u0105, inicialus, fraz\u0119 arba simbol\u012f. Nemokamas graviravimas!","robots":{"index":"index","follow":"follow","max-snippet":"max-snippet:-1","max-image-preview":"max-image-preview:large","max-video-preview":"max-video-preview:-1"},"canonical":"https:\/\/foxyscraft.com\/en\/product\/brown-leather-bracelets-for-a-couple-custom-engraving-your-date-initials-phrase-or-symbol-apr009\/","og_locale":"en_US","og_type":"article","og_title":"Odin\u0117s apyrank\u0117s porai su individualiu graviravimu 1.5 cm [Ruda]","og_description":"Rank\u0173 darbo odin\u0117 apyrank\u0117, tinkanti vyrui ir moteriai. Ant apyrank\u0117s galime i\u0161graviruoti dat\u0105, inicialus, fraz\u0119 arba simbol\u012f. Nemokamas graviravimas!","og_url":"https:\/\/foxyscraft.com\/en\/product\/brown-leather-bracelets-for-a-couple-custom-engraving-your-date-initials-phrase-or-symbol-apr009\/","og_site_name":"FoxysCraft","article_publisher":"https:\/\/www.facebook.com\/FoxysCraftLT","article_modified_time":"2024-11-10T17:35:13+00:00","og_image":[{"width":1500,"height":1500,"url":"https:\/\/foxyscraft.com\/wp-content\/uploads\/2024\/02\/Rudos-odines-apyrankes-porai-su-individualiu-graviravimu_4.jpg","type":"image\/jpeg"}],"twitter_card":"summary_large_image","twitter_misc":{"Est. reading time":"2 minutes"},"schema":{"@context":"https:\/\/schema.org","@graph":[{"@type":"WebPage","@id":"https:\/\/foxyscraft.com\/produktas\/rudos-odines-apyrankes-porai-individualus-graviravimas-jusu-data-inicialai-fraze-arba-simbolis-apr009\/","url":"https:\/\/foxyscraft.com\/produktas\/rudos-odines-apyrankes-porai-individualus-graviravimas-jusu-data-inicialai-fraze-arba-simbolis-apr009\/","name":"Odin\u0117s apyrank\u0117s porai su individualiu graviravimu 1.5 cm [Ruda]","isPartOf":{"@id":"https:\/\/foxyscraft.com\/#website"},"primaryImageOfPage":{"@id":"https:\/\/foxyscraft.com\/produktas\/rudos-odines-apyrankes-porai-individualus-graviravimas-jusu-data-inicialai-fraze-arba-simbolis-apr009\/#primaryimage"},"image":{"@id":"https:\/\/foxyscraft.com\/produktas\/rudos-odines-apyrankes-porai-individualus-graviravimas-jusu-data-inicialai-fraze-arba-simbolis-apr009\/#primaryimage"},"thumbnailUrl":"https:\/\/foxyscraft.com\/wp-content\/uploads\/2024\/02\/Rudos-odines-apyrankes-porai-su-individualiu-graviravimu_4.jpg","datePublished":"2024-02-17T09:43:49+00:00","dateModified":"2024-11-10T17:35:13+00:00","description":"Rank\u0173 darbo odin\u0117 apyrank\u0117, tinkanti vyrui ir moteriai. Ant apyrank\u0117s galime i\u0161graviruoti dat\u0105, inicialus, fraz\u0119 arba simbol\u012f. Nemokamas graviravimas!","breadcrumb":{"@id":"https:\/\/foxyscraft.com\/produktas\/rudos-odines-apyrankes-porai-individualus-graviravimas-jusu-data-inicialai-fraze-arba-simbolis-apr009\/#breadcrumb"},"inLanguage":"en-US","potentialAction":[{"@type":"ReadAction","target":["https:\/\/foxyscraft.com\/produktas\/rudos-odines-apyrankes-porai-individualus-graviravimas-jusu-data-inicialai-fraze-arba-simbolis-apr009\/"]}]},{"@type":"ImageObject","inLanguage":"en-US","@id":"https:\/\/foxyscraft.com\/produktas\/rudos-odines-apyrankes-porai-individualus-graviravimas-jusu-data-inicialai-fraze-arba-simbolis-apr009\/#primaryimage","url":"https:\/\/foxyscraft.com\/wp-content\/uploads\/2024\/02\/Rudos-odines-apyrankes-porai-su-individualiu-graviravimu_4.jpg","contentUrl":"https:\/\/foxyscraft.com\/wp-content\/uploads\/2024\/02\/Rudos-odines-apyrankes-porai-su-individualiu-graviravimu_4.jpg","width":1500,"height":1500,"caption":"Rudos odin\u0117s apyrank\u0117s porai su individualiu graviravimu"},{"@type":"BreadcrumbList","@id":"https:\/\/foxyscraft.com\/produktas\/rudos-odines-apyrankes-porai-individualus-graviravimas-jusu-data-inicialai-fraze-arba-simbolis-apr009\/#breadcrumb","itemListElement":[{"@type":"ListItem","position":1,"name":"Home","item":"https:\/\/foxyscraft.com\/"},{"@type":"ListItem","position":2,"name":"Parduotuv\u0117","item":"https:\/\/foxyscraft.com\/parduotuve\/"},{"@type":"ListItem","position":3,"name":"Rudos odin\u0117s apyrank\u0117s porai. Individualus graviravimas \u2013 J\u016bs\u0173 data, inicialai, fraz\u0117 arba simbolis [APR009]"}]},{"@type":"WebSite","@id":"https:\/\/foxyscraft.com\/#website","url":"https:\/\/foxyscraft.com\/","name":"FoxysCraft","description":"Personalized handmade accessories created with love. iPhone cases, minimalist wallets, leather bracelets, and keychains. Perfect gift ideas!","publisher":{"@id":"https:\/\/foxyscraft.com\/#organization"},"potentialAction":[{"@type":"SearchAction","target":{"@type":"EntryPoint","urlTemplate":"https:\/\/foxyscraft.com\/?s={search_term_string}"},"query-input":{"@type":"PropertyValueSpecification","valueRequired":true,"valueName":"search_term_string"}}],"inLanguage":"en-US"},{"@type":"Organization","@id":"https:\/\/foxyscraft.com\/#organization","name":"FoxysCraft","url":"https:\/\/foxyscraft.com\/","logo":{"@type":"ImageObject","inLanguage":"en-US","@id":"https:\/\/foxyscraft.com\/#\/schema\/logo\/image\/","url":"http:\/\/foxyscraft.com\/wp-content\/uploads\/2023\/06\/FoxysCraft-Logo.svg","contentUrl":"http:\/\/foxyscraft.com\/wp-content\/uploads\/2023\/06\/FoxysCraft-Logo.svg","width":5906,"height":3163,"caption":"FoxysCraft"},"image":{"@id":"https:\/\/foxyscraft.com\/#\/schema\/logo\/image\/"},"sameAs":["https:\/\/www.facebook.com\/FoxysCraftLT","https:\/\/www.instagram.com\/foxyscraftcom\/"]}]}},"_links":{"self":[{"href":"https:\/\/foxyscraft.com\/en\/wp-json\/wp\/v2\/product\/9544","targetHints":{"allow":["GET"]}}],"collection":[{"href":"https:\/\/foxyscraft.com\/en\/wp-json\/wp\/v2\/product"}],"about":[{"href":"https:\/\/foxyscraft.com\/en\/wp-json\/wp\/v2\/types\/product"}],"wp:featuredmedia":[{"embeddable":true,"href":"https:\/\/foxyscraft.com\/en\/wp-json\/wp\/v2\/media\/9542"}],"wp:attachment":[{"href":"https:\/\/foxyscraft.com\/en\/wp-json\/wp\/v2\/media?parent=9544"}],"wp:term":[{"taxonomy":"product_brand","embeddable":true,"href":"https:\/\/foxyscraft.com\/en\/wp-json\/wp\/v2\/product_brand?post=9544"},{"taxonomy":"product_cat","embeddable":true,"href":"https:\/\/foxyscraft.com\/en\/wp-json\/wp\/v2\/product_cat?post=9544"},{"taxonomy":"product_tag","embeddable":true,"href":"https:\/\/foxyscraft.com\/en\/wp-json\/wp\/v2\/product_tag?post=9544"}],"curies":[{"name":"wp","href":"https:\/\/api.w.org\/{rel}","templated":true}]}}