{"id":9645,"date":"2024-02-28T17:54:00","date_gmt":"2024-02-28T17:54:00","guid":{"rendered":"https:\/\/foxyscraft.com\/?post_type=product&#038;p=9645"},"modified":"2024-11-10T18:53:51","modified_gmt":"2024-11-10T18:53:51","slug":"personalizuok-odine-apyranke-juoda","status":"publish","type":"product","link":"https:\/\/foxyscraft.com\/en\/product\/personalized-black-leather-bracelet\/","title":{"rendered":"Personalizuok odin\u0119 apyrank\u0119 [Juoda]"},"content":{"rendered":"\n\t\t<style type=\"text\/css\">\n\t\t\t#gallery-1 {\n\t\t\t\tmargin: auto;\n\t\t\t}\n\t\t\t#gallery-1 .gallery-item {\n\t\t\t\tfloat: left;\n\t\t\t\tmargin-top: 10px;\n\t\t\t\ttext-align: center;\n\t\t\t\twidth: 50%;\n\t\t\t}\n\t\t\t#gallery-1 img {\n\t\t\t\tborder: 2px solid #cfcfcf;\n\t\t\t}\n\t\t\t#gallery-1 .gallery-caption {\n\t\t\t\tmargin-left: 0;\n\t\t\t}\n\t\t\t\/* see gallery_shortcode() in wp-includes\/media.php *\/\n\t\t<\/style>\n\t\t<div id='gallery-1' class='gallery galleryid-9645 gallery-columns-2 gallery-size-full'><dl class='gallery-item'>\n\t\t\t<dt class='gallery-icon landscape'>\n\t\t\t\t<a href='https:\/\/foxyscraft.com\/wp-content\/uploads\/2024\/02\/Juoda-odine-apyranke_4.jpg'><img loading=\"lazy\" decoding=\"async\" width=\"1500\" height=\"1500\" src=\"https:\/\/foxyscraft.com\/wp-content\/uploads\/2024\/02\/Juoda-odine-apyranke_4.jpg\" class=\"attachment-full size-full\" alt=\"Juoda odin\u0117 apyrank\u0117 su graviravimu\" aria-describedby=\"gallery-1-9457\" srcset=\"https:\/\/foxyscraft.com\/wp-content\/uploads\/2024\/02\/Juoda-odine-apyranke_4.jpg 1500w, https:\/\/foxyscraft.com\/wp-content\/uploads\/2024\/02\/Juoda-odine-apyranke_4-600x600.jpg 600w, https:\/\/foxyscraft.com\/wp-content\/uploads\/2024\/02\/Juoda-odine-apyranke_4-800x800.jpg 800w, https:\/\/foxyscraft.com\/wp-content\/uploads\/2024\/02\/Juoda-odine-apyranke_4-1200x1200.jpg 1200w, https:\/\/foxyscraft.com\/wp-content\/uploads\/2024\/02\/Juoda-odine-apyranke_4-300x300.jpg 300w, https:\/\/foxyscraft.com\/wp-content\/uploads\/2024\/02\/Juoda-odine-apyranke_4-1024x1024.jpg 1024w, https:\/\/foxyscraft.com\/wp-content\/uploads\/2024\/02\/Juoda-odine-apyranke_4-150x150.jpg 150w, https:\/\/foxyscraft.com\/wp-content\/uploads\/2024\/02\/Juoda-odine-apyranke_4-768x768.jpg 768w, https:\/\/foxyscraft.com\/wp-content\/uploads\/2024\/02\/Juoda-odine-apyranke_4-12x12.jpg 12w\" sizes=\"auto, (max-width: 1500px) 100vw, 1500px\" title=\"Personalizuok odin\u0119 apyrank\u0119 [Juoda]\" \/><\/a>\n\t\t\t<\/dt>\n\t\t\t\t<dd class='wp-caption-text gallery-caption' id='gallery-1-9457'>\n\t\t\t\tJuoda odin\u0117 apyrank\u0117 su graviravimu\n\t\t\t\t<\/dd><\/dl><dl class='gallery-item'>\n\t\t\t<dt class='gallery-icon landscape'>\n\t\t\t\t<a href='https:\/\/foxyscraft.com\/wp-content\/uploads\/2024\/02\/Juoda-odine-apyranke_5.jpg'><img loading=\"lazy\" decoding=\"async\" width=\"1500\" height=\"1500\" src=\"https:\/\/foxyscraft.com\/wp-content\/uploads\/2024\/02\/Juoda-odine-apyranke_5.jpg\" class=\"attachment-full size-full\" alt=\"Juoda odin\u0117 apyrank\u0117 su graviravimu\" aria-describedby=\"gallery-1-9458\" srcset=\"https:\/\/foxyscraft.com\/wp-content\/uploads\/2024\/02\/Juoda-odine-apyranke_5.jpg 1500w, https:\/\/foxyscraft.com\/wp-content\/uploads\/2024\/02\/Juoda-odine-apyranke_5-600x600.jpg 600w, https:\/\/foxyscraft.com\/wp-content\/uploads\/2024\/02\/Juoda-odine-apyranke_5-800x800.jpg 800w, https:\/\/foxyscraft.com\/wp-content\/uploads\/2024\/02\/Juoda-odine-apyranke_5-1200x1200.jpg 1200w, https:\/\/foxyscraft.com\/wp-content\/uploads\/2024\/02\/Juoda-odine-apyranke_5-300x300.jpg 300w, https:\/\/foxyscraft.com\/wp-content\/uploads\/2024\/02\/Juoda-odine-apyranke_5-1024x1024.jpg 1024w, https:\/\/foxyscraft.com\/wp-content\/uploads\/2024\/02\/Juoda-odine-apyranke_5-150x150.jpg 150w, https:\/\/foxyscraft.com\/wp-content\/uploads\/2024\/02\/Juoda-odine-apyranke_5-768x768.jpg 768w, https:\/\/foxyscraft.com\/wp-content\/uploads\/2024\/02\/Juoda-odine-apyranke_5-12x12.jpg 12w\" sizes=\"auto, (max-width: 1500px) 100vw, 1500px\" title=\"Personalizuok odin\u0119 apyrank\u0119 [Juoda]\" \/><\/a>\n\t\t\t<\/dt>\n\t\t\t\t<dd class='wp-caption-text gallery-caption' id='gallery-1-9458'>\n\t\t\t\tJuoda odin\u0117 apyrank\u0117 su graviravimu\n\t\t\t\t<\/dd><\/dl><br style=\"clear: both\" \/><dl class='gallery-item'>\n\t\t\t<dt class='gallery-icon landscape'>\n\t\t\t\t<a href='https:\/\/foxyscraft.com\/wp-content\/uploads\/2024\/02\/Juoda-odine-apyranke_3.jpg'><img loading=\"lazy\" decoding=\"async\" width=\"1500\" height=\"1500\" src=\"https:\/\/foxyscraft.com\/wp-content\/uploads\/2024\/02\/Juoda-odine-apyranke_3.jpg\" class=\"attachment-full size-full\" alt=\"Juoda odin\u0117 apyrank\u0117 su graviravimu\" aria-describedby=\"gallery-1-9456\" srcset=\"https:\/\/foxyscraft.com\/wp-content\/uploads\/2024\/02\/Juoda-odine-apyranke_3.jpg 1500w, https:\/\/foxyscraft.com\/wp-content\/uploads\/2024\/02\/Juoda-odine-apyranke_3-600x600.jpg 600w, https:\/\/foxyscraft.com\/wp-content\/uploads\/2024\/02\/Juoda-odine-apyranke_3-800x800.jpg 800w, https:\/\/foxyscraft.com\/wp-content\/uploads\/2024\/02\/Juoda-odine-apyranke_3-1200x1200.jpg 1200w, https:\/\/foxyscraft.com\/wp-content\/uploads\/2024\/02\/Juoda-odine-apyranke_3-300x300.jpg 300w, https:\/\/foxyscraft.com\/wp-content\/uploads\/2024\/02\/Juoda-odine-apyranke_3-1024x1024.jpg 1024w, https:\/\/foxyscraft.com\/wp-content\/uploads\/2024\/02\/Juoda-odine-apyranke_3-150x150.jpg 150w, https:\/\/foxyscraft.com\/wp-content\/uploads\/2024\/02\/Juoda-odine-apyranke_3-768x768.jpg 768w, https:\/\/foxyscraft.com\/wp-content\/uploads\/2024\/02\/Juoda-odine-apyranke_3-12x12.jpg 12w\" sizes=\"auto, (max-width: 1500px) 100vw, 1500px\" title=\"Personalizuok odin\u0119 apyrank\u0119 [Juoda]\" \/><\/a>\n\t\t\t<\/dt>\n\t\t\t\t<dd class='wp-caption-text gallery-caption' id='gallery-1-9456'>\n\t\t\t\tJuoda odin\u0117 apyrank\u0117 su graviravimu\n\t\t\t\t<\/dd><\/dl><dl class='gallery-item'>\n\t\t\t<dt class='gallery-icon landscape'>\n\t\t\t\t<a href='https:\/\/foxyscraft.com\/wp-content\/uploads\/2024\/02\/Leather-bracelets_1.jpg'><img loading=\"lazy\" decoding=\"async\" width=\"2000\" height=\"2000\" src=\"https:\/\/foxyscraft.com\/wp-content\/uploads\/2024\/02\/Leather-bracelets_1.jpg\" class=\"attachment-full size-full\" alt=\"Odin\u0117 apyrank\u0117 su graviravimu\" aria-describedby=\"gallery-1-9365\" srcset=\"https:\/\/foxyscraft.com\/wp-content\/uploads\/2024\/02\/Leather-bracelets_1.jpg 2000w, https:\/\/foxyscraft.com\/wp-content\/uploads\/2024\/02\/Leather-bracelets_1-600x600.jpg 600w, https:\/\/foxyscraft.com\/wp-content\/uploads\/2024\/02\/Leather-bracelets_1-800x800.jpg 800w, https:\/\/foxyscraft.com\/wp-content\/uploads\/2024\/02\/Leather-bracelets_1-1200x1200.jpg 1200w, https:\/\/foxyscraft.com\/wp-content\/uploads\/2024\/02\/Leather-bracelets_1-300x300.jpg 300w, https:\/\/foxyscraft.com\/wp-content\/uploads\/2024\/02\/Leather-bracelets_1-1024x1024.jpg 1024w, https:\/\/foxyscraft.com\/wp-content\/uploads\/2024\/02\/Leather-bracelets_1-150x150.jpg 150w, https:\/\/foxyscraft.com\/wp-content\/uploads\/2024\/02\/Leather-bracelets_1-768x768.jpg 768w, https:\/\/foxyscraft.com\/wp-content\/uploads\/2024\/02\/Leather-bracelets_1-1536x1536.jpg 1536w, https:\/\/foxyscraft.com\/wp-content\/uploads\/2024\/02\/Leather-bracelets_1-12x12.jpg 12w\" sizes=\"auto, (max-width: 2000px) 100vw, 2000px\" title=\"Personalizuok odin\u0119 apyrank\u0119 [Juoda]\" \/><\/a>\n\t\t\t<\/dt>\n\t\t\t\t<dd class='wp-caption-text gallery-caption' id='gallery-1-9365'>\n\t\t\t\tOdin\u0117 apyrank\u0117 su graviravimu\n\t\t\t\t<\/dd><\/dl><br style=\"clear: both\" \/><dl class='gallery-item'>\n\t\t\t<dt class='gallery-icon landscape'>\n\t\t\t\t<a href='https:\/\/foxyscraft.com\/wp-content\/uploads\/2024\/02\/Kaip-pasimatuoti-riesa.jpg'><img loading=\"lazy\" decoding=\"async\" width=\"1500\" height=\"1500\" src=\"https:\/\/foxyscraft.com\/wp-content\/uploads\/2024\/02\/Kaip-pasimatuoti-riesa.jpg\" class=\"attachment-full size-full\" alt=\"Kaip pasimatuoti rie\u0161\u0105\" aria-describedby=\"gallery-1-9433\" srcset=\"https:\/\/foxyscraft.com\/wp-content\/uploads\/2024\/02\/Kaip-pasimatuoti-riesa.jpg 1500w, https:\/\/foxyscraft.com\/wp-content\/uploads\/2024\/02\/Kaip-pasimatuoti-riesa-600x600.jpg 600w, https:\/\/foxyscraft.com\/wp-content\/uploads\/2024\/02\/Kaip-pasimatuoti-riesa-800x800.jpg 800w, https:\/\/foxyscraft.com\/wp-content\/uploads\/2024\/02\/Kaip-pasimatuoti-riesa-1200x1200.jpg 1200w, https:\/\/foxyscraft.com\/wp-content\/uploads\/2024\/02\/Kaip-pasimatuoti-riesa-300x300.jpg 300w, https:\/\/foxyscraft.com\/wp-content\/uploads\/2024\/02\/Kaip-pasimatuoti-riesa-1024x1024.jpg 1024w, https:\/\/foxyscraft.com\/wp-content\/uploads\/2024\/02\/Kaip-pasimatuoti-riesa-150x150.jpg 150w, https:\/\/foxyscraft.com\/wp-content\/uploads\/2024\/02\/Kaip-pasimatuoti-riesa-768x768.jpg 768w, https:\/\/foxyscraft.com\/wp-content\/uploads\/2024\/02\/Kaip-pasimatuoti-riesa-12x12.jpg 12w\" sizes=\"auto, (max-width: 1500px) 100vw, 1500px\" title=\"Personalizuok odin\u0119 apyrank\u0119 [Juoda]\" \/><\/a>\n\t\t\t<\/dt>\n\t\t\t\t<dd class='wp-caption-text gallery-caption' id='gallery-1-9433'>\n\t\t\t\tKaip pasimatuoti rie\u0161\u0105\n\t\t\t\t<\/dd><\/dl>\n\t\t\t<br style='clear: both' \/>\n\t\t<\/div>\n\n<p><span style=\"color: #242424;\">Rank\u0173 darbo odin\u0117 apyrank\u0117, tinkanti tiek vyrui, tiek moteriai.<\/span><br \/>\n<span style=\"color: #242424;\">Tai puiki dovana sau ar artimam \u017emogui, kuriam ji visuomet primins apie Jus.<\/span><br \/>\n<span style=\"color: #242424;\">Apyrank\u0117 pagaminta i\u0161 augalinio rauginimo itali\u0161kos odos, kuri yra itin patvari ir su laiku atrodo vis gra\u017eiau ir unikaliau. Oda stangri, tod\u0117l gaminys i\u0161laiko savo form\u0105.<\/span><\/p>\n<p><span style=\"color: #242424;\">Tinkamam dyd\u017eiui pasirinkti reikia pamatuoti rie\u0161\u0105 per kauliuk\u0105. Standarti\u0161kai,<\/span><\/p>\n<p><span style=\"color: #242424;\">S dydis da\u017eniausiai tinka moterims,<\/span><br \/>\n<span style=\"color: #242424;\">M \u2013 vyrams,<\/span><br \/>\n<span style=\"color: #242424;\">L \u2013 platiems rie\u0161ams.<\/span><\/p>\n<p><span style=\"color: #242424;\"><strong>Personalizacija.<\/strong> Tai puiki dovana \u017emogui, kuris vertina kokybi\u0161k\u0105 rank\u0173 darb\u0105. Ant apyrank\u0117s galima i\u0161graviruoti J\u016bs\u0173 pasirinkt\u0105 tekst\u0105, inicialus, logotip\u0105, dat\u0105 ar paveiksl\u0117l\u012f, kurie suteiks apyrankei i\u0161skirtinumo ir unikalumo.<\/span><\/p>\n<p><span style=\"color: #242424;\"><strong>Apie od\u0105.<\/strong> \u201eVera Pelle\u201c \u2013 kokyb\u0117s \u017eenklas, garantuojantis auk\u0161\u010diausius odos i\u0161dirbimo augalinio rauginimo b\u016bdu standartus. Odinink\u0173 dirbama saul\u0117tame Italijos Toskanos regione, \u0161i oda dvelkia nat\u016bralumu ir autentika. Odai i\u0161dirbti nenaudojami jokie chemikalai, tik augaliniai aliejai ir nat\u016bralios priemon\u0117s i\u0161 gamtos. B\u0117gant laikui, augalinio rauginimo oda gra\u017eiai sensta, ilgainiui vystosi turtinga patina ir ji pasi\u017eymi nuostabiu klasikiniu odos kvapu.<\/span><\/p>\n<p><span style=\"color: #242424;\"><strong>Pastaba.<\/strong> Po u\u017esakymo pateikimo ir apmok\u0117jimo apyrank\u0117 pagaminama per 1-3 d.d.<\/span><\/p>\n<p><span style=\"color: #242424;\">\u2726 Pagaminta Lietuvoje<\/span><br \/>\n<span style=\"color: #242424;\">\u2726 Rank\u0173 darbo<\/span><br \/>\n<span style=\"color: #242424;\">\u2726 Pagaminta i\u0161 augalinio rauginimo itali\u0161kos odos<\/span><br \/>\n<span style=\"color: #242424;\">\u2726 Ner\u016bdijan\u010dio plieno u\u017esegimas<\/span><br \/>\n<span style=\"color: #242424;\">\u2726 Supakuota gra\u017eioje kartonin\u0117je d\u0117\u017eut\u0117je<\/span><br \/>\n<span style=\"color: #242424;\">\u2726 Apyrank\u0117s plotis \u2013 15 mm, storis \u2013 apie 2,5 mm.<\/span><br \/>\n<span style=\"color: #242424;\">\u2726 Spalva: juoda<\/span><\/p>\n<p><span style=\"color: #242424;\">D\u0117l j\u016bs\u0173 kompiuterio ekrano rai\u0161kos nustatym\u0173 ar ap\u0161vietimo skirtum\u0173, reali preki\u0173 spalva gali ne\u017eymiai skirtis nuo esan\u010dios nuotraukoje.<\/span><\/p>\n","protected":false},"excerpt":{"rendered":"<p><span style=\"color: #242424;\"><strong>NOTE!<\/strong> You can personalize the bracelet within the area marked in green.<\/span><\/p>","protected":false},"featured_media":9457,"template":"","meta":{"_acf_changed":false},"product_brand":[],"product_cat":[182],"product_tag":[],"class_list":{"0":"post-9645","1":"product","2":"type-product","3":"status-publish","4":"has-post-thumbnail","6":"product_cat-personalizuotos-odines-apyrankes","8":"first","9":"instock","10":"purchasable","11":"product-type-variable"},"acf":[],"yoast_head":"<!-- This site is optimized with the Yoast SEO plugin v27.3 - https:\/\/yoast.com\/product\/yoast-seo-wordpress\/ -->\n<title>Personalizuok odin\u0119 apyrank\u0119 [Juoda] \u2013 FoxysCraft<\/title>\n<meta name=\"description\" content=\"Juoda odin\u0117 apyrank\u0117 su J\u016bs\u0173 asmenine \u017einute ar paveiksl\u0117liu. Ypatinga dovana brangiam \u017emogui, kuris vertina rank\u0173 darb\u0105. Nemokamas graviravimas!\" \/>\n<meta name=\"robots\" content=\"index, follow, max-snippet:-1, max-image-preview:large, max-video-preview:-1\" \/>\n<link rel=\"canonical\" href=\"https:\/\/foxyscraft.com\/en\/product\/personalized-black-leather-bracelet\/\" \/>\n<meta property=\"og:locale\" content=\"en_US\" \/>\n<meta property=\"og:type\" content=\"article\" \/>\n<meta property=\"og:title\" content=\"Personalizuok odin\u0119 apyrank\u0119 [Juoda] \u2013 FoxysCraft\" \/>\n<meta property=\"og:description\" content=\"Juoda odin\u0117 apyrank\u0117 su J\u016bs\u0173 asmenine \u017einute ar paveiksl\u0117liu. Ypatinga dovana brangiam \u017emogui, kuris vertina rank\u0173 darb\u0105. Nemokamas graviravimas!\" \/>\n<meta property=\"og:url\" content=\"https:\/\/foxyscraft.com\/en\/product\/personalized-black-leather-bracelet\/\" \/>\n<meta property=\"og:site_name\" content=\"FoxysCraft\" \/>\n<meta property=\"article:publisher\" content=\"https:\/\/www.facebook.com\/FoxysCraftLT\" \/>\n<meta property=\"article:modified_time\" content=\"2024-11-10T18:53:51+00:00\" \/>\n<meta property=\"og:image\" content=\"https:\/\/foxyscraft.com\/wp-content\/uploads\/2024\/02\/Juoda-odine-apyranke_4.jpg\" \/>\n\t<meta property=\"og:image:width\" content=\"1500\" \/>\n\t<meta property=\"og:image:height\" content=\"1500\" \/>\n\t<meta property=\"og:image:type\" content=\"image\/jpeg\" \/>\n<meta name=\"twitter:card\" content=\"summary_large_image\" \/>\n<meta name=\"twitter:label1\" content=\"Est. reading time\" \/>\n\t<meta name=\"twitter:data1\" content=\"2 minutes\" \/>\n<script type=\"application\/ld+json\" class=\"yoast-schema-graph\">{\"@context\":\"https:\\\/\\\/schema.org\",\"@graph\":[{\"@type\":\"WebPage\",\"@id\":\"https:\\\/\\\/foxyscraft.com\\\/produktas\\\/personalizuok-odine-apyranke-juoda\\\/\",\"url\":\"https:\\\/\\\/foxyscraft.com\\\/produktas\\\/personalizuok-odine-apyranke-juoda\\\/\",\"name\":\"Personalizuok odin\u0119 apyrank\u0119 [Juoda] \u2013 FoxysCraft\",\"isPartOf\":{\"@id\":\"https:\\\/\\\/foxyscraft.com\\\/#website\"},\"primaryImageOfPage\":{\"@id\":\"https:\\\/\\\/foxyscraft.com\\\/produktas\\\/personalizuok-odine-apyranke-juoda\\\/#primaryimage\"},\"image\":{\"@id\":\"https:\\\/\\\/foxyscraft.com\\\/produktas\\\/personalizuok-odine-apyranke-juoda\\\/#primaryimage\"},\"thumbnailUrl\":\"https:\\\/\\\/foxyscraft.com\\\/wp-content\\\/uploads\\\/2024\\\/02\\\/Juoda-odine-apyranke_4.jpg\",\"datePublished\":\"2024-02-28T17:54:00+00:00\",\"dateModified\":\"2024-11-10T18:53:51+00:00\",\"description\":\"Juoda odin\u0117 apyrank\u0117 su J\u016bs\u0173 asmenine \u017einute ar paveiksl\u0117liu. Ypatinga dovana brangiam \u017emogui, kuris vertina rank\u0173 darb\u0105. Nemokamas graviravimas!\",\"breadcrumb\":{\"@id\":\"https:\\\/\\\/foxyscraft.com\\\/produktas\\\/personalizuok-odine-apyranke-juoda\\\/#breadcrumb\"},\"inLanguage\":\"en-US\",\"potentialAction\":[{\"@type\":\"ReadAction\",\"target\":[\"https:\\\/\\\/foxyscraft.com\\\/produktas\\\/personalizuok-odine-apyranke-juoda\\\/\"]}]},{\"@type\":\"ImageObject\",\"inLanguage\":\"en-US\",\"@id\":\"https:\\\/\\\/foxyscraft.com\\\/produktas\\\/personalizuok-odine-apyranke-juoda\\\/#primaryimage\",\"url\":\"https:\\\/\\\/foxyscraft.com\\\/wp-content\\\/uploads\\\/2024\\\/02\\\/Juoda-odine-apyranke_4.jpg\",\"contentUrl\":\"https:\\\/\\\/foxyscraft.com\\\/wp-content\\\/uploads\\\/2024\\\/02\\\/Juoda-odine-apyranke_4.jpg\",\"width\":1500,\"height\":1500,\"caption\":\"Juoda odin\u0117 apyrank\u0117 su graviravimu\"},{\"@type\":\"BreadcrumbList\",\"@id\":\"https:\\\/\\\/foxyscraft.com\\\/produktas\\\/personalizuok-odine-apyranke-juoda\\\/#breadcrumb\",\"itemListElement\":[{\"@type\":\"ListItem\",\"position\":1,\"name\":\"Home\",\"item\":\"https:\\\/\\\/foxyscraft.com\\\/\"},{\"@type\":\"ListItem\",\"position\":2,\"name\":\"Parduotuv\u0117\",\"item\":\"https:\\\/\\\/foxyscraft.com\\\/parduotuve\\\/\"},{\"@type\":\"ListItem\",\"position\":3,\"name\":\"Personalizuok odin\u0119 apyrank\u0119 [Juoda]\"}]},{\"@type\":\"WebSite\",\"@id\":\"https:\\\/\\\/foxyscraft.com\\\/#website\",\"url\":\"https:\\\/\\\/foxyscraft.com\\\/\",\"name\":\"FoxysCraft\",\"description\":\"Personalizuoti rank\u0173 darbo aksesuarai sukurti Lietuvoje. iPhone d\u0117klai, odin\u0117s apyrank\u0117s, rakt\u0173 pakabukai ir pinigin\u0117s. Puikios dovan\u0173 id\u0117jos!\",\"publisher\":{\"@id\":\"https:\\\/\\\/foxyscraft.com\\\/#organization\"},\"potentialAction\":[{\"@type\":\"SearchAction\",\"target\":{\"@type\":\"EntryPoint\",\"urlTemplate\":\"https:\\\/\\\/foxyscraft.com\\\/?s={search_term_string}\"},\"query-input\":{\"@type\":\"PropertyValueSpecification\",\"valueRequired\":true,\"valueName\":\"search_term_string\"}}],\"inLanguage\":\"en-US\"},{\"@type\":\"Organization\",\"@id\":\"https:\\\/\\\/foxyscraft.com\\\/#organization\",\"name\":\"FoxysCraft\",\"url\":\"https:\\\/\\\/foxyscraft.com\\\/\",\"logo\":{\"@type\":\"ImageObject\",\"inLanguage\":\"en-US\",\"@id\":\"https:\\\/\\\/foxyscraft.com\\\/#\\\/schema\\\/logo\\\/image\\\/\",\"url\":\"http:\\\/\\\/foxyscraft.com\\\/wp-content\\\/uploads\\\/2023\\\/06\\\/FoxysCraft-Logo.svg\",\"contentUrl\":\"http:\\\/\\\/foxyscraft.com\\\/wp-content\\\/uploads\\\/2023\\\/06\\\/FoxysCraft-Logo.svg\",\"width\":5906,\"height\":3163,\"caption\":\"FoxysCraft\"},\"image\":{\"@id\":\"https:\\\/\\\/foxyscraft.com\\\/#\\\/schema\\\/logo\\\/image\\\/\"},\"sameAs\":[\"https:\\\/\\\/www.facebook.com\\\/FoxysCraftLT\",\"https:\\\/\\\/www.instagram.com\\\/foxyscraftcom\\\/\"]}]}<\/script>\n<!-- \/ Yoast SEO plugin. -->","yoast_head_json":{"title":"Personalizuok odin\u0119 apyrank\u0119 [Juoda] \u2013 FoxysCraft","description":"Juoda odin\u0117 apyrank\u0117 su J\u016bs\u0173 asmenine \u017einute ar paveiksl\u0117liu. Ypatinga dovana brangiam \u017emogui, kuris vertina rank\u0173 darb\u0105. Nemokamas graviravimas!","robots":{"index":"index","follow":"follow","max-snippet":"max-snippet:-1","max-image-preview":"max-image-preview:large","max-video-preview":"max-video-preview:-1"},"canonical":"https:\/\/foxyscraft.com\/en\/product\/personalized-black-leather-bracelet\/","og_locale":"en_US","og_type":"article","og_title":"Personalizuok odin\u0119 apyrank\u0119 [Juoda] \u2013 FoxysCraft","og_description":"Juoda odin\u0117 apyrank\u0117 su J\u016bs\u0173 asmenine \u017einute ar paveiksl\u0117liu. Ypatinga dovana brangiam \u017emogui, kuris vertina rank\u0173 darb\u0105. Nemokamas graviravimas!","og_url":"https:\/\/foxyscraft.com\/en\/product\/personalized-black-leather-bracelet\/","og_site_name":"FoxysCraft","article_publisher":"https:\/\/www.facebook.com\/FoxysCraftLT","article_modified_time":"2024-11-10T18:53:51+00:00","og_image":[{"width":1500,"height":1500,"url":"https:\/\/foxyscraft.com\/wp-content\/uploads\/2024\/02\/Juoda-odine-apyranke_4.jpg","type":"image\/jpeg"}],"twitter_card":"summary_large_image","twitter_misc":{"Est. reading time":"2 minutes"},"schema":{"@context":"https:\/\/schema.org","@graph":[{"@type":"WebPage","@id":"https:\/\/foxyscraft.com\/produktas\/personalizuok-odine-apyranke-juoda\/","url":"https:\/\/foxyscraft.com\/produktas\/personalizuok-odine-apyranke-juoda\/","name":"Personalizuok odin\u0119 apyrank\u0119 [Juoda] \u2013 FoxysCraft","isPartOf":{"@id":"https:\/\/foxyscraft.com\/#website"},"primaryImageOfPage":{"@id":"https:\/\/foxyscraft.com\/produktas\/personalizuok-odine-apyranke-juoda\/#primaryimage"},"image":{"@id":"https:\/\/foxyscraft.com\/produktas\/personalizuok-odine-apyranke-juoda\/#primaryimage"},"thumbnailUrl":"https:\/\/foxyscraft.com\/wp-content\/uploads\/2024\/02\/Juoda-odine-apyranke_4.jpg","datePublished":"2024-02-28T17:54:00+00:00","dateModified":"2024-11-10T18:53:51+00:00","description":"Juoda odin\u0117 apyrank\u0117 su J\u016bs\u0173 asmenine \u017einute ar paveiksl\u0117liu. Ypatinga dovana brangiam \u017emogui, kuris vertina rank\u0173 darb\u0105. Nemokamas graviravimas!","breadcrumb":{"@id":"https:\/\/foxyscraft.com\/produktas\/personalizuok-odine-apyranke-juoda\/#breadcrumb"},"inLanguage":"en-US","potentialAction":[{"@type":"ReadAction","target":["https:\/\/foxyscraft.com\/produktas\/personalizuok-odine-apyranke-juoda\/"]}]},{"@type":"ImageObject","inLanguage":"en-US","@id":"https:\/\/foxyscraft.com\/produktas\/personalizuok-odine-apyranke-juoda\/#primaryimage","url":"https:\/\/foxyscraft.com\/wp-content\/uploads\/2024\/02\/Juoda-odine-apyranke_4.jpg","contentUrl":"https:\/\/foxyscraft.com\/wp-content\/uploads\/2024\/02\/Juoda-odine-apyranke_4.jpg","width":1500,"height":1500,"caption":"Juoda odin\u0117 apyrank\u0117 su graviravimu"},{"@type":"BreadcrumbList","@id":"https:\/\/foxyscraft.com\/produktas\/personalizuok-odine-apyranke-juoda\/#breadcrumb","itemListElement":[{"@type":"ListItem","position":1,"name":"Home","item":"https:\/\/foxyscraft.com\/"},{"@type":"ListItem","position":2,"name":"Parduotuv\u0117","item":"https:\/\/foxyscraft.com\/parduotuve\/"},{"@type":"ListItem","position":3,"name":"Personalizuok odin\u0119 apyrank\u0119 [Juoda]"}]},{"@type":"WebSite","@id":"https:\/\/foxyscraft.com\/#website","url":"https:\/\/foxyscraft.com\/","name":"FoxysCraft","description":"Personalized handmade accessories created with love. iPhone cases, minimalist wallets, leather bracelets, and keychains. Perfect gift ideas!","publisher":{"@id":"https:\/\/foxyscraft.com\/#organization"},"potentialAction":[{"@type":"SearchAction","target":{"@type":"EntryPoint","urlTemplate":"https:\/\/foxyscraft.com\/?s={search_term_string}"},"query-input":{"@type":"PropertyValueSpecification","valueRequired":true,"valueName":"search_term_string"}}],"inLanguage":"en-US"},{"@type":"Organization","@id":"https:\/\/foxyscraft.com\/#organization","name":"FoxysCraft","url":"https:\/\/foxyscraft.com\/","logo":{"@type":"ImageObject","inLanguage":"en-US","@id":"https:\/\/foxyscraft.com\/#\/schema\/logo\/image\/","url":"http:\/\/foxyscraft.com\/wp-content\/uploads\/2023\/06\/FoxysCraft-Logo.svg","contentUrl":"http:\/\/foxyscraft.com\/wp-content\/uploads\/2023\/06\/FoxysCraft-Logo.svg","width":5906,"height":3163,"caption":"FoxysCraft"},"image":{"@id":"https:\/\/foxyscraft.com\/#\/schema\/logo\/image\/"},"sameAs":["https:\/\/www.facebook.com\/FoxysCraftLT","https:\/\/www.instagram.com\/foxyscraftcom\/"]}]}},"_links":{"self":[{"href":"https:\/\/foxyscraft.com\/en\/wp-json\/wp\/v2\/product\/9645","targetHints":{"allow":["GET"]}}],"collection":[{"href":"https:\/\/foxyscraft.com\/en\/wp-json\/wp\/v2\/product"}],"about":[{"href":"https:\/\/foxyscraft.com\/en\/wp-json\/wp\/v2\/types\/product"}],"wp:featuredmedia":[{"embeddable":true,"href":"https:\/\/foxyscraft.com\/en\/wp-json\/wp\/v2\/media\/9457"}],"wp:attachment":[{"href":"https:\/\/foxyscraft.com\/en\/wp-json\/wp\/v2\/media?parent=9645"}],"wp:term":[{"taxonomy":"product_brand","embeddable":true,"href":"https:\/\/foxyscraft.com\/en\/wp-json\/wp\/v2\/product_brand?post=9645"},{"taxonomy":"product_cat","embeddable":true,"href":"https:\/\/foxyscraft.com\/en\/wp-json\/wp\/v2\/product_cat?post=9645"},{"taxonomy":"product_tag","embeddable":true,"href":"https:\/\/foxyscraft.com\/en\/wp-json\/wp\/v2\/product_tag?post=9645"}],"curies":[{"name":"wp","href":"https:\/\/api.w.org\/{rel}","templated":true}]}}