{"id":9666,"date":"2024-02-28T19:18:59","date_gmt":"2024-02-28T19:18:59","guid":{"rendered":"https:\/\/foxyscraft.com\/?post_type=product&#038;p=9666"},"modified":"2024-11-10T18:57:53","modified_gmt":"2024-11-10T18:57:53","slug":"personalizuok-ruda-odine-apyranke-su-metaline-detale","status":"publish","type":"product","link":"https:\/\/foxyscraft.com\/en\/product\/personalized-brown-leather-bracelet-with-a-metal-detail\/","title":{"rendered":"Personalized brown leather bracelet with a metal detail"},"content":{"rendered":"<style type=\"text\/css\">\n\t\t\t#gallery-1 {\n\t\t\t\tmargin: auto;\n\t\t\t}\n\t\t\t#gallery-1 .gallery-item {\n\t\t\t\tfloat: left;\n\t\t\t\tmargin-top: 10px;\n\t\t\t\ttext-align: center;\n\t\t\t\twidth: 50%;\n\t\t\t}\n\t\t\t#gallery-1 img {\n\t\t\t\tborder: 2px solid #cfcfcf;\n\t\t\t}\n\t\t\t#gallery-1 .gallery-caption {\n\t\t\t\tmargin-left: 0;\n\t\t\t}\n\t\t\t\/* see gallery_shortcode() in wp-includes\/media.php *\/\n\t\t<\/style>\n\t\t<div id='gallery-1' class='gallery galleryid-9666 gallery-columns-2 gallery-size-full'><dl class='gallery-item'>\n\t\t\t<dt class='gallery-icon landscape'>\n\t\t\t\t<a href='https:\/\/foxyscraft.com\/wp-content\/uploads\/2024\/02\/Ruda-odine-apyranke-su-nerudijancio-plieno-detale_4.jpg'><img loading=\"lazy\" decoding=\"async\" width=\"1500\" height=\"1500\" src=\"https:\/\/foxyscraft.com\/wp-content\/uploads\/2024\/02\/Ruda-odine-apyranke-su-nerudijancio-plieno-detale_4.jpg\" class=\"attachment-full size-full\" alt=\"Brown leather bracelet with a metal detail\" aria-describedby=\"gallery-1-9483\" srcset=\"https:\/\/foxyscraft.com\/wp-content\/uploads\/2024\/02\/Ruda-odine-apyranke-su-nerudijancio-plieno-detale_4.jpg 1500w, https:\/\/foxyscraft.com\/wp-content\/uploads\/2024\/02\/Ruda-odine-apyranke-su-nerudijancio-plieno-detale_4-600x600.jpg 600w, https:\/\/foxyscraft.com\/wp-content\/uploads\/2024\/02\/Ruda-odine-apyranke-su-nerudijancio-plieno-detale_4-800x800.jpg 800w, https:\/\/foxyscraft.com\/wp-content\/uploads\/2024\/02\/Ruda-odine-apyranke-su-nerudijancio-plieno-detale_4-1200x1200.jpg 1200w, https:\/\/foxyscraft.com\/wp-content\/uploads\/2024\/02\/Ruda-odine-apyranke-su-nerudijancio-plieno-detale_4-300x300.jpg 300w, https:\/\/foxyscraft.com\/wp-content\/uploads\/2024\/02\/Ruda-odine-apyranke-su-nerudijancio-plieno-detale_4-1024x1024.jpg 1024w, https:\/\/foxyscraft.com\/wp-content\/uploads\/2024\/02\/Ruda-odine-apyranke-su-nerudijancio-plieno-detale_4-150x150.jpg 150w, https:\/\/foxyscraft.com\/wp-content\/uploads\/2024\/02\/Ruda-odine-apyranke-su-nerudijancio-plieno-detale_4-768x768.jpg 768w, https:\/\/foxyscraft.com\/wp-content\/uploads\/2024\/02\/Ruda-odine-apyranke-su-nerudijancio-plieno-detale_4-12x12.jpg 12w\" sizes=\"auto, (max-width: 1500px) 100vw, 1500px\" title=\"Personalized brown leather bracelet with a metal detail\" \/><\/a>\n\t\t\t<\/dt>\n\t\t\t\t<dd class='wp-caption-text gallery-caption' id='gallery-1-9483'>\n\t\t\t\tBrown leather bracelet with a metal detail\n\t\t\t\t<\/dd><\/dl><dl class='gallery-item'>\n\t\t\t<dt class='gallery-icon landscape'>\n\t\t\t\t<a href='https:\/\/foxyscraft.com\/wp-content\/uploads\/2024\/02\/Ruda-odine-apyranke-su-nerudijancio-plieno-detale_5.jpg'><img loading=\"lazy\" decoding=\"async\" width=\"1500\" height=\"1500\" src=\"https:\/\/foxyscraft.com\/wp-content\/uploads\/2024\/02\/Ruda-odine-apyranke-su-nerudijancio-plieno-detale_5.jpg\" class=\"attachment-full size-full\" alt=\"Brown leather bracelet with a metal detail\" aria-describedby=\"gallery-1-9484\" srcset=\"https:\/\/foxyscraft.com\/wp-content\/uploads\/2024\/02\/Ruda-odine-apyranke-su-nerudijancio-plieno-detale_5.jpg 1500w, https:\/\/foxyscraft.com\/wp-content\/uploads\/2024\/02\/Ruda-odine-apyranke-su-nerudijancio-plieno-detale_5-600x600.jpg 600w, https:\/\/foxyscraft.com\/wp-content\/uploads\/2024\/02\/Ruda-odine-apyranke-su-nerudijancio-plieno-detale_5-800x800.jpg 800w, https:\/\/foxyscraft.com\/wp-content\/uploads\/2024\/02\/Ruda-odine-apyranke-su-nerudijancio-plieno-detale_5-1200x1200.jpg 1200w, https:\/\/foxyscraft.com\/wp-content\/uploads\/2024\/02\/Ruda-odine-apyranke-su-nerudijancio-plieno-detale_5-300x300.jpg 300w, https:\/\/foxyscraft.com\/wp-content\/uploads\/2024\/02\/Ruda-odine-apyranke-su-nerudijancio-plieno-detale_5-1024x1024.jpg 1024w, https:\/\/foxyscraft.com\/wp-content\/uploads\/2024\/02\/Ruda-odine-apyranke-su-nerudijancio-plieno-detale_5-150x150.jpg 150w, https:\/\/foxyscraft.com\/wp-content\/uploads\/2024\/02\/Ruda-odine-apyranke-su-nerudijancio-plieno-detale_5-768x768.jpg 768w, https:\/\/foxyscraft.com\/wp-content\/uploads\/2024\/02\/Ruda-odine-apyranke-su-nerudijancio-plieno-detale_5-12x12.jpg 12w\" sizes=\"auto, (max-width: 1500px) 100vw, 1500px\" title=\"Personalized brown leather bracelet with a metal detail\" \/><\/a>\n\t\t\t<\/dt>\n\t\t\t\t<dd class='wp-caption-text gallery-caption' id='gallery-1-9484'>\n\t\t\t\tBrown leather bracelet with a metal detail\n\t\t\t\t<\/dd><\/dl><br style=\"clear: both\" \/><dl class='gallery-item'>\n\t\t\t<dt class='gallery-icon landscape'>\n\t\t\t\t<a href='https:\/\/foxyscraft.com\/wp-content\/uploads\/2024\/02\/Ruda-odine-apyranke-su-nerudijancio-plieno-detale_3.jpg'><img loading=\"lazy\" decoding=\"async\" width=\"1500\" height=\"1500\" src=\"https:\/\/foxyscraft.com\/wp-content\/uploads\/2024\/02\/Ruda-odine-apyranke-su-nerudijancio-plieno-detale_3.jpg\" class=\"attachment-full size-full\" alt=\"Brown leather bracelet with a metal detail\" aria-describedby=\"gallery-1-9482\" srcset=\"https:\/\/foxyscraft.com\/wp-content\/uploads\/2024\/02\/Ruda-odine-apyranke-su-nerudijancio-plieno-detale_3.jpg 1500w, https:\/\/foxyscraft.com\/wp-content\/uploads\/2024\/02\/Ruda-odine-apyranke-su-nerudijancio-plieno-detale_3-600x600.jpg 600w, https:\/\/foxyscraft.com\/wp-content\/uploads\/2024\/02\/Ruda-odine-apyranke-su-nerudijancio-plieno-detale_3-800x800.jpg 800w, https:\/\/foxyscraft.com\/wp-content\/uploads\/2024\/02\/Ruda-odine-apyranke-su-nerudijancio-plieno-detale_3-1200x1200.jpg 1200w, https:\/\/foxyscraft.com\/wp-content\/uploads\/2024\/02\/Ruda-odine-apyranke-su-nerudijancio-plieno-detale_3-300x300.jpg 300w, https:\/\/foxyscraft.com\/wp-content\/uploads\/2024\/02\/Ruda-odine-apyranke-su-nerudijancio-plieno-detale_3-1024x1024.jpg 1024w, https:\/\/foxyscraft.com\/wp-content\/uploads\/2024\/02\/Ruda-odine-apyranke-su-nerudijancio-plieno-detale_3-150x150.jpg 150w, https:\/\/foxyscraft.com\/wp-content\/uploads\/2024\/02\/Ruda-odine-apyranke-su-nerudijancio-plieno-detale_3-768x768.jpg 768w, https:\/\/foxyscraft.com\/wp-content\/uploads\/2024\/02\/Ruda-odine-apyranke-su-nerudijancio-plieno-detale_3-12x12.jpg 12w\" sizes=\"auto, (max-width: 1500px) 100vw, 1500px\" title=\"Personalized brown leather bracelet with a metal detail\" \/><\/a>\n\t\t\t<\/dt>\n\t\t\t\t<dd class='wp-caption-text gallery-caption' id='gallery-1-9482'>\n\t\t\t\tBrown leather bracelet with a metal detail\n\t\t\t\t<\/dd><\/dl><dl class='gallery-item'>\n\t\t\t<dt class='gallery-icon landscape'>\n\t\t\t\t<a href='https:\/\/foxyscraft.com\/wp-content\/uploads\/2024\/02\/Leather-bracelets_1.jpg'><img loading=\"lazy\" decoding=\"async\" width=\"2000\" height=\"2000\" src=\"https:\/\/foxyscraft.com\/wp-content\/uploads\/2024\/02\/Leather-bracelets_1.jpg\" class=\"attachment-full size-full\" alt=\"Leather bracelet with engraving\" aria-describedby=\"gallery-1-9365\" srcset=\"https:\/\/foxyscraft.com\/wp-content\/uploads\/2024\/02\/Leather-bracelets_1.jpg 2000w, https:\/\/foxyscraft.com\/wp-content\/uploads\/2024\/02\/Leather-bracelets_1-600x600.jpg 600w, https:\/\/foxyscraft.com\/wp-content\/uploads\/2024\/02\/Leather-bracelets_1-800x800.jpg 800w, https:\/\/foxyscraft.com\/wp-content\/uploads\/2024\/02\/Leather-bracelets_1-1200x1200.jpg 1200w, https:\/\/foxyscraft.com\/wp-content\/uploads\/2024\/02\/Leather-bracelets_1-300x300.jpg 300w, https:\/\/foxyscraft.com\/wp-content\/uploads\/2024\/02\/Leather-bracelets_1-1024x1024.jpg 1024w, https:\/\/foxyscraft.com\/wp-content\/uploads\/2024\/02\/Leather-bracelets_1-150x150.jpg 150w, https:\/\/foxyscraft.com\/wp-content\/uploads\/2024\/02\/Leather-bracelets_1-768x768.jpg 768w, https:\/\/foxyscraft.com\/wp-content\/uploads\/2024\/02\/Leather-bracelets_1-1536x1536.jpg 1536w, https:\/\/foxyscraft.com\/wp-content\/uploads\/2024\/02\/Leather-bracelets_1-12x12.jpg 12w\" sizes=\"auto, (max-width: 2000px) 100vw, 2000px\" title=\"Personalized brown leather bracelet with a metal detail\" \/><\/a>\n\t\t\t<\/dt>\n\t\t\t\t<dd class='wp-caption-text gallery-caption' id='gallery-1-9365'>\n\t\t\t\tLeather bracelet with engraving\n\t\t\t\t<\/dd><\/dl><br style=\"clear: both\" \/><dl class='gallery-item'>\n\t\t\t<dt class='gallery-icon landscape'>\n\t\t\t\t<a href='https:\/\/foxyscraft.com\/wp-content\/uploads\/2024\/02\/Kaip-pasimatuoti-riesa.jpg'><img loading=\"lazy\" decoding=\"async\" width=\"1500\" height=\"1500\" src=\"https:\/\/foxyscraft.com\/wp-content\/uploads\/2024\/02\/Kaip-pasimatuoti-riesa.jpg\" class=\"attachment-full size-full\" alt=\"How to measure wrist size\" aria-describedby=\"gallery-1-9433\" srcset=\"https:\/\/foxyscraft.com\/wp-content\/uploads\/2024\/02\/Kaip-pasimatuoti-riesa.jpg 1500w, https:\/\/foxyscraft.com\/wp-content\/uploads\/2024\/02\/Kaip-pasimatuoti-riesa-600x600.jpg 600w, https:\/\/foxyscraft.com\/wp-content\/uploads\/2024\/02\/Kaip-pasimatuoti-riesa-800x800.jpg 800w, https:\/\/foxyscraft.com\/wp-content\/uploads\/2024\/02\/Kaip-pasimatuoti-riesa-1200x1200.jpg 1200w, https:\/\/foxyscraft.com\/wp-content\/uploads\/2024\/02\/Kaip-pasimatuoti-riesa-300x300.jpg 300w, https:\/\/foxyscraft.com\/wp-content\/uploads\/2024\/02\/Kaip-pasimatuoti-riesa-1024x1024.jpg 1024w, https:\/\/foxyscraft.com\/wp-content\/uploads\/2024\/02\/Kaip-pasimatuoti-riesa-150x150.jpg 150w, https:\/\/foxyscraft.com\/wp-content\/uploads\/2024\/02\/Kaip-pasimatuoti-riesa-768x768.jpg 768w, https:\/\/foxyscraft.com\/wp-content\/uploads\/2024\/02\/Kaip-pasimatuoti-riesa-12x12.jpg 12w\" sizes=\"auto, (max-width: 1500px) 100vw, 1500px\" title=\"Personalized brown leather bracelet with a metal detail\" \/><\/a>\n\t\t\t<\/dt>\n\t\t\t\t<dd class='wp-caption-text gallery-caption' id='gallery-1-9433'>\n\t\t\t\tHow to measure wrist size\n\t\t\t\t<\/dd><\/dl>\n\t\t\t<br style='clear: both' \/>\n\t\t<\/div>\n\n<p><span style=\"color: #242424;\">Handcrafted leather bracelet with a stainless steel detail, suitable for both men and women.<\/span><br \/>\n<span style=\"color: #242424;\">This is a great gift for yourself or a loved one, reminding them of you always.<\/span><br \/>\n<span style=\"color: #242424;\">The bracelet is made of durable Italian vegetable tanned leather, which reveals even more beauty over time and stays unique. The skin is firm, so the product retains its shape.<\/span><\/p>\n<p><span style=\"color: #242424;\">To choose the desired bracelet size, measure your wrist. As standard,<\/span><\/p>\n<p><span style=\"color: #242424;\">S size typically fits women,<\/span><br \/>\n<span style=\"color: #242424;\">M \u2013 male,<\/span><br \/>\n<span style=\"color: #242424;\">L \u2013 extra wide wrists.<\/span><\/p>\n<p><span style=\"color: #242424;\"><strong>Personalization.<\/strong> This is a perfect gift for someone who appreciates quality handicraft. You can choose to engrave special text, initials, date or image which will make your bracelet unique.<\/span><\/p>\n<p><span style=\"color: #242424;\"><strong>About leather.<\/strong> \"Vera Pelle\" is a quality mark that guarantees the highest standards of vegetable tanning. Hand processed by Italian tanners in Tuscany region this leather stands out for its natural and authentic qualities.\nNo chemicals are used in the tanning process, only vegetable oils and natural remedies from nature. Over time, this leather ages beautifully, developing a rich patina and boasting a wonderful classic leather scent.<\/span><\/p>\n<p><span style=\"color: #242424;\"><strong>Note.<\/strong> After placing an order and payment, the bracelet is made within 1-3 business days.<\/span><\/p>\n<p><span style=\"color: #242424;\">\u2726 Made in Lithuania<\/span><br \/>\n<span style=\"color: #242424;\">\u2726 Handcrafted<\/span><br \/>\n<span style=\"color: #242424;\">\u2726 Made from Italian vegetable-tanned leather and stainless steel<\/span><br \/>\n<span style=\"color: #242424;\">\u2726 Clasp is made of stainless steel<\/span><br \/>\n<span style=\"color: #242424;\">\u2726 Packaged in a beautiful cardboard box<\/span><br \/>\n<span style=\"color: #242424;\">\u2726 Bracelet width \u2013 15 mm, thickness \u2013 \nabout 2,5 mm.<\/span><br \/>\n<span style=\"color: #242424;\">\u2726 Color: brown<\/span><\/p>\n<p><span style=\"color: #242424;\">Due to differences in your computer screen resolution or lighting, the actual color of the items may vary slightly from what is shown in the photo.<\/span><\/p>","protected":false},"excerpt":{"rendered":"<p><span style=\"color: #242424;\"><strong>NOTE!<\/strong> You can personalize the bracelet within the area marked in green.<\/span><\/p>","protected":false},"featured_media":9483,"template":"","meta":{"_acf_changed":false},"product_brand":[],"product_cat":[182],"product_tag":[],"class_list":{"0":"post-9666","1":"product","2":"type-product","3":"status-publish","4":"has-post-thumbnail","6":"product_cat-personalizuotos-odines-apyrankes","8":"first","9":"instock","10":"purchasable","11":"product-type-variable"},"acf":[],"yoast_head":"<!-- This site is optimized with the Yoast SEO plugin v27.3 - https:\/\/yoast.com\/product\/yoast-seo-wordpress\/ -->\n<title>Personalizuok rud\u0105 odin\u0119 apyrank\u0119 su papildoma metaline detale<\/title>\n<meta name=\"description\" content=\"Ruda odin\u0117 apyrank\u0117 su J\u016bs\u0173 asmenine \u017einute ar paveiksl\u0117liu. Ypatinga dovana brangiam \u017emogui, kuris vertina rank\u0173 darb\u0105. Nemokamas graviravimas!\" \/>\n<meta name=\"robots\" content=\"index, follow, max-snippet:-1, max-image-preview:large, max-video-preview:-1\" \/>\n<link rel=\"canonical\" href=\"https:\/\/foxyscraft.com\/en\/product\/personalized-brown-leather-bracelet-with-a-metal-detail\/\" \/>\n<meta property=\"og:locale\" content=\"en_US\" \/>\n<meta property=\"og:type\" content=\"article\" \/>\n<meta property=\"og:title\" content=\"Personalizuok rud\u0105 odin\u0119 apyrank\u0119 su papildoma metaline detale\" \/>\n<meta property=\"og:description\" content=\"Ruda odin\u0117 apyrank\u0117 su J\u016bs\u0173 asmenine \u017einute ar paveiksl\u0117liu. Ypatinga dovana brangiam \u017emogui, kuris vertina rank\u0173 darb\u0105. Nemokamas graviravimas!\" \/>\n<meta property=\"og:url\" content=\"https:\/\/foxyscraft.com\/en\/product\/personalized-brown-leather-bracelet-with-a-metal-detail\/\" \/>\n<meta property=\"og:site_name\" content=\"FoxysCraft\" \/>\n<meta property=\"article:publisher\" content=\"https:\/\/www.facebook.com\/FoxysCraftLT\" \/>\n<meta property=\"article:modified_time\" content=\"2024-11-10T18:57:53+00:00\" \/>\n<meta property=\"og:image\" content=\"https:\/\/foxyscraft.com\/wp-content\/uploads\/2024\/02\/Ruda-odine-apyranke-su-nerudijancio-plieno-detale_4.jpg\" \/>\n\t<meta property=\"og:image:width\" content=\"1500\" \/>\n\t<meta property=\"og:image:height\" content=\"1500\" \/>\n\t<meta property=\"og:image:type\" content=\"image\/jpeg\" \/>\n<meta name=\"twitter:card\" content=\"summary_large_image\" \/>\n<meta name=\"twitter:label1\" content=\"Est. reading time\" \/>\n\t<meta name=\"twitter:data1\" content=\"2 minutes\" \/>\n<script type=\"application\/ld+json\" class=\"yoast-schema-graph\">{\"@context\":\"https:\\\/\\\/schema.org\",\"@graph\":[{\"@type\":\"WebPage\",\"@id\":\"https:\\\/\\\/foxyscraft.com\\\/produktas\\\/personalizuok-ruda-odine-apyranke-su-metaline-detale\\\/\",\"url\":\"https:\\\/\\\/foxyscraft.com\\\/produktas\\\/personalizuok-ruda-odine-apyranke-su-metaline-detale\\\/\",\"name\":\"Personalizuok rud\u0105 odin\u0119 apyrank\u0119 su papildoma metaline detale\",\"isPartOf\":{\"@id\":\"https:\\\/\\\/foxyscraft.com\\\/#website\"},\"primaryImageOfPage\":{\"@id\":\"https:\\\/\\\/foxyscraft.com\\\/produktas\\\/personalizuok-ruda-odine-apyranke-su-metaline-detale\\\/#primaryimage\"},\"image\":{\"@id\":\"https:\\\/\\\/foxyscraft.com\\\/produktas\\\/personalizuok-ruda-odine-apyranke-su-metaline-detale\\\/#primaryimage\"},\"thumbnailUrl\":\"https:\\\/\\\/foxyscraft.com\\\/wp-content\\\/uploads\\\/2024\\\/02\\\/Ruda-odine-apyranke-su-nerudijancio-plieno-detale_4.jpg\",\"datePublished\":\"2024-02-28T19:18:59+00:00\",\"dateModified\":\"2024-11-10T18:57:53+00:00\",\"description\":\"Ruda odin\u0117 apyrank\u0117 su J\u016bs\u0173 asmenine \u017einute ar paveiksl\u0117liu. Ypatinga dovana brangiam \u017emogui, kuris vertina rank\u0173 darb\u0105. Nemokamas graviravimas!\",\"breadcrumb\":{\"@id\":\"https:\\\/\\\/foxyscraft.com\\\/produktas\\\/personalizuok-ruda-odine-apyranke-su-metaline-detale\\\/#breadcrumb\"},\"inLanguage\":\"en-US\",\"potentialAction\":[{\"@type\":\"ReadAction\",\"target\":[\"https:\\\/\\\/foxyscraft.com\\\/produktas\\\/personalizuok-ruda-odine-apyranke-su-metaline-detale\\\/\"]}]},{\"@type\":\"ImageObject\",\"inLanguage\":\"en-US\",\"@id\":\"https:\\\/\\\/foxyscraft.com\\\/produktas\\\/personalizuok-ruda-odine-apyranke-su-metaline-detale\\\/#primaryimage\",\"url\":\"https:\\\/\\\/foxyscraft.com\\\/wp-content\\\/uploads\\\/2024\\\/02\\\/Ruda-odine-apyranke-su-nerudijancio-plieno-detale_4.jpg\",\"contentUrl\":\"https:\\\/\\\/foxyscraft.com\\\/wp-content\\\/uploads\\\/2024\\\/02\\\/Ruda-odine-apyranke-su-nerudijancio-plieno-detale_4.jpg\",\"width\":1500,\"height\":1500,\"caption\":\"Ruda odin\u0117 apyrank\u0117 su ner\u016bdijan\u010dio plieno detale\"},{\"@type\":\"BreadcrumbList\",\"@id\":\"https:\\\/\\\/foxyscraft.com\\\/produktas\\\/personalizuok-ruda-odine-apyranke-su-metaline-detale\\\/#breadcrumb\",\"itemListElement\":[{\"@type\":\"ListItem\",\"position\":1,\"name\":\"Home\",\"item\":\"https:\\\/\\\/foxyscraft.com\\\/\"},{\"@type\":\"ListItem\",\"position\":2,\"name\":\"Parduotuv\u0117\",\"item\":\"https:\\\/\\\/foxyscraft.com\\\/parduotuve\\\/\"},{\"@type\":\"ListItem\",\"position\":3,\"name\":\"Personalizuok rud\u0105 odin\u0119 apyrank\u0119 su metaline detale\"}]},{\"@type\":\"WebSite\",\"@id\":\"https:\\\/\\\/foxyscraft.com\\\/#website\",\"url\":\"https:\\\/\\\/foxyscraft.com\\\/\",\"name\":\"FoxysCraft\",\"description\":\"Personalizuoti rank\u0173 darbo aksesuarai sukurti Lietuvoje. iPhone d\u0117klai, odin\u0117s apyrank\u0117s, rakt\u0173 pakabukai ir pinigin\u0117s. Puikios dovan\u0173 id\u0117jos!\",\"publisher\":{\"@id\":\"https:\\\/\\\/foxyscraft.com\\\/#organization\"},\"potentialAction\":[{\"@type\":\"SearchAction\",\"target\":{\"@type\":\"EntryPoint\",\"urlTemplate\":\"https:\\\/\\\/foxyscraft.com\\\/?s={search_term_string}\"},\"query-input\":{\"@type\":\"PropertyValueSpecification\",\"valueRequired\":true,\"valueName\":\"search_term_string\"}}],\"inLanguage\":\"en-US\"},{\"@type\":\"Organization\",\"@id\":\"https:\\\/\\\/foxyscraft.com\\\/#organization\",\"name\":\"FoxysCraft\",\"url\":\"https:\\\/\\\/foxyscraft.com\\\/\",\"logo\":{\"@type\":\"ImageObject\",\"inLanguage\":\"en-US\",\"@id\":\"https:\\\/\\\/foxyscraft.com\\\/#\\\/schema\\\/logo\\\/image\\\/\",\"url\":\"http:\\\/\\\/foxyscraft.com\\\/wp-content\\\/uploads\\\/2023\\\/06\\\/FoxysCraft-Logo.svg\",\"contentUrl\":\"http:\\\/\\\/foxyscraft.com\\\/wp-content\\\/uploads\\\/2023\\\/06\\\/FoxysCraft-Logo.svg\",\"width\":5906,\"height\":3163,\"caption\":\"FoxysCraft\"},\"image\":{\"@id\":\"https:\\\/\\\/foxyscraft.com\\\/#\\\/schema\\\/logo\\\/image\\\/\"},\"sameAs\":[\"https:\\\/\\\/www.facebook.com\\\/FoxysCraftLT\",\"https:\\\/\\\/www.instagram.com\\\/foxyscraftcom\\\/\"]}]}<\/script>\n<!-- \/ Yoast SEO plugin. -->","yoast_head_json":{"title":"Personalized brown leather bracelet with an additional metal detail","description":"Ruda odin\u0117 apyrank\u0117 su J\u016bs\u0173 asmenine \u017einute ar paveiksl\u0117liu. Ypatinga dovana brangiam \u017emogui, kuris vertina rank\u0173 darb\u0105. Nemokamas graviravimas!","robots":{"index":"index","follow":"follow","max-snippet":"max-snippet:-1","max-image-preview":"max-image-preview:large","max-video-preview":"max-video-preview:-1"},"canonical":"https:\/\/foxyscraft.com\/en\/product\/personalized-brown-leather-bracelet-with-a-metal-detail\/","og_locale":"en_US","og_type":"article","og_title":"Personalizuok rud\u0105 odin\u0119 apyrank\u0119 su papildoma metaline detale","og_description":"Ruda odin\u0117 apyrank\u0117 su J\u016bs\u0173 asmenine \u017einute ar paveiksl\u0117liu. Ypatinga dovana brangiam \u017emogui, kuris vertina rank\u0173 darb\u0105. Nemokamas graviravimas!","og_url":"https:\/\/foxyscraft.com\/en\/product\/personalized-brown-leather-bracelet-with-a-metal-detail\/","og_site_name":"FoxysCraft","article_publisher":"https:\/\/www.facebook.com\/FoxysCraftLT","article_modified_time":"2024-11-10T18:57:53+00:00","og_image":[{"width":1500,"height":1500,"url":"https:\/\/foxyscraft.com\/wp-content\/uploads\/2024\/02\/Ruda-odine-apyranke-su-nerudijancio-plieno-detale_4.jpg","type":"image\/jpeg"}],"twitter_card":"summary_large_image","twitter_misc":{"Est. reading time":"2 minutes"},"schema":{"@context":"https:\/\/schema.org","@graph":[{"@type":"WebPage","@id":"https:\/\/foxyscraft.com\/produktas\/personalizuok-ruda-odine-apyranke-su-metaline-detale\/","url":"https:\/\/foxyscraft.com\/produktas\/personalizuok-ruda-odine-apyranke-su-metaline-detale\/","name":"Personalized brown leather bracelet with an additional metal detail","isPartOf":{"@id":"https:\/\/foxyscraft.com\/#website"},"primaryImageOfPage":{"@id":"https:\/\/foxyscraft.com\/produktas\/personalizuok-ruda-odine-apyranke-su-metaline-detale\/#primaryimage"},"image":{"@id":"https:\/\/foxyscraft.com\/produktas\/personalizuok-ruda-odine-apyranke-su-metaline-detale\/#primaryimage"},"thumbnailUrl":"https:\/\/foxyscraft.com\/wp-content\/uploads\/2024\/02\/Ruda-odine-apyranke-su-nerudijancio-plieno-detale_4.jpg","datePublished":"2024-02-28T19:18:59+00:00","dateModified":"2024-11-10T18:57:53+00:00","description":"Ruda odin\u0117 apyrank\u0117 su J\u016bs\u0173 asmenine \u017einute ar paveiksl\u0117liu. Ypatinga dovana brangiam \u017emogui, kuris vertina rank\u0173 darb\u0105. Nemokamas graviravimas!","breadcrumb":{"@id":"https:\/\/foxyscraft.com\/produktas\/personalizuok-ruda-odine-apyranke-su-metaline-detale\/#breadcrumb"},"inLanguage":"en-US","potentialAction":[{"@type":"ReadAction","target":["https:\/\/foxyscraft.com\/produktas\/personalizuok-ruda-odine-apyranke-su-metaline-detale\/"]}]},{"@type":"ImageObject","inLanguage":"en-US","@id":"https:\/\/foxyscraft.com\/produktas\/personalizuok-ruda-odine-apyranke-su-metaline-detale\/#primaryimage","url":"https:\/\/foxyscraft.com\/wp-content\/uploads\/2024\/02\/Ruda-odine-apyranke-su-nerudijancio-plieno-detale_4.jpg","contentUrl":"https:\/\/foxyscraft.com\/wp-content\/uploads\/2024\/02\/Ruda-odine-apyranke-su-nerudijancio-plieno-detale_4.jpg","width":1500,"height":1500,"caption":"Ruda odin\u0117 apyrank\u0117 su ner\u016bdijan\u010dio plieno detale"},{"@type":"BreadcrumbList","@id":"https:\/\/foxyscraft.com\/produktas\/personalizuok-ruda-odine-apyranke-su-metaline-detale\/#breadcrumb","itemListElement":[{"@type":"ListItem","position":1,"name":"Home","item":"https:\/\/foxyscraft.com\/"},{"@type":"ListItem","position":2,"name":"Parduotuv\u0117","item":"https:\/\/foxyscraft.com\/parduotuve\/"},{"@type":"ListItem","position":3,"name":"Personalizuok rud\u0105 odin\u0119 apyrank\u0119 su metaline detale"}]},{"@type":"WebSite","@id":"https:\/\/foxyscraft.com\/#website","url":"https:\/\/foxyscraft.com\/","name":"FoxysCraft","description":"Personalized handmade accessories created with love. iPhone cases, minimalist wallets, leather bracelets, and keychains. Perfect gift ideas!","publisher":{"@id":"https:\/\/foxyscraft.com\/#organization"},"potentialAction":[{"@type":"SearchAction","target":{"@type":"EntryPoint","urlTemplate":"https:\/\/foxyscraft.com\/?s={search_term_string}"},"query-input":{"@type":"PropertyValueSpecification","valueRequired":true,"valueName":"search_term_string"}}],"inLanguage":"en-US"},{"@type":"Organization","@id":"https:\/\/foxyscraft.com\/#organization","name":"FoxysCraft","url":"https:\/\/foxyscraft.com\/","logo":{"@type":"ImageObject","inLanguage":"en-US","@id":"https:\/\/foxyscraft.com\/#\/schema\/logo\/image\/","url":"http:\/\/foxyscraft.com\/wp-content\/uploads\/2023\/06\/FoxysCraft-Logo.svg","contentUrl":"http:\/\/foxyscraft.com\/wp-content\/uploads\/2023\/06\/FoxysCraft-Logo.svg","width":5906,"height":3163,"caption":"FoxysCraft"},"image":{"@id":"https:\/\/foxyscraft.com\/#\/schema\/logo\/image\/"},"sameAs":["https:\/\/www.facebook.com\/FoxysCraftLT","https:\/\/www.instagram.com\/foxyscraftcom\/"]}]}},"_links":{"self":[{"href":"https:\/\/foxyscraft.com\/en\/wp-json\/wp\/v2\/product\/9666","targetHints":{"allow":["GET"]}}],"collection":[{"href":"https:\/\/foxyscraft.com\/en\/wp-json\/wp\/v2\/product"}],"about":[{"href":"https:\/\/foxyscraft.com\/en\/wp-json\/wp\/v2\/types\/product"}],"wp:featuredmedia":[{"embeddable":true,"href":"https:\/\/foxyscraft.com\/en\/wp-json\/wp\/v2\/media\/9483"}],"wp:attachment":[{"href":"https:\/\/foxyscraft.com\/en\/wp-json\/wp\/v2\/media?parent=9666"}],"wp:term":[{"taxonomy":"product_brand","embeddable":true,"href":"https:\/\/foxyscraft.com\/en\/wp-json\/wp\/v2\/product_brand?post=9666"},{"taxonomy":"product_cat","embeddable":true,"href":"https:\/\/foxyscraft.com\/en\/wp-json\/wp\/v2\/product_cat?post=9666"},{"taxonomy":"product_tag","embeddable":true,"href":"https:\/\/foxyscraft.com\/en\/wp-json\/wp\/v2\/product_tag?post=9666"}],"curies":[{"name":"wp","href":"https:\/\/api.w.org\/{rel}","templated":true}]}}