{"id":9719,"date":"2024-03-01T16:17:30","date_gmt":"2024-03-01T16:17:30","guid":{"rendered":"https:\/\/foxyscraft.com\/?post_type=product&#038;p=9719"},"modified":"2024-11-10T20:01:17","modified_gmt":"2024-11-10T20:01:17","slug":"personalizuok-hugo-raktu-pakabuka-sviesiai-rudas","status":"publish","type":"product","link":"https:\/\/foxyscraft.com\/en\/product\/personalized-hugo-keychain-light-brown\/","title":{"rendered":"Personalizuok Hugo rakt\u0173 pakabuk\u0105 [\u0160viesiai rudas]"},"content":{"rendered":"\n\t\t<style type=\"text\/css\">\n\t\t\t#gallery-1 {\n\t\t\t\tmargin: auto;\n\t\t\t}\n\t\t\t#gallery-1 .gallery-item {\n\t\t\t\tfloat: left;\n\t\t\t\tmargin-top: 10px;\n\t\t\t\ttext-align: center;\n\t\t\t\twidth: 50%;\n\t\t\t}\n\t\t\t#gallery-1 img {\n\t\t\t\tborder: 2px solid #cfcfcf;\n\t\t\t}\n\t\t\t#gallery-1 .gallery-caption {\n\t\t\t\tmargin-left: 0;\n\t\t\t}\n\t\t\t\/* see gallery_shortcode() in wp-includes\/media.php *\/\n\t\t<\/style>\n\t\t<div id='gallery-1' class='gallery galleryid-9719 gallery-columns-2 gallery-size-full'><dl class='gallery-item'>\n\t\t\t<dt class='gallery-icon landscape'>\n\t\t\t\t<a href='https:\/\/foxyscraft.com\/wp-content\/uploads\/2024\/02\/Raktu-pakabukas_Choose-to-be-optimistic-it-feels-better_1.jpg'><img loading=\"lazy\" decoding=\"async\" width=\"1500\" height=\"1500\" src=\"https:\/\/foxyscraft.com\/wp-content\/uploads\/2024\/02\/Raktu-pakabukas_Choose-to-be-optimistic-it-feels-better_1.jpg\" class=\"attachment-full size-full\" alt=\"Rakt\u0173 pakabukas \u2013 Choose to be optimistic, it feels better\" aria-describedby=\"gallery-1-8679\" srcset=\"https:\/\/foxyscraft.com\/wp-content\/uploads\/2024\/02\/Raktu-pakabukas_Choose-to-be-optimistic-it-feels-better_1.jpg 1500w, https:\/\/foxyscraft.com\/wp-content\/uploads\/2024\/02\/Raktu-pakabukas_Choose-to-be-optimistic-it-feels-better_1-600x600.jpg 600w, https:\/\/foxyscraft.com\/wp-content\/uploads\/2024\/02\/Raktu-pakabukas_Choose-to-be-optimistic-it-feels-better_1-800x800.jpg 800w, https:\/\/foxyscraft.com\/wp-content\/uploads\/2024\/02\/Raktu-pakabukas_Choose-to-be-optimistic-it-feels-better_1-1200x1200.jpg 1200w, https:\/\/foxyscraft.com\/wp-content\/uploads\/2024\/02\/Raktu-pakabukas_Choose-to-be-optimistic-it-feels-better_1-300x300.jpg 300w, https:\/\/foxyscraft.com\/wp-content\/uploads\/2024\/02\/Raktu-pakabukas_Choose-to-be-optimistic-it-feels-better_1-1024x1024.jpg 1024w, https:\/\/foxyscraft.com\/wp-content\/uploads\/2024\/02\/Raktu-pakabukas_Choose-to-be-optimistic-it-feels-better_1-150x150.jpg 150w, https:\/\/foxyscraft.com\/wp-content\/uploads\/2024\/02\/Raktu-pakabukas_Choose-to-be-optimistic-it-feels-better_1-768x768.jpg 768w, https:\/\/foxyscraft.com\/wp-content\/uploads\/2024\/02\/Raktu-pakabukas_Choose-to-be-optimistic-it-feels-better_1-12x12.jpg 12w\" sizes=\"auto, (max-width: 1500px) 100vw, 1500px\" title=\"Personalizuok Hugo rakt\u0173 pakabuk\u0105 [\u0160viesiai rudas]\" \/><\/a>\n\t\t\t<\/dt>\n\t\t\t\t<dd class='wp-caption-text gallery-caption' id='gallery-1-8679'>\n\t\t\t\tPersonalizuotas Hugo rakt\u0173 pakabukas\n\t\t\t\t<\/dd><\/dl><dl class='gallery-item'>\n\t\t\t<dt class='gallery-icon landscape'>\n\t\t\t\t<a href='https:\/\/foxyscraft.com\/wp-content\/uploads\/2024\/02\/Raktu-pakabukas_Gyvenime-niekas-nevyksta-siaip-sau_1.jpg'><img loading=\"lazy\" decoding=\"async\" width=\"1500\" height=\"1500\" src=\"https:\/\/foxyscraft.com\/wp-content\/uploads\/2024\/02\/Raktu-pakabukas_Gyvenime-niekas-nevyksta-siaip-sau_1.jpg\" class=\"attachment-full size-full\" alt=\"Rakt\u0173 pakabukas \u2013 Gyvenime niekas nevyksta \u0161iaip sau\" aria-describedby=\"gallery-1-8724\" srcset=\"https:\/\/foxyscraft.com\/wp-content\/uploads\/2024\/02\/Raktu-pakabukas_Gyvenime-niekas-nevyksta-siaip-sau_1.jpg 1500w, https:\/\/foxyscraft.com\/wp-content\/uploads\/2024\/02\/Raktu-pakabukas_Gyvenime-niekas-nevyksta-siaip-sau_1-600x600.jpg 600w, https:\/\/foxyscraft.com\/wp-content\/uploads\/2024\/02\/Raktu-pakabukas_Gyvenime-niekas-nevyksta-siaip-sau_1-800x800.jpg 800w, https:\/\/foxyscraft.com\/wp-content\/uploads\/2024\/02\/Raktu-pakabukas_Gyvenime-niekas-nevyksta-siaip-sau_1-1200x1200.jpg 1200w, https:\/\/foxyscraft.com\/wp-content\/uploads\/2024\/02\/Raktu-pakabukas_Gyvenime-niekas-nevyksta-siaip-sau_1-300x300.jpg 300w, https:\/\/foxyscraft.com\/wp-content\/uploads\/2024\/02\/Raktu-pakabukas_Gyvenime-niekas-nevyksta-siaip-sau_1-1024x1024.jpg 1024w, https:\/\/foxyscraft.com\/wp-content\/uploads\/2024\/02\/Raktu-pakabukas_Gyvenime-niekas-nevyksta-siaip-sau_1-150x150.jpg 150w, https:\/\/foxyscraft.com\/wp-content\/uploads\/2024\/02\/Raktu-pakabukas_Gyvenime-niekas-nevyksta-siaip-sau_1-768x768.jpg 768w, https:\/\/foxyscraft.com\/wp-content\/uploads\/2024\/02\/Raktu-pakabukas_Gyvenime-niekas-nevyksta-siaip-sau_1-12x12.jpg 12w\" sizes=\"auto, (max-width: 1500px) 100vw, 1500px\" title=\"Personalizuok Hugo rakt\u0173 pakabuk\u0105 [\u0160viesiai rudas]\" \/><\/a>\n\t\t\t<\/dt>\n\t\t\t\t<dd class='wp-caption-text gallery-caption' id='gallery-1-8724'>\n\t\t\t\tPersonalizuotas Hugo rakt\u0173 pakabukas\n\t\t\t\t<\/dd><\/dl><br style=\"clear: both\" \/><dl class='gallery-item'>\n\t\t\t<dt class='gallery-icon landscape'>\n\t\t\t\t<a href='https:\/\/foxyscraft.com\/wp-content\/uploads\/2024\/02\/Raktu-pakabukas_What-doesnt-kill-you-makes-you-stronger_1.jpg'><img loading=\"lazy\" decoding=\"async\" width=\"1500\" height=\"1500\" src=\"https:\/\/foxyscraft.com\/wp-content\/uploads\/2024\/02\/Raktu-pakabukas_What-doesnt-kill-you-makes-you-stronger_1.jpg\" class=\"attachment-full size-full\" alt=\"Rakt\u0173 pakabukas \u2013 What doesnt kill you makes you stronger\" aria-describedby=\"gallery-1-8856\" srcset=\"https:\/\/foxyscraft.com\/wp-content\/uploads\/2024\/02\/Raktu-pakabukas_What-doesnt-kill-you-makes-you-stronger_1.jpg 1500w, https:\/\/foxyscraft.com\/wp-content\/uploads\/2024\/02\/Raktu-pakabukas_What-doesnt-kill-you-makes-you-stronger_1-600x600.jpg 600w, https:\/\/foxyscraft.com\/wp-content\/uploads\/2024\/02\/Raktu-pakabukas_What-doesnt-kill-you-makes-you-stronger_1-800x800.jpg 800w, https:\/\/foxyscraft.com\/wp-content\/uploads\/2024\/02\/Raktu-pakabukas_What-doesnt-kill-you-makes-you-stronger_1-1200x1200.jpg 1200w, https:\/\/foxyscraft.com\/wp-content\/uploads\/2024\/02\/Raktu-pakabukas_What-doesnt-kill-you-makes-you-stronger_1-300x300.jpg 300w, https:\/\/foxyscraft.com\/wp-content\/uploads\/2024\/02\/Raktu-pakabukas_What-doesnt-kill-you-makes-you-stronger_1-1024x1024.jpg 1024w, https:\/\/foxyscraft.com\/wp-content\/uploads\/2024\/02\/Raktu-pakabukas_What-doesnt-kill-you-makes-you-stronger_1-150x150.jpg 150w, https:\/\/foxyscraft.com\/wp-content\/uploads\/2024\/02\/Raktu-pakabukas_What-doesnt-kill-you-makes-you-stronger_1-768x768.jpg 768w, https:\/\/foxyscraft.com\/wp-content\/uploads\/2024\/02\/Raktu-pakabukas_What-doesnt-kill-you-makes-you-stronger_1-12x12.jpg 12w\" sizes=\"auto, (max-width: 1500px) 100vw, 1500px\" title=\"Personalizuok Hugo rakt\u0173 pakabuk\u0105 [\u0160viesiai rudas]\" \/><\/a>\n\t\t\t<\/dt>\n\t\t\t\t<dd class='wp-caption-text gallery-caption' id='gallery-1-8856'>\n\t\t\t\tPersonalizuotas Hugo rakt\u0173 pakabukas\n\t\t\t\t<\/dd><\/dl><dl class='gallery-item'>\n\t\t\t<dt class='gallery-icon landscape'>\n\t\t\t\t<a href='https:\/\/foxyscraft.com\/wp-content\/uploads\/2024\/02\/Raktu-pakabukas_Laime-telpa-mazuose-dalykuose_1.jpg'><img loading=\"lazy\" decoding=\"async\" width=\"1500\" height=\"1500\" src=\"https:\/\/foxyscraft.com\/wp-content\/uploads\/2024\/02\/Raktu-pakabukas_Laime-telpa-mazuose-dalykuose_1.jpg\" class=\"attachment-full size-full\" alt=\"Rakt\u0173 pakabukas \u2013 Laim\u0117 telpa ma\u017euose dalykuose\" aria-describedby=\"gallery-1-8760\" srcset=\"https:\/\/foxyscraft.com\/wp-content\/uploads\/2024\/02\/Raktu-pakabukas_Laime-telpa-mazuose-dalykuose_1.jpg 1500w, https:\/\/foxyscraft.com\/wp-content\/uploads\/2024\/02\/Raktu-pakabukas_Laime-telpa-mazuose-dalykuose_1-600x600.jpg 600w, https:\/\/foxyscraft.com\/wp-content\/uploads\/2024\/02\/Raktu-pakabukas_Laime-telpa-mazuose-dalykuose_1-800x800.jpg 800w, https:\/\/foxyscraft.com\/wp-content\/uploads\/2024\/02\/Raktu-pakabukas_Laime-telpa-mazuose-dalykuose_1-1200x1200.jpg 1200w, https:\/\/foxyscraft.com\/wp-content\/uploads\/2024\/02\/Raktu-pakabukas_Laime-telpa-mazuose-dalykuose_1-300x300.jpg 300w, https:\/\/foxyscraft.com\/wp-content\/uploads\/2024\/02\/Raktu-pakabukas_Laime-telpa-mazuose-dalykuose_1-1024x1024.jpg 1024w, https:\/\/foxyscraft.com\/wp-content\/uploads\/2024\/02\/Raktu-pakabukas_Laime-telpa-mazuose-dalykuose_1-150x150.jpg 150w, https:\/\/foxyscraft.com\/wp-content\/uploads\/2024\/02\/Raktu-pakabukas_Laime-telpa-mazuose-dalykuose_1-768x768.jpg 768w, https:\/\/foxyscraft.com\/wp-content\/uploads\/2024\/02\/Raktu-pakabukas_Laime-telpa-mazuose-dalykuose_1-12x12.jpg 12w\" sizes=\"auto, (max-width: 1500px) 100vw, 1500px\" title=\"Personalizuok Hugo rakt\u0173 pakabuk\u0105 [\u0160viesiai rudas]\" \/><\/a>\n\t\t\t<\/dt>\n\t\t\t\t<dd class='wp-caption-text gallery-caption' id='gallery-1-8760'>\n\t\t\t\tPersonalizuotas Hugo rakt\u0173 pakabukas\n\t\t\t\t<\/dd><\/dl><br style=\"clear: both\" \/><dl class='gallery-item'>\n\t\t\t<dt class='gallery-icon landscape'>\n\t\t\t\t<a href='https:\/\/foxyscraft.com\/wp-content\/uploads\/2024\/02\/Raktu-pakabukas_Visada-su-tavimi_1.jpg'><img loading=\"lazy\" decoding=\"async\" width=\"1500\" height=\"1500\" src=\"https:\/\/foxyscraft.com\/wp-content\/uploads\/2024\/02\/Raktu-pakabukas_Visada-su-tavimi_1.jpg\" class=\"attachment-full size-full\" alt=\"Rakt\u0173 pakabukas \u2013 Visada su tavimi\" aria-describedby=\"gallery-1-8844\" srcset=\"https:\/\/foxyscraft.com\/wp-content\/uploads\/2024\/02\/Raktu-pakabukas_Visada-su-tavimi_1.jpg 1500w, https:\/\/foxyscraft.com\/wp-content\/uploads\/2024\/02\/Raktu-pakabukas_Visada-su-tavimi_1-600x600.jpg 600w, https:\/\/foxyscraft.com\/wp-content\/uploads\/2024\/02\/Raktu-pakabukas_Visada-su-tavimi_1-800x800.jpg 800w, https:\/\/foxyscraft.com\/wp-content\/uploads\/2024\/02\/Raktu-pakabukas_Visada-su-tavimi_1-1200x1200.jpg 1200w, https:\/\/foxyscraft.com\/wp-content\/uploads\/2024\/02\/Raktu-pakabukas_Visada-su-tavimi_1-300x300.jpg 300w, https:\/\/foxyscraft.com\/wp-content\/uploads\/2024\/02\/Raktu-pakabukas_Visada-su-tavimi_1-1024x1024.jpg 1024w, https:\/\/foxyscraft.com\/wp-content\/uploads\/2024\/02\/Raktu-pakabukas_Visada-su-tavimi_1-150x150.jpg 150w, https:\/\/foxyscraft.com\/wp-content\/uploads\/2024\/02\/Raktu-pakabukas_Visada-su-tavimi_1-768x768.jpg 768w, https:\/\/foxyscraft.com\/wp-content\/uploads\/2024\/02\/Raktu-pakabukas_Visada-su-tavimi_1-12x12.jpg 12w\" sizes=\"auto, (max-width: 1500px) 100vw, 1500px\" title=\"Personalizuok Hugo rakt\u0173 pakabuk\u0105 [\u0160viesiai rudas]\" \/><\/a>\n\t\t\t<\/dt>\n\t\t\t\t<dd class='wp-caption-text gallery-caption' id='gallery-1-8844'>\n\t\t\t\tPersonalizuotas Hugo rakt\u0173 pakabukas\n\t\t\t\t<\/dd><\/dl><dl class='gallery-item'>\n\t\t\t<dt class='gallery-icon landscape'>\n\t\t\t\t<a href='https:\/\/foxyscraft.com\/wp-content\/uploads\/2024\/02\/Raktu-pakabukas-sviesiai-rudas_2.jpg'><img loading=\"lazy\" decoding=\"async\" width=\"1500\" height=\"1500\" src=\"https:\/\/foxyscraft.com\/wp-content\/uploads\/2024\/02\/Raktu-pakabukas-sviesiai-rudas_2.jpg\" class=\"attachment-full size-full\" alt=\"\u0160viesiai rudas rakt\u0173 pakabukas\" aria-describedby=\"gallery-1-8863\" srcset=\"https:\/\/foxyscraft.com\/wp-content\/uploads\/2024\/02\/Raktu-pakabukas-sviesiai-rudas_2.jpg 1500w, https:\/\/foxyscraft.com\/wp-content\/uploads\/2024\/02\/Raktu-pakabukas-sviesiai-rudas_2-600x600.jpg 600w, https:\/\/foxyscraft.com\/wp-content\/uploads\/2024\/02\/Raktu-pakabukas-sviesiai-rudas_2-800x800.jpg 800w, https:\/\/foxyscraft.com\/wp-content\/uploads\/2024\/02\/Raktu-pakabukas-sviesiai-rudas_2-1200x1200.jpg 1200w, https:\/\/foxyscraft.com\/wp-content\/uploads\/2024\/02\/Raktu-pakabukas-sviesiai-rudas_2-300x300.jpg 300w, https:\/\/foxyscraft.com\/wp-content\/uploads\/2024\/02\/Raktu-pakabukas-sviesiai-rudas_2-1024x1024.jpg 1024w, https:\/\/foxyscraft.com\/wp-content\/uploads\/2024\/02\/Raktu-pakabukas-sviesiai-rudas_2-150x150.jpg 150w, https:\/\/foxyscraft.com\/wp-content\/uploads\/2024\/02\/Raktu-pakabukas-sviesiai-rudas_2-768x768.jpg 768w, https:\/\/foxyscraft.com\/wp-content\/uploads\/2024\/02\/Raktu-pakabukas-sviesiai-rudas_2-12x12.jpg 12w\" sizes=\"auto, (max-width: 1500px) 100vw, 1500px\" title=\"Personalizuok Hugo rakt\u0173 pakabuk\u0105 [\u0160viesiai rudas]\" \/><\/a>\n\t\t\t<\/dt>\n\t\t\t\t<dd class='wp-caption-text gallery-caption' id='gallery-1-8863'>\n\t\t\t\t\u0160viesiai rudas rakt\u0173 pakabukas\n\t\t\t\t<\/dd><\/dl><br style=\"clear: both\" \/>\n\t\t<\/div>\n\n<p><span style=\"color: #242424;\">Rank\u0173 darbo odinis rakt\u0173 pakabukas su ner\u016bdijan\u010dio plieno plok\u0161tele su J\u016bs\u0173 asmenine gravi\u016bra.<\/span><br \/>\n<span style=\"color: #242424;\">Tai puiki dovana \u017emogui, kuris vertina kokybi\u0161k\u0105 rank\u0173 darb\u0105. Ant pakabuko galima i\u0161graviruoti J\u016bs\u0173 pasirinkt\u0105 tekst\u0105, inicialus, logotip\u0105, dat\u0105 ar paveiksl\u0117l\u012f, kurie suteiks gaminiui i\u0161skirtinumo ir unikalumo.<\/span><\/p>\n<p><span style=\"color: #242424;\"><strong>Apie od\u0105.<\/strong> \u201eVera Pelle\u201c \u2013 kokyb\u0117s \u017eenklas, garantuojantis auk\u0161\u010diausius odos i\u0161dirbimo augalinio rauginimo b\u016bdu standartus. Odinink\u0173 dirbama saul\u0117tame Italijos Toskanos regione, \u0161i oda dvelkia nat\u016bralumu ir autentika. Odai i\u0161dirbti nenaudojami jokie chemikalai, tik augaliniai aliejai ir nat\u016bralios priemon\u0117s i\u0161 gamtos. B\u0117gant laikui, augalinio rauginimo oda gra\u017eiai sensta, ilgainiui vystosi turtinga patina ir ji pasi\u017eymi nuostabiu klasikiniu odos kvapu.<\/span><\/p>\n<p><span style=\"color: #242424;\"><strong>PRIVALUMAI<\/strong><\/span><\/p>\n<p><span style=\"color: #242424;\">\u2726 Pagaminta Lietuvoje<\/span><br \/>\n<span style=\"color: #242424;\">\u2726 Rank\u0173 darbo<\/span><br \/>\n<span style=\"color: #242424;\">\u2726 Pagaminta i\u0161 augalinio rauginimo itali\u0161kos odos\u00a0ir ner\u016bdijan\u010dio plieno<\/span><br \/>\n<span style=\"color: #242424;\">\u2726 Ner\u016bdijan\u010dio plieno rakt\u0173 \u017eiedas<\/span><br \/>\n<span style=\"color: #242424;\">\u2726 Odin\u0117s dalies i\u0161matavimai: 38 x 71 mm<\/span><br \/>\n<span style=\"color: #242424;\">\u2726 Supakuota gra\u017eioje kartonin\u0117je d\u0117\u017eut\u0117je<\/span><br \/>\n<span style=\"color: #242424;\">\u2726 Spalva: \u0160viesiai ruda<\/span><\/p>\n<p><span style=\"color: #242424;\">D\u0117l j\u016bs\u0173 kompiuterio ekrano rai\u0161kos nustatym\u0173 ar ap\u0161vietimo skirtum\u0173, reali preki\u0173 spalva gali ne\u017eymiai skirtis nuo esan\u010dios nuotraukoje.<\/span><\/p>\n<p><span style=\"color: #242424;\"><strong>Pastaba.<\/strong> Po u\u017esakymo pateikimo ir apmok\u0117jimo rakt\u0173 pakabukas pagaminamas per 1-3 d.d.<\/span><\/p>\n","protected":false},"excerpt":{"rendered":"<p><span style=\"color: #242424;\"><strong>NOTE!<\/strong> You can personalize the keychain within the area marked in green.<\/span><\/p>","protected":false},"featured_media":9723,"template":"","meta":{"_acf_changed":false},"product_brand":[],"product_cat":[183],"product_tag":[],"class_list":{"0":"post-9719","1":"product","2":"type-product","3":"status-publish","4":"has-post-thumbnail","6":"product_cat-personalizuoti-raktu-pakabukai","8":"first","9":"instock","10":"sale","11":"purchasable","12":"product-type-simple"},"acf":[],"yoast_head":"<!-- This site is optimized with the Yoast SEO plugin v27.3 - https:\/\/yoast.com\/product\/yoast-seo-wordpress\/ -->\n<title>Hugo rakt\u0173 pakabukas su J\u016bs\u0173 gravi\u016bra [\u0160viesiai rudas]<\/title>\n<meta name=\"description\" content=\"Rakt\u0173 pakabukai su individualiu graviravimu. Ypatinga dovana brangiam \u017emogui, kuris vertina rank\u0173 darb\u0105 ir kokyb\u0119. Nat\u016brali oda! Nemokamas graviravimas!\" \/>\n<meta name=\"robots\" content=\"index, follow, max-snippet:-1, max-image-preview:large, max-video-preview:-1\" \/>\n<link rel=\"canonical\" href=\"https:\/\/foxyscraft.com\/en\/product\/personalized-hugo-keychain-light-brown\/\" \/>\n<meta property=\"og:locale\" content=\"en_US\" \/>\n<meta property=\"og:type\" content=\"article\" \/>\n<meta property=\"og:title\" content=\"Hugo rakt\u0173 pakabukas su J\u016bs\u0173 gravi\u016bra [\u0160viesiai rudas]\" \/>\n<meta property=\"og:description\" content=\"Rakt\u0173 pakabukai su individualiu graviravimu. Ypatinga dovana brangiam \u017emogui, kuris vertina rank\u0173 darb\u0105 ir kokyb\u0119. Nat\u016brali oda! Nemokamas graviravimas!\" \/>\n<meta property=\"og:url\" content=\"https:\/\/foxyscraft.com\/en\/product\/personalized-hugo-keychain-light-brown\/\" \/>\n<meta property=\"og:site_name\" content=\"FoxysCraft\" \/>\n<meta property=\"article:publisher\" content=\"https:\/\/www.facebook.com\/FoxysCraftLT\" \/>\n<meta property=\"article:modified_time\" content=\"2024-11-10T20:01:17+00:00\" \/>\n<meta property=\"og:image\" content=\"https:\/\/foxyscraft.com\/wp-content\/uploads\/2024\/03\/Raktu-pakabukas-sviesiai-rudas_1.jpg\" \/>\n\t<meta property=\"og:image:width\" content=\"1500\" \/>\n\t<meta property=\"og:image:height\" content=\"1500\" \/>\n\t<meta property=\"og:image:type\" content=\"image\/jpeg\" \/>\n<meta name=\"twitter:card\" content=\"summary_large_image\" \/>\n<meta name=\"twitter:label1\" content=\"Est. reading time\" \/>\n\t<meta name=\"twitter:data1\" content=\"2 minutes\" \/>\n<script type=\"application\/ld+json\" class=\"yoast-schema-graph\">{\"@context\":\"https:\\\/\\\/schema.org\",\"@graph\":[{\"@type\":\"WebPage\",\"@id\":\"https:\\\/\\\/foxyscraft.com\\\/produktas\\\/personalizuok-hugo-raktu-pakabuka-sviesiai-rudas\\\/\",\"url\":\"https:\\\/\\\/foxyscraft.com\\\/produktas\\\/personalizuok-hugo-raktu-pakabuka-sviesiai-rudas\\\/\",\"name\":\"Hugo rakt\u0173 pakabukas su J\u016bs\u0173 gravi\u016bra [\u0160viesiai rudas]\",\"isPartOf\":{\"@id\":\"https:\\\/\\\/foxyscraft.com\\\/#website\"},\"primaryImageOfPage\":{\"@id\":\"https:\\\/\\\/foxyscraft.com\\\/produktas\\\/personalizuok-hugo-raktu-pakabuka-sviesiai-rudas\\\/#primaryimage\"},\"image\":{\"@id\":\"https:\\\/\\\/foxyscraft.com\\\/produktas\\\/personalizuok-hugo-raktu-pakabuka-sviesiai-rudas\\\/#primaryimage\"},\"thumbnailUrl\":\"https:\\\/\\\/foxyscraft.com\\\/wp-content\\\/uploads\\\/2024\\\/03\\\/Raktu-pakabukas-sviesiai-rudas_1.jpg\",\"datePublished\":\"2024-03-01T16:17:30+00:00\",\"dateModified\":\"2024-11-10T20:01:17+00:00\",\"description\":\"Rakt\u0173 pakabukai su individualiu graviravimu. Ypatinga dovana brangiam \u017emogui, kuris vertina rank\u0173 darb\u0105 ir kokyb\u0119. Nat\u016brali oda! Nemokamas graviravimas!\",\"breadcrumb\":{\"@id\":\"https:\\\/\\\/foxyscraft.com\\\/produktas\\\/personalizuok-hugo-raktu-pakabuka-sviesiai-rudas\\\/#breadcrumb\"},\"inLanguage\":\"en-US\",\"potentialAction\":[{\"@type\":\"ReadAction\",\"target\":[\"https:\\\/\\\/foxyscraft.com\\\/produktas\\\/personalizuok-hugo-raktu-pakabuka-sviesiai-rudas\\\/\"]}]},{\"@type\":\"ImageObject\",\"inLanguage\":\"en-US\",\"@id\":\"https:\\\/\\\/foxyscraft.com\\\/produktas\\\/personalizuok-hugo-raktu-pakabuka-sviesiai-rudas\\\/#primaryimage\",\"url\":\"https:\\\/\\\/foxyscraft.com\\\/wp-content\\\/uploads\\\/2024\\\/03\\\/Raktu-pakabukas-sviesiai-rudas_1.jpg\",\"contentUrl\":\"https:\\\/\\\/foxyscraft.com\\\/wp-content\\\/uploads\\\/2024\\\/03\\\/Raktu-pakabukas-sviesiai-rudas_1.jpg\",\"width\":1500,\"height\":1500,\"caption\":\"Personalizuok Hugo rakt\u0173 pakabuk\u0105 [\u0160viesiai rudas]\"},{\"@type\":\"BreadcrumbList\",\"@id\":\"https:\\\/\\\/foxyscraft.com\\\/produktas\\\/personalizuok-hugo-raktu-pakabuka-sviesiai-rudas\\\/#breadcrumb\",\"itemListElement\":[{\"@type\":\"ListItem\",\"position\":1,\"name\":\"Home\",\"item\":\"https:\\\/\\\/foxyscraft.com\\\/\"},{\"@type\":\"ListItem\",\"position\":2,\"name\":\"Parduotuv\u0117\",\"item\":\"https:\\\/\\\/foxyscraft.com\\\/parduotuve\\\/\"},{\"@type\":\"ListItem\",\"position\":3,\"name\":\"Personalizuok Hugo rakt\u0173 pakabuk\u0105 [\u0160viesiai rudas]\"}]},{\"@type\":\"WebSite\",\"@id\":\"https:\\\/\\\/foxyscraft.com\\\/#website\",\"url\":\"https:\\\/\\\/foxyscraft.com\\\/\",\"name\":\"FoxysCraft\",\"description\":\"Personalizuoti rank\u0173 darbo aksesuarai sukurti Lietuvoje. iPhone d\u0117klai, odin\u0117s apyrank\u0117s, rakt\u0173 pakabukai ir pinigin\u0117s. Puikios dovan\u0173 id\u0117jos!\",\"publisher\":{\"@id\":\"https:\\\/\\\/foxyscraft.com\\\/#organization\"},\"potentialAction\":[{\"@type\":\"SearchAction\",\"target\":{\"@type\":\"EntryPoint\",\"urlTemplate\":\"https:\\\/\\\/foxyscraft.com\\\/?s={search_term_string}\"},\"query-input\":{\"@type\":\"PropertyValueSpecification\",\"valueRequired\":true,\"valueName\":\"search_term_string\"}}],\"inLanguage\":\"en-US\"},{\"@type\":\"Organization\",\"@id\":\"https:\\\/\\\/foxyscraft.com\\\/#organization\",\"name\":\"FoxysCraft\",\"url\":\"https:\\\/\\\/foxyscraft.com\\\/\",\"logo\":{\"@type\":\"ImageObject\",\"inLanguage\":\"en-US\",\"@id\":\"https:\\\/\\\/foxyscraft.com\\\/#\\\/schema\\\/logo\\\/image\\\/\",\"url\":\"http:\\\/\\\/foxyscraft.com\\\/wp-content\\\/uploads\\\/2023\\\/06\\\/FoxysCraft-Logo.svg\",\"contentUrl\":\"http:\\\/\\\/foxyscraft.com\\\/wp-content\\\/uploads\\\/2023\\\/06\\\/FoxysCraft-Logo.svg\",\"width\":5906,\"height\":3163,\"caption\":\"FoxysCraft\"},\"image\":{\"@id\":\"https:\\\/\\\/foxyscraft.com\\\/#\\\/schema\\\/logo\\\/image\\\/\"},\"sameAs\":[\"https:\\\/\\\/www.facebook.com\\\/FoxysCraftLT\",\"https:\\\/\\\/www.instagram.com\\\/foxyscraftcom\\\/\"]}]}<\/script>\n<!-- \/ Yoast SEO plugin. -->","yoast_head_json":{"title":"Hugo rakt\u0173 pakabukas su J\u016bs\u0173 gravi\u016bra [\u0160viesiai rudas]","description":"Rakt\u0173 pakabukai su individualiu graviravimu. Ypatinga dovana brangiam \u017emogui, kuris vertina rank\u0173 darb\u0105 ir kokyb\u0119. Nat\u016brali oda! Nemokamas graviravimas!","robots":{"index":"index","follow":"follow","max-snippet":"max-snippet:-1","max-image-preview":"max-image-preview:large","max-video-preview":"max-video-preview:-1"},"canonical":"https:\/\/foxyscraft.com\/en\/product\/personalized-hugo-keychain-light-brown\/","og_locale":"en_US","og_type":"article","og_title":"Hugo rakt\u0173 pakabukas su J\u016bs\u0173 gravi\u016bra [\u0160viesiai rudas]","og_description":"Rakt\u0173 pakabukai su individualiu graviravimu. Ypatinga dovana brangiam \u017emogui, kuris vertina rank\u0173 darb\u0105 ir kokyb\u0119. Nat\u016brali oda! Nemokamas graviravimas!","og_url":"https:\/\/foxyscraft.com\/en\/product\/personalized-hugo-keychain-light-brown\/","og_site_name":"FoxysCraft","article_publisher":"https:\/\/www.facebook.com\/FoxysCraftLT","article_modified_time":"2024-11-10T20:01:17+00:00","og_image":[{"width":1500,"height":1500,"url":"https:\/\/foxyscraft.com\/wp-content\/uploads\/2024\/03\/Raktu-pakabukas-sviesiai-rudas_1.jpg","type":"image\/jpeg"}],"twitter_card":"summary_large_image","twitter_misc":{"Est. reading time":"2 minutes"},"schema":{"@context":"https:\/\/schema.org","@graph":[{"@type":"WebPage","@id":"https:\/\/foxyscraft.com\/produktas\/personalizuok-hugo-raktu-pakabuka-sviesiai-rudas\/","url":"https:\/\/foxyscraft.com\/produktas\/personalizuok-hugo-raktu-pakabuka-sviesiai-rudas\/","name":"Hugo rakt\u0173 pakabukas su J\u016bs\u0173 gravi\u016bra [\u0160viesiai rudas]","isPartOf":{"@id":"https:\/\/foxyscraft.com\/#website"},"primaryImageOfPage":{"@id":"https:\/\/foxyscraft.com\/produktas\/personalizuok-hugo-raktu-pakabuka-sviesiai-rudas\/#primaryimage"},"image":{"@id":"https:\/\/foxyscraft.com\/produktas\/personalizuok-hugo-raktu-pakabuka-sviesiai-rudas\/#primaryimage"},"thumbnailUrl":"https:\/\/foxyscraft.com\/wp-content\/uploads\/2024\/03\/Raktu-pakabukas-sviesiai-rudas_1.jpg","datePublished":"2024-03-01T16:17:30+00:00","dateModified":"2024-11-10T20:01:17+00:00","description":"Rakt\u0173 pakabukai su individualiu graviravimu. Ypatinga dovana brangiam \u017emogui, kuris vertina rank\u0173 darb\u0105 ir kokyb\u0119. Nat\u016brali oda! Nemokamas graviravimas!","breadcrumb":{"@id":"https:\/\/foxyscraft.com\/produktas\/personalizuok-hugo-raktu-pakabuka-sviesiai-rudas\/#breadcrumb"},"inLanguage":"en-US","potentialAction":[{"@type":"ReadAction","target":["https:\/\/foxyscraft.com\/produktas\/personalizuok-hugo-raktu-pakabuka-sviesiai-rudas\/"]}]},{"@type":"ImageObject","inLanguage":"en-US","@id":"https:\/\/foxyscraft.com\/produktas\/personalizuok-hugo-raktu-pakabuka-sviesiai-rudas\/#primaryimage","url":"https:\/\/foxyscraft.com\/wp-content\/uploads\/2024\/03\/Raktu-pakabukas-sviesiai-rudas_1.jpg","contentUrl":"https:\/\/foxyscraft.com\/wp-content\/uploads\/2024\/03\/Raktu-pakabukas-sviesiai-rudas_1.jpg","width":1500,"height":1500,"caption":"Personalizuok Hugo rakt\u0173 pakabuk\u0105 [\u0160viesiai rudas]"},{"@type":"BreadcrumbList","@id":"https:\/\/foxyscraft.com\/produktas\/personalizuok-hugo-raktu-pakabuka-sviesiai-rudas\/#breadcrumb","itemListElement":[{"@type":"ListItem","position":1,"name":"Home","item":"https:\/\/foxyscraft.com\/"},{"@type":"ListItem","position":2,"name":"Parduotuv\u0117","item":"https:\/\/foxyscraft.com\/parduotuve\/"},{"@type":"ListItem","position":3,"name":"Personalizuok Hugo rakt\u0173 pakabuk\u0105 [\u0160viesiai rudas]"}]},{"@type":"WebSite","@id":"https:\/\/foxyscraft.com\/#website","url":"https:\/\/foxyscraft.com\/","name":"FoxysCraft","description":"Personalized handmade accessories created with love. iPhone cases, minimalist wallets, leather bracelets, and keychains. Perfect gift ideas!","publisher":{"@id":"https:\/\/foxyscraft.com\/#organization"},"potentialAction":[{"@type":"SearchAction","target":{"@type":"EntryPoint","urlTemplate":"https:\/\/foxyscraft.com\/?s={search_term_string}"},"query-input":{"@type":"PropertyValueSpecification","valueRequired":true,"valueName":"search_term_string"}}],"inLanguage":"en-US"},{"@type":"Organization","@id":"https:\/\/foxyscraft.com\/#organization","name":"FoxysCraft","url":"https:\/\/foxyscraft.com\/","logo":{"@type":"ImageObject","inLanguage":"en-US","@id":"https:\/\/foxyscraft.com\/#\/schema\/logo\/image\/","url":"http:\/\/foxyscraft.com\/wp-content\/uploads\/2023\/06\/FoxysCraft-Logo.svg","contentUrl":"http:\/\/foxyscraft.com\/wp-content\/uploads\/2023\/06\/FoxysCraft-Logo.svg","width":5906,"height":3163,"caption":"FoxysCraft"},"image":{"@id":"https:\/\/foxyscraft.com\/#\/schema\/logo\/image\/"},"sameAs":["https:\/\/www.facebook.com\/FoxysCraftLT","https:\/\/www.instagram.com\/foxyscraftcom\/"]}]}},"_links":{"self":[{"href":"https:\/\/foxyscraft.com\/en\/wp-json\/wp\/v2\/product\/9719","targetHints":{"allow":["GET"]}}],"collection":[{"href":"https:\/\/foxyscraft.com\/en\/wp-json\/wp\/v2\/product"}],"about":[{"href":"https:\/\/foxyscraft.com\/en\/wp-json\/wp\/v2\/types\/product"}],"wp:featuredmedia":[{"embeddable":true,"href":"https:\/\/foxyscraft.com\/en\/wp-json\/wp\/v2\/media\/9723"}],"wp:attachment":[{"href":"https:\/\/foxyscraft.com\/en\/wp-json\/wp\/v2\/media?parent=9719"}],"wp:term":[{"taxonomy":"product_brand","embeddable":true,"href":"https:\/\/foxyscraft.com\/en\/wp-json\/wp\/v2\/product_brand?post=9719"},{"taxonomy":"product_cat","embeddable":true,"href":"https:\/\/foxyscraft.com\/en\/wp-json\/wp\/v2\/product_cat?post=9719"},{"taxonomy":"product_tag","embeddable":true,"href":"https:\/\/foxyscraft.com\/en\/wp-json\/wp\/v2\/product_tag?post=9719"}],"curies":[{"name":"wp","href":"https:\/\/api.w.org\/{rel}","templated":true}]}}