{"id":9771,"date":"2024-03-03T08:36:55","date_gmt":"2024-03-03T08:36:55","guid":{"rendered":"https:\/\/foxyscraft.com\/?post_type=product&#038;p=9771"},"modified":"2024-11-10T18:44:00","modified_gmt":"2024-11-10T18:44:00","slug":"personalizuok-odine-pinigine-elegant-sviesiai-ruda","status":"publish","type":"product","link":"https:\/\/foxyscraft.com\/en\/product\/personalized-leather-wallet-elegant-light-brown\/","title":{"rendered":"Personalizuok odin\u0119 pinigin\u0119 Elegant [\u0160viesiai ruda]"},"content":{"rendered":"\n\t\t<style type=\"text\/css\">\n\t\t\t#gallery-1 {\n\t\t\t\tmargin: auto;\n\t\t\t}\n\t\t\t#gallery-1 .gallery-item {\n\t\t\t\tfloat: left;\n\t\t\t\tmargin-top: 10px;\n\t\t\t\ttext-align: center;\n\t\t\t\twidth: 50%;\n\t\t\t}\n\t\t\t#gallery-1 img {\n\t\t\t\tborder: 2px solid #cfcfcf;\n\t\t\t}\n\t\t\t#gallery-1 .gallery-caption {\n\t\t\t\tmargin-left: 0;\n\t\t\t}\n\t\t\t\/* see gallery_shortcode() in wp-includes\/media.php *\/\n\t\t<\/style>\n\t\t<div id='gallery-1' class='gallery galleryid-9771 gallery-columns-2 gallery-size-full'><dl class='gallery-item'>\n\t\t\t<dt class='gallery-icon landscape'>\n\t\t\t\t<a href='https:\/\/foxyscraft.com\/wp-content\/uploads\/2024\/01\/Leather-Wallet_15.jpg'><img loading=\"lazy\" decoding=\"async\" width=\"2000\" height=\"2000\" src=\"https:\/\/foxyscraft.com\/wp-content\/uploads\/2024\/01\/Leather-Wallet_15.jpg\" class=\"attachment-full size-full\" alt=\"Minimalist Wallet For Women And Men\" aria-describedby=\"gallery-1-10142\" srcset=\"https:\/\/foxyscraft.com\/wp-content\/uploads\/2024\/01\/Leather-Wallet_15.jpg 2000w, https:\/\/foxyscraft.com\/wp-content\/uploads\/2024\/01\/Leather-Wallet_15-600x600.jpg 600w, https:\/\/foxyscraft.com\/wp-content\/uploads\/2024\/01\/Leather-Wallet_15-800x800.jpg 800w, https:\/\/foxyscraft.com\/wp-content\/uploads\/2024\/01\/Leather-Wallet_15-1200x1200.jpg 1200w, https:\/\/foxyscraft.com\/wp-content\/uploads\/2024\/01\/Leather-Wallet_15-300x300.jpg 300w, https:\/\/foxyscraft.com\/wp-content\/uploads\/2024\/01\/Leather-Wallet_15-1024x1024.jpg 1024w, https:\/\/foxyscraft.com\/wp-content\/uploads\/2024\/01\/Leather-Wallet_15-150x150.jpg 150w, https:\/\/foxyscraft.com\/wp-content\/uploads\/2024\/01\/Leather-Wallet_15-768x768.jpg 768w, https:\/\/foxyscraft.com\/wp-content\/uploads\/2024\/01\/Leather-Wallet_15-1536x1536.jpg 1536w, https:\/\/foxyscraft.com\/wp-content\/uploads\/2024\/01\/Leather-Wallet_15-12x12.jpg 12w\" sizes=\"auto, (max-width: 2000px) 100vw, 2000px\" title=\"Personalizuok odin\u0119 pinigin\u0119 Elegant [\u0160viesiai ruda]\" \/><\/a>\n\t\t\t<\/dt>\n\t\t\t\t<dd class='wp-caption-text gallery-caption' id='gallery-1-10142'>\n\t\t\t\tMinimalistin\u0117 odin\u0117 pinigin\u0117 Elegant\n\t\t\t\t<\/dd><\/dl><dl class='gallery-item'>\n\t\t\t<dt class='gallery-icon landscape'>\n\t\t\t\t<a href='https:\/\/foxyscraft.com\/wp-content\/uploads\/2024\/01\/Leather-Wallet_9.jpg'><img loading=\"lazy\" decoding=\"async\" width=\"2000\" height=\"2000\" src=\"https:\/\/foxyscraft.com\/wp-content\/uploads\/2024\/01\/Leather-Wallet_9.jpg\" class=\"attachment-full size-full\" alt=\"Minimalist Wallet For Women And Men\" aria-describedby=\"gallery-1-10140\" srcset=\"https:\/\/foxyscraft.com\/wp-content\/uploads\/2024\/01\/Leather-Wallet_9.jpg 2000w, https:\/\/foxyscraft.com\/wp-content\/uploads\/2024\/01\/Leather-Wallet_9-600x600.jpg 600w, https:\/\/foxyscraft.com\/wp-content\/uploads\/2024\/01\/Leather-Wallet_9-800x800.jpg 800w, https:\/\/foxyscraft.com\/wp-content\/uploads\/2024\/01\/Leather-Wallet_9-1200x1200.jpg 1200w, https:\/\/foxyscraft.com\/wp-content\/uploads\/2024\/01\/Leather-Wallet_9-300x300.jpg 300w, https:\/\/foxyscraft.com\/wp-content\/uploads\/2024\/01\/Leather-Wallet_9-1024x1024.jpg 1024w, https:\/\/foxyscraft.com\/wp-content\/uploads\/2024\/01\/Leather-Wallet_9-150x150.jpg 150w, https:\/\/foxyscraft.com\/wp-content\/uploads\/2024\/01\/Leather-Wallet_9-768x768.jpg 768w, https:\/\/foxyscraft.com\/wp-content\/uploads\/2024\/01\/Leather-Wallet_9-1536x1536.jpg 1536w, https:\/\/foxyscraft.com\/wp-content\/uploads\/2024\/01\/Leather-Wallet_9-12x12.jpg 12w\" sizes=\"auto, (max-width: 2000px) 100vw, 2000px\" title=\"Personalizuok odin\u0119 pinigin\u0119 Elegant [\u0160viesiai ruda]\" \/><\/a>\n\t\t\t<\/dt>\n\t\t\t\t<dd class='wp-caption-text gallery-caption' id='gallery-1-10140'>\n\t\t\t\tMinimalistin\u0117 pinigin\u0117 Elegant\n\t\t\t\t<\/dd><\/dl><br style=\"clear: both\" \/><dl class='gallery-item'>\n\t\t\t<dt class='gallery-icon landscape'>\n\t\t\t\t<a href='https:\/\/foxyscraft.com\/wp-content\/uploads\/2024\/01\/Leather-Wallet_65.jpg'><img loading=\"lazy\" decoding=\"async\" width=\"2000\" height=\"2000\" src=\"https:\/\/foxyscraft.com\/wp-content\/uploads\/2024\/01\/Leather-Wallet_65.jpg\" class=\"attachment-full size-full\" alt=\"Personalized Leather Wallet Elegant Light Brown\" aria-describedby=\"gallery-1-10148\" srcset=\"https:\/\/foxyscraft.com\/wp-content\/uploads\/2024\/01\/Leather-Wallet_65.jpg 2000w, https:\/\/foxyscraft.com\/wp-content\/uploads\/2024\/01\/Leather-Wallet_65-600x600.jpg 600w, https:\/\/foxyscraft.com\/wp-content\/uploads\/2024\/01\/Leather-Wallet_65-800x800.jpg 800w, https:\/\/foxyscraft.com\/wp-content\/uploads\/2024\/01\/Leather-Wallet_65-1200x1200.jpg 1200w, https:\/\/foxyscraft.com\/wp-content\/uploads\/2024\/01\/Leather-Wallet_65-300x300.jpg 300w, https:\/\/foxyscraft.com\/wp-content\/uploads\/2024\/01\/Leather-Wallet_65-1024x1024.jpg 1024w, https:\/\/foxyscraft.com\/wp-content\/uploads\/2024\/01\/Leather-Wallet_65-150x150.jpg 150w, https:\/\/foxyscraft.com\/wp-content\/uploads\/2024\/01\/Leather-Wallet_65-768x768.jpg 768w, https:\/\/foxyscraft.com\/wp-content\/uploads\/2024\/01\/Leather-Wallet_65-1536x1536.jpg 1536w, https:\/\/foxyscraft.com\/wp-content\/uploads\/2024\/01\/Leather-Wallet_65-12x12.jpg 12w\" sizes=\"auto, (max-width: 2000px) 100vw, 2000px\" title=\"Personalizuok odin\u0119 pinigin\u0119 Elegant [\u0160viesiai ruda]\" \/><\/a>\n\t\t\t<\/dt>\n\t\t\t\t<dd class='wp-caption-text gallery-caption' id='gallery-1-10148'>\n\t\t\t\tMinimalistin\u0117 odin\u0117 pinigin\u0117 Elegant\n\t\t\t\t<\/dd><\/dl><dl class='gallery-item'>\n\t\t\t<dt class='gallery-icon landscape'>\n\t\t\t\t<a href='https:\/\/foxyscraft.com\/wp-content\/uploads\/2024\/01\/Minimalist-leather-wallet_10.jpg'><img loading=\"lazy\" decoding=\"async\" width=\"2000\" height=\"2000\" src=\"https:\/\/foxyscraft.com\/wp-content\/uploads\/2024\/01\/Minimalist-leather-wallet_10.jpg\" class=\"attachment-full size-full\" alt=\"Minimalist Wallet For Women And Men\" aria-describedby=\"gallery-1-10146\" srcset=\"https:\/\/foxyscraft.com\/wp-content\/uploads\/2024\/01\/Minimalist-leather-wallet_10.jpg 2000w, https:\/\/foxyscraft.com\/wp-content\/uploads\/2024\/01\/Minimalist-leather-wallet_10-600x600.jpg 600w, https:\/\/foxyscraft.com\/wp-content\/uploads\/2024\/01\/Minimalist-leather-wallet_10-800x800.jpg 800w, https:\/\/foxyscraft.com\/wp-content\/uploads\/2024\/01\/Minimalist-leather-wallet_10-1200x1200.jpg 1200w, https:\/\/foxyscraft.com\/wp-content\/uploads\/2024\/01\/Minimalist-leather-wallet_10-300x300.jpg 300w, https:\/\/foxyscraft.com\/wp-content\/uploads\/2024\/01\/Minimalist-leather-wallet_10-1024x1024.jpg 1024w, https:\/\/foxyscraft.com\/wp-content\/uploads\/2024\/01\/Minimalist-leather-wallet_10-150x150.jpg 150w, https:\/\/foxyscraft.com\/wp-content\/uploads\/2024\/01\/Minimalist-leather-wallet_10-768x768.jpg 768w, https:\/\/foxyscraft.com\/wp-content\/uploads\/2024\/01\/Minimalist-leather-wallet_10-1536x1536.jpg 1536w, https:\/\/foxyscraft.com\/wp-content\/uploads\/2024\/01\/Minimalist-leather-wallet_10-12x12.jpg 12w\" sizes=\"auto, (max-width: 2000px) 100vw, 2000px\" title=\"Personalizuok odin\u0119 pinigin\u0119 Elegant [\u0160viesiai ruda]\" \/><\/a>\n\t\t\t<\/dt>\n\t\t\t\t<dd class='wp-caption-text gallery-caption' id='gallery-1-10146'>\n\t\t\t\tMinimalistin\u0117 pinigin\u0117 Elegant\n\t\t\t\t<\/dd><\/dl><br style=\"clear: both\" \/><dl class='gallery-item'>\n\t\t\t<dt class='gallery-icon landscape'>\n\t\t\t\t<a href='https:\/\/foxyscraft.com\/wp-content\/uploads\/2024\/01\/Minimalist-leather-wallet_9.jpg'><img loading=\"lazy\" decoding=\"async\" width=\"2000\" height=\"2000\" src=\"https:\/\/foxyscraft.com\/wp-content\/uploads\/2024\/01\/Minimalist-leather-wallet_9.jpg\" class=\"attachment-full size-full\" alt=\"Minimalist Wallet For Women And Men\" aria-describedby=\"gallery-1-10145\" srcset=\"https:\/\/foxyscraft.com\/wp-content\/uploads\/2024\/01\/Minimalist-leather-wallet_9.jpg 2000w, https:\/\/foxyscraft.com\/wp-content\/uploads\/2024\/01\/Minimalist-leather-wallet_9-600x600.jpg 600w, https:\/\/foxyscraft.com\/wp-content\/uploads\/2024\/01\/Minimalist-leather-wallet_9-800x800.jpg 800w, https:\/\/foxyscraft.com\/wp-content\/uploads\/2024\/01\/Minimalist-leather-wallet_9-1200x1200.jpg 1200w, https:\/\/foxyscraft.com\/wp-content\/uploads\/2024\/01\/Minimalist-leather-wallet_9-300x300.jpg 300w, https:\/\/foxyscraft.com\/wp-content\/uploads\/2024\/01\/Minimalist-leather-wallet_9-1024x1024.jpg 1024w, https:\/\/foxyscraft.com\/wp-content\/uploads\/2024\/01\/Minimalist-leather-wallet_9-150x150.jpg 150w, https:\/\/foxyscraft.com\/wp-content\/uploads\/2024\/01\/Minimalist-leather-wallet_9-768x768.jpg 768w, https:\/\/foxyscraft.com\/wp-content\/uploads\/2024\/01\/Minimalist-leather-wallet_9-1536x1536.jpg 1536w, https:\/\/foxyscraft.com\/wp-content\/uploads\/2024\/01\/Minimalist-leather-wallet_9-12x12.jpg 12w\" sizes=\"auto, (max-width: 2000px) 100vw, 2000px\" title=\"Personalizuok odin\u0119 pinigin\u0119 Elegant [\u0160viesiai ruda]\" \/><\/a>\n\t\t\t<\/dt>\n\t\t\t\t<dd class='wp-caption-text gallery-caption' id='gallery-1-10145'>\n\t\t\t\tMinimalistin\u0117 odin\u0117 pinigin\u0117 Elegant\n\t\t\t\t<\/dd><\/dl><dl class='gallery-item'>\n\t\t\t<dt class='gallery-icon landscape'>\n\t\t\t\t<a href='https:\/\/foxyscraft.com\/wp-content\/uploads\/2024\/01\/Minimalist-leather-wallet_8.jpg'><img loading=\"lazy\" decoding=\"async\" width=\"2000\" height=\"2000\" src=\"https:\/\/foxyscraft.com\/wp-content\/uploads\/2024\/01\/Minimalist-leather-wallet_8.jpg\" class=\"attachment-full size-full\" alt=\"Minimalist Wallet For Women And Men\" aria-describedby=\"gallery-1-10144\" srcset=\"https:\/\/foxyscraft.com\/wp-content\/uploads\/2024\/01\/Minimalist-leather-wallet_8.jpg 2000w, https:\/\/foxyscraft.com\/wp-content\/uploads\/2024\/01\/Minimalist-leather-wallet_8-600x600.jpg 600w, https:\/\/foxyscraft.com\/wp-content\/uploads\/2024\/01\/Minimalist-leather-wallet_8-800x800.jpg 800w, https:\/\/foxyscraft.com\/wp-content\/uploads\/2024\/01\/Minimalist-leather-wallet_8-1200x1200.jpg 1200w, https:\/\/foxyscraft.com\/wp-content\/uploads\/2024\/01\/Minimalist-leather-wallet_8-300x300.jpg 300w, https:\/\/foxyscraft.com\/wp-content\/uploads\/2024\/01\/Minimalist-leather-wallet_8-1024x1024.jpg 1024w, https:\/\/foxyscraft.com\/wp-content\/uploads\/2024\/01\/Minimalist-leather-wallet_8-150x150.jpg 150w, https:\/\/foxyscraft.com\/wp-content\/uploads\/2024\/01\/Minimalist-leather-wallet_8-768x768.jpg 768w, https:\/\/foxyscraft.com\/wp-content\/uploads\/2024\/01\/Minimalist-leather-wallet_8-1536x1536.jpg 1536w, https:\/\/foxyscraft.com\/wp-content\/uploads\/2024\/01\/Minimalist-leather-wallet_8-12x12.jpg 12w\" sizes=\"auto, (max-width: 2000px) 100vw, 2000px\" title=\"Personalizuok odin\u0119 pinigin\u0119 Elegant [\u0160viesiai ruda]\" \/><\/a>\n\t\t\t<\/dt>\n\t\t\t\t<dd class='wp-caption-text gallery-caption' id='gallery-1-10144'>\n\t\t\t\tMinimalistin\u0117 pinigin\u0117 Elegant\n\t\t\t\t<\/dd><\/dl><br style=\"clear: both\" \/>\n\t\t<\/div>\n\n<p><iframe loading=\"lazy\" title=\"Handcrafted Minimalist EDC Leather Wallet\" src=\"https:\/\/player.vimeo.com\/video\/934438657?dnt=1&amp;app_id=122963\" width=\"500\" height=\"500\" frameborder=\"0\" allow=\"autoplay; fullscreen; picture-in-picture; clipboard-write\"><\/iframe><\/p>\n<p><span style=\"color: #2f2f2f;\">Ma\u017ea, prakti\u0161ka ir stilinga \u2013 puiki dovana tiek vyrui, tiek moteriai!<\/span><\/p>\n<p><span style=\"color: #2f2f2f;\"><strong>\u2713<\/strong> Vidiniame skyriuje telpa iki 7 plastikini\u0173 korteli\u0173.<\/span><br \/>\n<span style=\"color: #2f2f2f;\"><strong>\u2713<\/strong> Skyrius banknotams.<\/span><br \/>\n<span style=\"color: #2f2f2f;\"><strong>\u2713<\/strong> Pakankamai ma\u017eo dyd\u017eio, kad lengvai tilpt\u0173 \u012f ki\u0161en\u0119.<\/span><\/p>\n<p><span style=\"color: #2f2f2f;\">Pinigin\u0117 pagaminta i\u0161 augalinio rauginimo itali\u0161kos odos, kuri yra itin patvari ir su laiku atrodo vis gra\u017eiau ir unikaliau. Oda stangri, tod\u0117l gaminys i\u0161laiko savo form\u0105.<\/span><\/p>\n<p><span style=\"color: #2f2f2f;\"><strong>Personalizacija.<\/strong> Tai puiki dovana \u017emogui, kuris vertina kokybi\u0161k\u0105 rank\u0173 darb\u0105. Ant pinigin\u0117s galima i\u0161graviruoti J\u016bs\u0173 pasirinkt\u0105 tekst\u0105, inicialus, logotip\u0105, dat\u0105 ar paveiksl\u0117l\u012f, kurie suteiks piniginei i\u0161skirtinumo ir unikalumo.<\/span><\/p>\n<p><span style=\"color: #2f2f2f;\"><strong>Apie od\u0105.<\/strong> \u201eVera Pelle\u201c \u2013 kokyb\u0117s \u017eenklas, garantuojantis auk\u0161\u010diausius odos i\u0161dirbimo augalinio rauginimo b\u016bdu standartus. Odinink\u0173 dirbama saul\u0117tame Italijos Toskanos regione, \u0161i oda dvelkia nat\u016bralumu ir autentika. Odai i\u0161dirbti nenaudojami jokie chemikalai, tik augaliniai aliejai ir nat\u016bralios priemon\u0117s i\u0161 gamtos. B\u0117gant laikui, augalinio rauginimo oda gra\u017eiai sensta, ilgainiui vystosi turtinga patina ir ji pasi\u017eymi nuostabiu klasikiniu odos kvapu.<\/span><\/p>\n<p><span style=\"color: #2f2f2f;\"><strong>Pastaba<\/strong>. Po u\u017esakymo pateikimo ir apmok\u0117jimo pinigin\u0117 pagaminama per 1-3 d.d.<\/span><\/p>\n<p><span style=\"color: #2f2f2f;\">\u2726 Pagaminta Lietuvoje<\/span><br \/>\n<span style=\"color: #2f2f2f;\">\u2726 Rank\u0173 darbo<\/span><br \/>\n<span style=\"color: #2f2f2f;\">\u2726 Unikalus ir paprastas dizainas<\/span><br \/>\n<span style=\"color: #2f2f2f;\">\u2726 Pagaminta i\u0161 augalinio rauginimo itali\u0161kos odos<\/span><br \/>\n<span style=\"color: #2f2f2f;\">\u2726 Susi\u016bta rankomis va\u0161kuotais poliesteriniais si\u016blais<\/span><br \/>\n<span style=\"color: #2f2f2f;\">\u2726 Supakuota gra\u017eioje kartonin\u0117je d\u0117\u017eut\u0117je<\/span><br \/>\n<span style=\"color: #2f2f2f;\">\u2726 I\u0161matavimai: 7,4 x 9,3 cm<\/span><br \/>\n<span style=\"color: #2f2f2f;\">\u2726 Spalva: \u0160viesiai ruda<\/span><\/p>\n<p><span style=\"color: #2f2f2f;\">D\u0117l j\u016bs\u0173 kompiuterio ekrano rai\u0161kos nustatym\u0173 ar ap\u0161vietimo skirtum\u0173, reali preki\u0173 spalva gali ne\u017eymiai skirtis nuo esan\u010dios nuotraukoje.<\/span><\/p>\n","protected":false},"excerpt":{"rendered":"<p><span style=\"color: #242424;\"><strong>NOTE!<\/strong> You can personalize the wallet within the area marked in green.<\/span><\/p>","protected":false},"featured_media":10142,"template":"","meta":{"_acf_changed":false},"product_brand":[],"product_cat":[184],"product_tag":[],"class_list":{"0":"post-9771","1":"product","2":"type-product","3":"status-publish","4":"has-post-thumbnail","6":"product_cat-personalizuotos-pinigines","8":"first","9":"instock","10":"sale","11":"purchasable","12":"product-type-simple"},"acf":[],"yoast_head":"<!-- This site is optimized with the Yoast SEO plugin v27.2 - https:\/\/yoast.com\/product\/yoast-seo-wordpress\/ -->\n<title>\u0160viesiai ruda odin\u0117 pinigin\u0117 Elegant \u2013 Graviravimas ant pinigin\u0117s<\/title>\n<meta name=\"description\" content=\"Odin\u0117 pinigin\u0117 &quot;Elegant&quot; su personalizacija. J\u016bs\u0173 asmenin\u0117 \u017einut\u0117 ar paveiksl\u0117lis ant pinigin\u0117s \u2013 ypatinga dovana brangiam \u017emogui. Nemokamas graviravimas!\" \/>\n<meta name=\"robots\" content=\"index, follow, max-snippet:-1, max-image-preview:large, max-video-preview:-1\" \/>\n<link rel=\"canonical\" href=\"https:\/\/foxyscraft.com\/en\/product\/personalized-leather-wallet-elegant-light-brown\/\" \/>\n<meta property=\"og:locale\" content=\"en_US\" \/>\n<meta property=\"og:type\" content=\"article\" \/>\n<meta property=\"og:title\" content=\"\u0160viesiai ruda odin\u0117 pinigin\u0117 Elegant \u2013 Graviravimas ant pinigin\u0117s\" \/>\n<meta property=\"og:description\" content=\"Odin\u0117 pinigin\u0117 &quot;Elegant&quot; su personalizacija. J\u016bs\u0173 asmenin\u0117 \u017einut\u0117 ar paveiksl\u0117lis ant pinigin\u0117s \u2013 ypatinga dovana brangiam \u017emogui. Nemokamas graviravimas!\" \/>\n<meta property=\"og:url\" content=\"https:\/\/foxyscraft.com\/en\/product\/personalized-leather-wallet-elegant-light-brown\/\" \/>\n<meta property=\"og:site_name\" content=\"FoxysCraft\" \/>\n<meta property=\"article:publisher\" content=\"https:\/\/www.facebook.com\/FoxysCraftLT\" \/>\n<meta property=\"article:modified_time\" content=\"2024-11-10T18:44:00+00:00\" \/>\n<meta property=\"og:image\" content=\"https:\/\/foxyscraft.com\/wp-content\/uploads\/2024\/01\/Leather-Wallet_15.jpg\" \/>\n\t<meta property=\"og:image:width\" content=\"2000\" \/>\n\t<meta property=\"og:image:height\" content=\"2000\" \/>\n\t<meta property=\"og:image:type\" content=\"image\/jpeg\" \/>\n<meta name=\"twitter:card\" content=\"summary_large_image\" \/>\n<meta name=\"twitter:label1\" content=\"Est. reading time\" \/>\n\t<meta name=\"twitter:data1\" content=\"2 minutes\" \/>\n<script type=\"application\/ld+json\" class=\"yoast-schema-graph\">{\"@context\":\"https:\/\/schema.org\",\"@graph\":[{\"@type\":\"WebPage\",\"@id\":\"https:\/\/foxyscraft.com\/produktas\/personalizuok-odine-pinigine-elegant-sviesiai-ruda\/\",\"url\":\"https:\/\/foxyscraft.com\/produktas\/personalizuok-odine-pinigine-elegant-sviesiai-ruda\/\",\"name\":\"\u0160viesiai ruda odin\u0117 pinigin\u0117 Elegant \u2013 Graviravimas ant pinigin\u0117s\",\"isPartOf\":{\"@id\":\"https:\/\/foxyscraft.com\/#website\"},\"primaryImageOfPage\":{\"@id\":\"https:\/\/foxyscraft.com\/produktas\/personalizuok-odine-pinigine-elegant-sviesiai-ruda\/#primaryimage\"},\"image\":{\"@id\":\"https:\/\/foxyscraft.com\/produktas\/personalizuok-odine-pinigine-elegant-sviesiai-ruda\/#primaryimage\"},\"thumbnailUrl\":\"https:\/\/foxyscraft.com\/wp-content\/uploads\/2024\/01\/Leather-Wallet_15.jpg\",\"datePublished\":\"2024-03-03T08:36:55+00:00\",\"dateModified\":\"2024-11-10T18:44:00+00:00\",\"description\":\"Odin\u0117 pinigin\u0117 \\\"Elegant\\\" su personalizacija. J\u016bs\u0173 asmenin\u0117 \u017einut\u0117 ar paveiksl\u0117lis ant pinigin\u0117s \u2013 ypatinga dovana brangiam \u017emogui. Nemokamas graviravimas!\",\"breadcrumb\":{\"@id\":\"https:\/\/foxyscraft.com\/produktas\/personalizuok-odine-pinigine-elegant-sviesiai-ruda\/#breadcrumb\"},\"inLanguage\":\"en-US\",\"potentialAction\":[{\"@type\":\"ReadAction\",\"target\":[\"https:\/\/foxyscraft.com\/produktas\/personalizuok-odine-pinigine-elegant-sviesiai-ruda\/\"]}]},{\"@type\":\"ImageObject\",\"inLanguage\":\"en-US\",\"@id\":\"https:\/\/foxyscraft.com\/produktas\/personalizuok-odine-pinigine-elegant-sviesiai-ruda\/#primaryimage\",\"url\":\"https:\/\/foxyscraft.com\/wp-content\/uploads\/2024\/01\/Leather-Wallet_15.jpg\",\"contentUrl\":\"https:\/\/foxyscraft.com\/wp-content\/uploads\/2024\/01\/Leather-Wallet_15.jpg\",\"width\":2000,\"height\":2000,\"caption\":\"Minimalistin\u0117 odin\u0117 pinigin\u0117 Elegant\"},{\"@type\":\"BreadcrumbList\",\"@id\":\"https:\/\/foxyscraft.com\/produktas\/personalizuok-odine-pinigine-elegant-sviesiai-ruda\/#breadcrumb\",\"itemListElement\":[{\"@type\":\"ListItem\",\"position\":1,\"name\":\"Home\",\"item\":\"https:\/\/foxyscraft.com\/\"},{\"@type\":\"ListItem\",\"position\":2,\"name\":\"Parduotuv\u0117\",\"item\":\"https:\/\/foxyscraft.com\/parduotuve\/\"},{\"@type\":\"ListItem\",\"position\":3,\"name\":\"Personalizuok odin\u0119 pinigin\u0119 Elegant [\u0160viesiai ruda]\"}]},{\"@type\":\"WebSite\",\"@id\":\"https:\/\/foxyscraft.com\/#website\",\"url\":\"https:\/\/foxyscraft.com\/\",\"name\":\"FoxysCraft\",\"description\":\"Personalizuoti rank\u0173 darbo aksesuarai sukurti Lietuvoje. iPhone d\u0117klai, odin\u0117s apyrank\u0117s, rakt\u0173 pakabukai ir pinigin\u0117s. Puikios dovan\u0173 id\u0117jos!\",\"publisher\":{\"@id\":\"https:\/\/foxyscraft.com\/#organization\"},\"potentialAction\":[{\"@type\":\"SearchAction\",\"target\":{\"@type\":\"EntryPoint\",\"urlTemplate\":\"https:\/\/foxyscraft.com\/?s={search_term_string}\"},\"query-input\":{\"@type\":\"PropertyValueSpecification\",\"valueRequired\":true,\"valueName\":\"search_term_string\"}}],\"inLanguage\":\"en-US\"},{\"@type\":\"Organization\",\"@id\":\"https:\/\/foxyscraft.com\/#organization\",\"name\":\"FoxysCraft\",\"url\":\"https:\/\/foxyscraft.com\/\",\"logo\":{\"@type\":\"ImageObject\",\"inLanguage\":\"en-US\",\"@id\":\"https:\/\/foxyscraft.com\/#\/schema\/logo\/image\/\",\"url\":\"http:\/\/foxyscraft.com\/wp-content\/uploads\/2023\/06\/FoxysCraft-Logo.svg\",\"contentUrl\":\"http:\/\/foxyscraft.com\/wp-content\/uploads\/2023\/06\/FoxysCraft-Logo.svg\",\"width\":5906,\"height\":3163,\"caption\":\"FoxysCraft\"},\"image\":{\"@id\":\"https:\/\/foxyscraft.com\/#\/schema\/logo\/image\/\"},\"sameAs\":[\"https:\/\/www.facebook.com\/FoxysCraftLT\",\"https:\/\/www.instagram.com\/foxyscraftcom\/\"]}]}<\/script>\n<!-- \/ Yoast SEO plugin. -->","yoast_head_json":{"title":"\u0160viesiai ruda odin\u0117 pinigin\u0117 Elegant \u2013 Graviravimas ant pinigin\u0117s","description":"Odin\u0117 pinigin\u0117 \"Elegant\" su personalizacija. J\u016bs\u0173 asmenin\u0117 \u017einut\u0117 ar paveiksl\u0117lis ant pinigin\u0117s \u2013 ypatinga dovana brangiam \u017emogui. Nemokamas graviravimas!","robots":{"index":"index","follow":"follow","max-snippet":"max-snippet:-1","max-image-preview":"max-image-preview:large","max-video-preview":"max-video-preview:-1"},"canonical":"https:\/\/foxyscraft.com\/en\/product\/personalized-leather-wallet-elegant-light-brown\/","og_locale":"en_US","og_type":"article","og_title":"\u0160viesiai ruda odin\u0117 pinigin\u0117 Elegant \u2013 Graviravimas ant pinigin\u0117s","og_description":"Odin\u0117 pinigin\u0117 \"Elegant\" su personalizacija. J\u016bs\u0173 asmenin\u0117 \u017einut\u0117 ar paveiksl\u0117lis ant pinigin\u0117s \u2013 ypatinga dovana brangiam \u017emogui. Nemokamas graviravimas!","og_url":"https:\/\/foxyscraft.com\/en\/product\/personalized-leather-wallet-elegant-light-brown\/","og_site_name":"FoxysCraft","article_publisher":"https:\/\/www.facebook.com\/FoxysCraftLT","article_modified_time":"2024-11-10T18:44:00+00:00","og_image":[{"width":2000,"height":2000,"url":"https:\/\/foxyscraft.com\/wp-content\/uploads\/2024\/01\/Leather-Wallet_15.jpg","type":"image\/jpeg"}],"twitter_card":"summary_large_image","twitter_misc":{"Est. reading time":"2 minutes"},"schema":{"@context":"https:\/\/schema.org","@graph":[{"@type":"WebPage","@id":"https:\/\/foxyscraft.com\/produktas\/personalizuok-odine-pinigine-elegant-sviesiai-ruda\/","url":"https:\/\/foxyscraft.com\/produktas\/personalizuok-odine-pinigine-elegant-sviesiai-ruda\/","name":"\u0160viesiai ruda odin\u0117 pinigin\u0117 Elegant \u2013 Graviravimas ant pinigin\u0117s","isPartOf":{"@id":"https:\/\/foxyscraft.com\/#website"},"primaryImageOfPage":{"@id":"https:\/\/foxyscraft.com\/produktas\/personalizuok-odine-pinigine-elegant-sviesiai-ruda\/#primaryimage"},"image":{"@id":"https:\/\/foxyscraft.com\/produktas\/personalizuok-odine-pinigine-elegant-sviesiai-ruda\/#primaryimage"},"thumbnailUrl":"https:\/\/foxyscraft.com\/wp-content\/uploads\/2024\/01\/Leather-Wallet_15.jpg","datePublished":"2024-03-03T08:36:55+00:00","dateModified":"2024-11-10T18:44:00+00:00","description":"Odin\u0117 pinigin\u0117 \"Elegant\" su personalizacija. J\u016bs\u0173 asmenin\u0117 \u017einut\u0117 ar paveiksl\u0117lis ant pinigin\u0117s \u2013 ypatinga dovana brangiam \u017emogui. Nemokamas graviravimas!","breadcrumb":{"@id":"https:\/\/foxyscraft.com\/produktas\/personalizuok-odine-pinigine-elegant-sviesiai-ruda\/#breadcrumb"},"inLanguage":"en-US","potentialAction":[{"@type":"ReadAction","target":["https:\/\/foxyscraft.com\/produktas\/personalizuok-odine-pinigine-elegant-sviesiai-ruda\/"]}]},{"@type":"ImageObject","inLanguage":"en-US","@id":"https:\/\/foxyscraft.com\/produktas\/personalizuok-odine-pinigine-elegant-sviesiai-ruda\/#primaryimage","url":"https:\/\/foxyscraft.com\/wp-content\/uploads\/2024\/01\/Leather-Wallet_15.jpg","contentUrl":"https:\/\/foxyscraft.com\/wp-content\/uploads\/2024\/01\/Leather-Wallet_15.jpg","width":2000,"height":2000,"caption":"Minimalistin\u0117 odin\u0117 pinigin\u0117 Elegant"},{"@type":"BreadcrumbList","@id":"https:\/\/foxyscraft.com\/produktas\/personalizuok-odine-pinigine-elegant-sviesiai-ruda\/#breadcrumb","itemListElement":[{"@type":"ListItem","position":1,"name":"Home","item":"https:\/\/foxyscraft.com\/"},{"@type":"ListItem","position":2,"name":"Parduotuv\u0117","item":"https:\/\/foxyscraft.com\/parduotuve\/"},{"@type":"ListItem","position":3,"name":"Personalizuok odin\u0119 pinigin\u0119 Elegant [\u0160viesiai ruda]"}]},{"@type":"WebSite","@id":"https:\/\/foxyscraft.com\/#website","url":"https:\/\/foxyscraft.com\/","name":"FoxysCraft","description":"Personalized handmade accessories created with love. iPhone cases, minimalist wallets, leather bracelets, and keychains. Perfect gift ideas!","publisher":{"@id":"https:\/\/foxyscraft.com\/#organization"},"potentialAction":[{"@type":"SearchAction","target":{"@type":"EntryPoint","urlTemplate":"https:\/\/foxyscraft.com\/?s={search_term_string}"},"query-input":{"@type":"PropertyValueSpecification","valueRequired":true,"valueName":"search_term_string"}}],"inLanguage":"en-US"},{"@type":"Organization","@id":"https:\/\/foxyscraft.com\/#organization","name":"FoxysCraft","url":"https:\/\/foxyscraft.com\/","logo":{"@type":"ImageObject","inLanguage":"en-US","@id":"https:\/\/foxyscraft.com\/#\/schema\/logo\/image\/","url":"http:\/\/foxyscraft.com\/wp-content\/uploads\/2023\/06\/FoxysCraft-Logo.svg","contentUrl":"http:\/\/foxyscraft.com\/wp-content\/uploads\/2023\/06\/FoxysCraft-Logo.svg","width":5906,"height":3163,"caption":"FoxysCraft"},"image":{"@id":"https:\/\/foxyscraft.com\/#\/schema\/logo\/image\/"},"sameAs":["https:\/\/www.facebook.com\/FoxysCraftLT","https:\/\/www.instagram.com\/foxyscraftcom\/"]}]}},"_links":{"self":[{"href":"https:\/\/foxyscraft.com\/en\/wp-json\/wp\/v2\/product\/9771","targetHints":{"allow":["GET"]}}],"collection":[{"href":"https:\/\/foxyscraft.com\/en\/wp-json\/wp\/v2\/product"}],"about":[{"href":"https:\/\/foxyscraft.com\/en\/wp-json\/wp\/v2\/types\/product"}],"wp:featuredmedia":[{"embeddable":true,"href":"https:\/\/foxyscraft.com\/en\/wp-json\/wp\/v2\/media\/10142"}],"wp:attachment":[{"href":"https:\/\/foxyscraft.com\/en\/wp-json\/wp\/v2\/media?parent=9771"}],"wp:term":[{"taxonomy":"product_brand","embeddable":true,"href":"https:\/\/foxyscraft.com\/en\/wp-json\/wp\/v2\/product_brand?post=9771"},{"taxonomy":"product_cat","embeddable":true,"href":"https:\/\/foxyscraft.com\/en\/wp-json\/wp\/v2\/product_cat?post=9771"},{"taxonomy":"product_tag","embeddable":true,"href":"https:\/\/foxyscraft.com\/en\/wp-json\/wp\/v2\/product_tag?post=9771"}],"curies":[{"name":"wp","href":"https:\/\/api.w.org\/{rel}","templated":true}]}}